{"id":6907,"date":"2025-08-29T05:46:28","date_gmt":"2025-08-29T05:46:28","guid":{"rendered":"https:\/\/dersuessestopp.com\/?post_type=product&#038;p=6907"},"modified":"2025-08-29T05:50:21","modified_gmt":"2025-08-29T05:50:21","slug":"spaceman-6378ab-c-ultra-nagy-kapacitasu-twin-twist-soft-serve-fagyasztoszekreny","status":"publish","type":"product","link":"https:\/\/dersuessestopp.com\/hu\/product\/spaceman-6378ab-c-ultra-high-capacity-twin-twist-soft-serve-freezer\/","title":{"rendered":"Spaceman 6378AB-C - Ultra-nagy kapacit\u00e1s\u00fa Twin-Twist Soft Serve fagyaszt\u00f3szekr\u00e9ny"},"content":{"rendered":"<p data-start=\"198\" data-end=\"535\">A Spaceman 6378AB-C egy nagy teherb\u00edr\u00e1s\u00fa, k\u00e9tcsavaros soft serve fagyaszt\u00f3, amelyet olyan v\u00e1llalkoz\u00e1sok sz\u00e1m\u00e1ra terveztek, amelyek maxim\u00e1lis teljes\u00edtm\u00e9nyt \u00e9s egyenletes term\u00e9kmin\u0151s\u00e9get ig\u00e9nyelnek. Azzal a k\u00e9pess\u00e9ggel, hogy ak\u00e1r <strong data-start=\"386\" data-end=\"417\">800 adag (80g) \u00f3r\u00e1nk\u00e9nt<\/strong>, ez a modell ide\u00e1lis a forgalmas fagylaltoz\u00f3k, fagyasztott joghurtl\u00e1ncok, sz\u00f3rakoz\u00f3helyek \u00e9s nagy forgalm\u00fa \u00e9ttermek sz\u00e1m\u00e1ra.<\/p>\n<p data-start=\"537\" data-end=\"847\">A  oldalon. <strong data-start=\"547\" data-end=\"579\">k\u00e9t 10 literes h\u0171t\u0151tart\u00e1ly<\/strong> \u00e9s <strong data-start=\"584\" data-end=\"615\">k\u00e9t 3,2 literes fagyaszt\u00f3 henger<\/strong>, a 6378AB-C kiv\u00e9teles teljes\u00edtm\u00e9nyt ny\u00fajt, gyors regener\u00e1l\u00f3d\u00e1ssal \u00e9s sima, kr\u00e9mes term\u00e9ktext\u00far\u00e1val. A Spaceman fejlett fagyaszt\u00e1si technol\u00f3gi\u00e1j\u00e1val k\u00e9sz\u00fclt, \u00edgy m\u00e9g cs\u00facsid\u0151ben is biztos\u00edtja a megb\u00edzhat\u00f3s\u00e1got \u00e9s a hat\u00e9konys\u00e1got.<\/p>\n<hr data-start=\"935\" data-end=\"938\" \/>\n<h3 data-start=\"849\" data-end=\"867\">F\u0151 jellemz\u0151k<\/h3>\n<ul data-start=\"868\" data-end=\"1787\">\n<li data-start=\"868\" data-end=\"960\">\n<p data-start=\"870\" data-end=\"960\"><strong data-start=\"870\" data-end=\"895\">Twin Twist adagol\u00e1s<\/strong> - K\u00e9t \u00edzben \u00e9s egy csavart opci\u00f3val k\u00edn\u00e1lja a men\u00fc sokoldal\u00fas\u00e1g\u00e1t.<\/p>\n<\/li>\n<li data-start=\"961\" data-end=\"1073\">\n<p data-start=\"963\" data-end=\"1073\"><strong data-start=\"963\" data-end=\"984\">Ultra-nagy teljes\u00edtm\u00e9ny<\/strong> - Ak\u00e1r <strong data-start=\"1002\" data-end=\"1033\">800 adag (80g) \u00f3r\u00e1nk\u00e9nt<\/strong>, amelyet nagy ig\u00e9ny\u0171 v\u00e1llalkoz\u00e1sok sz\u00e1m\u00e1ra terveztek.<\/p>\n<\/li>\n<li data-start=\"1074\" data-end=\"1171\">\n<p data-start=\"1076\" data-end=\"1171\"><strong data-start=\"1076\" data-end=\"1104\">Nagym\u00e9ret\u0171 fagyaszt\u00f3hengerek<\/strong> - 2 \u00d7 3,2 literes henger a hosszabb termel\u00e9shez \u00e9s a gyors helyre\u00e1ll\u00edt\u00e1shoz.<\/p>\n<\/li>\n<li data-start=\"1172\" data-end=\"1267\">\n<p data-start=\"1174\" data-end=\"1267\"><strong data-start=\"1174\" data-end=\"1198\">H\u0171t\u00f6tt tart\u00e1lyok<\/strong> - A 2 \u00d7 10 literes tart\u00e1lyok frissen tartj\u00e1k a kever\u00e9ket, \u00e9s folyamatos haszn\u00e1latra k\u00e9szen \u00e1llnak.<\/p>\n<\/li>\n<li data-start=\"1268\" data-end=\"1388\">\n<p data-start=\"1270\" data-end=\"1388\"><strong data-start=\"1270\" data-end=\"1304\">Felhaszn\u00e1l\u00f3bar\u00e1t digit\u00e1lis vez\u00e9rl\u00e9s<\/strong> - K\u00f6nnyen haszn\u00e1lhat\u00f3 fel\u00fclet a konzisztencia, a h\u0151m\u00e9rs\u00e9klet \u00e9s a teljes\u00edtm\u00e9ny ellen\u0151rz\u00e9s\u00e9re.<\/p>\n<\/li>\n<li data-start=\"1389\" data-end=\"1485\">\n<p data-start=\"1391\" data-end=\"1485\"><strong data-start=\"1391\" data-end=\"1430\">K\u00e9szenl\u00e9ti, l\u00e1gy ind\u00edt\u00e1s \u00e9s leolvaszt\u00e1s \u00fczemm\u00f3dok<\/strong> - Fokozza a k\u00e9nyelmet, a biztons\u00e1got \u00e9s a k\u00f6nny\u0171 tiszt\u00edthat\u00f3s\u00e1got.<\/p>\n<\/li>\n<li data-start=\"1486\" data-end=\"1598\">\n<p data-start=\"1488\" data-end=\"1598\"><strong data-start=\"1488\" data-end=\"1515\">Be\u00e9p\u00edtett biztons\u00e1gi rendszerek<\/strong> - Tartalmazza az alacsony kever\u00e9kszint\u0171 riaszt\u00e1st, a motor t\u00falterhel\u00e9s elleni v\u00e9delmet \u00e9s a h\u0151m\u00e9rs\u00e9kleti biztos\u00edt\u00e9kokat.<\/p>\n<\/li>\n<li data-start=\"1599\" data-end=\"1698\">\n<p data-start=\"1601\" data-end=\"1698\"><strong data-start=\"1601\" data-end=\"1644\">Nagy teherb\u00edr\u00e1s\u00fa rozsdamentes ac\u00e9lszerkezet<\/strong> - Tart\u00f3s, mobil kialak\u00edt\u00e1s a hossz\u00fa t\u00e1v\u00fa megb\u00edzhat\u00f3s\u00e1g \u00e9rdek\u00e9ben.<\/p>\n<\/li>\n<li data-start=\"1699\" data-end=\"1787\">\n<p data-start=\"1701\" data-end=\"1787\"><strong data-start=\"1701\" data-end=\"1722\">El\u00e9rhet\u0151 lehet\u0151s\u00e9gek<\/strong> - V\u00edzh\u0171t\u00e9ses rendszer \u00e9s l\u00e9gcsatorna a rugalmas telep\u00edt\u00e9shez.<\/p>\n<\/li>\n<\/ul>\n<hr data-start=\"935\" data-end=\"938\" \/>\n<h3 data-start=\"1789\" data-end=\"1809\">M\u0171szaki adatok<\/h3>\n<table>\n<thead>\n<tr>\n<th>Jellemz\u0151<\/th>\n<th>R\u00e9szletek<\/th>\n<\/tr>\n<\/thead>\n<tbody>\n<tr>\n<td><strong>\u00cdzek<\/strong><\/td>\n<td>2 + Twist<\/td>\n<\/tr>\n<tr>\n<td><strong>Kapacit\u00e1s (80g)<\/strong><\/td>\n<td>800 adag\/\u00f3ra<\/td>\n<\/tr>\n<tr>\n<td><strong>Hengerek<\/strong><\/td>\n<td>2 \u00d7 3.2L<\/td>\n<\/tr>\n<tr>\n<td><strong>Hoppers<\/strong><\/td>\n<td>2 \u00d7 10L<\/td>\n<\/tr>\n<tr>\n<td><strong>Teljes\u00edtm\u00e9ny (50Hz \/ 60Hz)<\/strong><\/td>\n<td>5.5kW \/ 5.8kW<\/td>\n<\/tr>\n<tr>\n<td><strong>Nett\u00f3\/sz\u00e1ll\u00edt\u00e1si s\u00faly (kg)<\/strong><\/td>\n<td>273 \/ 295<\/td>\n<\/tr>\n<tr>\n<td><strong>Nett\u00f3 m\u00e9retek (mm)<\/strong><\/td>\n<td>553 \u00d7 706 \u00d7 1613<\/td>\n<\/tr>\n<tr>\n<td><strong>Haj\u00f3 m\u00e9retei (mm)<\/strong><\/td>\n<td>770 \u00d7 890 \u00d7 1720<\/td>\n<\/tr>\n<tr>\n<td><strong>T\u00e1pegys\u00e9g<\/strong><\/td>\n<td>380V\/3Ph\/50Hz, 220V\/3Ph\/60Hz<\/td>\n<\/tr>\n<tr>\n<td><strong>El\u00e9rhet\u0151 lehet\u0151s\u00e9gek<\/strong><\/td>\n<td>V\u00edzh\u0171t\u00e9s, l\u00e9gcsatorna<\/td>\n<\/tr>\n<\/tbody>\n<\/table>","protected":false},"excerpt":{"rendered":"<p>The Spaceman 6378AB-C is a heavy-duty, twin-twist soft serve freezer engineered for businesses that demand maximum output and consistent product quality. With the ability to produce up to 800 servings (80g) per hour, this model is ideal for busy ice cream shops, frozen yogurt chains, amusement venues, and high-volume restaurants. Featuring two 10L refrigerated hoppers [&hellip;]<\/p>\n","protected":false},"featured_media":6908,"comment_status":"open","ping_status":"closed","template":"","meta":[],"product_brand":[],"product_cat":[33],"product_tag":[],"class_list":{"0":"post-6907","1":"product","2":"type-product","3":"status-publish","4":"has-post-thumbnail","6":"product_cat-elite-series","8":"first","9":"instock","10":"shipping-taxable","11":"product-type-simple"},"_links":{"self":[{"href":"https:\/\/dersuessestopp.com\/hu\/wp-json\/wp\/v2\/product\/6907","targetHints":{"allow":["GET"]}}],"collection":[{"href":"https:\/\/dersuessestopp.com\/hu\/wp-json\/wp\/v2\/product"}],"about":[{"href":"https:\/\/dersuessestopp.com\/hu\/wp-json\/wp\/v2\/types\/product"}],"replies":[{"embeddable":true,"href":"https:\/\/dersuessestopp.com\/hu\/wp-json\/wp\/v2\/comments?post=6907"}],"version-history":[{"count":3,"href":"https:\/\/dersuessestopp.com\/hu\/wp-json\/wp\/v2\/product\/6907\/revisions"}],"predecessor-version":[{"id":6911,"href":"https:\/\/dersuessestopp.com\/hu\/wp-json\/wp\/v2\/product\/6907\/revisions\/6911"}],"wp:featuredmedia":[{"embeddable":true,"href":"https:\/\/dersuessestopp.com\/hu\/wp-json\/wp\/v2\/media\/6908"}],"wp:attachment":[{"href":"https:\/\/dersuessestopp.com\/hu\/wp-json\/wp\/v2\/media?parent=6907"}],"wp:term":[{"taxonomy":"product_brand","embeddable":true,"href":"https:\/\/dersuessestopp.com\/hu\/wp-json\/wp\/v2\/product_brand?post=6907"},{"taxonomy":"product_cat","embeddable":true,"href":"https:\/\/dersuessestopp.com\/hu\/wp-json\/wp\/v2\/product_cat?post=6907"},{"taxonomy":"product_tag","embeddable":true,"href":"https:\/\/dersuessestopp.com\/hu\/wp-json\/wp\/v2\/product_tag?post=6907"}],"curies":[{"name":"wp","href":"https:\/\/api.w.org\/{rel}","templated":true}]}}