{"id":6904,"date":"2025-08-29T05:39:40","date_gmt":"2025-08-29T05:39:40","guid":{"rendered":"https:\/\/dersuessestopp.com\/?post_type=product&#038;p=6904"},"modified":"2025-08-29T05:40:39","modified_gmt":"2025-08-29T05:40:39","slug":"spaceman-6235ab-c-kompakt-twin-twist-soft-serve-fagyasztoszekreny","status":"publish","type":"product","link":"https:\/\/dersuessestopp.com\/hu\/product\/spaceman-6235ab-c-compact-twin-twist-soft-serve-freezer\/","title":{"rendered":"Spaceman 6235AB-C - Kompakt Twin-Twist Soft Serve fagyaszt\u00f3szekr\u00e9ny"},"content":{"rendered":"<p data-start=\"192\" data-end=\"589\">A Spaceman 6235AB-C egy sokoldal\u00fa twin-twist soft serve fagyaszt\u00f3, amelyet olyan \u00fczemeltet\u0151k sz\u00e1m\u00e1ra terveztek, akik k\u00e9t \u00edzt \u00e9s egy twist opci\u00f3t szeretn\u00e9nek felszolg\u00e1lni kompakt alapter\u00fcleten. Azzal a k\u00e9pess\u00e9ggel, hogy ak\u00e1r <strong data-start=\"390\" data-end=\"421\">380 adag (80g) \u00f3r\u00e1nk\u00e9nt<\/strong>, ez a modell ide\u00e1lis k\u00e1v\u00e9z\u00f3k, kis fagylaltoz\u00f3k, fagyasztott joghurtos \u00fczletek, \u00e9ttermek \u00e9s kisboltok sz\u00e1m\u00e1ra, amelyek megb\u00edzhat\u00f3 teljes\u00edtm\u00e9nyt \u00e9s men\u00fc rugalmass\u00e1got keresnek.<\/p>\n<p data-start=\"591\" data-end=\"933\">A  oldalon. <strong data-start=\"601\" data-end=\"632\">k\u00e9t 5 literes h\u0171t\u0151tart\u00e1ly<\/strong> \u00e9s <strong data-start=\"637\" data-end=\"668\">k\u00e9t 1,7 literes fagyaszt\u00f3 henger<\/strong>, a 6235AB-C biztos\u00edtja az egyenletes term\u00e9kmin\u0151s\u00e9get, a sima text\u00far\u00e1t \u00e9s a hat\u00e9kony m\u0171k\u00f6d\u00e9st. Helytakar\u00e9kos kialak\u00edt\u00e1s\u00e1nak k\u00f6sz\u00f6nhet\u0151en kiv\u00e1l\u00f3 v\u00e1laszt\u00e1s a korl\u00e1tozott pultter\u00fclettel rendelkez\u0151 v\u00e1llalkoz\u00e1sok sz\u00e1m\u00e1ra, m\u00edg a Spaceman fejlett fagyaszt\u00e1si technol\u00f3gi\u00e1ja megb\u00edzhat\u00f3 teljes\u00edtm\u00e9nyt garant\u00e1l.<\/p>\n<hr data-start=\"935\" data-end=\"938\" \/>\n<h3 data-start=\"935\" data-end=\"953\">F\u0151 jellemz\u0151k<\/h3>\n<ul data-start=\"954\" data-end=\"1803\">\n<li data-start=\"954\" data-end=\"1050\">\n<p data-start=\"956\" data-end=\"1050\"><strong data-start=\"956\" data-end=\"981\">Twin Twist adagol\u00e1s<\/strong> - K\u00e9t \u00edzes\u00edt\u00e9ssel \u00e9s egy csavart opci\u00f3val k\u00edn\u00e1lja a nagyobb men\u00fcv\u00e1laszt\u00e9kot.<\/p>\n<\/li>\n<li data-start=\"1051\" data-end=\"1167\">\n<p data-start=\"1053\" data-end=\"1167\"><strong data-start=\"1053\" data-end=\"1073\">Hat\u00e9kony teljes\u00edtm\u00e9ny<\/strong> - Ak\u00e1r <strong data-start=\"1091\" data-end=\"1122\">380 adag (80g) \u00f3r\u00e1nk\u00e9nt<\/strong>, ide\u00e1lis a kis- \u00e9s k\u00f6zepes volumen\u0171 v\u00e1llalkoz\u00e1sok sz\u00e1m\u00e1ra.<\/p>\n<\/li>\n<li data-start=\"1168\" data-end=\"1266\">\n<p data-start=\"1170\" data-end=\"1266\"><strong data-start=\"1170\" data-end=\"1197\">Kett\u0151s fagyaszt\u00f3hengerek<\/strong> - A 2 \u00d7 1,7 literes hengerek egyenletes konzisztenci\u00e1t \u00e9s gyors visszanyer\u00e9st biztos\u00edtanak.<\/p>\n<\/li>\n<li data-start=\"1267\" data-end=\"1351\">\n<p data-start=\"1269\" data-end=\"1351\"><strong data-start=\"1269\" data-end=\"1293\">H\u0171t\u00f6tt tart\u00e1lyok<\/strong> - A 2 \u00d7 5 literes tart\u00e1lyok eg\u00e9sz nap frissen tartj\u00e1k a term\u00e9ket.<\/p>\n<\/li>\n<li data-start=\"1352\" data-end=\"1455\">\n<p data-start=\"1354\" data-end=\"1455\"><strong data-start=\"1354\" data-end=\"1388\">Egyszer\u0171, felhaszn\u00e1l\u00f3bar\u00e1t vez\u00e9rl\u00e9s<\/strong> - Egyszer\u0171 m\u0171k\u00f6d\u00e9s a konzisztencia \u00e9s a h\u0151m\u00e9rs\u00e9klet ellen\u0151rz\u00e9s\u00e9vel.<\/p>\n<\/li>\n<li data-start=\"1456\" data-end=\"1534\">\n<p data-start=\"1458\" data-end=\"1534\"><strong data-start=\"1458\" data-end=\"1474\">K\u00e9szenl\u00e9ti \u00fczemm\u00f3d<\/strong> - Biztos\u00edtja a term\u00e9kbiztons\u00e1got \u00e9s a frissess\u00e9get az \u00fcresj\u00e1ratok idej\u00e9n.<\/p>\n<\/li>\n<li data-start=\"1535\" data-end=\"1642\">\n<p data-start=\"1537\" data-end=\"1642\"><strong data-start=\"1537\" data-end=\"1565\">Be\u00e9p\u00edtett biztons\u00e1gi funkci\u00f3k<\/strong> - Tartalmazza a mix alacsony riaszt\u00e1st, a t\u00falterhel\u00e9s elleni v\u00e9delmet \u00e9s a h\u0151m\u00e9rs\u00e9kleti biztos\u00edt\u00e9kokat.<\/p>\n<\/li>\n<li data-start=\"1643\" data-end=\"1733\">\n<p data-start=\"1645\" data-end=\"1733\"><strong data-start=\"1645\" data-end=\"1685\">Tart\u00f3s rozsdamentes ac\u00e9lszerkezet<\/strong> - Kompakt, megb\u00edzhat\u00f3 kialak\u00edt\u00e1s a hossz\u00fa t\u00e1v\u00fa haszn\u00e1lathoz.<\/p>\n<\/li>\n<li data-start=\"1734\" data-end=\"1803\">\n<p data-start=\"1736\" data-end=\"1803\"><strong data-start=\"1736\" data-end=\"1756\">El\u00e9rhet\u0151 opci\u00f3<\/strong> - Leveg\u0151cs\u00faszda a rugalmas telep\u00edt\u00e9si ig\u00e9nyekhez.<\/p>\n<\/li>\n<\/ul>\n<hr data-start=\"935\" data-end=\"938\" \/>\n<h3 data-start=\"1805\" data-end=\"1825\">M\u0171szaki adatok<\/h3>\n<table>\n<thead>\n<tr>\n<th>Jellemz\u0151<\/th>\n<th>R\u00e9szletek<\/th>\n<\/tr>\n<\/thead>\n<tbody>\n<tr>\n<td><strong>\u00cdzek<\/strong><\/td>\n<td>2 + Twist<\/td>\n<\/tr>\n<tr>\n<td><strong>Kapacit\u00e1s (80g)<\/strong><\/td>\n<td>380 adag\/\u00f3ra<\/td>\n<\/tr>\n<tr>\n<td><strong>Hengerek<\/strong><\/td>\n<td>2 \u00d7 1.7L<\/td>\n<\/tr>\n<tr>\n<td><strong>Hoppers<\/strong><\/td>\n<td>2 \u00d7 5L<\/td>\n<\/tr>\n<tr>\n<td><strong>Teljes\u00edtm\u00e9ny (50Hz \/ 60Hz)<\/strong><\/td>\n<td>2.4kW \/ 2.5kW<\/td>\n<\/tr>\n<tr>\n<td><strong>Nett\u00f3\/sz\u00e1ll\u00edt\u00e1si s\u00faly (kg)<\/strong><\/td>\n<td>154 \/ 170<\/td>\n<\/tr>\n<tr>\n<td><strong>Nett\u00f3 m\u00e9retek (mm)<\/strong><\/td>\n<td>444 \u00d7 705 \u00d7 880<\/td>\n<\/tr>\n<tr>\n<td><strong>Haj\u00f3 m\u00e9retei (mm)<\/strong><\/td>\n<td>530 \u00d7 830 \u00d7 1080<\/td>\n<\/tr>\n<tr>\n<td><strong>T\u00e1pegys\u00e9g<\/strong><\/td>\n<td>220V\/1Ph\/50Hz, 220V\/1Ph\/60Hz<\/td>\n<\/tr>\n<tr>\n<td><strong>El\u00e9rhet\u0151 lehet\u0151s\u00e9gek<\/strong><\/td>\n<td>Leveg\u0151cs\u00faszda<\/td>\n<\/tr>\n<\/tbody>\n<\/table>","protected":false},"excerpt":{"rendered":"<p>The Spaceman 6235AB-C is a versatile twin-twist soft serve freezer designed for operators who want to serve two flavors plus a twist option in a compact footprint. With the ability to produce up to 380 servings (80g) per hour, this model is ideal for caf\u00e9s, small ice cream shops, frozen yogurt outlets, restaurants, and convenience [&hellip;]<\/p>\n","protected":false},"featured_media":6905,"comment_status":"open","ping_status":"closed","template":"","meta":[],"product_brand":[],"product_cat":[33],"product_tag":[],"class_list":{"0":"post-6904","1":"product","2":"type-product","3":"status-publish","4":"has-post-thumbnail","6":"product_cat-elite-series","8":"first","9":"instock","10":"shipping-taxable","11":"product-type-simple"},"_links":{"self":[{"href":"https:\/\/dersuessestopp.com\/hu\/wp-json\/wp\/v2\/product\/6904","targetHints":{"allow":["GET"]}}],"collection":[{"href":"https:\/\/dersuessestopp.com\/hu\/wp-json\/wp\/v2\/product"}],"about":[{"href":"https:\/\/dersuessestopp.com\/hu\/wp-json\/wp\/v2\/types\/product"}],"replies":[{"embeddable":true,"href":"https:\/\/dersuessestopp.com\/hu\/wp-json\/wp\/v2\/comments?post=6904"}],"version-history":[{"count":1,"href":"https:\/\/dersuessestopp.com\/hu\/wp-json\/wp\/v2\/product\/6904\/revisions"}],"predecessor-version":[{"id":6906,"href":"https:\/\/dersuessestopp.com\/hu\/wp-json\/wp\/v2\/product\/6904\/revisions\/6906"}],"wp:featuredmedia":[{"embeddable":true,"href":"https:\/\/dersuessestopp.com\/hu\/wp-json\/wp\/v2\/media\/6905"}],"wp:attachment":[{"href":"https:\/\/dersuessestopp.com\/hu\/wp-json\/wp\/v2\/media?parent=6904"}],"wp:term":[{"taxonomy":"product_brand","embeddable":true,"href":"https:\/\/dersuessestopp.com\/hu\/wp-json\/wp\/v2\/product_brand?post=6904"},{"taxonomy":"product_cat","embeddable":true,"href":"https:\/\/dersuessestopp.com\/hu\/wp-json\/wp\/v2\/product_cat?post=6904"},{"taxonomy":"product_tag","embeddable":true,"href":"https:\/\/dersuessestopp.com\/hu\/wp-json\/wp\/v2\/product_tag?post=6904"}],"curies":[{"name":"wp","href":"https:\/\/api.w.org\/{rel}","templated":true}]}}