{"id":6901,"date":"2025-08-29T05:35:33","date_gmt":"2025-08-29T05:35:33","guid":{"rendered":"https:\/\/dersuessestopp.com\/?post_type=product&#038;p=6901"},"modified":"2025-08-29T05:35:33","modified_gmt":"2025-08-29T05:35:33","slug":"spaceman-6368ab-c-nagy-kapacitasu-twin-twist-soft-serve-fagyasztoszekreny","status":"publish","type":"product","link":"https:\/\/dersuessestopp.com\/hu\/product\/spaceman-6368ab-c-high-capacity-twin-twist-soft-serve-freezer\/","title":{"rendered":"Spaceman 6368AB-C - Nagy kapacit\u00e1s\u00fa Twin-Twist Soft Serve fagyaszt\u00f3szekr\u00e9ny"},"content":{"rendered":"<p data-start=\"204\" data-end=\"601\">A Spaceman 6368AB-C egy nagy teljes\u00edtm\u00e9ny\u0171, k\u00e9tcsavaros soft serve fagyaszt\u00f3, amelyet olyan v\u00e1llalkoz\u00e1sok sz\u00e1m\u00e1ra terveztek, amelyeknek megb\u00edzhat\u00f3 teljes\u00edtm\u00e9nyre \u00e9s nagy teljes\u00edtm\u00e9nyre van sz\u00fcks\u00e9g\u00fck. Azzal a kapacit\u00e1ssal, hogy ak\u00e1r <strong data-start=\"377\" data-end=\"408\">620 adag (80g) \u00f3r\u00e1nk\u00e9nt<\/strong>, ez a modell ide\u00e1lis a forgalmas fagylaltoz\u00f3k, fagyasztott joghurtboltok, sz\u00f3rakoz\u00f3helyek \u00e9s nagy forgalm\u00fa \u00e9ttermek sz\u00e1m\u00e1ra, amelyek k\u00e9t \u00edzt \u00e9s egy csavar\u00e1si lehet\u0151s\u00e9get szeretn\u00e9nek felszolg\u00e1lni egyenletes min\u0151s\u00e9gben.<\/p>\n<p data-start=\"603\" data-end=\"926\">Felszerelve <strong data-start=\"617\" data-end=\"648\">k\u00e9t 8 literes h\u0171t\u0151tart\u00e1ly<\/strong> \u00e9s <strong data-start=\"653\" data-end=\"684\">k\u00e9t 1,7 literes fagyaszt\u00f3 henger<\/strong>, a 6368AB-C biztos\u00edtja a sima, kr\u00e9mes l\u00e1gy t\u00e1lal\u00e1st, mik\u00f6zben eg\u00e9sz nap meg\u0151rzi a frissess\u00e9get. Robusztus kialak\u00edt\u00e1sa \u00e9s fejlett fagyaszt\u00e1si technol\u00f3gi\u00e1ja gyors regener\u00e1l\u00f3d\u00e1st biztos\u00edt, \u00edgy t\u00f6k\u00e9letesen alkalmas a cs\u00facsid\u0151ben t\u00f6rt\u00e9n\u0151 folyamatos kiszolg\u00e1l\u00e1sra.<\/p>\n<hr data-start=\"935\" data-end=\"938\" \/>\n<h3 data-start=\"928\" data-end=\"946\">F\u0151 jellemz\u0151k<\/h3>\n<ul data-start=\"947\" data-end=\"1813\">\n<li data-start=\"947\" data-end=\"1032\">\n<p data-start=\"949\" data-end=\"1032\"><strong data-start=\"949\" data-end=\"974\">Twin Twist adagol\u00e1s<\/strong> - K\u00e9t \u00edz \u00e9s egy csavart opci\u00f3 a men\u00fc sokoldal\u00fas\u00e1ga \u00e9rdek\u00e9ben.<\/p>\n<\/li>\n<li data-start=\"1033\" data-end=\"1143\">\n<p data-start=\"1035\" data-end=\"1143\"><strong data-start=\"1035\" data-end=\"1059\">Nagy teljes\u00edtm\u00e9ny\u0171 kapacit\u00e1s<\/strong> - Ak\u00e1r <strong data-start=\"1077\" data-end=\"1108\">620 adag (80g) \u00f3r\u00e1nk\u00e9nt<\/strong>, ig\u00e9nyes m\u0171veletekhez k\u00e9sz\u00fclt.<\/p>\n<\/li>\n<li data-start=\"1144\" data-end=\"1251\">\n<p data-start=\"1146\" data-end=\"1251\"><strong data-start=\"1146\" data-end=\"1173\">Kett\u0151s fagyaszt\u00f3hengerek<\/strong> - A 2 \u00d7 1,7 literes hengerek egyenletes term\u00e9ktext\u00far\u00e1t \u00e9s gyors visszanyer\u00e9st biztos\u00edtanak.<\/p>\n<\/li>\n<li data-start=\"1252\" data-end=\"1335\">\n<p data-start=\"1254\" data-end=\"1335\"><strong data-start=\"1254\" data-end=\"1278\">H\u0171t\u00f6tt tart\u00e1lyok<\/strong> - A 2 \u00d7 8 literes tart\u00e1lyok frissen \u00e9s \u00fczemk\u00e9szen tartj\u00e1k a kever\u00e9ket.<\/p>\n<\/li>\n<li data-start=\"1336\" data-end=\"1427\">\n<p data-start=\"1338\" data-end=\"1427\"><strong data-start=\"1338\" data-end=\"1372\">Felhaszn\u00e1l\u00f3bar\u00e1t digit\u00e1lis vez\u00e9rl\u00e9s<\/strong> - K\u00f6nnyen haszn\u00e1lhat\u00f3 fel\u00fclet teljes\u00edtm\u00e9nyfigyel\u00e9ssel.<\/p>\n<\/li>\n<li data-start=\"1428\" data-end=\"1520\">\n<p data-start=\"1430\" data-end=\"1520\"><strong data-start=\"1430\" data-end=\"1457\">K\u00e9szenl\u00e9ti \u00e9s leolvaszt\u00e1si \u00fczemm\u00f3dok<\/strong> - Fokozza a biztons\u00e1got, a tiszt\u00edt\u00e1st \u00e9s a k\u00e9nyelmet az \u00e1ll\u00e1sid\u0151 alatt.<\/p>\n<\/li>\n<li data-start=\"1521\" data-end=\"1627\">\n<p data-start=\"1523\" data-end=\"1627\"><strong data-start=\"1523\" data-end=\"1550\">Be\u00e9p\u00edtett biztons\u00e1gi rendszerek<\/strong> - Tartalmazza az alacsony kever\u00e9kszint\u0171 riaszt\u00e1st, a t\u00falterhel\u00e9s elleni v\u00e9delmet \u00e9s a h\u0151m\u00e9rs\u00e9kleti biztos\u00edt\u00e9kokat.<\/p>\n<\/li>\n<li data-start=\"1628\" data-end=\"1723\">\n<p data-start=\"1630\" data-end=\"1723\"><strong data-start=\"1630\" data-end=\"1664\">Tart\u00f3s rozsdamentes ac\u00e9l kivitel<\/strong> - Nagy teherb\u00edr\u00e1s\u00fa fel\u00e9p\u00edt\u00e9s \u00e9s mobilit\u00e1s a rugalmas elhelyez\u00e9shez.<\/p>\n<\/li>\n<li data-start=\"1724\" data-end=\"1813\">\n<p data-start=\"1726\" data-end=\"1813\"><strong data-start=\"1726\" data-end=\"1747\">El\u00e9rhet\u0151 lehet\u0151s\u00e9gek<\/strong> - V\u00edzh\u0171t\u00e9ses rendszer \u00e9s l\u00e9gcsatorna az alkalmazkod\u00f3 telep\u00edt\u00e9shez.<\/p>\n<\/li>\n<\/ul>\n<hr data-start=\"935\" data-end=\"938\" \/>\n<h3 data-start=\"1815\" data-end=\"1835\">M\u0171szaki adatok<\/h3>\n<table>\n<thead>\n<tr>\n<th>Jellemz\u0151<\/th>\n<th>R\u00e9szletek<\/th>\n<\/tr>\n<\/thead>\n<tbody>\n<tr>\n<td><strong>\u00cdzek<\/strong><\/td>\n<td>2 + Twist<\/td>\n<\/tr>\n<tr>\n<td><strong>Kapacit\u00e1s (80g)<\/strong><\/td>\n<td>620 kiszolg\u00e1l\u00e1s\/\u00f3ra<\/td>\n<\/tr>\n<tr>\n<td><strong>Hengerek<\/strong><\/td>\n<td>2 \u00d7 1.7L<\/td>\n<\/tr>\n<tr>\n<td><strong>Hoppers<\/strong><\/td>\n<td>2 \u00d7 8L<\/td>\n<\/tr>\n<tr>\n<td><strong>Teljes\u00edtm\u00e9ny (50Hz \/ 60Hz)<\/strong><\/td>\n<td>4.6kW \/ 4.8kW<\/td>\n<\/tr>\n<tr>\n<td><strong>Nett\u00f3\/sz\u00e1ll\u00edt\u00e1si s\u00faly (kg)<\/strong><\/td>\n<td>250 \/ 270<\/td>\n<\/tr>\n<tr>\n<td><strong>Nett\u00f3 m\u00e9retek (mm)<\/strong><\/td>\n<td>532 \u00d7 652 \u00d7 1494<\/td>\n<\/tr>\n<tr>\n<td><strong>Haj\u00f3 m\u00e9retei (mm)<\/strong><\/td>\n<td>650 \u00d7 820 \u00d7 1640<\/td>\n<\/tr>\n<tr>\n<td><strong>T\u00e1pegys\u00e9g<\/strong><\/td>\n<td>380V\/3Ph\/50Hz, 220V\/3Ph\/60Hz<\/td>\n<\/tr>\n<tr>\n<td><strong>El\u00e9rhet\u0151 lehet\u0151s\u00e9gek<\/strong><\/td>\n<td>V\u00edzh\u0171t\u00e9s, l\u00e9gcsatorna<\/td>\n<\/tr>\n<\/tbody>\n<\/table>","protected":false},"excerpt":{"rendered":"<p>The Spaceman 6368AB-C is a powerful twin-twist soft serve freezer designed for businesses that need reliable performance and high output. With the capacity to produce up to 620 servings (80g) per hour, this model is ideal for busy ice cream shops, frozen yogurt stores, amusement venues, and high-volume restaurants that want to serve two flavors [&hellip;]<\/p>\n","protected":false},"featured_media":6902,"comment_status":"open","ping_status":"closed","template":"","meta":[],"product_brand":[],"product_cat":[33],"product_tag":[],"class_list":{"0":"post-6901","1":"product","2":"type-product","3":"status-publish","4":"has-post-thumbnail","6":"product_cat-elite-series","8":"first","9":"instock","10":"shipping-taxable","11":"product-type-simple"},"_links":{"self":[{"href":"https:\/\/dersuessestopp.com\/hu\/wp-json\/wp\/v2\/product\/6901","targetHints":{"allow":["GET"]}}],"collection":[{"href":"https:\/\/dersuessestopp.com\/hu\/wp-json\/wp\/v2\/product"}],"about":[{"href":"https:\/\/dersuessestopp.com\/hu\/wp-json\/wp\/v2\/types\/product"}],"replies":[{"embeddable":true,"href":"https:\/\/dersuessestopp.com\/hu\/wp-json\/wp\/v2\/comments?post=6901"}],"version-history":[{"count":1,"href":"https:\/\/dersuessestopp.com\/hu\/wp-json\/wp\/v2\/product\/6901\/revisions"}],"predecessor-version":[{"id":6903,"href":"https:\/\/dersuessestopp.com\/hu\/wp-json\/wp\/v2\/product\/6901\/revisions\/6903"}],"wp:featuredmedia":[{"embeddable":true,"href":"https:\/\/dersuessestopp.com\/hu\/wp-json\/wp\/v2\/media\/6902"}],"wp:attachment":[{"href":"https:\/\/dersuessestopp.com\/hu\/wp-json\/wp\/v2\/media?parent=6901"}],"wp:term":[{"taxonomy":"product_brand","embeddable":true,"href":"https:\/\/dersuessestopp.com\/hu\/wp-json\/wp\/v2\/product_brand?post=6901"},{"taxonomy":"product_cat","embeddable":true,"href":"https:\/\/dersuessestopp.com\/hu\/wp-json\/wp\/v2\/product_cat?post=6901"},{"taxonomy":"product_tag","embeddable":true,"href":"https:\/\/dersuessestopp.com\/hu\/wp-json\/wp\/v2\/product_tag?post=6901"}],"curies":[{"name":"wp","href":"https:\/\/api.w.org\/{rel}","templated":true}]}}