{"id":6898,"date":"2025-08-29T05:28:39","date_gmt":"2025-08-29T05:28:39","guid":{"rendered":"https:\/\/dersuessestopp.com\/?post_type=product&#038;p=6898"},"modified":"2025-08-29T05:28:40","modified_gmt":"2025-08-29T05:28:40","slug":"spaceman-6234ab-c-kompakt-twin-twist-soft-serve-fagyasztoszekreny","status":"publish","type":"product","link":"https:\/\/dersuessestopp.com\/hu\/product\/spaceman-6234ab-c-compact-twin-twist-soft-serve-freezer\/","title":{"rendered":"Spaceman 6234AB-C - Kompakt Twin-Twist Soft Serve fagyaszt\u00f3szekr\u00e9ny"},"content":{"rendered":"<p data-start=\"208\" data-end=\"596\">A Spaceman 6234AB-C egy kompakt twin-twist soft serve fagyaszt\u00f3, amelyet olyan v\u00e1llalkoz\u00e1sok sz\u00e1m\u00e1ra terveztek, amelyek k\u00e9t \u00edzt \u00e9s egy twist opci\u00f3t szeretn\u00e9nek k\u00edn\u00e1lni an\u00e9lk\u00fcl, hogy t\u00fal sok helyet foglaln\u00e1nak. Azzal a k\u00e9pess\u00e9ggel, hogy ak\u00e1r <strong data-start=\"416\" data-end=\"447\">280 adag (80g) \u00f3r\u00e1nk\u00e9nt<\/strong>, ez a modell kiv\u00e1l\u00f3an alkalmas k\u00e1v\u00e9z\u00f3k, kis \u00e9ttermek, fagyasztott joghurtboltok \u00e9s kisboltok sz\u00e1m\u00e1ra, amelyek v\u00e1ltozatosabb\u00e1 szeretn\u00e9k tenni desszertmen\u00fcj\u00fcket.<\/p>\n<p data-start=\"598\" data-end=\"888\">Felszerelve <strong data-start=\"612\" data-end=\"643\">k\u00e9t 5 literes h\u0171t\u0151tart\u00e1ly<\/strong> \u00e9s <strong data-start=\"648\" data-end=\"679\">k\u00e9t 1,2 literes fagyaszt\u00f3 henger<\/strong>, a 6234AB-C biztos\u00edtja az egyenletes term\u00e9kmin\u0151s\u00e9get \u00e9s a sima text\u00far\u00e1t. Kis helyig\u00e9nye miatt ide\u00e1lis pulton t\u00f6rt\u00e9n\u0151 haszn\u00e1latra, m\u00edg a Spaceman fejlett fagyaszt\u00e1si technol\u00f3gi\u00e1ja hat\u00e9konys\u00e1got \u00e9s megb\u00edzhat\u00f3s\u00e1got biztos\u00edt.<\/p>\n<hr data-start=\"935\" data-end=\"938\" \/>\n<h3 data-start=\"890\" data-end=\"908\">F\u0151 jellemz\u0151k<\/h3>\n<ul data-start=\"909\" data-end=\"1782\">\n<li data-start=\"909\" data-end=\"1014\">\n<p data-start=\"911\" data-end=\"1014\"><strong data-start=\"911\" data-end=\"936\">Twin Twist adagol\u00e1s<\/strong> - K\u00e9t egyedi \u00edzt \u00e9s egy csavart opci\u00f3t k\u00edn\u00e1l a men\u00fc tov\u00e1bbi v\u00e1ltozatoss\u00e1ga \u00e9rdek\u00e9ben.<\/p>\n<\/li>\n<li data-start=\"1015\" data-end=\"1134\">\n<p data-start=\"1017\" data-end=\"1134\"><strong data-start=\"1017\" data-end=\"1040\">Kompakt teljes\u00edtm\u00e9ny<\/strong> - Ak\u00e1r <strong data-start=\"1058\" data-end=\"1089\">280 adag (80g) \u00f3r\u00e1nk\u00e9nt<\/strong>, ide\u00e1lis kisebb \u00e9s k\u00f6zepes volumen\u0171 m\u0171veletekhez.<\/p>\n<\/li>\n<li data-start=\"1135\" data-end=\"1234\">\n<p data-start=\"1137\" data-end=\"1234\"><strong data-start=\"1137\" data-end=\"1164\">Kett\u0151s fagyaszt\u00f3hengerek<\/strong> - 2 \u00d7 1,2 literes palack biztos\u00edtja a k\u00f6vetkezetes fagyaszt\u00e1st \u00e9s a gyors visszanyer\u00e9st.<\/p>\n<\/li>\n<li data-start=\"1235\" data-end=\"1327\">\n<p data-start=\"1237\" data-end=\"1327\"><strong data-start=\"1237\" data-end=\"1261\">H\u0171t\u00f6tt tart\u00e1lyok<\/strong> - A 2 \u00d7 5 literes tart\u00e1lyok eg\u00e9sz nap h\u0171tve \u00e9s frissen tartj\u00e1k a kever\u00e9ket.<\/p>\n<\/li>\n<li data-start=\"1328\" data-end=\"1422\">\n<p data-start=\"1330\" data-end=\"1422\"><strong data-start=\"1330\" data-end=\"1356\">Felhaszn\u00e1l\u00f3bar\u00e1t vez\u00e9rl\u0151k<\/strong> - Egyszer\u0171 kezel\u0151fel\u00fclet h\u0151m\u00e9rs\u00e9klet- \u00e9s konzisztencia-ellen\u0151rz\u00e9ssel.<\/p>\n<\/li>\n<li data-start=\"1423\" data-end=\"1513\">\n<p data-start=\"1425\" data-end=\"1513\"><strong data-start=\"1425\" data-end=\"1441\">K\u00e9szenl\u00e9ti \u00fczemm\u00f3d<\/strong> - Seg\u00edt fenntartani az \u00e9lelmiszerbiztons\u00e1got \u00e9s a term\u00e9k frissess\u00e9g\u00e9t a kihaszn\u00e1latlan id\u0151szakokban.<\/p>\n<\/li>\n<li data-start=\"1514\" data-end=\"1615\">\n<p data-start=\"1516\" data-end=\"1615\"><strong data-start=\"1516\" data-end=\"1535\">Biztons\u00e1gi jellemz\u0151k<\/strong> - Tartalmazza a kever\u00e9kszint-riaszt\u00e1sokat, a t\u00falterhel\u00e9s elleni v\u00e9delmet \u00e9s a h\u0151m\u00e9rs\u00e9klet-v\u00e9delmet.<\/p>\n<\/li>\n<li data-start=\"1616\" data-end=\"1718\">\n<p data-start=\"1618\" data-end=\"1718\"><strong data-start=\"1618\" data-end=\"1652\">Tart\u00f3s rozsdamentes ac\u00e9l kivitel<\/strong> - Megb\u00edzhat\u00f3s\u00e1gra \u00e9p\u00fclt, kompakt, helytakar\u00e9kos alapter\u00fclettel.<\/p>\n<\/li>\n<li data-start=\"1719\" data-end=\"1782\">\n<p data-start=\"1721\" data-end=\"1782\"><strong data-start=\"1721\" data-end=\"1741\">El\u00e9rhet\u0151 opci\u00f3<\/strong> - Leveg\u0151csatorna a rugalmas telep\u00edt\u00e9shez.<\/p>\n<\/li>\n<\/ul>\n<hr data-start=\"935\" data-end=\"938\" \/>\n<h3 data-start=\"1784\" data-end=\"1804\">M\u0171szaki adatok<\/h3>\n<table>\n<thead>\n<tr>\n<th>Jellemz\u0151<\/th>\n<th>R\u00e9szletek<\/th>\n<\/tr>\n<\/thead>\n<tbody>\n<tr>\n<td><strong>\u00cdzek<\/strong><\/td>\n<td>2 + Twist<\/td>\n<\/tr>\n<tr>\n<td><strong>Kapacit\u00e1s (80g)<\/strong><\/td>\n<td>280 adag\/\u00f3ra<\/td>\n<\/tr>\n<tr>\n<td><strong>Hengerek<\/strong><\/td>\n<td>2 \u00d7 1.2L<\/td>\n<\/tr>\n<tr>\n<td><strong>Hoppers<\/strong><\/td>\n<td>2 \u00d7 5L<\/td>\n<\/tr>\n<tr>\n<td><strong>Teljes\u00edtm\u00e9ny (50Hz \/ 60Hz)<\/strong><\/td>\n<td>2.3kW \/ 2.4kW<\/td>\n<\/tr>\n<tr>\n<td><strong>Nett\u00f3\/sz\u00e1ll\u00edt\u00e1si s\u00faly (kg)<\/strong><\/td>\n<td>145 \/ 160<\/td>\n<\/tr>\n<tr>\n<td><strong>Nett\u00f3 m\u00e9retek (mm)<\/strong><\/td>\n<td>444 \u00d7 705 \u00d7 880<\/td>\n<\/tr>\n<tr>\n<td><strong>Haj\u00f3 m\u00e9retei (mm)<\/strong><\/td>\n<td>530 \u00d7 830 \u00d7 1080<\/td>\n<\/tr>\n<tr>\n<td><strong>T\u00e1pegys\u00e9g<\/strong><\/td>\n<td>220V\/1Ph\/50Hz, 220V\/1Ph\/60Hz<\/td>\n<\/tr>\n<tr>\n<td><strong>El\u00e9rhet\u0151 lehet\u0151s\u00e9gek<\/strong><\/td>\n<td>Leveg\u0151cs\u00faszda<\/td>\n<\/tr>\n<\/tbody>\n<\/table>","protected":false},"excerpt":{"rendered":"<p>The Spaceman 6234AB-C is a compact twin-twist soft serve freezer designed for businesses that want to offer two flavors plus a twist option without taking up too much space. With the ability to produce up to 280 servings (80g) per hour, this model is a great fit for caf\u00e9s, small restaurants, frozen yogurt shops, and [&hellip;]<\/p>\n","protected":false},"featured_media":6899,"comment_status":"open","ping_status":"closed","template":"","meta":[],"product_brand":[],"product_cat":[33],"product_tag":[],"class_list":{"0":"post-6898","1":"product","2":"type-product","3":"status-publish","4":"has-post-thumbnail","6":"product_cat-elite-series","8":"first","9":"instock","10":"shipping-taxable","11":"product-type-simple"},"_links":{"self":[{"href":"https:\/\/dersuessestopp.com\/hu\/wp-json\/wp\/v2\/product\/6898","targetHints":{"allow":["GET"]}}],"collection":[{"href":"https:\/\/dersuessestopp.com\/hu\/wp-json\/wp\/v2\/product"}],"about":[{"href":"https:\/\/dersuessestopp.com\/hu\/wp-json\/wp\/v2\/types\/product"}],"replies":[{"embeddable":true,"href":"https:\/\/dersuessestopp.com\/hu\/wp-json\/wp\/v2\/comments?post=6898"}],"version-history":[{"count":1,"href":"https:\/\/dersuessestopp.com\/hu\/wp-json\/wp\/v2\/product\/6898\/revisions"}],"predecessor-version":[{"id":6900,"href":"https:\/\/dersuessestopp.com\/hu\/wp-json\/wp\/v2\/product\/6898\/revisions\/6900"}],"wp:featuredmedia":[{"embeddable":true,"href":"https:\/\/dersuessestopp.com\/hu\/wp-json\/wp\/v2\/media\/6899"}],"wp:attachment":[{"href":"https:\/\/dersuessestopp.com\/hu\/wp-json\/wp\/v2\/media?parent=6898"}],"wp:term":[{"taxonomy":"product_brand","embeddable":true,"href":"https:\/\/dersuessestopp.com\/hu\/wp-json\/wp\/v2\/product_brand?post=6898"},{"taxonomy":"product_cat","embeddable":true,"href":"https:\/\/dersuessestopp.com\/hu\/wp-json\/wp\/v2\/product_cat?post=6898"},{"taxonomy":"product_tag","embeddable":true,"href":"https:\/\/dersuessestopp.com\/hu\/wp-json\/wp\/v2\/product_tag?post=6898"}],"curies":[{"name":"wp","href":"https:\/\/api.w.org\/{rel}","templated":true}]}}