{"id":6894,"date":"2025-08-29T05:16:37","date_gmt":"2025-08-29T05:16:37","guid":{"rendered":"https:\/\/dersuessestopp.com\/?post_type=product&#038;p=6894"},"modified":"2025-08-29T05:17:17","modified_gmt":"2025-08-29T05:17:17","slug":"spaceman-6338ab-c-egyizu-soft-serve-fagyaszto-kompakt-magas-kialakitassal","status":"publish","type":"product","link":"https:\/\/dersuessestopp.com\/hu\/product\/spaceman-6338ab-c-single-flavor-soft-serve-freezer-with-compact-tall-design\/","title":{"rendered":"Spaceman 6338AB-C - Egyf\u00e9le \u00edzes\u00edt\u00e9s\u0171 \u00fcd\u00edt\u0151fagyaszt\u00f3 kompakt magas kialak\u00edt\u00e1ssal"},"content":{"rendered":"<p data-start=\"244\" data-end=\"647\">A Spaceman 6338AB-C egy nagy hat\u00e9konys\u00e1g\u00fa, egy\u00edz\u0171 \u00fcd\u00edt\u0151ital-fagyaszt\u00f3, amelyet olyan \u00fczemeltet\u0151k sz\u00e1m\u00e1ra terveztek, akiknek helytakar\u00e9kos, f\u00fcgg\u0151leges kialak\u00edt\u00e1s\u00fa, megb\u00edzhat\u00f3 teljes\u00edtm\u00e9nyre van sz\u00fcks\u00e9g\u00fck. K\u00e9pes ak\u00e1r <strong data-start=\"433\" data-end=\"464\">400 adag (80g) \u00f3r\u00e1nk\u00e9nt<\/strong>, ez a modell kiv\u00e1l\u00f3 v\u00e1laszt\u00e1s k\u00e1v\u00e9z\u00f3k, kis fagylaltoz\u00f3k, \u00e9ttermek \u00e9s kisboltok sz\u00e1m\u00e1ra, amelyek pr\u00e9mium min\u0151s\u00e9g\u0171 soft serve-t szeretn\u00e9nek felszolg\u00e1lni, mik\u00f6zben optimaliz\u00e1lj\u00e1k az alapter\u00fcletet.<\/p>\n<p data-start=\"649\" data-end=\"898\">Egy <strong data-start=\"661\" data-end=\"688\">10L-es h\u0171t\u00f6tt tart\u00e1ly<\/strong> \u00e9s egy <strong data-start=\"695\" data-end=\"721\">3.2L fagyaszt\u00f3 henger<\/strong>, a 6338AB-C sima, kr\u00e9mes text\u00far\u00e1t biztos\u00edt egyenletes min\u0151s\u00e9gben. Magasabb szekr\u00e9nykialak\u00edt\u00e1s\u00e1nak k\u00f6sz\u00f6nhet\u0151en a g\u00e9p karcs\u00fa alapter\u00fclet\u0171, ugyanakkor k\u00f6nny\u0171 kezelhet\u0151s\u00e9get \u00e9s karbantart\u00e1st biztos\u00edt.<\/p>\n<hr data-start=\"935\" data-end=\"938\" \/>\n<h3 data-start=\"900\" data-end=\"918\">F\u0151 jellemz\u0151k<\/h3>\n<ul data-start=\"919\" data-end=\"1835\">\n<li data-start=\"919\" data-end=\"1016\">\n<p data-start=\"921\" data-end=\"1016\"><strong data-start=\"921\" data-end=\"949\">Egyetlen \u00edz adagol\u00e1sa<\/strong> - T\u00f6k\u00e9letes az \u00e1ramvonalas men\u00fckh\u00f6z \u00e9s a k\u00f6vetkezetes term\u00e9kkisz\u00e1ll\u00edt\u00e1shoz.<\/p>\n<\/li>\n<li data-start=\"1017\" data-end=\"1126\">\n<p data-start=\"1019\" data-end=\"1126\"><strong data-start=\"1019\" data-end=\"1038\">Megb\u00edzhat\u00f3 kimenet<\/strong> - Ak\u00e1r <strong data-start=\"1056\" data-end=\"1087\">400 adag (80g) \u00f3r\u00e1nk\u00e9nt<\/strong>, ide\u00e1lis k\u00f6zepes ig\u00e9nybev\u00e9tel\u0171 m\u0171veletekhez.<\/p>\n<\/li>\n<li data-start=\"1127\" data-end=\"1232\">\n<p data-start=\"1129\" data-end=\"1232\"><strong data-start=\"1129\" data-end=\"1160\">Hat\u00e9kony fagyaszt\u00f3henger<\/strong> - 1 \u00d7 3,2 literes palack a gyors helyre\u00e1ll\u00edt\u00e1s \u00e9s a sima, l\u00e1gy text\u00fara \u00e9rdek\u00e9ben.<\/p>\n<\/li>\n<li data-start=\"1233\" data-end=\"1321\">\n<p data-start=\"1235\" data-end=\"1321\"><strong data-start=\"1235\" data-end=\"1258\">H\u0171t\u00f6tt tart\u00e1ly<\/strong> - A 10 literes tart\u00e1ly eg\u00e9sz nap h\u0171v\u00f6sen \u00e9s frissen tartja a kever\u00e9ket.<\/p>\n<\/li>\n<li data-start=\"1322\" data-end=\"1439\">\n<p data-start=\"1324\" data-end=\"1439\"><strong data-start=\"1324\" data-end=\"1358\">Felhaszn\u00e1l\u00f3bar\u00e1t digit\u00e1lis vez\u00e9rl\u00e9s<\/strong> - K\u00f6nnyen nyomon k\u00f6vetheti \u00e9s be\u00e1ll\u00edthatja a term\u00e9k konzisztenci\u00e1j\u00e1t, h\u0151m\u00e9rs\u00e9klet\u00e9t \u00e9s teljes\u00edtm\u00e9ny\u00e9t.<\/p>\n<\/li>\n<li data-start=\"1440\" data-end=\"1521\">\n<p data-start=\"1442\" data-end=\"1521\"><strong data-start=\"1442\" data-end=\"1469\">K\u00e9szenl\u00e9ti \u00e9s leolvaszt\u00e1si \u00fczemm\u00f3dok<\/strong> - Fokozza a k\u00e9nyelmet, a tiszt\u00edt\u00e1st \u00e9s az \u00e9lelmiszerbiztons\u00e1got.<\/p>\n<\/li>\n<li data-start=\"1522\" data-end=\"1639\">\n<p data-start=\"1524\" data-end=\"1639\"><strong data-start=\"1524\" data-end=\"1543\">Biztons\u00e1gi jellemz\u0151k<\/strong> - Az alacsony kever\u00e9kszint\u0171 riaszt\u00e1s, a t\u00falterhel\u00e9s elleni v\u00e9delem \u00e9s a h\u0151m\u00e9rs\u00e9klet-v\u00e9delem biztos\u00edtja a megb\u00edzhat\u00f3 m\u0171k\u00f6d\u00e9st.<\/p>\n<\/li>\n<li data-start=\"1640\" data-end=\"1746\">\n<p data-start=\"1642\" data-end=\"1746\"><strong data-start=\"1642\" data-end=\"1675\">Tart\u00f3s rozsdamentes ac\u00e9lb\u00f3l k\u00e9sz\u00fclt<\/strong> - V\u00e9kony, f\u00fcgg\u0151leges szekr\u00e9nykialak\u00edt\u00e1s a tart\u00f3ss\u00e1g \u00e9s a helytakar\u00e9koss\u00e1g \u00e9rdek\u00e9ben.<\/p>\n<\/li>\n<li data-start=\"1747\" data-end=\"1835\">\n<p data-start=\"1749\" data-end=\"1835\"><strong data-start=\"1749\" data-end=\"1770\">El\u00e9rhet\u0151 lehet\u0151s\u00e9gek<\/strong> - V\u00edzh\u0171t\u00e9ses rendszer \u00e9s l\u00e9gcsatorna a rugalmas telep\u00edt\u00e9shez.<\/p>\n<\/li>\n<\/ul>\n<hr data-start=\"935\" data-end=\"938\" \/>\n<h3 data-start=\"1837\" data-end=\"1857\">M\u0171szaki adatok<\/h3>\n<table>\n<thead>\n<tr>\n<th>Jellemz\u0151<\/th>\n<th>R\u00e9szletek<\/th>\n<\/tr>\n<\/thead>\n<tbody>\n<tr>\n<td><strong>\u00cdzek<\/strong><\/td>\n<td>1<\/td>\n<\/tr>\n<tr>\n<td><strong>Kapacit\u00e1s (80g)<\/strong><\/td>\n<td>400 adag\/\u00f3ra<\/td>\n<\/tr>\n<tr>\n<td><strong>Hengerek<\/strong><\/td>\n<td>1 \u00d7 3.2L<\/td>\n<\/tr>\n<tr>\n<td><strong>Hoppers<\/strong><\/td>\n<td>1 \u00d7 10L<\/td>\n<\/tr>\n<tr>\n<td><strong>Teljes\u00edtm\u00e9ny (50Hz \/ 60Hz)<\/strong><\/td>\n<td>2.9kW \/ 3.1kW<\/td>\n<\/tr>\n<tr>\n<td><strong>Nett\u00f3\/sz\u00e1ll\u00edt\u00e1si s\u00faly (kg)<\/strong><\/td>\n<td>188 \/ 198<\/td>\n<\/tr>\n<tr>\n<td><strong>Nett\u00f3 m\u00e9retek (mm)<\/strong><\/td>\n<td>444 \u00d7 680 \u00d7 1543<\/td>\n<\/tr>\n<tr>\n<td><strong>Haj\u00f3 m\u00e9retei (mm)<\/strong><\/td>\n<td>520 \u00d7 860 \u00d7 1680<\/td>\n<\/tr>\n<tr>\n<td><strong>T\u00e1pegys\u00e9g<\/strong><\/td>\n<td>380V\/3Ph\/50Hz, 220V\/3Ph\/60Hz<\/td>\n<\/tr>\n<tr>\n<td><strong>El\u00e9rhet\u0151 lehet\u0151s\u00e9gek<\/strong><\/td>\n<td>V\u00edzh\u0171t\u00e9s, l\u00e9gcsatorna<\/td>\n<\/tr>\n<\/tbody>\n<\/table>","protected":false},"excerpt":{"rendered":"<p>The Spaceman 6338AB-C is a high-efficiency, single-flavor soft serve freezer engineered for operators who need reliable output in a space-saving vertical design. Capable of producing up to 400 servings (80g) per hour, this model is an excellent choice for caf\u00e9s, small ice cream shops, restaurants, and convenience stores that want to serve premium-quality soft serve [&hellip;]<\/p>\n","protected":false},"featured_media":6895,"comment_status":"open","ping_status":"closed","template":"","meta":[],"product_brand":[],"product_cat":[33],"product_tag":[],"class_list":{"0":"post-6894","1":"product","2":"type-product","3":"status-publish","4":"has-post-thumbnail","6":"product_cat-elite-series","8":"first","9":"instock","10":"shipping-taxable","11":"product-type-simple"},"_links":{"self":[{"href":"https:\/\/dersuessestopp.com\/hu\/wp-json\/wp\/v2\/product\/6894","targetHints":{"allow":["GET"]}}],"collection":[{"href":"https:\/\/dersuessestopp.com\/hu\/wp-json\/wp\/v2\/product"}],"about":[{"href":"https:\/\/dersuessestopp.com\/hu\/wp-json\/wp\/v2\/types\/product"}],"replies":[{"embeddable":true,"href":"https:\/\/dersuessestopp.com\/hu\/wp-json\/wp\/v2\/comments?post=6894"}],"version-history":[{"count":2,"href":"https:\/\/dersuessestopp.com\/hu\/wp-json\/wp\/v2\/product\/6894\/revisions"}],"predecessor-version":[{"id":6897,"href":"https:\/\/dersuessestopp.com\/hu\/wp-json\/wp\/v2\/product\/6894\/revisions\/6897"}],"wp:featuredmedia":[{"embeddable":true,"href":"https:\/\/dersuessestopp.com\/hu\/wp-json\/wp\/v2\/media\/6895"}],"wp:attachment":[{"href":"https:\/\/dersuessestopp.com\/hu\/wp-json\/wp\/v2\/media?parent=6894"}],"wp:term":[{"taxonomy":"product_brand","embeddable":true,"href":"https:\/\/dersuessestopp.com\/hu\/wp-json\/wp\/v2\/product_brand?post=6894"},{"taxonomy":"product_cat","embeddable":true,"href":"https:\/\/dersuessestopp.com\/hu\/wp-json\/wp\/v2\/product_cat?post=6894"},{"taxonomy":"product_tag","embeddable":true,"href":"https:\/\/dersuessestopp.com\/hu\/wp-json\/wp\/v2\/product_tag?post=6894"}],"curies":[{"name":"wp","href":"https:\/\/api.w.org\/{rel}","templated":true}]}}