{"id":6890,"date":"2025-08-29T05:08:14","date_gmt":"2025-08-29T05:08:14","guid":{"rendered":"https:\/\/dersuessestopp.com\/?post_type=product&#038;p=6890"},"modified":"2025-08-29T05:08:14","modified_gmt":"2025-08-29T05:08:14","slug":"spaceman-6236ab-c-kompakt-nagy-teljesitmenyu-soft-serve-fagyasztoszekreny","status":"publish","type":"product","link":"https:\/\/dersuessestopp.com\/hu\/product\/spaceman-6236ab-c-compact-high-performance-soft-serve-freezer\/","title":{"rendered":"Spaceman 6236AB-C - Kompakt, nagy teljes\u00edtm\u00e9ny\u0171 soft szerv\u00edroz\u00f3 fagyaszt\u00f3"},"content":{"rendered":"<p data-start=\"226\" data-end=\"642\">A Spaceman 6236AB-C egy kompakt, egy\u00edz\u0171 soft serve fagyaszt\u00f3, amelyet olyan k\u00f6zepes \u00e9s nagy volumen\u0171 m\u0171veletekhez terveztek, amelyek megb\u00edzhat\u00f3 teljes\u00edtm\u00e9nyt \u00e9s egyenletes term\u00e9kmin\u0151s\u00e9get ig\u00e9nyelnek. Azzal a k\u00e9pess\u00e9ggel, hogy ak\u00e1r <strong data-start=\"441\" data-end=\"472\">440 adag (80g) \u00f3r\u00e1nk\u00e9nt<\/strong>, ez a modell t\u00f6k\u00e9letesen alkalmas k\u00e1v\u00e9z\u00f3k, kis fagylaltoz\u00f3k, fagyasztott joghurtos \u00fczletek, kisboltok \u00e9s \u00e9ttermek sz\u00e1m\u00e1ra, amelyek b\u0151v\u00edteni szeretn\u00e9k desszertk\u00edn\u00e1latukat.<\/p>\n<p data-start=\"644\" data-end=\"973\">Kisebb alapter\u00fclete ellen\u00e9re a 6236AB-C a Spaceman fejlett fagyaszt\u00e1si technol\u00f3gi\u00e1j\u00e1t alkalmazza, hogy minden alkalommal sima, kr\u00e9mes l\u00e1gy t\u00e1lal\u00e1st biztos\u00edtson. Az egyetlen 12 literes tart\u00e1ly \u00e9s a 3,2 literes fagyaszt\u00f3henger kiv\u00e1l\u00f3 teljes\u00edtm\u00e9nyt biztos\u00edt a frissess\u00e9g meg\u0151rz\u00e9se mellett, \u00edgy ide\u00e1lis olyan \u00fczemeltet\u0151k sz\u00e1m\u00e1ra, akiknek hat\u00e9konys\u00e1gra van sz\u00fcks\u00e9g\u00fck a min\u0151s\u00e9g roml\u00e1sa n\u00e9lk\u00fcl.<\/p>\n<hr data-start=\"935\" data-end=\"938\" \/>\n<h3 data-start=\"975\" data-end=\"993\">F\u0151 jellemz\u0151k<\/h3>\n<ul data-start=\"994\" data-end=\"1899\">\n<li data-start=\"994\" data-end=\"1086\">\n<p data-start=\"996\" data-end=\"1086\"><strong data-start=\"996\" data-end=\"1024\">Egyetlen \u00edz adagol\u00e1sa<\/strong> - \u00c1ramvonalas kialak\u00edt\u00e1s a k\u00f6vetkezetes, kiv\u00e1l\u00f3 min\u0151s\u00e9g\u0171 adagok\u00e9rt.<\/p>\n<\/li>\n<li data-start=\"1087\" data-end=\"1198\">\n<p data-start=\"1089\" data-end=\"1198\"><strong data-start=\"1089\" data-end=\"1113\">Nagy teljes\u00edtm\u00e9ny\u0171 kapacit\u00e1s<\/strong> - Ak\u00e1r <strong data-start=\"1131\" data-end=\"1162\">440 adag (80g) \u00f3r\u00e1nk\u00e9nt<\/strong>, ide\u00e1lis k\u00f6zepes volumen\u0171 m\u0171veletekhez.<\/p>\n<\/li>\n<li data-start=\"1199\" data-end=\"1297\">\n<p data-start=\"1201\" data-end=\"1297\"><strong data-start=\"1201\" data-end=\"1232\">Hat\u00e9kony fagyaszt\u00f3henger<\/strong> - 1 \u00d7 3,2 literes henger biztos\u00edtja a gyors helyre\u00e1ll\u00edt\u00e1st \u00e9s a sima text\u00far\u00e1t.<\/p>\n<\/li>\n<li data-start=\"1298\" data-end=\"1376\">\n<p data-start=\"1300\" data-end=\"1376\"><strong data-start=\"1300\" data-end=\"1323\">H\u0171t\u00f6tt tart\u00e1ly<\/strong> - A 12 literes kapacit\u00e1s eg\u00e9sz nap frissen tartja a kever\u00e9ket.<\/p>\n<\/li>\n<li data-start=\"1377\" data-end=\"1494\">\n<p data-start=\"1379\" data-end=\"1494\"><strong data-start=\"1379\" data-end=\"1413\">Felhaszn\u00e1l\u00f3bar\u00e1t digit\u00e1lis vez\u00e9rl\u00e9s<\/strong> - Egyszer\u0171 m\u0171k\u00f6d\u00e9s a konzisztencia, a h\u0151m\u00e9rs\u00e9klet \u00e9s a teljes\u00edtm\u00e9ny ellen\u0151rz\u00e9s\u00e9vel.<\/p>\n<\/li>\n<li data-start=\"1495\" data-end=\"1595\">\n<p data-start=\"1497\" data-end=\"1595\"><strong data-start=\"1497\" data-end=\"1524\">K\u00e9szenl\u00e9ti \u00e9s leolvaszt\u00e1si \u00fczemm\u00f3dok<\/strong> - Egyszer\u0171s\u00edti a m\u0171k\u00f6d\u00e9st, mik\u00f6zben biztos\u00edtja az \u00e9lelmiszer-biztons\u00e1got \u00e9s a k\u00f6nny\u0171 tiszt\u00edt\u00e1st.<\/p>\n<\/li>\n<li data-start=\"1596\" data-end=\"1708\">\n<p data-start=\"1598\" data-end=\"1708\"><strong data-start=\"1598\" data-end=\"1625\">Be\u00e9p\u00edtett biztons\u00e1gi rendszerek<\/strong> - Tartalmazza az alacsony kever\u00e9kszint\u0171 riaszt\u00e1st, a motor t\u00falterhel\u00e9s elleni v\u00e9delmet \u00e9s a h\u0151m\u00e9rs\u00e9kleti biztos\u00edt\u00e9kokat.<\/p>\n<\/li>\n<li data-start=\"1709\" data-end=\"1804\">\n<p data-start=\"1711\" data-end=\"1804\"><strong data-start=\"1711\" data-end=\"1751\">Tart\u00f3s rozsdamentes ac\u00e9lszerkezet<\/strong> - Kompakt, m\u00e9gis robusztus kialak\u00edt\u00e1s, mobilit\u00e1si lehet\u0151s\u00e9gekkel.<\/p>\n<\/li>\n<li data-start=\"1805\" data-end=\"1899\">\n<p data-start=\"1807\" data-end=\"1899\"><strong data-start=\"1807\" data-end=\"1828\">El\u00e9rhet\u0151 lehet\u0151s\u00e9gek<\/strong> - V\u00edzh\u0171t\u00e9ses rendszer \u00e9s l\u00e9gcsatorna a rugalmas telep\u00edt\u00e9si ig\u00e9nyekhez.<\/p>\n<\/li>\n<\/ul>\n<hr data-start=\"935\" data-end=\"938\" \/>\n<h3 data-start=\"1901\" data-end=\"1921\">M\u0171szaki adatok<\/h3>\n<table>\n<thead>\n<tr>\n<th>Jellemz\u0151<\/th>\n<th>R\u00e9szletek<\/th>\n<\/tr>\n<\/thead>\n<tbody>\n<tr>\n<td><strong>\u00cdzek<\/strong><\/td>\n<td>1<\/td>\n<\/tr>\n<tr>\n<td><strong>Kapacit\u00e1s (80g)<\/strong><\/td>\n<td>440 adag\/\u00f3ra<\/td>\n<\/tr>\n<tr>\n<td><strong>Hengerek<\/strong><\/td>\n<td>1 \u00d7 3.2L<\/td>\n<\/tr>\n<tr>\n<td><strong>Hoppers<\/strong><\/td>\n<td>1 \u00d7 12L<\/td>\n<\/tr>\n<tr>\n<td><strong>Teljes\u00edtm\u00e9ny (50Hz \/ 60Hz)<\/strong><\/td>\n<td>2.9kW \/ 3.1kW<\/td>\n<\/tr>\n<tr>\n<td><strong>Nett\u00f3\/sz\u00e1ll\u00edt\u00e1si s\u00faly (kg)<\/strong><\/td>\n<td>170 \/ 186<\/td>\n<\/tr>\n<tr>\n<td><strong>Nett\u00f3 m\u00e9retek (mm)<\/strong><\/td>\n<td>454 \u00d7 681 \u00d7 976<\/td>\n<\/tr>\n<tr>\n<td><strong>Haj\u00f3 m\u00e9retei (mm)<\/strong><\/td>\n<td>520 \u00d7 870 \u00d7 1180<\/td>\n<\/tr>\n<tr>\n<td><strong>T\u00e1pegys\u00e9g<\/strong><\/td>\n<td>380V\/3Ph\/50Hz, 220V\/3Ph\/60Hz<\/td>\n<\/tr>\n<tr>\n<td><strong>El\u00e9rhet\u0151 lehet\u0151s\u00e9gek<\/strong><\/td>\n<td>V\u00edzh\u0171t\u00e9s, l\u00e9gcsatorna<\/td>\n<\/tr>\n<\/tbody>\n<\/table>","protected":false},"excerpt":{"rendered":"<p>The Spaceman 6236AB-C is a compact, single-flavor soft serve freezer designed for medium to high-volume operations that require reliable performance and consistent product quality. With the ability to produce up to 440 servings (80g) per hour, this model is perfectly suited for caf\u00e9s, small ice cream shops, frozen yogurt outlets, convenience stores, and restaurants looking [&hellip;]<\/p>\n","protected":false},"featured_media":6891,"comment_status":"open","ping_status":"closed","template":"","meta":[],"product_brand":[],"product_cat":[33],"product_tag":[],"class_list":{"0":"post-6890","1":"product","2":"type-product","3":"status-publish","4":"has-post-thumbnail","6":"product_cat-elite-series","8":"first","9":"instock","10":"shipping-taxable","11":"product-type-simple"},"_links":{"self":[{"href":"https:\/\/dersuessestopp.com\/hu\/wp-json\/wp\/v2\/product\/6890","targetHints":{"allow":["GET"]}}],"collection":[{"href":"https:\/\/dersuessestopp.com\/hu\/wp-json\/wp\/v2\/product"}],"about":[{"href":"https:\/\/dersuessestopp.com\/hu\/wp-json\/wp\/v2\/types\/product"}],"replies":[{"embeddable":true,"href":"https:\/\/dersuessestopp.com\/hu\/wp-json\/wp\/v2\/comments?post=6890"}],"version-history":[{"count":2,"href":"https:\/\/dersuessestopp.com\/hu\/wp-json\/wp\/v2\/product\/6890\/revisions"}],"predecessor-version":[{"id":6893,"href":"https:\/\/dersuessestopp.com\/hu\/wp-json\/wp\/v2\/product\/6890\/revisions\/6893"}],"wp:featuredmedia":[{"embeddable":true,"href":"https:\/\/dersuessestopp.com\/hu\/wp-json\/wp\/v2\/media\/6891"}],"wp:attachment":[{"href":"https:\/\/dersuessestopp.com\/hu\/wp-json\/wp\/v2\/media?parent=6890"}],"wp:term":[{"taxonomy":"product_brand","embeddable":true,"href":"https:\/\/dersuessestopp.com\/hu\/wp-json\/wp\/v2\/product_brand?post=6890"},{"taxonomy":"product_cat","embeddable":true,"href":"https:\/\/dersuessestopp.com\/hu\/wp-json\/wp\/v2\/product_cat?post=6890"},{"taxonomy":"product_tag","embeddable":true,"href":"https:\/\/dersuessestopp.com\/hu\/wp-json\/wp\/v2\/product_tag?post=6890"}],"curies":[{"name":"wp","href":"https:\/\/api.w.org\/{rel}","templated":true}]}}