{"id":6883,"date":"2025-08-29T04:55:02","date_gmt":"2025-08-29T04:55:02","guid":{"rendered":"https:\/\/dersuessestopp.com\/?post_type=product&#038;p=6883"},"modified":"2025-08-29T09:39:38","modified_gmt":"2025-08-29T09:39:38","slug":"3l-kereskedelmi-slushy-keszito-patty-tokeletes-jeges-kave-granita-fagyasztott-italok-szamara","status":"publish","type":"product","link":"https:\/\/dersuessestopp.com\/hu\/product\/3l-commercial-slushy-maker-patty-perfect-for-iced-coffee-granita-frozen-drinks\/","title":{"rendered":"3L kereskedelmi Slushy Maker Patty - T\u00f6k\u00e9letes jeges k\u00e1v\u00e9hoz, gr\u00e1nit\u00e1hoz \u00e9s fagyasztott italokhoz"},"content":{"rendered":"<p data-start=\"247\" data-end=\"605\">A <strong data-start=\"251\" data-end=\"277\">Patty 3.0 Slushy Maker<\/strong> egy kompakt, m\u00e9gis nagy teljes\u00edtm\u00e9ny\u0171 megold\u00e1s k\u00e1v\u00e9z\u00f3k, b\u00e1rok, fagylaltoz\u00f3k \u00e9s vend\u00e9gl\u00e1t\u00f3helyek sz\u00e1m\u00e1ra. Az al\u00e1bbi jellemz\u0151kkel <strong data-start=\"382\" data-end=\"406\">3L k\u00e9tr\u00e9teg\u0171 tart\u00e1ly<\/strong> \u00e9s egy <strong data-start=\"413\" data-end=\"458\">tart\u00f3s SUS304 rozsdamentes ac\u00e9lb\u00f3l k\u00e9sz\u00fclt elp\u00e1rologtat\u00f3<\/strong>, gyors \u00e9s hat\u00e9kony h\u0171t\u00e9st, krist\u00e1lytiszta l\u00e1that\u00f3s\u00e1got \u00e9s cs\u00f6kkentett p\u00e1ralecsap\u00f3d\u00e1st biztos\u00edt a fagyasztott italok vonz\u00f3 megjelen\u00e9se \u00e9rdek\u00e9ben.<\/p>\n<hr data-start=\"607\" data-end=\"610\" \/>\n<h2 data-start=\"612\" data-end=\"640\">F\u0151bb jellemz\u0151k \u00e9s el\u0151ny\u00f6k<\/h2>\n<p data-start=\"642\" data-end=\"657\"><strong data-start=\"642\" data-end=\"655\">Kapacit\u00e1s:<\/strong><\/p>\n<ul data-start=\"658\" data-end=\"815\">\n<li data-start=\"658\" data-end=\"675\">\n<p data-start=\"660\" data-end=\"675\">Nett\u00f3: 2 liter<\/p>\n<\/li>\n<li data-start=\"676\" data-end=\"815\">\n<p data-start=\"678\" data-end=\"815\">Brutt\u00f3: 3 liter<br data-start=\"693\" data-end=\"696\" \/>B\u0151s\u00e9ges hely a fagyasztott italok sz\u00e9les v\u00e1laszt\u00e9k\u00e1nak felszolg\u00e1l\u00e1s\u00e1hoz, mint p\u00e9ld\u00e1ul granita, fagyasztott kokt\u00e9lok, jeges k\u00e1v\u00e9 \u00e9s gy\u00fcm\u00f6lcs\u00f6s slush.<\/p>\n<\/li>\n<\/ul>\n<p data-start=\"817\" data-end=\"840\"><strong data-start=\"817\" data-end=\"838\">Gyors el\u0151k\u00e9sz\u00edt\u00e9s:<\/strong><\/p>\n<ul data-start=\"841\" data-end=\"970\">\n<li data-start=\"841\" data-end=\"877\">\n<p data-start=\"843\" data-end=\"877\">Csak <strong data-start=\"848\" data-end=\"862\">15 perc<\/strong> a slushie-khoz<\/p>\n<\/li>\n<li data-start=\"878\" data-end=\"970\">\n<p data-start=\"880\" data-end=\"970\">Csak <strong data-start=\"885\" data-end=\"899\">25 perc<\/strong> tejsz\u00edn alap\u00fa italok eset\u00e9ben<br data-start=\"922\" data-end=\"925\" \/>Gyors kiszolg\u00e1l\u00e1s a nagy ig\u00e9nybev\u00e9telt jelent\u0151 k\u00f6rnyezetekben.<\/p>\n<\/li>\n<\/ul>\n<p data-start=\"972\" data-end=\"1090\"><strong data-start=\"972\" data-end=\"1009\">H\u0151m\u00e9rs\u00e9klet-tartom\u00e1ny -8 \u00b0C \u00e9s +6 \u00b0C k\u00f6z\u00f6tt:<\/strong><br data-start=\"1009\" data-end=\"1012\" \/>T\u00f6k\u00e9letes h\u0171t\u00e9st biztos\u00edt a slush-szer\u0171 italok sz\u00e1m\u00e1ra, an\u00e9lk\u00fcl, hogy t\u00falfagyasztan\u00e1 \u0151ket.<\/p>\n<p data-start=\"1092\" data-end=\"1129\"><strong data-start=\"1092\" data-end=\"1127\">Csendes m\u0171k\u00f6d\u00e9s \u00e9s LED vil\u00e1g\u00edt\u00e1s:<\/strong><\/p>\n<ul data-start=\"1130\" data-end=\"1286\">\n<li data-start=\"1130\" data-end=\"1191\">\n<p data-start=\"1132\" data-end=\"1191\">Zajszint <strong data-start=\"1150\" data-end=\"1162\">60 dB(A)<\/strong> - ide\u00e1lis k\u00e1v\u00e9z\u00f3k \u00e9s b\u00e1rok sz\u00e1m\u00e1ra<\/p>\n<\/li>\n<li data-start=\"1192\" data-end=\"1286\">\n<p data-start=\"1194\" data-end=\"1286\">A be\u00e9p\u00edtett LED vil\u00e1g\u00edt\u00e1s modern, st\u00edlusos megjelen\u00e9st biztos\u00edt, mik\u00f6zben gy\u00f6ny\u00f6r\u0171en kiemeli az italokat.<\/p>\n<\/li>\n<\/ul>\n<p data-start=\"1288\" data-end=\"1327\"><strong data-start=\"1288\" data-end=\"1325\">Tart\u00f3s fel\u00e9p\u00edt\u00e9s \u00e9s megb\u00edzhat\u00f3 h\u0171t\u00e9s:<\/strong><\/p>\n<ul data-start=\"1328\" data-end=\"1500\">\n<li data-start=\"1328\" data-end=\"1383\">\n<p data-start=\"1330\" data-end=\"1383\"><strong data-start=\"1330\" data-end=\"1367\">SUS304 rozsdamentes ac\u00e9lb\u00f3l k\u00e9sz\u00fclt elp\u00e1rologtat\u00f3<\/strong> a hossz\u00fa \u00e9lettartam \u00e9rdek\u00e9ben<\/p>\n<\/li>\n<li data-start=\"1384\" data-end=\"1421\">\n<p data-start=\"1386\" data-end=\"1421\">Kiv\u00e1l\u00f3 min\u0151s\u00e9g\u0171 ABS k\u00fcls\u0151 h\u00e1z<\/p>\n<\/li>\n<li data-start=\"1422\" data-end=\"1500\">\n<p data-start=\"1424\" data-end=\"1500\">A k\u00e9tr\u00e9teg\u0171 tart\u00e1ly minimaliz\u00e1lja a kondenz\u00e1ci\u00f3t \u00e9s fenntartja az optim\u00e1lis h\u0151m\u00e9rs\u00e9kletet<\/p>\n<\/li>\n<\/ul>\n<p data-start=\"1502\" data-end=\"1655\"><strong data-start=\"1502\" data-end=\"1526\">K\u00f6nnyen haszn\u00e1lhat\u00f3 \u00e9s tiszt\u00edthat\u00f3:<\/strong><br data-start=\"1526\" data-end=\"1529\" \/>Az egyszer\u0171 m\u0171k\u00f6d\u00e9s, a kompakt m\u00e9ret \u00e9s a k\u00f6nnyen hozz\u00e1f\u00e9rhet\u0151 alkatr\u00e9szek teszik ezt a slushy-k\u00e9sz\u00edt\u0151t t\u00f6k\u00e9letess\u00e9 a professzion\u00e1lis, mindennapi haszn\u00e1latra.<\/p>\n<p data-start=\"1657\" data-end=\"1681\"><strong data-start=\"1657\" data-end=\"1679\">Tan\u00fas\u00edtott min\u0151s\u00e9g:<\/strong><\/p>\n<ul data-start=\"1682\" data-end=\"1775\">\n<li data-start=\"1682\" data-end=\"1775\">\n<p data-start=\"1684\" data-end=\"1775\">CE, LFBG, EU \u00c9LELMISZER-MIN\u0150S\u00c9G\u0170<br data-start=\"1707\" data-end=\"1710\" \/>A legmagasabb szint\u0171 biztons\u00e1g, higi\u00e9nia \u00e9s \u00e9lelmiszeripari szabv\u00e1nyok biztos\u00edt\u00e1sa.<\/p>\n<\/li>\n<\/ul>\n<hr data-start=\"1777\" data-end=\"1780\" \/>\n<h2 data-start=\"1782\" data-end=\"1799\">Alkalmaz\u00e1sok<\/h2>\n<ul data-start=\"1801\" data-end=\"2131\">\n<li data-start=\"1801\" data-end=\"1913\">\n<p data-start=\"1803\" data-end=\"1913\"><strong data-start=\"1803\" data-end=\"1834\">Granita \u00e9s fagyasztott kokt\u00e9lok:<\/strong> T\u00e1laljon friss\u00edt\u0151 olasz st\u00edlus\u00fa granit\u00e1t \u00e9s kreat\u00edv fagyasztott kokt\u00e9lrecepteket.<\/p>\n<\/li>\n<li data-start=\"1914\" data-end=\"1994\">\n<p data-start=\"1916\" data-end=\"1994\"><strong data-start=\"1916\" data-end=\"1945\">Jeges k\u00e1v\u00e9 \u00e9s turmixok:<\/strong> A k\u00e1v\u00e9z\u00f3k \u00e9s a ny\u00e1ri \u00e9tlapok elengedhetetlen kell\u00e9ke.<\/p>\n<\/li>\n<li data-start=\"1995\" data-end=\"2131\">\n<p data-start=\"1997\" data-end=\"2131\"><strong data-start=\"1997\" data-end=\"2019\">\u00c9tkeztet\u00e9s \u00e9s rendezv\u00e9nyek:<\/strong> T\u00f6k\u00e9letes k\u00e1v\u00e9z\u00f3k, b\u00e1rok, fagylaltoz\u00f3k, b\u00fcf\u00e9k \u00e9s szabadt\u00e9ri rendezv\u00e9nyek sz\u00e1m\u00e1ra - mindig egyenletes min\u0151s\u00e9get biztos\u00edt.<\/p>\n<\/li>\n<\/ul>\n<hr data-start=\"2133\" data-end=\"2136\" \/>\n<h2 data-start=\"2138\" data-end=\"2179\"><strong data-start=\"185\" data-end=\"201\">M\u0171szaki adatok<\/strong><\/h2>\n<table>\n<thead>\n<tr>\n<th>Specifik\u00e1ci\u00f3<\/th>\n<th>R\u00e9szletek<\/th>\n<\/tr>\n<\/thead>\n<tbody>\n<tr>\n<td><strong>Tart\u00e1ly t\u00e9rfogata<\/strong><\/td>\n<td>3L (aj\u00e1nlott: 1.5L kr\u00e9m \/ 2.0L slushy)<\/td>\n<\/tr>\n<tr>\n<td><strong>K\u00fcls\u0151 m\u00e9retek<\/strong><\/td>\n<td>196 \u00d7 500 \u00d7 453 mm<\/td>\n<\/tr>\n<tr>\n<td><strong>Csomagol\u00e1si m\u00e9ret<\/strong><\/td>\n<td>258 \u00d7 549 \u00d7 507 mm<\/td>\n<\/tr>\n<tr>\n<td><strong>Nett\u00f3 \/ brutt\u00f3 s\u00faly<\/strong><\/td>\n<td>15,3 \/ 16,7 kg<\/td>\n<\/tr>\n<tr>\n<td><strong>Fesz\u00fclts\u00e9g \/ frekvencia<\/strong><\/td>\n<td>220-240V \/ 50Hz<\/td>\n<\/tr>\n<tr>\n<td><strong>H\u0171t\u0151k\u00f6zeg<\/strong><\/td>\n<td>R290<\/td>\n<\/tr>\n<tr>\n<td><strong>Energiafogyaszt\u00e1s<\/strong><\/td>\n<td>240W<\/td>\n<\/tr>\n<\/tbody>\n<\/table>","protected":false},"excerpt":{"rendered":"<p>The Patty 3.0 Slushy Maker is a compact yet powerful solution for caf\u00e9s, bars, ice cream shops, and catering services. Featuring a 3L double-layer tank and a durable SUS304 stainless steel evaporator, it ensures fast and efficient cooling, crystal-clear visibility, and reduced condensation for an attractive presentation of your frozen drinks. Key Features &amp; Benefits [&hellip;]<\/p>\n","protected":false},"featured_media":6886,"comment_status":"open","ping_status":"closed","template":"","meta":[],"product_brand":[],"product_cat":[34],"product_tag":[],"class_list":{"0":"post-6883","1":"product","2":"type-product","3":"status-publish","4":"has-post-thumbnail","6":"product_cat-slush-machines","8":"first","9":"instock","10":"shipping-taxable","11":"product-type-simple"},"_links":{"self":[{"href":"https:\/\/dersuessestopp.com\/hu\/wp-json\/wp\/v2\/product\/6883","targetHints":{"allow":["GET"]}}],"collection":[{"href":"https:\/\/dersuessestopp.com\/hu\/wp-json\/wp\/v2\/product"}],"about":[{"href":"https:\/\/dersuessestopp.com\/hu\/wp-json\/wp\/v2\/types\/product"}],"replies":[{"embeddable":true,"href":"https:\/\/dersuessestopp.com\/hu\/wp-json\/wp\/v2\/comments?post=6883"}],"version-history":[{"count":4,"href":"https:\/\/dersuessestopp.com\/hu\/wp-json\/wp\/v2\/product\/6883\/revisions"}],"predecessor-version":[{"id":6974,"href":"https:\/\/dersuessestopp.com\/hu\/wp-json\/wp\/v2\/product\/6883\/revisions\/6974"}],"wp:featuredmedia":[{"embeddable":true,"href":"https:\/\/dersuessestopp.com\/hu\/wp-json\/wp\/v2\/media\/6886"}],"wp:attachment":[{"href":"https:\/\/dersuessestopp.com\/hu\/wp-json\/wp\/v2\/media?parent=6883"}],"wp:term":[{"taxonomy":"product_brand","embeddable":true,"href":"https:\/\/dersuessestopp.com\/hu\/wp-json\/wp\/v2\/product_brand?post=6883"},{"taxonomy":"product_cat","embeddable":true,"href":"https:\/\/dersuessestopp.com\/hu\/wp-json\/wp\/v2\/product_cat?post=6883"},{"taxonomy":"product_tag","embeddable":true,"href":"https:\/\/dersuessestopp.com\/hu\/wp-json\/wp\/v2\/product_tag?post=6883"}],"curies":[{"name":"wp","href":"https:\/\/api.w.org\/{rel}","templated":true}]}}