{"id":6686,"date":"2025-08-28T06:44:51","date_gmt":"2025-08-28T06:44:51","guid":{"rendered":"https:\/\/dersuessestopp.com\/?post_type=product&#038;p=6686"},"modified":"2025-08-28T06:44:51","modified_gmt":"2025-08-28T06:44:51","slug":"slush-gep-modell-xsc-3-3-tartaly-15l-mindegyik-led-vilagitassal","status":"publish","type":"product","link":"https:\/\/dersuessestopp.com\/hu\/product\/slush-machine-model-xsc-3-3-tanks-15l-each-with-led-light\/","title":{"rendered":"Slush g\u00e9p - XSC-3 modell (3 tart\u00e1ly, 15 literes, LED vil\u00e1g\u00edt\u00e1ssal)"},"content":{"rendered":"<p data-start=\"253\" data-end=\"621\">A <strong data-start=\"257\" data-end=\"280\">XSC-3 Slush g\u00e9p<\/strong> a legjobb v\u00e1laszt\u00e1s a nagy mennyis\u00e9g\u0171 italok kiszolg\u00e1l\u00e1s\u00e1hoz. A <strong data-start=\"343\" data-end=\"367\">h\u00e1rom 15 literes tart\u00e1ly<\/strong> \u00e9s <strong data-start=\"372\" data-end=\"399\">integr\u00e1lt LED vil\u00e1g\u00edt\u00e1s<\/strong>, maxim\u00e1lis kapacit\u00e1st, t\u00f6bbf\u00e9le \u00edzv\u00e1laszt\u00e9kot \u00e9s szemet gy\u00f6ny\u00f6rk\u00f6dtet\u0151 megjelen\u00e9st k\u00edn\u00e1l. \u00c9ttermek, k\u00e1v\u00e9z\u00f3k, b\u00e1rok, vid\u00e1mparkok \u00e9s nagy rendezv\u00e9nyek sz\u00e1m\u00e1ra tervezt\u00e9k, ez a g\u00e9p biztos\u00edtja a cs\u00facsteljes\u00edtm\u00e9nyt \u00e9s a v\u00e1s\u00e1rl\u00f3k vonzerej\u00e9t.<\/p>\n<h4 data-start=\"623\" data-end=\"642\">F\u0151 jellemz\u0151k<\/h4>\n<ul data-start=\"643\" data-end=\"1309\">\n<li data-start=\"643\" data-end=\"755\">\n<p data-start=\"645\" data-end=\"755\"><strong data-start=\"645\" data-end=\"662\">LED vil\u00e1g\u00edt\u00e1s:<\/strong> Vonz\u00f3 kijelz\u0151t hoz l\u00e9tre, amely kiemeli az italokat \u00e9s felh\u00edvja a v\u00e1s\u00e1rl\u00f3k figyelm\u00e9t.<\/p>\n<\/li>\n<li data-start=\"756\" data-end=\"846\">\n<p data-start=\"758\" data-end=\"846\"><strong data-start=\"758\" data-end=\"783\">H\u00e1romszoros tart\u00e1lykapacit\u00e1s:<\/strong> A h\u00e1rom 15 literes tart\u00e1ly lehet\u0151v\u00e9 teszi, hogy egyszerre t\u00f6bbf\u00e9le \u00edzt szolg\u00e1ljon fel.<\/p>\n<\/li>\n<li data-start=\"847\" data-end=\"932\">\n<p data-start=\"849\" data-end=\"932\"><strong data-start=\"849\" data-end=\"870\">Nagy teljes\u00edtm\u00e9ny:<\/strong> 900 W-os motor er\u0151teljes h\u0171t\u00e9ssel, nagy ig\u00e9nybev\u00e9telre tervezve.<\/p>\n<\/li>\n<li data-start=\"933\" data-end=\"1044\">\n<p data-start=\"935\" data-end=\"1044\"><strong data-start=\"935\" data-end=\"964\">Rugalmas fesz\u00fclts\u00e9g opci\u00f3k:<\/strong> Kompatibilis 220V\/50Hz, 60Hz \u00e9s 110V\/60Hz fesz\u00fclts\u00e9ggel - alkalmas a glob\u00e1lis piacokra.<\/p>\n<\/li>\n<li data-start=\"1045\" data-end=\"1126\">\n<p data-start=\"1047\" data-end=\"1126\"><strong data-start=\"1047\" data-end=\"1067\">Optim\u00e1lis h\u0171t\u00e9s:<\/strong> Fenntartja a  c\u00edmet. <strong data-start=\"1078\" data-end=\"1094\">-1\u00b0C \u00e9s -4\u00b0C k\u00f6z\u00f6tt<\/strong> az egyenletes slush text\u00fara \u00e9rdek\u00e9ben.<\/p>\n<\/li>\n<li data-start=\"1127\" data-end=\"1217\">\n<p data-start=\"1129\" data-end=\"1217\"><strong data-start=\"1129\" data-end=\"1154\">Tart\u00f3s konstrukci\u00f3:<\/strong> Robusztus anyagokb\u00f3l k\u00e9sz\u00fclt a hossz\u00fa t\u00e1v\u00fa kereskedelmi haszn\u00e1lathoz.<\/p>\n<\/li>\n<li data-start=\"1218\" data-end=\"1309\">\n<p data-start=\"1220\" data-end=\"1309\"><strong data-start=\"1220\" data-end=\"1253\">Nagy kapacit\u00e1s, intelligens kialak\u00edt\u00e1s:<\/strong> M\u00e9rete ellen\u00e9re a legt\u00f6bb munkalapon elf\u00e9r.<\/p>\n<\/li>\n<\/ul>\n<h4 data-start=\"1311\" data-end=\"1330\">Alkalmaz\u00e1sok<\/h4>\n<p data-start=\"1331\" data-end=\"1360\">A <strong data-start=\"1335\" data-end=\"1344\">XSC-3<\/strong> ide\u00e1lis:<\/p>\n<ul data-start=\"1361\" data-end=\"1436\">\n<li data-start=\"1361\" data-end=\"1380\">\n<p data-start=\"1363\" data-end=\"1380\">Slush &amp; granita<\/p>\n<\/li>\n<li data-start=\"1381\" data-end=\"1401\">\n<p data-start=\"1383\" data-end=\"1401\">Fagyasztott kokt\u00e9lok<\/p>\n<\/li>\n<li data-start=\"1402\" data-end=\"1436\">\n<p data-start=\"1404\" data-end=\"1436\">Tejturmixok \u00e9s h\u0171t\u00f6tt italok<\/p>\n<\/li>\n<\/ul>\n<h4 data-start=\"1438\" data-end=\"1466\">Min\u0151s\u00e9g \u00e9s megb\u00edzhat\u00f3s\u00e1g<\/h4>\n<p data-start=\"1467\" data-end=\"1681\">A nagy ig\u00e9nybev\u00e9tel\u0171 k\u00f6rnyezetekhez tervezett XSC-3 kombin\u00e1lja a k\u00f6vetkez\u0151ket <strong data-start=\"1528\" data-end=\"1579\">nagy kapacit\u00e1s, tart\u00f3ss\u00e1g \u00e9s LED megjelen\u00edt\u00e9s<\/strong> hogy a teljes\u00edtm\u00e9nyt \u00e9s a st\u00edlust egyben biztos\u00edtsa. Pr\u00e9mium megold\u00e1s minden professzion\u00e1lis ital\u00fczlet sz\u00e1m\u00e1ra.<\/p>\n<h4 data-start=\"1438\" data-end=\"1466\">Specifik\u00e1ci\u00f3<\/h4>\n<table>\n<thead>\n<tr>\n<th><strong>Modell<\/strong><\/th>\n<th><strong>XSC-3 (LED vil\u00e1g\u00edt\u00e1ssal)<\/strong><\/th>\n<\/tr>\n<\/thead>\n<tbody>\n<tr>\n<td><strong>Kapacit\u00e1s<\/strong><\/td>\n<td>3 \u00d7 15L<\/td>\n<\/tr>\n<tr>\n<td><strong>Fesz\u00fclts\u00e9g<\/strong><\/td>\n<td>220V \/ 50Hz, 60Hz \/ 110V 60Hz<\/td>\n<\/tr>\n<tr>\n<td><strong>Teljes\u00edtm\u00e9ny<\/strong><\/td>\n<td>900W<\/td>\n<\/tr>\n<tr>\n<td><strong>H\u0171t\u00e9si h\u0151m\u00e9rs\u00e9klet<\/strong><\/td>\n<td>-1\u00b0C ~ -4\u00b0C<\/td>\n<\/tr>\n<tr>\n<td><strong>Nett\u00f3 m\u00e9retek (Sz \u00d7 D \u00d7 H)<\/strong><\/td>\n<td>545 \u00d7 475 \u00d7 720 mm<\/td>\n<\/tr>\n<tr>\n<td><strong>Csomagol\u00e1si m\u00e9retek (W \u00d7 D \u00d7 H)<\/strong><\/td>\n<td>615 \u00d7 545 \u00d7 800 mm<\/td>\n<\/tr>\n<tr>\n<td><strong>Nett\u00f3 t\u00f6meg (N.W.)<\/strong><\/td>\n<td>53 kg<\/td>\n<\/tr>\n<tr>\n<td><strong>Brutt\u00f3 t\u00f6meg (G.W.)<\/strong><\/td>\n<td>70 kg<\/td>\n<\/tr>\n<\/tbody>\n<\/table>","protected":false},"excerpt":{"rendered":"<p>The XSC-3 Slush Machine is the ultimate choice for high-volume beverage service. With three 15-liter tanks and integrated LED lighting, it offers maximum capacity, multiple flavor options, and an eye-catching presentation. Designed for restaurants, caf\u00e9s, bars, amusement parks, and large events, this machine ensures top performance and customer appeal. Key Features LED Lighting: Creates an [&hellip;]<\/p>\n","protected":false},"featured_media":6689,"comment_status":"open","ping_status":"closed","template":"","meta":[],"product_brand":[],"product_cat":[34],"product_tag":[],"class_list":{"0":"post-6686","1":"product","2":"type-product","3":"status-publish","4":"has-post-thumbnail","6":"product_cat-slush-machines","8":"first","9":"instock","10":"shipping-taxable","11":"product-type-simple"},"_links":{"self":[{"href":"https:\/\/dersuessestopp.com\/hu\/wp-json\/wp\/v2\/product\/6686","targetHints":{"allow":["GET"]}}],"collection":[{"href":"https:\/\/dersuessestopp.com\/hu\/wp-json\/wp\/v2\/product"}],"about":[{"href":"https:\/\/dersuessestopp.com\/hu\/wp-json\/wp\/v2\/types\/product"}],"replies":[{"embeddable":true,"href":"https:\/\/dersuessestopp.com\/hu\/wp-json\/wp\/v2\/comments?post=6686"}],"version-history":[{"count":1,"href":"https:\/\/dersuessestopp.com\/hu\/wp-json\/wp\/v2\/product\/6686\/revisions"}],"predecessor-version":[{"id":6690,"href":"https:\/\/dersuessestopp.com\/hu\/wp-json\/wp\/v2\/product\/6686\/revisions\/6690"}],"wp:featuredmedia":[{"embeddable":true,"href":"https:\/\/dersuessestopp.com\/hu\/wp-json\/wp\/v2\/media\/6689"}],"wp:attachment":[{"href":"https:\/\/dersuessestopp.com\/hu\/wp-json\/wp\/v2\/media?parent=6686"}],"wp:term":[{"taxonomy":"product_brand","embeddable":true,"href":"https:\/\/dersuessestopp.com\/hu\/wp-json\/wp\/v2\/product_brand?post=6686"},{"taxonomy":"product_cat","embeddable":true,"href":"https:\/\/dersuessestopp.com\/hu\/wp-json\/wp\/v2\/product_cat?post=6686"},{"taxonomy":"product_tag","embeddable":true,"href":"https:\/\/dersuessestopp.com\/hu\/wp-json\/wp\/v2\/product_tag?post=6686"}],"curies":[{"name":"wp","href":"https:\/\/api.w.org\/{rel}","templated":true}]}}