{"id":6673,"date":"2025-08-28T06:31:57","date_gmt":"2025-08-28T06:31:57","guid":{"rendered":"https:\/\/dersuessestopp.com\/?post_type=product&#038;p=6673"},"modified":"2025-08-28T06:31:57","modified_gmt":"2025-08-28T06:31:57","slug":"slush-gep-modell-xsc-2-2-tartaly-15l-mindegyik-led-vilagitassal","status":"publish","type":"product","link":"https:\/\/dersuessestopp.com\/hu\/product\/slush-machine-model-xsc-2-2-tanks-15l-each-with-led-light\/","title":{"rendered":"Slush g\u00e9p - XSC-2 modell (2 tart\u00e1ly, 15 literes, LED vil\u00e1g\u00edt\u00e1ssal)"},"content":{"rendered":"<p data-start=\"221\" data-end=\"552\">A <strong data-start=\"225\" data-end=\"248\">XSC-2 Slush g\u00e9p<\/strong> a kapacit\u00e1s \u00e9s a megjelen\u00e9s t\u00f6k\u00e9letes egyens\u00faly\u00e1t k\u00edn\u00e1lja. A <strong data-start=\"311\" data-end=\"333\">k\u00e9t 15 literes tart\u00e1ly<\/strong> \u00e9s <strong data-start=\"338\" data-end=\"365\">integr\u00e1lt LED vil\u00e1g\u00edt\u00e1s<\/strong>, lehet\u0151v\u00e9 teszi, hogy t\u00f6bbf\u00e9le \u00edzt szolg\u00e1ljon fel, mik\u00f6zben szemet gy\u00f6ny\u00f6rk\u00f6dtet\u0151 l\u00e1tv\u00e1nyt ny\u00fajt. A k\u00e1v\u00e9z\u00f3k, b\u00e1rok, \u00e9ttermek \u00e9s rendezv\u00e9nyhelysz\u00ednek sz\u00e1m\u00e1ra tervezett modell egyszerre biztos\u00edtja a teljes\u00edtm\u00e9nyt \u00e9s a st\u00edlust.<\/p>\n<h4 data-start=\"554\" data-end=\"573\">F\u0151 jellemz\u0151k<\/h4>\n<ul data-start=\"574\" data-end=\"1252\">\n<li data-start=\"574\" data-end=\"676\">\n<p data-start=\"576\" data-end=\"676\"><strong data-start=\"576\" data-end=\"593\">LED vil\u00e1g\u00edt\u00e1s:<\/strong> N\u00f6veli az italok l\u00e1that\u00f3s\u00e1g\u00e1t \u00e9s vonzerej\u00e9t, \u00edgy t\u00f6bb v\u00e1s\u00e1rl\u00f3t vonz.<\/p>\n<\/li>\n<li data-start=\"677\" data-end=\"764\">\n<p data-start=\"679\" data-end=\"764\"><strong data-start=\"679\" data-end=\"702\">Kett\u0151s tart\u00e1ly kapacit\u00e1sa:<\/strong> K\u00e9t 15 literes tart\u00e1ly a k\u00fcl\u00f6nb\u00f6z\u0151 \u00edzek egyidej\u0171 kiszolg\u00e1l\u00e1s\u00e1hoz.<\/p>\n<\/li>\n<li data-start=\"765\" data-end=\"854\">\n<p data-start=\"767\" data-end=\"854\"><strong data-start=\"767\" data-end=\"792\">Er\u0151teljes teljes\u00edtm\u00e9ny:<\/strong> 700 W-os motor hat\u00e9kony h\u0171t\u00e9ssel a folyamatos m\u0171k\u00f6d\u00e9shez.<\/p>\n<\/li>\n<li data-start=\"855\" data-end=\"964\">\n<p data-start=\"857\" data-end=\"964\"><strong data-start=\"857\" data-end=\"886\">Rugalmas fesz\u00fclts\u00e9g opci\u00f3k:<\/strong> 220V\/50Hz, 60Hz \u00e9s 110V\/60Hz fesz\u00fclts\u00e9ggel m\u0171k\u00f6dik - nemzetk\u00f6zi haszn\u00e1latra alkalmas.<\/p>\n<\/li>\n<li data-start=\"965\" data-end=\"1071\">\n<p data-start=\"967\" data-end=\"1071\"><strong data-start=\"967\" data-end=\"987\">Optim\u00e1lis h\u0171t\u00e9s:<\/strong> Fenntartja a k\u00f6vetkezetes <strong data-start=\"1020\" data-end=\"1036\">-1\u00b0C \u00e9s -4\u00b0C k\u00f6z\u00f6tt<\/strong>, biztos\u00edtva a t\u00f6k\u00e9letes slush text\u00far\u00e1t.<\/p>\n<\/li>\n<li data-start=\"1072\" data-end=\"1162\">\n<p data-start=\"1074\" data-end=\"1162\"><strong data-start=\"1074\" data-end=\"1092\">Tart\u00f3s fel\u00e9p\u00edt\u00e9s:<\/strong> Kiv\u00e1l\u00f3 min\u0151s\u00e9g\u0171 anyagokb\u00f3l k\u00e9sz\u00fclt a mindennapi professzion\u00e1lis haszn\u00e1latra.<\/p>\n<\/li>\n<li data-start=\"1163\" data-end=\"1252\">\n<p data-start=\"1165\" data-end=\"1252\"><strong data-start=\"1165\" data-end=\"1187\">Kompakt alapter\u00fclet:<\/strong> Kett\u0151s kapacit\u00e1sa ellen\u00e9re a legt\u00f6bb munkalapon elf\u00e9r.<\/p>\n<\/li>\n<\/ul>\n<h4 data-start=\"1254\" data-end=\"1273\">Alkalmaz\u00e1sok<\/h4>\n<p data-start=\"1274\" data-end=\"1325\">A <strong data-start=\"1278\" data-end=\"1287\">XSC-2<\/strong> ide\u00e1lis az elk\u00e9sz\u00edt\u00e9shez \u00e9s a t\u00e1lal\u00e1shoz:<\/p>\n<ul data-start=\"1326\" data-end=\"1407\">\n<li data-start=\"1326\" data-end=\"1345\">\n<p data-start=\"1328\" data-end=\"1345\">Slush &amp; granita<\/p>\n<\/li>\n<li data-start=\"1346\" data-end=\"1366\">\n<p data-start=\"1348\" data-end=\"1366\">Fagyasztott kokt\u00e9lok<\/p>\n<\/li>\n<li data-start=\"1367\" data-end=\"1407\">\n<p data-start=\"1369\" data-end=\"1407\">Tejturmixok \u00e9s egy\u00e9b h\u0171t\u00f6tt italok<\/p>\n<\/li>\n<\/ul>\n<h4 data-start=\"1409\" data-end=\"1437\">Min\u0151s\u00e9g \u00e9s megb\u00edzhat\u00f3s\u00e1g<\/h4>\n<p data-start=\"1438\" data-end=\"1629\">A nagy kapacit\u00e1s\u00fa, megb\u00edzhat\u00f3 h\u0171t\u00e9st \u00e9s a vonz\u00f3 LED-es megjelen\u00edt\u00e9st \u00f6tv\u00f6z\u0151 XSC-2-t \u00fagy tervezt\u00e9k, hogy hossz\u00fa t\u00e1v\u00fa teljes\u00edtm\u00e9nyt ny\u00fajtson, mik\u00f6zben st\u00edlusos megjelen\u00e9st k\u00f6lcs\u00f6n\u00f6z az italok kiszolg\u00e1l\u00e1s\u00e1nak.<\/p>\n<h4 data-start=\"1409\" data-end=\"1437\">Specifik\u00e1ci\u00f3<\/h4>\n<table>\n<thead>\n<tr>\n<th><strong>Modell<\/strong><\/th>\n<th><strong>XSC-2 (LED vil\u00e1g\u00edt\u00e1ssal)<\/strong><\/th>\n<\/tr>\n<\/thead>\n<tbody>\n<tr>\n<td><strong>Kapacit\u00e1s<\/strong><\/td>\n<td>2 \u00d7 15L<\/td>\n<\/tr>\n<tr>\n<td><strong>Fesz\u00fclts\u00e9g<\/strong><\/td>\n<td>220V \/ 50Hz, 60Hz \/ 110V 60Hz<\/td>\n<\/tr>\n<tr>\n<td><strong>Teljes\u00edtm\u00e9ny<\/strong><\/td>\n<td>700W<\/td>\n<\/tr>\n<tr>\n<td><strong>H\u0171t\u00e9si h\u0151m\u00e9rs\u00e9klet<\/strong><\/td>\n<td>-1\u00b0C ~ -4\u00b0C<\/td>\n<\/tr>\n<tr>\n<td><strong>Nett\u00f3 m\u00e9retek (Sz \u00d7 D \u00d7 H)<\/strong><\/td>\n<td>365 \u00d7 475 \u00d7 720 mm<\/td>\n<\/tr>\n<tr>\n<td><strong>Csomagol\u00e1si m\u00e9retek (W \u00d7 D \u00d7 H)<\/strong><\/td>\n<td>435 \u00d7 545 \u00d7 800 mm<\/td>\n<\/tr>\n<tr>\n<td><strong>Nett\u00f3 t\u00f6meg (N.W.)<\/strong><\/td>\n<td>40 kg<\/td>\n<\/tr>\n<tr>\n<td><strong>Brutt\u00f3 t\u00f6meg (G.W.)<\/strong><\/td>\n<td>50 kg<\/td>\n<\/tr>\n<\/tbody>\n<\/table>","protected":false},"excerpt":{"rendered":"<p>The XSC-2 Slush Machine offers the perfect balance of capacity and presentation. With two 15-liter tanks and integrated LED lighting, it allows you to serve multiple flavors while creating an eye-catching display. Designed for caf\u00e9s, bars, restaurants, and event venues, this model ensures both performance and style. Key Features LED Lighting: Enhances the visibility and [&hellip;]<\/p>\n","protected":false},"featured_media":6677,"comment_status":"open","ping_status":"closed","template":"","meta":[],"product_brand":[],"product_cat":[34],"product_tag":[],"class_list":{"0":"post-6673","1":"product","2":"type-product","3":"status-publish","4":"has-post-thumbnail","6":"product_cat-slush-machines","8":"first","9":"instock","10":"shipping-taxable","11":"product-type-simple"},"_links":{"self":[{"href":"https:\/\/dersuessestopp.com\/hu\/wp-json\/wp\/v2\/product\/6673","targetHints":{"allow":["GET"]}}],"collection":[{"href":"https:\/\/dersuessestopp.com\/hu\/wp-json\/wp\/v2\/product"}],"about":[{"href":"https:\/\/dersuessestopp.com\/hu\/wp-json\/wp\/v2\/types\/product"}],"replies":[{"embeddable":true,"href":"https:\/\/dersuessestopp.com\/hu\/wp-json\/wp\/v2\/comments?post=6673"}],"version-history":[{"count":1,"href":"https:\/\/dersuessestopp.com\/hu\/wp-json\/wp\/v2\/product\/6673\/revisions"}],"predecessor-version":[{"id":6678,"href":"https:\/\/dersuessestopp.com\/hu\/wp-json\/wp\/v2\/product\/6673\/revisions\/6678"}],"wp:featuredmedia":[{"embeddable":true,"href":"https:\/\/dersuessestopp.com\/hu\/wp-json\/wp\/v2\/media\/6677"}],"wp:attachment":[{"href":"https:\/\/dersuessestopp.com\/hu\/wp-json\/wp\/v2\/media?parent=6673"}],"wp:term":[{"taxonomy":"product_brand","embeddable":true,"href":"https:\/\/dersuessestopp.com\/hu\/wp-json\/wp\/v2\/product_brand?post=6673"},{"taxonomy":"product_cat","embeddable":true,"href":"https:\/\/dersuessestopp.com\/hu\/wp-json\/wp\/v2\/product_cat?post=6673"},{"taxonomy":"product_tag","embeddable":true,"href":"https:\/\/dersuessestopp.com\/hu\/wp-json\/wp\/v2\/product_tag?post=6673"}],"curies":[{"name":"wp","href":"https:\/\/api.w.org\/{rel}","templated":true}]}}