{"id":6668,"date":"2025-08-28T06:22:58","date_gmt":"2025-08-28T06:22:58","guid":{"rendered":"https:\/\/dersuessestopp.com\/?post_type=product&#038;p=6668"},"modified":"2025-08-28T06:38:54","modified_gmt":"2025-08-28T06:38:54","slug":"slush-gep-modell-xsc-1-1-tartaly-15l-led-vilagitassal","status":"publish","type":"product","link":"https:\/\/dersuessestopp.com\/hu\/product\/slush-machine-model-xsc-1-1-tank-15l-with-led-light\/","title":{"rendered":"Slush g\u00e9p - XSC-1 modell (1 tart\u00e1ly, 15L, LED f\u00e9nnyel)"},"content":{"rendered":"<p data-start=\"229\" data-end=\"536\">A <strong data-start=\"233\" data-end=\"256\">XSC-1 Slush g\u00e9p<\/strong> a t\u00f6k\u00e9letes megold\u00e1s azon v\u00e1llalkoz\u00e1sok sz\u00e1m\u00e1ra, amelyek st\u00edlusra \u00e9s teljes\u00edtm\u00e9nyre v\u00e1gynak. A <strong data-start=\"343\" data-end=\"360\">15 literes tart\u00e1ly<\/strong> \u00e9s <strong data-start=\"365\" data-end=\"392\">integr\u00e1lt LED vil\u00e1g\u00edt\u00e1s<\/strong>, ez a modell nemcsak hat\u00e9kony italh\u0171t\u00e9st, hanem vonz\u00f3 megjelen\u00e9st is biztos\u00edt - ide\u00e1lis k\u00e1v\u00e9z\u00f3k, b\u00e1rok, \u00e9ttermek \u00e9s rendezv\u00e9nyek sz\u00e1m\u00e1ra.<\/p>\n<h4 data-start=\"538\" data-end=\"557\">F\u0151 jellemz\u0151k<\/h4>\n<ul data-start=\"558\" data-end=\"1254\">\n<li data-start=\"558\" data-end=\"674\">\n<p data-start=\"560\" data-end=\"674\"><strong data-start=\"560\" data-end=\"581\">LED megvil\u00e1g\u00edt\u00e1s:<\/strong> N\u00f6veli az italok vizu\u00e1lis vonzerej\u00e9t, \u00edgy azok m\u00e9g ink\u00e1bb szemet gy\u00f6ny\u00f6rk\u00f6dtet\u0151ek lesznek a v\u00e1s\u00e1rl\u00f3k sz\u00e1m\u00e1ra.<\/p>\n<\/li>\n<li data-start=\"675\" data-end=\"747\">\n<p data-start=\"677\" data-end=\"747\"><strong data-start=\"677\" data-end=\"696\">Nagy kapacit\u00e1s:<\/strong> Egyetlen 15 literes tart\u00e1ly, ide\u00e1lis k\u00f6zepes mennyis\u00e9g\u0171 ig\u00e9nybev\u00e9telhez.<\/p>\n<\/li>\n<li data-start=\"748\" data-end=\"844\">\n<p data-start=\"750\" data-end=\"844\"><strong data-start=\"750\" data-end=\"776\">Hat\u00e9kony teljes\u00edtm\u00e9ny:<\/strong> 500 W-os motor megb\u00edzhat\u00f3 h\u0171t\u0151rendszerrel az egyenletes eredm\u00e9nyek\u00e9rt.<\/p>\n<\/li>\n<li data-start=\"845\" data-end=\"952\">\n<p data-start=\"847\" data-end=\"952\"><strong data-start=\"847\" data-end=\"876\">Rugalmas fesz\u00fclts\u00e9g opci\u00f3k:<\/strong> T\u00e1mogatja a 220V\/50Hz, 60Hz \u00e9s 110V\/60Hz fesz\u00fclts\u00e9get - nemzetk\u00f6zi haszn\u00e1latra alkalmas.<\/p>\n<\/li>\n<li data-start=\"953\" data-end=\"1062\">\n<p data-start=\"955\" data-end=\"1062\"><strong data-start=\"955\" data-end=\"975\">Optim\u00e1lis h\u0171t\u00e9s:<\/strong> Fenntartja a k\u00f6vetkez\u0151 h\u0151m\u00e9rs\u00e9klet-tartom\u00e1nyt <strong data-start=\"1009\" data-end=\"1025\">-1\u00b0C \u00e9s -4\u00b0C k\u00f6z\u00f6tt<\/strong>, t\u00f6k\u00e9letes slush text\u00far\u00e1t biztos\u00edtva.<\/p>\n<\/li>\n<li data-start=\"1063\" data-end=\"1157\">\n<p data-start=\"1065\" data-end=\"1157\"><strong data-start=\"1065\" data-end=\"1090\">Tart\u00f3s konstrukci\u00f3:<\/strong> Kiv\u00e1l\u00f3 min\u0151s\u00e9g\u0171 anyagokkal tervezt\u00e9k a professzion\u00e1lis napi haszn\u00e1latra.<\/p>\n<\/li>\n<li data-start=\"1158\" data-end=\"1254\">\n<p data-start=\"1160\" data-end=\"1254\"><strong data-start=\"1160\" data-end=\"1185\">Kompakt, m\u00e9gis er\u0151teljes:<\/strong> K\u00f6nnyen elf\u00e9r a legt\u00f6bb pultban a kapacit\u00e1s fel\u00e1ldoz\u00e1sa n\u00e9lk\u00fcl.<\/p>\n<\/li>\n<\/ul>\n<h4 data-start=\"1256\" data-end=\"1275\">Alkalmaz\u00e1sok<\/h4>\n<p data-start=\"1276\" data-end=\"1315\">A <strong data-start=\"1280\" data-end=\"1289\">XSC-1<\/strong> t\u00f6k\u00e9letes a t\u00e1lal\u00e1shoz:<\/p>\n<ul data-start=\"1316\" data-end=\"1391\">\n<li data-start=\"1316\" data-end=\"1335\">\n<p data-start=\"1318\" data-end=\"1335\">Slush &amp; granita<\/p>\n<\/li>\n<li data-start=\"1336\" data-end=\"1356\">\n<p data-start=\"1338\" data-end=\"1356\">Fagyasztott kokt\u00e9lok<\/p>\n<\/li>\n<li data-start=\"1357\" data-end=\"1391\">\n<p data-start=\"1359\" data-end=\"1391\">Tejturmixok \u00e9s h\u0171t\u00f6tt italok<\/p>\n<\/li>\n<\/ul>\n<h4 data-start=\"1393\" data-end=\"1421\">Min\u0151s\u00e9g \u00e9s megb\u00edzhat\u00f3s\u00e1g<\/h4>\n<p data-start=\"1422\" data-end=\"1602\">LED-es megjelen\u00edt\u00e9s\u00e9vel \u00e9s robusztus fel\u00e9p\u00edt\u00e9s\u00e9vel az XSC-1 a teljes\u00edtm\u00e9nyt \u00e9s az eszt\u00e9tik\u00e1t \u00f6tv\u00f6zi, \u00edgy okos v\u00e1laszt\u00e1s olyan helysz\u00ednek sz\u00e1m\u00e1ra, ahol a funkcionalit\u00e1s \u00e9s a v\u00e1s\u00e1rl\u00f3i vonzer\u0151 egyar\u00e1nt fontos.<\/p>\n<h4 data-start=\"1393\" data-end=\"1421\">Specifik\u00e1ci\u00f3<\/h4>\n<table>\n<thead>\n<tr>\n<th><strong>Modell<\/strong><\/th>\n<th><strong>XSC-1 (LED vil\u00e1g\u00edt\u00e1ssal)<\/strong><\/th>\n<\/tr>\n<\/thead>\n<tbody>\n<tr>\n<td><strong>Kapacit\u00e1s<\/strong><\/td>\n<td>1 \u00d7 15L<\/td>\n<\/tr>\n<tr>\n<td><strong>Fesz\u00fclts\u00e9g<\/strong><\/td>\n<td>220V \/ 50Hz, 60Hz \/ 110V 60Hz<\/td>\n<\/tr>\n<tr>\n<td><strong>Teljes\u00edtm\u00e9ny<\/strong><\/td>\n<td>500W<\/td>\n<\/tr>\n<tr>\n<td><strong>H\u0171t\u00e9si h\u0151m\u00e9rs\u00e9klet<\/strong><\/td>\n<td>-1\u00b0C ~ -4\u00b0C<\/td>\n<\/tr>\n<tr>\n<td><strong>Nett\u00f3 m\u00e9retek (Sz \u00d7 D \u00d7 H)<\/strong><\/td>\n<td>305 \u00d7 475 \u00d7 720 mm<\/td>\n<\/tr>\n<tr>\n<td><strong>Csomagol\u00e1si m\u00e9retek (W \u00d7 D \u00d7 H)<\/strong><\/td>\n<td>375 \u00d7 545 \u00d7 800 mm<\/td>\n<\/tr>\n<tr>\n<td><strong>Nett\u00f3 t\u00f6meg (N.W.)<\/strong><\/td>\n<td>28 kg<\/td>\n<\/tr>\n<tr>\n<td><strong>Brutt\u00f3 t\u00f6meg (G.W.)<\/strong><\/td>\n<td>40 kg<\/td>\n<\/tr>\n<\/tbody>\n<\/table>","protected":false},"excerpt":{"rendered":"<p>The XSC-1 Slush Machine is the perfect solution for businesses that want style and performance in one. With a 15-liter tank and integrated LED lighting, this model ensures not only efficient beverage cooling but also an attractive presentation \u2013 ideal for caf\u00e9s, bars, restaurants, and events. Key Features LED Illumination: Enhances the visual appeal of [&hellip;]<\/p>\n","protected":false},"featured_media":6671,"comment_status":"open","ping_status":"closed","template":"","meta":[],"product_brand":[],"product_cat":[34],"product_tag":[],"class_list":{"0":"post-6668","1":"product","2":"type-product","3":"status-publish","4":"has-post-thumbnail","6":"product_cat-slush-machines","8":"first","9":"instock","10":"shipping-taxable","11":"product-type-simple"},"_links":{"self":[{"href":"https:\/\/dersuessestopp.com\/hu\/wp-json\/wp\/v2\/product\/6668","targetHints":{"allow":["GET"]}}],"collection":[{"href":"https:\/\/dersuessestopp.com\/hu\/wp-json\/wp\/v2\/product"}],"about":[{"href":"https:\/\/dersuessestopp.com\/hu\/wp-json\/wp\/v2\/types\/product"}],"replies":[{"embeddable":true,"href":"https:\/\/dersuessestopp.com\/hu\/wp-json\/wp\/v2\/comments?post=6668"}],"version-history":[{"count":1,"href":"https:\/\/dersuessestopp.com\/hu\/wp-json\/wp\/v2\/product\/6668\/revisions"}],"predecessor-version":[{"id":6672,"href":"https:\/\/dersuessestopp.com\/hu\/wp-json\/wp\/v2\/product\/6668\/revisions\/6672"}],"wp:featuredmedia":[{"embeddable":true,"href":"https:\/\/dersuessestopp.com\/hu\/wp-json\/wp\/v2\/media\/6671"}],"wp:attachment":[{"href":"https:\/\/dersuessestopp.com\/hu\/wp-json\/wp\/v2\/media?parent=6668"}],"wp:term":[{"taxonomy":"product_brand","embeddable":true,"href":"https:\/\/dersuessestopp.com\/hu\/wp-json\/wp\/v2\/product_brand?post=6668"},{"taxonomy":"product_cat","embeddable":true,"href":"https:\/\/dersuessestopp.com\/hu\/wp-json\/wp\/v2\/product_cat?post=6668"},{"taxonomy":"product_tag","embeddable":true,"href":"https:\/\/dersuessestopp.com\/hu\/wp-json\/wp\/v2\/product_tag?post=6668"}],"curies":[{"name":"wp","href":"https:\/\/api.w.org\/{rel}","templated":true}]}}