{"id":6661,"date":"2025-08-28T06:17:12","date_gmt":"2025-08-28T06:17:12","guid":{"rendered":"https:\/\/dersuessestopp.com\/?post_type=product&#038;p=6661"},"modified":"2025-08-28T06:17:12","modified_gmt":"2025-08-28T06:17:12","slug":"slush-gep-modell-sc-3-3-tartalyok-12l-egyenkent","status":"publish","type":"product","link":"https:\/\/dersuessestopp.com\/hu\/product\/slush-machine-model-sc-3-3-tanks-12l-each\/","title":{"rendered":"Slush g\u00e9p - SC-3 modell (3 tart\u00e1ly, 12 literes tart\u00e1lyok)"},"content":{"rendered":"<p data-start=\"228\" data-end=\"563\">Sokf\u00e9le \u00edzt szeretne felszolg\u00e1lni nagy kapacit\u00e1ssal? A <strong data-start=\"292\" data-end=\"314\">SC-3 Slush g\u00e9p<\/strong> olyan forgalmas helysz\u00ednekre k\u00e9sz\u00fclt, ahol teljes\u00edtm\u00e9nyre \u00e9s sokoldal\u00fas\u00e1gra van sz\u00fcks\u00e9g. A <strong data-start=\"384\" data-end=\"408\">h\u00e1rom 12 literes tart\u00e1ly<\/strong>, lehet\u0151v\u00e9 teszi, hogy egyszerre t\u00f6bbf\u00e9le \u00edzt k\u00e9sz\u00edtsen \u00e9s szolg\u00e1ljon fel - \u00edgy ide\u00e1lis \u00e9ttermek, k\u00e1v\u00e9z\u00f3k, b\u00e1rok, vid\u00e1mparkok \u00e9s nagy rendezv\u00e9nyek sz\u00e1m\u00e1ra.<\/p>\n<h4 data-start=\"565\" data-end=\"584\">F\u0151 jellemz\u0151k<\/h4>\n<ul data-start=\"585\" data-end=\"1143\">\n<li data-start=\"585\" data-end=\"669\">\n<p data-start=\"587\" data-end=\"669\"><strong data-start=\"587\" data-end=\"610\">H\u00e1rom tart\u00e1lyos kialak\u00edt\u00e1s:<\/strong> H\u00e1rom 12 literes tart\u00e1ly a maxim\u00e1lis kapacit\u00e1s \u00e9s \u00edzv\u00e1laszt\u00e9k \u00e9rdek\u00e9ben.<\/p>\n<\/li>\n<li data-start=\"670\" data-end=\"752\">\n<p data-start=\"672\" data-end=\"752\"><strong data-start=\"672\" data-end=\"693\">Nagy teljes\u00edtm\u00e9ny:<\/strong> 900 W-os motor nagy teljes\u00edtm\u00e9ny\u0171 \u00e9s hat\u00e9kony h\u0171t\u0151rendszerrel.<\/p>\n<\/li>\n<li data-start=\"753\" data-end=\"862\">\n<p data-start=\"755\" data-end=\"862\"><strong data-start=\"755\" data-end=\"784\">Rugalmas fesz\u00fclts\u00e9g opci\u00f3k:<\/strong> 220V\/50Hz, 60Hz \u00e9s 110V\/60Hz fesz\u00fclts\u00e9ggel m\u0171k\u00f6dik - nemzetk\u00f6zi haszn\u00e1latra alkalmas.<\/p>\n<\/li>\n<li data-start=\"863\" data-end=\"956\">\n<p data-start=\"865\" data-end=\"956\"><strong data-start=\"865\" data-end=\"885\">Optim\u00e1lis h\u0171t\u00e9s:<\/strong> H\u0151m\u00e9rs\u00e9klet-tartom\u00e1ny <strong data-start=\"907\" data-end=\"923\">-1\u00b0C \u00e9s -4\u00b0C k\u00f6z\u00f6tt<\/strong> a t\u00f6k\u00e9letes slush \u00e1llag \u00e9rdek\u00e9ben.<\/p>\n<\/li>\n<li data-start=\"957\" data-end=\"1043\">\n<p data-start=\"959\" data-end=\"1043\"><strong data-start=\"959\" data-end=\"982\">Tart\u00f3s \u00e9s megb\u00edzhat\u00f3:<\/strong> Kiv\u00e1l\u00f3 min\u0151s\u00e9g\u0171 anyagokb\u00f3l k\u00e9sz\u00fclt az intenz\u00edv napi haszn\u00e1latra.<\/p>\n<\/li>\n<li data-start=\"1044\" data-end=\"1143\">\n<p data-start=\"1046\" data-end=\"1143\"><strong data-start=\"1046\" data-end=\"1079\">M\u00e9ret\u00e9hez k\u00e9pest helytakar\u00e9kos:<\/strong> Kapacit\u00e1sa ellen\u00e9re j\u00f3l elf\u00e9r a szabv\u00e1nyos munkalapokon.<\/p>\n<\/li>\n<\/ul>\n<h4 data-start=\"1145\" data-end=\"1164\">Alkalmaz\u00e1sok<\/h4>\n<p data-start=\"1165\" data-end=\"1203\">A <strong data-start=\"1169\" data-end=\"1177\">SC-3<\/strong> t\u00f6k\u00e9letes a t\u00e1lal\u00e1shoz:<\/p>\n<ul data-start=\"1204\" data-end=\"1279\">\n<li data-start=\"1204\" data-end=\"1223\">\n<p data-start=\"1206\" data-end=\"1223\">Slush &amp; granita<\/p>\n<\/li>\n<li data-start=\"1224\" data-end=\"1244\">\n<p data-start=\"1226\" data-end=\"1244\">Fagyasztott kokt\u00e9lok<\/p>\n<\/li>\n<li data-start=\"1245\" data-end=\"1279\">\n<p data-start=\"1247\" data-end=\"1279\">Tejturmixok \u00e9s h\u0171t\u00f6tt italok<\/p>\n<\/li>\n<\/ul>\n<h4 data-start=\"1281\" data-end=\"1309\">Min\u0151s\u00e9g \u00e9s megb\u00edzhat\u00f3s\u00e1g<\/h4>\n<p data-start=\"1310\" data-end=\"1515\">Az SC-3 nagy kereskedelmi haszn\u00e1latra tervezett, robusztus fel\u00e9p\u00edt\u00e9s\u0171, k\u00f6nnyen karbantarthat\u00f3 \u00e9s hossz\u00fa \u00e9lettartam\u00fa teljes\u00edtm\u00e9nyt ny\u00fajt\u00f3 k\u00e9sz\u00fcl\u00e9k. T\u00f6k\u00e9letes megold\u00e1s olyan v\u00e1llalkoz\u00e1sok sz\u00e1m\u00e1ra, amelyeknek egyar\u00e1nt sz\u00fcks\u00e9g\u00fck van <strong data-start=\"1488\" data-end=\"1512\">kapacit\u00e1s \u00e9s v\u00e1ltozatoss\u00e1g<\/strong>.<\/p>\n<h4 data-start=\"1281\" data-end=\"1309\">Specifik\u00e1ci\u00f3<\/h4>\n<table>\n<thead>\n<tr>\n<th><strong>Modell<\/strong><\/th>\n<th><strong>SC-3<\/strong><\/th>\n<\/tr>\n<\/thead>\n<tbody>\n<tr>\n<td><strong>Kapacit\u00e1s<\/strong><\/td>\n<td>3 \u00d7 12L<\/td>\n<\/tr>\n<tr>\n<td><strong>Fesz\u00fclts\u00e9g<\/strong><\/td>\n<td>220V \/ 50Hz, 60Hz \/ 110V 60Hz<\/td>\n<\/tr>\n<tr>\n<td><strong>Teljes\u00edtm\u00e9ny<\/strong><\/td>\n<td>900W<\/td>\n<\/tr>\n<tr>\n<td><strong>H\u0171t\u00e9si h\u0151m\u00e9rs\u00e9klet<\/strong><\/td>\n<td>-1\u00b0C ~ -4\u00b0C<\/td>\n<\/tr>\n<tr>\n<td><strong>Nett\u00f3 m\u00e9retek (Sz \u00d7 D \u00d7 H)<\/strong><\/td>\n<td>545 \u00d7 475 \u00d7 700 mm<\/td>\n<\/tr>\n<tr>\n<td><strong>Csomagol\u00e1si m\u00e9retek (W \u00d7 D \u00d7 H)<\/strong><\/td>\n<td>615 \u00d7 545 \u00d7 735 mm<\/td>\n<\/tr>\n<tr>\n<td><strong>Nett\u00f3 t\u00f6meg (N.W.)<\/strong><\/td>\n<td>53 kg<\/td>\n<\/tr>\n<tr>\n<td><strong>Brutt\u00f3 t\u00f6meg (G.W.)<\/strong><\/td>\n<td>70 kg<\/td>\n<\/tr>\n<\/tbody>\n<\/table>","protected":false},"excerpt":{"rendered":"<p>Want to serve a wide variety of flavors with high capacity? The SC-3 Slush Machine is built for busy venues that need performance and versatility. With three 12-liter tanks, it allows you to prepare and serve multiple flavors at the same time \u2013 making it ideal for restaurants, caf\u00e9s, bars, amusement parks, and large events. [&hellip;]<\/p>\n","protected":false},"featured_media":6665,"comment_status":"open","ping_status":"closed","template":"","meta":[],"product_brand":[],"product_cat":[34],"product_tag":[],"class_list":{"0":"post-6661","1":"product","2":"type-product","3":"status-publish","4":"has-post-thumbnail","6":"product_cat-slush-machines","8":"first","9":"instock","10":"shipping-taxable","11":"product-type-simple"},"_links":{"self":[{"href":"https:\/\/dersuessestopp.com\/hu\/wp-json\/wp\/v2\/product\/6661","targetHints":{"allow":["GET"]}}],"collection":[{"href":"https:\/\/dersuessestopp.com\/hu\/wp-json\/wp\/v2\/product"}],"about":[{"href":"https:\/\/dersuessestopp.com\/hu\/wp-json\/wp\/v2\/types\/product"}],"replies":[{"embeddable":true,"href":"https:\/\/dersuessestopp.com\/hu\/wp-json\/wp\/v2\/comments?post=6661"}],"version-history":[{"count":1,"href":"https:\/\/dersuessestopp.com\/hu\/wp-json\/wp\/v2\/product\/6661\/revisions"}],"predecessor-version":[{"id":6667,"href":"https:\/\/dersuessestopp.com\/hu\/wp-json\/wp\/v2\/product\/6661\/revisions\/6667"}],"wp:featuredmedia":[{"embeddable":true,"href":"https:\/\/dersuessestopp.com\/hu\/wp-json\/wp\/v2\/media\/6665"}],"wp:attachment":[{"href":"https:\/\/dersuessestopp.com\/hu\/wp-json\/wp\/v2\/media?parent=6661"}],"wp:term":[{"taxonomy":"product_brand","embeddable":true,"href":"https:\/\/dersuessestopp.com\/hu\/wp-json\/wp\/v2\/product_brand?post=6661"},{"taxonomy":"product_cat","embeddable":true,"href":"https:\/\/dersuessestopp.com\/hu\/wp-json\/wp\/v2\/product_cat?post=6661"},{"taxonomy":"product_tag","embeddable":true,"href":"https:\/\/dersuessestopp.com\/hu\/wp-json\/wp\/v2\/product_tag?post=6661"}],"curies":[{"name":"wp","href":"https:\/\/api.w.org\/{rel}","templated":true}]}}