{"id":6655,"date":"2025-08-28T06:05:33","date_gmt":"2025-08-28T06:05:33","guid":{"rendered":"https:\/\/dersuessestopp.com\/?post_type=product&#038;p=6655"},"modified":"2025-08-28T06:05:33","modified_gmt":"2025-08-28T06:05:33","slug":"slush-gep-modell-sc-2-2-tartaly-egyenkent-12l","status":"publish","type":"product","link":"https:\/\/dersuessestopp.com\/hu\/product\/slush-machine-model-sc-2-2-tanks-12l-each\/","title":{"rendered":"Slush g\u00e9p - SC-2 modell (2 tart\u00e1ly, egyenk\u00e9nt 12 l)"},"content":{"rendered":"<p data-start=\"232\" data-end=\"496\">T\u00f6bb \u00fcgyfelet szeretne egyszerre t\u00f6bb \u00edzzel kiszolg\u00e1lni? A <strong data-start=\"299\" data-end=\"321\">SC-2 Slush g\u00e9p<\/strong> a t\u00f6k\u00e9letes v\u00e1laszt\u00e1s. Felszerelve <strong data-start=\"359\" data-end=\"381\">k\u00e9t 12 literes tart\u00e1ly<\/strong>, a hat\u00e9konys\u00e1got, a tart\u00f3ss\u00e1got \u00e9s a k\u00f6nny\u0171 haszn\u00e1latot \u00f6tv\u00f6zi - \u00edgy ide\u00e1lis k\u00e1v\u00e9z\u00f3k, b\u00e1rok, \u00e9ttermek \u00e9s rendezv\u00e9nyek sz\u00e1m\u00e1ra.<\/p>\n<h4 data-start=\"498\" data-end=\"517\">F\u0151 jellemz\u0151k<\/h4>\n<ul data-start=\"518\" data-end=\"1127\">\n<li data-start=\"518\" data-end=\"622\">\n<p data-start=\"520\" data-end=\"622\"><strong data-start=\"520\" data-end=\"541\">Kett\u0151s tart\u00e1lyos kialak\u00edt\u00e1s:<\/strong> A k\u00e9t 12 literes tart\u00e1ly lehet\u0151v\u00e9 teszi, hogy egyszerre k\u00e9sz\u00edtsen \u00e9s szolg\u00e1ljon fel k\u00fcl\u00f6nb\u00f6z\u0151 \u00edzeket.<\/p>\n<\/li>\n<li data-start=\"623\" data-end=\"725\">\n<p data-start=\"625\" data-end=\"725\"><strong data-start=\"625\" data-end=\"651\">Hat\u00e9kony teljes\u00edtm\u00e9ny:<\/strong> A 700 W-os motor nagy teljes\u00edtm\u00e9ny\u0171 h\u0171t\u0151rendszerrel biztos\u00edtja a folyamatos m\u0171k\u00f6d\u00e9st.<\/p>\n<\/li>\n<li data-start=\"726\" data-end=\"840\">\n<p data-start=\"728\" data-end=\"840\"><strong data-start=\"728\" data-end=\"757\">Rugalmas fesz\u00fclts\u00e9g opci\u00f3k:<\/strong> Kompatibilis 220V\/50Hz, 60Hz \u00e9s 110V\/60Hz fesz\u00fclts\u00e9ggel - nemzetk\u00f6zi haszn\u00e1latra alkalmas.<\/p>\n<\/li>\n<li data-start=\"841\" data-end=\"942\">\n<p data-start=\"843\" data-end=\"942\"><strong data-start=\"843\" data-end=\"863\">Optim\u00e1lis h\u0171t\u00e9s:<\/strong> Fenntartja a k\u00f6vetkez\u0151 h\u0151m\u00e9rs\u00e9klet-tartom\u00e1nyt <strong data-start=\"897\" data-end=\"913\">-1\u00b0C \u00e9s -4\u00b0C k\u00f6z\u00f6tt<\/strong> a t\u00f6k\u00e9letes slush text\u00fara \u00e9rdek\u00e9ben.<\/p>\n<\/li>\n<li data-start=\"943\" data-end=\"1041\">\n<p data-start=\"945\" data-end=\"1041\"><strong data-start=\"945\" data-end=\"976\">Tart\u00f3s \u00e9s k\u00f6nnyen karbantarthat\u00f3:<\/strong> A napi kereskedelmi haszn\u00e1latra tervezett, robusztus anyagokb\u00f3l k\u00e9sz\u00fclt.<\/p>\n<\/li>\n<li data-start=\"1042\" data-end=\"1127\">\n<p data-start=\"1044\" data-end=\"1127\"><strong data-start=\"1044\" data-end=\"1066\">Kompakt alapter\u00fclet:<\/strong> A kett\u0151s kapacit\u00e1s ellen\u00e9re a legt\u00f6bb munkalapon elf\u00e9r.<\/p>\n<\/li>\n<\/ul>\n<h4 data-start=\"1129\" data-end=\"1148\">Alkalmaz\u00e1sok<\/h4>\n<p data-start=\"1149\" data-end=\"1179\">A <strong data-start=\"1153\" data-end=\"1161\">SC-2<\/strong> t\u00f6k\u00e9letes:<\/p>\n<ul data-start=\"1180\" data-end=\"1261\">\n<li data-start=\"1180\" data-end=\"1199\">\n<p data-start=\"1182\" data-end=\"1199\">Slush &amp; granita<\/p>\n<\/li>\n<li data-start=\"1200\" data-end=\"1220\">\n<p data-start=\"1202\" data-end=\"1220\">Fagyasztott kokt\u00e9lok<\/p>\n<\/li>\n<li data-start=\"1221\" data-end=\"1261\">\n<p data-start=\"1223\" data-end=\"1261\">Tejturmixok \u00e9s egy\u00e9b h\u0171t\u00f6tt italok<\/p>\n<\/li>\n<\/ul>\n<h4 data-start=\"1263\" data-end=\"1291\">Min\u0151s\u00e9g \u00e9s megb\u00edzhat\u00f3s\u00e1g<\/h4>\n<p data-start=\"1292\" data-end=\"1460\">Mint minden modell\u00fcnket, az SC-2-t is hossz\u00fa \u00e9lettartam\u00fa teljes\u00edtm\u00e9nyre, egyszer\u0171 tiszt\u00edt\u00e1sra \u00e9s k\u00f6vetkezetes eredm\u00e9nyekre tervezt\u00fck. Okos v\u00e1laszt\u00e1s minden professzion\u00e1lis italkiszolg\u00e1l\u00f3 sz\u00e1m\u00e1ra.<\/p>\n<h4 data-start=\"1263\" data-end=\"1291\">Specifik\u00e1ci\u00f3<\/h4>\n<table>\n<thead>\n<tr>\n<th><strong>Modell<\/strong><\/th>\n<th><strong>SC-2<\/strong><\/th>\n<\/tr>\n<\/thead>\n<tbody>\n<tr>\n<td><strong>Kapacit\u00e1s<\/strong><\/td>\n<td>2 \u00d7 12L<\/td>\n<\/tr>\n<tr>\n<td><strong>Fesz\u00fclts\u00e9g<\/strong><\/td>\n<td>220V \/ 50Hz, 60Hz \/ 110V 60Hz<\/td>\n<\/tr>\n<tr>\n<td><strong>Teljes\u00edtm\u00e9ny<\/strong><\/td>\n<td>700W<\/td>\n<\/tr>\n<tr>\n<td><strong>H\u0171t\u00e9si h\u0151m\u00e9rs\u00e9klet<\/strong><\/td>\n<td>-1\u00b0C ~ -4\u00b0C<\/td>\n<\/tr>\n<tr>\n<td><strong>Nett\u00f3 m\u00e9retek (Sz \u00d7 D \u00d7 H)<\/strong><\/td>\n<td>365 \u00d7 475 \u00d7 700 mm<\/td>\n<\/tr>\n<tr>\n<td><strong>Csomagol\u00e1si m\u00e9retek (W \u00d7 D \u00d7 H)<\/strong><\/td>\n<td>435 \u00d7 545 \u00d7 735 mm<\/td>\n<\/tr>\n<tr>\n<td><strong>Nett\u00f3 t\u00f6meg (N.W.)<\/strong><\/td>\n<td>40 kg<\/td>\n<\/tr>\n<tr>\n<td><strong>Brutt\u00f3 t\u00f6meg (G.W.)<\/strong><\/td>\n<td>50 kg<\/td>\n<\/tr>\n<\/tbody>\n<\/table>","protected":false},"excerpt":{"rendered":"<p>Looking to serve more customers with multiple flavors at once? The SC-2 Slush Machine is the perfect choice. Equipped with two 12-liter tanks, it combines efficiency, durability, and ease of use \u2013 making it ideal for caf\u00e9s, bars, restaurants, and events. Key Features Dual Tank Design: Two 12L tanks allow you to prepare and serve [&hellip;]<\/p>\n","protected":false},"featured_media":6658,"comment_status":"open","ping_status":"closed","template":"","meta":[],"product_brand":[],"product_cat":[34],"product_tag":[],"class_list":{"0":"post-6655","1":"product","2":"type-product","3":"status-publish","4":"has-post-thumbnail","6":"product_cat-slush-machines","8":"first","9":"instock","10":"shipping-taxable","11":"product-type-simple"},"_links":{"self":[{"href":"https:\/\/dersuessestopp.com\/hu\/wp-json\/wp\/v2\/product\/6655","targetHints":{"allow":["GET"]}}],"collection":[{"href":"https:\/\/dersuessestopp.com\/hu\/wp-json\/wp\/v2\/product"}],"about":[{"href":"https:\/\/dersuessestopp.com\/hu\/wp-json\/wp\/v2\/types\/product"}],"replies":[{"embeddable":true,"href":"https:\/\/dersuessestopp.com\/hu\/wp-json\/wp\/v2\/comments?post=6655"}],"version-history":[{"count":1,"href":"https:\/\/dersuessestopp.com\/hu\/wp-json\/wp\/v2\/product\/6655\/revisions"}],"predecessor-version":[{"id":6660,"href":"https:\/\/dersuessestopp.com\/hu\/wp-json\/wp\/v2\/product\/6655\/revisions\/6660"}],"wp:featuredmedia":[{"embeddable":true,"href":"https:\/\/dersuessestopp.com\/hu\/wp-json\/wp\/v2\/media\/6658"}],"wp:attachment":[{"href":"https:\/\/dersuessestopp.com\/hu\/wp-json\/wp\/v2\/media?parent=6655"}],"wp:term":[{"taxonomy":"product_brand","embeddable":true,"href":"https:\/\/dersuessestopp.com\/hu\/wp-json\/wp\/v2\/product_brand?post=6655"},{"taxonomy":"product_cat","embeddable":true,"href":"https:\/\/dersuessestopp.com\/hu\/wp-json\/wp\/v2\/product_cat?post=6655"},{"taxonomy":"product_tag","embeddable":true,"href":"https:\/\/dersuessestopp.com\/hu\/wp-json\/wp\/v2\/product_tag?post=6655"}],"curies":[{"name":"wp","href":"https:\/\/api.w.org\/{rel}","templated":true}]}}