{"id":6643,"date":"2025-08-28T05:44:00","date_gmt":"2025-08-28T05:44:00","guid":{"rendered":"https:\/\/dersuessestopp.com\/?post_type=product&#038;p=6643"},"modified":"2025-08-28T06:00:13","modified_gmt":"2025-08-28T06:00:13","slug":"slush-gep-modell-sc-1-1-tartaly-12l","status":"publish","type":"product","link":"https:\/\/dersuessestopp.com\/hu\/product\/slush-machine-model-sc-1-1-tank-12l\/","title":{"rendered":"Slush g\u00e9p - SC-1 modell (1 tart\u00e1ly, 12L)"},"content":{"rendered":"<p data-start=\"182\" data-end=\"443\">Kompakt megold\u00e1st keres a friss\u00edt\u0151 fagyasztott italok felszolg\u00e1l\u00e1s\u00e1hoz? A <strong data-start=\"252\" data-end=\"275\">SC-1 Slush g\u00e9p<\/strong> a t\u00f6k\u00e9letes v\u00e1laszt\u00e1s! Az egy 12 literes tart\u00e1llyal rendelkez\u0151 g\u00e9p egyes\u00edti mag\u00e1ban a teljes\u00edtm\u00e9nyt, a tart\u00f3ss\u00e1got \u00e9s a k\u00f6nny\u0171 haszn\u00e1latot - ide\u00e1lis k\u00e1v\u00e9z\u00f3k, b\u00e1rok, \u00e9ttermek \u00e9s kisebb rendezv\u00e9nyek sz\u00e1m\u00e1ra.<\/p>\n<h4 data-start=\"445\" data-end=\"464\">F\u0151 jellemz\u0151k<\/h4>\n<ul data-start=\"465\" data-end=\"1056\">\n<li data-start=\"465\" data-end=\"567\">\n<p data-start=\"467\" data-end=\"567\"><strong data-start=\"467\" data-end=\"486\">Kompakt kialak\u00edt\u00e1s:<\/strong> A mind\u00f6ssze 305 \u00d7 475 \u00d7 700 mm-es m\u00e9retekkel k\u00f6nnyed\u00e9n elf\u00e9r kisebb pultterekben is.<\/p>\n<\/li>\n<li data-start=\"568\" data-end=\"642\">\n<p data-start=\"570\" data-end=\"642\"><strong data-start=\"570\" data-end=\"595\">Er\u0151teljes teljes\u00edtm\u00e9ny:<\/strong> 500 W-os motor hat\u00e9kony h\u0171t\u0151rendszerrel.<\/p>\n<\/li>\n<li data-start=\"643\" data-end=\"756\">\n<p data-start=\"645\" data-end=\"756\"><strong data-start=\"645\" data-end=\"674\">Rugalmas fesz\u00fclts\u00e9g opci\u00f3k:<\/strong> Kompatibilis 220V\/50Hz, 60Hz \u00e9s 110V\/60Hz fesz\u00fclts\u00e9ggel - t\u00f6k\u00e9letes nemzetk\u00f6zi haszn\u00e1latra.<\/p>\n<\/li>\n<li data-start=\"757\" data-end=\"871\">\n<p data-start=\"759\" data-end=\"871\"><strong data-start=\"759\" data-end=\"779\">Optim\u00e1lis h\u0171t\u00e9s:<\/strong> \u00dczemi h\u0151m\u00e9rs\u00e9klet <strong data-start=\"807\" data-end=\"823\">-1\u00b0C \u00e9s -4\u00b0C k\u00f6z\u00f6tt<\/strong>, ide\u00e1lis slush, granita \u00e9s fagyasztott italok k\u00e9sz\u00edt\u00e9s\u00e9hez.<\/p>\n<\/li>\n<li data-start=\"872\" data-end=\"952\">\n<p data-start=\"874\" data-end=\"952\"><strong data-start=\"874\" data-end=\"892\">Tart\u00f3s fel\u00e9p\u00edt\u00e9s:<\/strong> Kiv\u00e1l\u00f3 min\u0151s\u00e9g\u0171 anyagok, amelyeket mindennapi kereskedelmi haszn\u00e1latra terveztek.<\/p>\n<\/li>\n<li data-start=\"953\" data-end=\"1056\">\n<p data-start=\"955\" data-end=\"1056\"><strong data-start=\"955\" data-end=\"973\">K\u00f6nny\u0171 kezel\u00e9s:<\/strong> K\u00f6nny\u0171, mind\u00f6ssze 28 kg (nett\u00f3); sz\u00e1ll\u00edt\u00e1shoz biztons\u00e1gosan csomagolva 40 kg (brutt\u00f3).<\/p>\n<\/li>\n<\/ul>\n<h4 data-start=\"1058\" data-end=\"1077\">Alkalmaz\u00e1sok<\/h4>\n<p data-start=\"1078\" data-end=\"1118\">A <strong data-start=\"1082\" data-end=\"1090\">SC-1<\/strong> t\u00f6k\u00e9letes az el\u0151k\u00e9sz\u00edt\u00e9shez:<\/p>\n<ul data-start=\"1119\" data-end=\"1202\">\n<li data-start=\"1119\" data-end=\"1140\">\n<p data-start=\"1121\" data-end=\"1140\">Slush \u00e9s granita<\/p>\n<\/li>\n<li data-start=\"1141\" data-end=\"1161\">\n<p data-start=\"1143\" data-end=\"1161\">Fagyasztott kokt\u00e9lok<\/p>\n<\/li>\n<li data-start=\"1162\" data-end=\"1202\">\n<p data-start=\"1164\" data-end=\"1202\">Tejturmixok \u00e9s egy\u00e9b h\u0171t\u00f6tt italok<\/p>\n<\/li>\n<\/ul>\n<h4 data-start=\"1204\" data-end=\"1232\">Min\u0151s\u00e9g \u00e9s megb\u00edzhat\u00f3s\u00e1g<\/h4>\n<p data-start=\"1233\" data-end=\"1412\">Mint minden modell\u00fcnk, az SC-1 is kiemelkedik tart\u00f3s fel\u00e9p\u00edt\u00e9s\u00e9vel, k\u00f6nny\u0171 tiszt\u00edthat\u00f3s\u00e1g\u00e1val \u00e9s megb\u00edzhat\u00f3 h\u0171t\u00e9si teljes\u00edtm\u00e9ny\u00e9vel - \u00edgy kiv\u00e1l\u00f3 v\u00e1laszt\u00e1s b\u00e1rmely vend\u00e9gl\u00e1t\u00f3ipari \u00fczemben.<\/p>\n<h4 data-start=\"1204\" data-end=\"1232\">Specifik\u00e1ci\u00f3<\/h4>\n<table>\n<thead>\n<tr>\n<th><strong>Modell<\/strong><\/th>\n<th><strong>SC-1<\/strong><\/th>\n<\/tr>\n<\/thead>\n<tbody>\n<tr>\n<td><strong>Kapacit\u00e1s<\/strong><\/td>\n<td>12L<\/td>\n<\/tr>\n<tr>\n<td><strong>Fesz\u00fclts\u00e9g<\/strong><\/td>\n<td>220V \/ 50Hz, 60Hz \/ 110V 60Hz<\/td>\n<\/tr>\n<tr>\n<td><strong>Teljes\u00edtm\u00e9ny<\/strong><\/td>\n<td>500W<\/td>\n<\/tr>\n<tr>\n<td><strong>H\u0171t\u00e9si h\u0151m\u00e9rs\u00e9klet<\/strong><\/td>\n<td>-1\u00b0C ~ -4\u00b0C<\/td>\n<\/tr>\n<tr>\n<td><strong>Nett\u00f3 m\u00e9retek (Sz \u00d7 D \u00d7 H)<\/strong><\/td>\n<td>305 \u00d7 475 \u00d7 700 mm<\/td>\n<\/tr>\n<tr>\n<td><strong>Csomagol\u00e1si m\u00e9retek (W \u00d7 D \u00d7 H)<\/strong><\/td>\n<td>375 \u00d7 545 \u00d7 735 mm<\/td>\n<\/tr>\n<tr>\n<td><strong>Nett\u00f3 t\u00f6meg (N.W.)<\/strong><\/td>\n<td>28 kg<\/td>\n<\/tr>\n<tr>\n<td><strong>Brutt\u00f3 t\u00f6meg (G.W.)<\/strong><\/td>\n<td>40 kg<\/td>\n<\/tr>\n<\/tbody>\n<\/table>","protected":false},"excerpt":{"rendered":"<p>Looking for a compact solution to serve refreshing frozen drinks? The SC-1 Slush Machine is the perfect choice! With one 12-liter tank, this machine combines performance, durability, and ease of use \u2013 ideal for caf\u00e9s, bars, restaurants, and small events. Key Features Compact Design: Measuring just 305 \u00d7 475 \u00d7 700 mm, it fits easily [&hellip;]<\/p>\n","protected":false},"featured_media":6646,"comment_status":"open","ping_status":"closed","template":"","meta":[],"product_brand":[],"product_cat":[34],"product_tag":[],"class_list":{"0":"post-6643","1":"product","2":"type-product","3":"status-publish","4":"has-post-thumbnail","6":"product_cat-slush-machines","8":"first","9":"instock","10":"shipping-taxable","11":"product-type-simple"},"_links":{"self":[{"href":"https:\/\/dersuessestopp.com\/hu\/wp-json\/wp\/v2\/product\/6643","targetHints":{"allow":["GET"]}}],"collection":[{"href":"https:\/\/dersuessestopp.com\/hu\/wp-json\/wp\/v2\/product"}],"about":[{"href":"https:\/\/dersuessestopp.com\/hu\/wp-json\/wp\/v2\/types\/product"}],"replies":[{"embeddable":true,"href":"https:\/\/dersuessestopp.com\/hu\/wp-json\/wp\/v2\/comments?post=6643"}],"version-history":[{"count":6,"href":"https:\/\/dersuessestopp.com\/hu\/wp-json\/wp\/v2\/product\/6643\/revisions"}],"predecessor-version":[{"id":6654,"href":"https:\/\/dersuessestopp.com\/hu\/wp-json\/wp\/v2\/product\/6643\/revisions\/6654"}],"wp:featuredmedia":[{"embeddable":true,"href":"https:\/\/dersuessestopp.com\/hu\/wp-json\/wp\/v2\/media\/6646"}],"wp:attachment":[{"href":"https:\/\/dersuessestopp.com\/hu\/wp-json\/wp\/v2\/media?parent=6643"}],"wp:term":[{"taxonomy":"product_brand","embeddable":true,"href":"https:\/\/dersuessestopp.com\/hu\/wp-json\/wp\/v2\/product_brand?post=6643"},{"taxonomy":"product_cat","embeddable":true,"href":"https:\/\/dersuessestopp.com\/hu\/wp-json\/wp\/v2\/product_cat?post=6643"},{"taxonomy":"product_tag","embeddable":true,"href":"https:\/\/dersuessestopp.com\/hu\/wp-json\/wp\/v2\/product_tag?post=6643"}],"curies":[{"name":"wp","href":"https:\/\/api.w.org\/{rel}","templated":true}]}}