{"id":6335,"date":"2025-08-26T12:41:23","date_gmt":"2025-08-26T12:41:23","guid":{"rendered":"https:\/\/dersuessestopp.com\/?post_type=product&#038;p=6335"},"modified":"2025-08-27T10:02:45","modified_gmt":"2025-08-27T10:02:45","slug":"spaceman-6378-c-6378a-c-soft-serve-fagylaltgep","status":"publish","type":"product","link":"https:\/\/dersuessestopp.com\/hu\/product\/spaceman-6378-c-6378a-c-soft-serve-ice-cream-machine\/","title":{"rendered":"Spaceman 6378-C \/ 6378A-C Soft Serve fagylaltg\u00e9p"},"content":{"rendered":"<p data-start=\"254\" data-end=\"606\">A <strong data-start=\"258\" data-end=\"287\">\u0170rhaj\u00f3s 6378-C \/ 6378A-C<\/strong> egy <strong data-start=\"293\" data-end=\"341\">nagy kapacit\u00e1s\u00fa, k\u00e9tcsavaros l\u00e1gyt\u00e1lal\u00f3 fagyaszt\u00f3<\/strong> olyan v\u00e1llalkoz\u00e1sok sz\u00e1m\u00e1ra tervezt\u00e9k, amelyek maxim\u00e1lis teljes\u00edtm\u00e9nyt \u00e9s egyenletes min\u0151s\u00e9get ig\u00e9nyelnek. Azzal a k\u00e9pess\u00e9ggel, hogy ak\u00e1r <strong data-start=\"453\" data-end=\"484\">720 adag (80g) \u00f3r\u00e1nk\u00e9nt<\/strong>, ez a modell ide\u00e1lis <strong data-start=\"510\" data-end=\"603\">forgalmas fagylaltoz\u00f3k, fagyasztott joghurtl\u00e1ncok, sz\u00f3rakoz\u00f3helyek \u00e9s nagy forgalm\u00fa \u00e9ttermek<\/strong>.<\/p>\n<p data-start=\"608\" data-end=\"933\">Aj\u00e1nlatok <strong data-start=\"617\" data-end=\"652\">k\u00e9t \u00edz plusz egy twist opci\u00f3<\/strong>, a 6378-as sorozat sokoldal\u00fas\u00e1got biztos\u00edt, mik\u00f6zben a Spaceman fejlett fagyaszt\u00e1si \u00e9s kever\u00e9si technol\u00f3gi\u00e1j\u00e1nak k\u00f6sz\u00f6nhet\u0151en fenntartja a term\u00e9k konzisztenci\u00e1j\u00e1t. Kaphat\u00f3 <strong data-start=\"799\" data-end=\"824\">gravit\u00e1ci\u00f3s adagol\u00f3 (6378-C)<\/strong> vagy <strong data-start=\"828\" data-end=\"851\">szivatty\u00fa t\u00e1p (6378A-C)<\/strong>, lehet\u0151v\u00e9 teszi az \u00fczemeltet\u0151k sz\u00e1m\u00e1ra, hogy az \u00fczleti modellj\u00fcknek legmegfelel\u0151bb konfigur\u00e1ci\u00f3t v\u00e1lassz\u00e1k.<\/p>\n<hr data-start=\"935\" data-end=\"938\" \/>\n<h3 data-start=\"940\" data-end=\"958\">F\u0151 jellemz\u0151k<\/h3>\n<ul data-start=\"959\" data-end=\"1997\">\n<li data-start=\"959\" data-end=\"1045\">\n<p data-start=\"961\" data-end=\"1045\"><strong data-start=\"961\" data-end=\"986\">Twin Twist adagol\u00e1s<\/strong> - K\u00e9t \u00edz plusz egy csavar kombin\u00e1ci\u00f3 a men\u00fc v\u00e1ltozatoss\u00e1ga \u00e9rdek\u00e9ben.<\/p>\n<\/li>\n<li data-start=\"1046\" data-end=\"1158\">\n<p data-start=\"1048\" data-end=\"1158\"><strong data-start=\"1048\" data-end=\"1069\">Ultra-nagy teljes\u00edtm\u00e9ny<\/strong> - Ak\u00e1r <strong data-start=\"1087\" data-end=\"1109\">720 adag (80g)<\/strong> \u00f3r\u00e1nk\u00e9nt, nagy volumen\u0171 m\u0171veletekre tervezve.<\/p>\n<\/li>\n<li data-start=\"1159\" data-end=\"1261\">\n<p data-start=\"1161\" data-end=\"1261\"><strong data-start=\"1161\" data-end=\"1185\">Nagy kett\u0151s hengerek<\/strong> - 2 \u00d7 3,2 literes fagyaszt\u00f3palack a hosszabb termel\u00e9shez \u00e9s a gyors helyre\u00e1ll\u00edt\u00e1shoz.<\/p>\n<\/li>\n<li data-start=\"1262\" data-end=\"1374\">\n<p data-start=\"1264\" data-end=\"1374\"><strong data-start=\"1264\" data-end=\"1293\">H\u0171t\u00f6tt kett\u0151s tart\u00e1lyok<\/strong> - A kever\u00e9ket eg\u00e9sz nap frissen tartja (2 \u00d7 12 literes kapacit\u00e1s, vagy 2 \u00d7 10 liter az A modelln\u00e9l).<\/p>\n<\/li>\n<li data-start=\"1375\" data-end=\"1459\">\n<p data-start=\"1377\" data-end=\"1459\"><strong data-start=\"1377\" data-end=\"1397\">Hopper kever\u0151k<\/strong> - Biztos\u00edtja az egyenletes term\u00e9kmin\u0151s\u00e9get \u00e9s megakad\u00e1lyozza a sz\u00e9tv\u00e1l\u00e1st.<\/p>\n<\/li>\n<li data-start=\"1460\" data-end=\"1577\">\n<p data-start=\"1462\" data-end=\"1577\"><strong data-start=\"1462\" data-end=\"1496\">Felhaszn\u00e1l\u00f3bar\u00e1t digit\u00e1lis vez\u00e9rl\u00e9s<\/strong> - Egyszer\u0171 m\u0171k\u00f6d\u00e9s a h\u0151m\u00e9rs\u00e9klet, a konzisztencia \u00e9s a teljes\u00edtm\u00e9ny nyomon k\u00f6vet\u00e9s\u00e9vel.<\/p>\n<\/li>\n<li data-start=\"1578\" data-end=\"1678\">\n<p data-start=\"1580\" data-end=\"1678\"><strong data-start=\"1580\" data-end=\"1619\">K\u00e9szenl\u00e9ti, l\u00e1gy ind\u00edt\u00e1s \u00e9s leolvaszt\u00e1s \u00fczemm\u00f3dok<\/strong> - Maxim\u00e1lja a k\u00e9nyelmet, a biztons\u00e1got \u00e9s a k\u00f6nny\u0171 karbantart\u00e1st.<\/p>\n<\/li>\n<li data-start=\"1679\" data-end=\"1810\">\n<p data-start=\"1681\" data-end=\"1810\"><strong data-start=\"1681\" data-end=\"1708\">Be\u00e9p\u00edtett biztons\u00e1gi rendszerek<\/strong> - Tartalmazza az alacsony kever\u00e9kszint\u0171 riaszt\u00e1st, a motor t\u00falterhel\u00e9s\u00e9nek kikapcsol\u00e1s\u00e1t, a nagynyom\u00e1s\u00fa kapcsol\u00f3t \u00e9s a h\u0151m\u00e9rs\u00e9kleti biztos\u00edt\u00e9kokat.<\/p>\n<\/li>\n<li data-start=\"1811\" data-end=\"1908\">\n<p data-start=\"1813\" data-end=\"1908\"><strong data-start=\"1813\" data-end=\"1840\">Neh\u00e9z teherb\u00edr\u00e1s\u00fa konstrukci\u00f3<\/strong> - Tart\u00f3s, rozsdamentes ac\u00e9lb\u00f3l k\u00e9sz\u00fclt kivitel, g\u00f6rg\u0151kkel a mobilit\u00e1s \u00e9rdek\u00e9ben.<\/p>\n<\/li>\n<li data-start=\"1909\" data-end=\"1997\">\n<p data-start=\"1911\" data-end=\"1997\"><strong data-start=\"1911\" data-end=\"1932\">El\u00e9rhet\u0151 lehet\u0151s\u00e9gek<\/strong> - V\u00edzh\u0171t\u00e9ses rendszer \u00e9s l\u00e9gcsatorna a rugalmas telep\u00edt\u00e9shez.<\/p>\n<\/li>\n<\/ul>\n<hr data-start=\"1999\" data-end=\"2002\" \/>\n<h3><strong>M\u0171szaki adatok<\/strong><\/h3>\n<table>\n<tbody>\n<tr>\n<td>\u00cdzek<\/td>\n<td>2 + Twist<\/td>\n<\/tr>\n<tr>\n<td>Kapacit\u00e1s (80g)<\/td>\n<td>720szolg\u00e1lja\/\u00f3ra<\/td>\n<\/tr>\n<tr>\n<td>Hengerek<\/td>\n<td>2 x 3.2L<\/td>\n<\/tr>\n<tr>\n<td>Hoppers<\/td>\n<td>\n<p class=\"p1\">2 x 12L ( 10L A)<\/p>\n<\/td>\n<\/tr>\n<tr>\n<td>\n<p class=\"p1\">Teljes\u00edtm\u00e9ny ( 50Hz \/ 60Hz)<\/p>\n<\/td>\n<td>\n<p class=\"p1\">4.7kW \/ 5.0kW<\/p>\n<\/td>\n<\/tr>\n<tr>\n<td>\n<p class=\"p1\">Nett\u00f3\/sz\u00e1ll\u00edt\u00e1si s\u00faly (kg)<\/p>\n<\/td>\n<td>\n<p class=\"p1\">253 \/ 273 263 \/ 283 (A)<\/p>\n<\/td>\n<\/tr>\n<tr>\n<td>Nett\u00f3 m\u00e9retek (mm)<\/td>\n<td>\n<p class=\"p1\">532 x 704 x 1563<\/p>\n<\/td>\n<\/tr>\n<tr>\n<td>Haj\u00f3 m\u00e9retei (mm)<\/td>\n<td>\n<p class=\"p1\">710 x 890 x 1720<\/p>\n<\/td>\n<\/tr>\n<tr>\n<td>\n<p class=\"p1\">T\u00e1pegys\u00e9g<\/p>\n<\/td>\n<td>\n<p class=\"p1\">380V\/3Ph\/50Hz, 220V\/3Ph\/60Hz<\/p>\n<\/td>\n<\/tr>\n<tr>\n<td>El\u00e9rhet\u0151 lehet\u0151s\u00e9gek<\/td>\n<td>V\u00edzh\u0171t\u00e9ses, l\u00e9gcsatorna<\/td>\n<\/tr>\n<\/tbody>\n<\/table>","protected":false},"excerpt":{"rendered":"<p>The Spaceman 6378-C \/ 6378A-C is a high-capacity, twin-twist soft serve freezer engineered for businesses that demand maximum output and consistent quality. With the ability to produce up to 720 servings (80g) per hour, this model is ideal for busy ice cream shops, frozen yogurt chains, amusement venues, and high-volume restaurants. Offering two flavors plus [&hellip;]<\/p>\n","protected":false},"featured_media":6336,"comment_status":"open","ping_status":"closed","template":"","meta":[],"product_brand":[],"product_cat":[32],"product_tag":[],"class_list":{"0":"post-6335","1":"product","2":"type-product","3":"status-publish","4":"has-post-thumbnail","6":"product_cat-premier-series","8":"first","9":"instock","10":"shipping-taxable","11":"product-type-simple"},"_links":{"self":[{"href":"https:\/\/dersuessestopp.com\/hu\/wp-json\/wp\/v2\/product\/6335","targetHints":{"allow":["GET"]}}],"collection":[{"href":"https:\/\/dersuessestopp.com\/hu\/wp-json\/wp\/v2\/product"}],"about":[{"href":"https:\/\/dersuessestopp.com\/hu\/wp-json\/wp\/v2\/types\/product"}],"replies":[{"embeddable":true,"href":"https:\/\/dersuessestopp.com\/hu\/wp-json\/wp\/v2\/comments?post=6335"}],"version-history":[{"count":5,"href":"https:\/\/dersuessestopp.com\/hu\/wp-json\/wp\/v2\/product\/6335\/revisions"}],"predecessor-version":[{"id":6380,"href":"https:\/\/dersuessestopp.com\/hu\/wp-json\/wp\/v2\/product\/6335\/revisions\/6380"}],"wp:featuredmedia":[{"embeddable":true,"href":"https:\/\/dersuessestopp.com\/hu\/wp-json\/wp\/v2\/media\/6336"}],"wp:attachment":[{"href":"https:\/\/dersuessestopp.com\/hu\/wp-json\/wp\/v2\/media?parent=6335"}],"wp:term":[{"taxonomy":"product_brand","embeddable":true,"href":"https:\/\/dersuessestopp.com\/hu\/wp-json\/wp\/v2\/product_brand?post=6335"},{"taxonomy":"product_cat","embeddable":true,"href":"https:\/\/dersuessestopp.com\/hu\/wp-json\/wp\/v2\/product_cat?post=6335"},{"taxonomy":"product_tag","embeddable":true,"href":"https:\/\/dersuessestopp.com\/hu\/wp-json\/wp\/v2\/product_tag?post=6335"}],"curies":[{"name":"wp","href":"https:\/\/api.w.org\/{rel}","templated":true}]}}