{"id":6331,"date":"2025-08-26T12:36:35","date_gmt":"2025-08-26T12:36:35","guid":{"rendered":"https:\/\/dersuessestopp.com\/?post_type=product&#038;p=6331"},"modified":"2025-08-27T09:17:33","modified_gmt":"2025-08-27T09:17:33","slug":"spaceman-6235-c-6235a-c-6235a-c-lagy-fagylaltkeszito-gep","status":"publish","type":"product","link":"https:\/\/dersuessestopp.com\/hu\/product\/spaceman-6235-c-6235a-c-soft-serve-ice-cream-machine\/","title":{"rendered":"Spaceman 6235-C \/ 6235A-C Soft Serve j\u00e9gkr\u00e9m g\u00e9p"},"content":{"rendered":"<p data-start=\"336\" data-end=\"753\">A <strong data-start=\"340\" data-end=\"369\">Spaceman 6235-C \/ 6235A-C<\/strong> egy <strong data-start=\"375\" data-end=\"425\">k\u00f6zepes kapacit\u00e1s\u00fa, k\u00e9tcsavaros l\u00e1gyt\u00e1lal\u00f3 g\u00e9p<\/strong> olyan \u00fczemeltet\u0151k sz\u00e1m\u00e1ra tervezt\u00e9k, akiknek sokoldal\u00fas\u00e1gra \u00e9s teljes\u00edtm\u00e9nyre van sz\u00fcks\u00e9g\u00fck kompakt alapter\u00fclet mellett. A  weboldalon tal\u00e1lhat\u00f3. <strong data-start=\"519\" data-end=\"554\">k\u00e9t \u00edz plusz egy twist opci\u00f3<\/strong>, ez a modell t\u00f6k\u00e9letes fagylaltoz\u00f3k, fagyasztott joghurtb\u00e1rok, \u00e9ttermek \u00e9s k\u00e1v\u00e9z\u00f3k sz\u00e1m\u00e1ra, amelyek k\u00fcl\u00f6nf\u00e9le soft serve term\u00e9keket szeretn\u00e9nek felszolg\u00e1lni, t\u00f6bbek k\u00f6z\u00f6tt a k\u00f6vetkez\u0151ket <strong data-start=\"702\" data-end=\"750\">j\u00e9gkr\u00e9m, fagyasztott joghurt, fagylalt \u00e9s sorbet<\/strong>.<\/p>\n<p data-start=\"755\" data-end=\"1052\">Azzal a k\u00e9pess\u00e9ggel, hogy ak\u00e1r <strong data-start=\"789\" data-end=\"820\">450 adag (80g) \u00f3r\u00e1nk\u00e9nt<\/strong>, a 6235 sorozat megb\u00edzhat\u00f3 teljes\u00edtm\u00e9nyt ny\u00fajt egyenletes konzisztenci\u00e1val. Kaphat\u00f3 <strong data-start=\"901\" data-end=\"926\">gravit\u00e1ci\u00f3s adagol\u00f3 (6235-C)<\/strong> vagy <strong data-start=\"930\" data-end=\"953\">szivatty\u00fa t\u00e1p (6235A-C)<\/strong> v\u00e1ltozatok, rugalmass\u00e1got biztos\u00edt az \u00fczemeltet\u0151k sz\u00e1m\u00e1ra a kiszolg\u00e1l\u00e1si st\u00edlusuk \u00e9s a t\u00fall\u00e9p\u00e9si ig\u00e9nyeik alapj\u00e1n.<\/p>\n<hr data-start=\"1054\" data-end=\"1057\" \/>\n<h3 data-start=\"1059\" data-end=\"1077\">F\u0151 jellemz\u0151k<\/h3>\n<ul data-start=\"1078\" data-end=\"2120\">\n<li data-start=\"1078\" data-end=\"1162\">\n<p data-start=\"1080\" data-end=\"1162\"><strong data-start=\"1080\" data-end=\"1105\">Twin Twist adagol\u00e1s<\/strong> - T\u00e1laljon k\u00e9t k\u00fcl\u00f6n\u00e1ll\u00f3 \u00edzt vagy egy csavart kombin\u00e1ci\u00f3t.<\/p>\n<\/li>\n<li data-start=\"1163\" data-end=\"1243\">\n<p data-start=\"1165\" data-end=\"1243\"><strong data-start=\"1165\" data-end=\"1191\">K\u00f6zepes kapacit\u00e1s kimenet<\/strong> - Ak\u00e1r <strong data-start=\"1209\" data-end=\"1231\">450 adag (80g)<\/strong> \u00f3r\u00e1nk\u00e9nt.<\/p>\n<\/li>\n<li data-start=\"1244\" data-end=\"1347\">\n<p data-start=\"1246\" data-end=\"1347\"><strong data-start=\"1246\" data-end=\"1273\">Kett\u0151s fagyaszt\u00f3hengerek<\/strong> - 2 \u00d7 1,7 literes palack az egyenletes term\u00e9kszerkezet \u00e9s a gyors visszanyer\u00e9s \u00e9rdek\u00e9ben.<\/p>\n<\/li>\n<li data-start=\"1348\" data-end=\"1441\">\n<p data-start=\"1350\" data-end=\"1441\"><strong data-start=\"1350\" data-end=\"1379\">H\u0171t\u00f6tt kett\u0151s tart\u00e1lyok<\/strong> - Tartsa frissen a kever\u00e9ket (2 \u00d7 12 l kapacit\u00e1s, vagy 2 \u00d7 8 l az A modell eset\u00e9ben).<\/p>\n<\/li>\n<li data-start=\"1442\" data-end=\"1536\">\n<p data-start=\"1444\" data-end=\"1536\"><strong data-start=\"1444\" data-end=\"1464\">Hopper kever\u0151k<\/strong> - Fenntartja a term\u00e9k min\u0151s\u00e9g\u00e9t \u00e9s megakad\u00e1lyozza a sz\u00e9tv\u00e1l\u00e1st a nap folyam\u00e1n.<\/p>\n<\/li>\n<li data-start=\"1537\" data-end=\"1652\">\n<p data-start=\"1539\" data-end=\"1652\"><strong data-start=\"1539\" data-end=\"1573\">Felhaszn\u00e1l\u00f3bar\u00e1t digit\u00e1lis vez\u00e9rl\u00e9s<\/strong> - Egyszer\u0171 fel\u00fclet a h\u0151m\u00e9rs\u00e9klet, a konzisztencia \u00e9s a teljes\u00edtm\u00e9ny ellen\u0151rz\u00e9s\u00e9re.<\/p>\n<\/li>\n<li data-start=\"1653\" data-end=\"1748\">\n<p data-start=\"1655\" data-end=\"1748\"><strong data-start=\"1655\" data-end=\"1682\">K\u00e9szenl\u00e9ti \u00e9s leolvaszt\u00e1si \u00fczemm\u00f3dok<\/strong> - Biztons\u00e1gban tartja a term\u00e9ket az \u00fcresj\u00e1rat idej\u00e9n, \u00e9s egyszer\u0171s\u00edti a tiszt\u00edt\u00e1st.<\/p>\n<\/li>\n<li data-start=\"1749\" data-end=\"1837\">\n<p data-start=\"1751\" data-end=\"1837\"><strong data-start=\"1751\" data-end=\"1776\">L\u00e1gy ind\u00edt\u00e1si technol\u00f3gia<\/strong> - V\u00e9di a mechanikus alkatr\u00e9szeket \u00e9s meghosszabb\u00edtja a g\u00e9p \u00e9lettartam\u00e1t.<\/p>\n<\/li>\n<li data-start=\"1838\" data-end=\"1959\">\n<p data-start=\"1840\" data-end=\"1959\"><strong data-start=\"1840\" data-end=\"1867\">Be\u00e9p\u00edtett biztons\u00e1gi rendszerek<\/strong> - Alacsony kever\u00e9kszint jelz\u0151, termikus t\u00falterhel\u00e9s, magas nyom\u00e1sv\u00e9delem \u00e9s h\u0151m\u00e9rs\u00e9klet-lev\u00e1laszt\u00e1s.<\/p>\n<\/li>\n<li data-start=\"1960\" data-end=\"2057\">\n<p data-start=\"1962\" data-end=\"2057\"><strong data-start=\"1962\" data-end=\"1989\">Kompakt, tart\u00f3s kialak\u00edt\u00e1s<\/strong> - Rozsdamentes ac\u00e9ltest nagy teherb\u00edr\u00e1s\u00fa g\u00f6rg\u0151kkel a k\u00f6nny\u0171 mobilit\u00e1s \u00e9rdek\u00e9ben.<\/p>\n<\/li>\n<li data-start=\"2058\" data-end=\"2120\">\n<p data-start=\"2060\" data-end=\"2120\"><strong data-start=\"2060\" data-end=\"2081\">El\u00e9rhet\u0151 lehet\u0151s\u00e9gek<\/strong> - V\u00edzh\u0171t\u00e9ses rendszer \u00e9s l\u00e9gcsatorna.<\/p>\n<\/li>\n<\/ul>\n<hr data-start=\"2122\" data-end=\"2125\" \/>\n<h3 data-start=\"1059\" data-end=\"1077\">M\u0171szaki adatok<\/h3>\n<table>\n<tbody>\n<tr>\n<td>\u00cdzek<\/td>\n<td>2 + Twist<\/td>\n<\/tr>\n<tr>\n<td>Kapacit\u00e1s (80g)<\/td>\n<td>450 adag\/\u00f3ra<\/td>\n<\/tr>\n<tr>\n<td>Hengerek<\/td>\n<td>2 x 1.7L<\/td>\n<\/tr>\n<tr>\n<td>Hoppers<\/td>\n<td>\n<p class=\"p1\">2 x 12L ( 8L A)<\/p>\n<\/td>\n<\/tr>\n<tr>\n<td>\n<p class=\"p1\">Teljes\u00edtm\u00e9ny ( 50Hz \/ 60Hz)<\/p>\n<\/td>\n<td>\n<p class=\"p1\">3.3kW \/ 3.6kW<\/p>\n<\/td>\n<\/tr>\n<tr>\n<td>Nett\u00f3\/sz\u00e1ll\u00edt\u00e1si s\u00faly (kg)<\/td>\n<td>\n<p class=\"p1\">186\/ 200 196 \/ 210 (A)<\/p>\n<\/td>\n<\/tr>\n<tr>\n<td>\n<p class=\"p1\">Nett\u00f3 m\u00e9retek (mm)<\/p>\n<\/td>\n<td>\n<p class=\"p1\">532 x 651 x 977<\/p>\n<\/td>\n<\/tr>\n<tr>\n<td>Haj\u00f3 m\u00e9retei (mm)<\/td>\n<td>\n<p class=\"p1\">610 x 805 x 1100<\/p>\n<\/td>\n<\/tr>\n<tr>\n<td>\n<p class=\"p1\">T\u00e1pegys\u00e9g<\/p>\n<\/td>\n<td>\n<p class=\"p1\">220V\/1Ph\/50Hz, 220V\/1Ph\/60Hz<\/p>\n<\/td>\n<\/tr>\n<tr>\n<td>El\u00e9rhet\u0151 lehet\u0151s\u00e9gek<\/td>\n<td>V\u00edzh\u0171t\u00e9ses, l\u00e9gcsatorna<\/td>\n<\/tr>\n<\/tbody>\n<\/table>","protected":false},"excerpt":{"rendered":"<p>The Spaceman 6235-C \/ 6235A-C is a medium-capacity, twin-twist soft serve machine designed for operators who need versatility and performance in a compact footprint. Offering two flavors plus a twist option, this model is perfect for ice cream shops, frozen yogurt bars, restaurants, and caf\u00e9s looking to serve a variety of soft serve products including [&hellip;]<\/p>\n","protected":false},"featured_media":6332,"comment_status":"open","ping_status":"closed","template":"","meta":[],"product_brand":[],"product_cat":[32],"product_tag":[],"class_list":{"0":"post-6331","1":"product","2":"type-product","3":"status-publish","4":"has-post-thumbnail","6":"product_cat-premier-series","8":"first","9":"instock","10":"shipping-taxable","11":"product-type-simple"},"_links":{"self":[{"href":"https:\/\/dersuessestopp.com\/hu\/wp-json\/wp\/v2\/product\/6331","targetHints":{"allow":["GET"]}}],"collection":[{"href":"https:\/\/dersuessestopp.com\/hu\/wp-json\/wp\/v2\/product"}],"about":[{"href":"https:\/\/dersuessestopp.com\/hu\/wp-json\/wp\/v2\/types\/product"}],"replies":[{"embeddable":true,"href":"https:\/\/dersuessestopp.com\/hu\/wp-json\/wp\/v2\/comments?post=6331"}],"version-history":[{"count":5,"href":"https:\/\/dersuessestopp.com\/hu\/wp-json\/wp\/v2\/product\/6331\/revisions"}],"predecessor-version":[{"id":6375,"href":"https:\/\/dersuessestopp.com\/hu\/wp-json\/wp\/v2\/product\/6331\/revisions\/6375"}],"wp:featuredmedia":[{"embeddable":true,"href":"https:\/\/dersuessestopp.com\/hu\/wp-json\/wp\/v2\/media\/6332"}],"wp:attachment":[{"href":"https:\/\/dersuessestopp.com\/hu\/wp-json\/wp\/v2\/media?parent=6331"}],"wp:term":[{"taxonomy":"product_brand","embeddable":true,"href":"https:\/\/dersuessestopp.com\/hu\/wp-json\/wp\/v2\/product_brand?post=6331"},{"taxonomy":"product_cat","embeddable":true,"href":"https:\/\/dersuessestopp.com\/hu\/wp-json\/wp\/v2\/product_cat?post=6331"},{"taxonomy":"product_tag","embeddable":true,"href":"https:\/\/dersuessestopp.com\/hu\/wp-json\/wp\/v2\/product_tag?post=6331"}],"curies":[{"name":"wp","href":"https:\/\/api.w.org\/{rel}","templated":true}]}}