{"id":6326,"date":"2025-08-26T12:30:19","date_gmt":"2025-08-26T12:30:19","guid":{"rendered":"https:\/\/dersuessestopp.com\/?post_type=product&#038;p=6326"},"modified":"2025-08-27T07:33:03","modified_gmt":"2025-08-27T07:33:03","slug":"spaceman-6250-c-6250a-c-6250a-c-lagy-fagylaltkeszito-gep","status":"publish","type":"product","link":"https:\/\/dersuessestopp.com\/hu\/product\/spaceman-6250-c-6250a-c-soft-serve-ice-cream-machine\/","title":{"rendered":"Spaceman 6250-C \/ 6250A-C Soft Serve j\u00e9gkr\u00e9m g\u00e9p"},"content":{"rendered":"<p data-start=\"291\" data-end=\"656\">A <strong data-start=\"295\" data-end=\"324\">Spaceman 6250-C \/ 6250A-C<\/strong> egy nagy teljes\u00edtm\u00e9ny\u0171 twin twist soft serve fagyaszt\u00f3, amelyet olyan v\u00e1llalkoz\u00e1sok sz\u00e1m\u00e1ra terveztek, amelyeknek megb\u00edzhat\u00f3 teljes\u00edtm\u00e9nyre \u00e9s egyenletes min\u0151s\u00e9gre van sz\u00fcks\u00e9g\u00fck. T\u00f6k\u00e9letes a k\u00f6vetkez\u0151k kiszolg\u00e1l\u00e1s\u00e1hoz <strong data-start=\"471\" data-end=\"530\">j\u00e9gkr\u00e9m, fagyasztott joghurt, fagylalt, fagylaltkelyhek, pudingok \u00e9s sorbetek<\/strong>, ez a padl\u00f3ra \u00e1ll\u00edthat\u00f3, gravit\u00e1ci\u00f3s t\u00e1pl\u00e1l\u00e1s\u00fa modell kiv\u00e1l\u00f3 hat\u00e9konys\u00e1got \u00e9s term\u00e9kszerkezetet biztos\u00edt a k\u00f6zepes \u00e9s nagy volumen\u0171 kiszolg\u00e1l\u00f3helyeken.<\/p>\n<p data-start=\"658\" data-end=\"914\">Azzal a k\u00e9pess\u00e9ggel, hogy ak\u00e1r <strong data-start=\"692\" data-end=\"717\">450 adag \u00f3r\u00e1nk\u00e9nt<\/strong>, fejlett h\u0171t\u0151rendszerek \u00e9s a Spaceman's <strong data-start=\"766\" data-end=\"799\">szabadalmaztatott V2 ver\u0151technol\u00f3gia<\/strong>, ez a modell a hagyom\u00e1nyos g\u00e9pekhez k\u00e9pest gyors helyre\u00e1ll\u00edt\u00e1st, z\u00f6kken\u0151mentes konzisztenci\u00e1t \u00e9s kevesebb karbantart\u00e1st biztos\u00edt.<\/p>\n<hr data-start=\"916\" data-end=\"919\" \/>\n<h3 data-start=\"921\" data-end=\"937\">F\u0151 jellemz\u0151k<\/h3>\n<ul data-start=\"938\" data-end=\"2024\">\n<li data-start=\"938\" data-end=\"1025\">\n<p data-start=\"940\" data-end=\"1025\"><strong data-start=\"940\" data-end=\"976\">Twin Twist (2 + Twist) adagol\u00f3<\/strong> - K\u00e9t \u00edzt \u00e9s egy csavart kombin\u00e1ci\u00f3t k\u00edn\u00e1l.<\/p>\n<\/li>\n<li data-start=\"1026\" data-end=\"1133\">\n<p data-start=\"1028\" data-end=\"1133\"><strong data-start=\"1028\" data-end=\"1043\">Nagy teljes\u00edtm\u00e9ny<\/strong> - Ak\u00e1r <strong data-start=\"1061\" data-end=\"1083\">450 adag (80g)<\/strong> \u00f3r\u00e1nk\u00e9nt, ide\u00e1lis k\u00f6zepes kapacit\u00e1s\u00fa m\u0171veletekhez.<\/p>\n<\/li>\n<li data-start=\"1134\" data-end=\"1254\">\n<p data-start=\"1136\" data-end=\"1254\"><strong data-start=\"1136\" data-end=\"1165\">Kett\u0151s h\u0171t\u00f6tt tart\u00e1lyok<\/strong> - Frissen \u00e9s biztons\u00e1gban tartja a term\u00e9ket hossz\u00fa \u00f3r\u00e1kon \u00e1t (2 x 12 literes kapacit\u00e1s, vagy 2 x 8 literes az A modelln\u00e9l).<\/p>\n<\/li>\n<li data-start=\"1255\" data-end=\"1361\">\n<p data-start=\"1257\" data-end=\"1361\"><strong data-start=\"1257\" data-end=\"1280\">Hat\u00e9kony hengerek<\/strong> - 2 x 1,7 literes fagyaszt\u00f3palack gyors regener\u00e1l\u00f3d\u00e1si id\u0151vel a folyamatos \u00fczemel\u00e9shez.<\/p>\n<\/li>\n<li data-start=\"1362\" data-end=\"1508\">\n<p data-start=\"1364\" data-end=\"1508\"><strong data-start=\"1364\" data-end=\"1398\">Felhaszn\u00e1l\u00f3bar\u00e1t digit\u00e1lis vez\u00e9rl\u00e9s<\/strong> - A k\u00f6nnyen kezelhet\u0151 kezel\u0151fel\u00fclet biztos\u00edtja a term\u00e9k konzisztenci\u00e1j\u00e1t, a tart\u00e1ly h\u0151m\u00e9rs\u00e9klet\u00e9nek fel\u00fcgyelet\u00e9t \u00e9s az adagol\u00e1s ellen\u0151rz\u00e9s\u00e9t.<\/p>\n<\/li>\n<li data-start=\"1509\" data-end=\"1577\">\n<p data-start=\"1511\" data-end=\"1577\"><strong data-start=\"1511\" data-end=\"1535\">K\u00e9szenl\u00e9ti \u00e9s alv\u00f3 \u00fczemm\u00f3d<\/strong> - Biztons\u00e1gban tartja a term\u00e9ket az \u00fcresj\u00e1rat idej\u00e9n.<\/p>\n<\/li>\n<li data-start=\"1578\" data-end=\"1663\">\n<p data-start=\"1580\" data-end=\"1663\"><strong data-start=\"1580\" data-end=\"1600\">Hopper kever\u0151k<\/strong> - A term\u00e9k text\u00far\u00e1j\u00e1nak \u00e9s frissess\u00e9g\u00e9nek meg\u0151rz\u00e9se eg\u00e9sz nap.<\/p>\n<\/li>\n<li data-start=\"1664\" data-end=\"1810\">\n<p data-start=\"1666\" data-end=\"1810\"><strong data-start=\"1666\" data-end=\"1687\">Biztons\u00e1gi v\u00e9delem<\/strong> - Fel van szerelve alacsony kever\u00e9si szint jelz\u0151vel, termikus\/motor t\u00falterhel\u00e9s elleni v\u00e9delemmel, magasnyom\u00e1s\u00fa kapcsol\u00f3val \u00e9s alacsony h\u0151m\u00e9rs\u00e9klet\u0171 lekapcsol\u00e1ssal.<\/p>\n<\/li>\n<li data-start=\"1811\" data-end=\"1940\">\n<p data-start=\"1813\" data-end=\"1940\"><strong data-start=\"1813\" data-end=\"1837\">Tart\u00f3s konstrukci\u00f3<\/strong> - Nagy teherb\u00edr\u00e1s\u00fa, reteszelhet\u0151 g\u00f6rg\u0151k a k\u00f6nny\u0171 mobilit\u00e1s\u00e9rt \u00e9s rozsdamentes ac\u00e9lb\u00f3l k\u00e9sz\u00fclt kialak\u00edt\u00e1s a hossz\u00fa t\u00e1v\u00fa megb\u00edzhat\u00f3s\u00e1g\u00e9rt.<\/p>\n<\/li>\n<li data-start=\"1941\" data-end=\"2024\">\n<p data-start=\"1943\" data-end=\"2024\"><strong data-start=\"1943\" data-end=\"1964\">El\u00e9rhet\u0151 lehet\u0151s\u00e9gek<\/strong> - V\u00edzh\u0171t\u00e9ses rendszer \u00e9s l\u00e9gcsatorna a tov\u00e1bbi hat\u00e9konys\u00e1g \u00e9rdek\u00e9ben.<\/p>\n<\/li>\n<\/ul>\n<hr data-start=\"916\" data-end=\"919\" \/>\n<h4 data-start=\"1956\" data-end=\"1995\">Mi\u00e9rt v\u00e1lassza a 6250-C \/ 6250A-C k\u00e9sz\u00fcl\u00e9ket?<\/h4>\n<p data-start=\"1996\" data-end=\"2307\">Ez a modell ide\u00e1lis olyan v\u00e1llalkoz\u00e1sok sz\u00e1m\u00e1ra, amelyek nagy teljes\u00edtm\u00e9nyt szeretn\u00e9nek egy <strong data-start=\"2063\" data-end=\"2097\">220V egyf\u00e1zis\u00fa t\u00e1pegys\u00e9g<\/strong>, \u00edgy nincs sz\u00fcks\u00e9g k\u00f6lts\u00e9ges h\u00e1romf\u00e1zis\u00fa berendez\u00e9sre. Megb\u00edzhat\u00f3 teljes\u00edtm\u00e9ny\u00e9vel, felhaszn\u00e1l\u00f3bar\u00e1t m\u0171k\u00f6d\u00e9s\u00e9vel \u00e9s kompakt helyig\u00e9ny\u00e9vel t\u00f6k\u00e9letes v\u00e1laszt\u00e1s kis \u00fczletek, kioszkok, \u00e9telkocsik \u00e9s indul\u00f3 v\u00e1llalkoz\u00e1sok sz\u00e1m\u00e1ra.<\/p>\n<p data-start=\"2309\" data-end=\"2415\">Pr\u00e9mium min\u0151s\u00e9g\u0171, kr\u00e9mes l\u00e1gy t\u00e1lal\u00e1s a hat\u00e9konys\u00e1g maximaliz\u00e1l\u00e1sa mellett - a <strong data-start=\"2383\" data-end=\"2412\">Spaceman 6250-C \/ 6250A-C<\/strong>.<\/p>\n<h3><strong>M\u0171szaki adatok<\/strong><\/h3>\n<table>\n<tbody>\n<tr>\n<td>\u00cdzek<\/td>\n<td>2 + Twist<\/td>\n<\/tr>\n<tr>\n<td>Kapacit\u00e1s (80g)<\/td>\n<td>450 adag\/\u00f3ra<\/td>\n<\/tr>\n<tr>\n<td>Hengerek<\/td>\n<td>2 x 1.7L<\/td>\n<\/tr>\n<tr>\n<td>Hoppers<\/td>\n<td>\n<p class=\"p1\">2 x 12L ( 8L A)<\/p>\n<\/td>\n<\/tr>\n<tr>\n<td>\n<p class=\"p1\">Teljes\u00edtm\u00e9ny ( 50Hz \/ 60Hz)<\/p>\n<\/td>\n<td>\n<p class=\"p1\">3.3kW \/ 3.6kW<\/p>\n<\/td>\n<\/tr>\n<tr>\n<td>\n<p class=\"p1\">Nett\u00f3\/sz\u00e1ll\u00edt\u00e1si s\u00faly (kg)<\/p>\n<\/td>\n<td>\n<p class=\"p1\">210 \/ 230 220 \/ 240 (A)<\/p>\n<\/td>\n<\/tr>\n<tr>\n<td>\n<p class=\"p1\">Nett\u00f3 m\u00e9retek (mm)<\/p>\n<\/td>\n<td>\n<p class=\"p1\">532 x 652 x 1474<\/p>\n<\/td>\n<\/tr>\n<tr>\n<td>Haj\u00f3 m\u00e9retei (mm)<\/td>\n<td>650 x 820 x 1640<\/td>\n<\/tr>\n<tr>\n<td>\n<p class=\"p1\">T\u00e1pegys\u00e9g<\/p>\n<\/td>\n<td>\n<p class=\"p1\">220V\/1Ph\/50Hz, 220V\/1Ph\/60Hz<\/p>\n<\/td>\n<\/tr>\n<tr>\n<td>El\u00e9rhet\u0151 lehet\u0151s\u00e9gek<\/td>\n<td>V\u00edzh\u0171t\u00e9ses, l\u00e9gcsatorna<\/td>\n<\/tr>\n<\/tbody>\n<\/table>\n<p>&nbsp;<\/p>\n<p><a style=\"padding: 14px 40px;font-size: 18px;font-weight: 500;color: #324a6d;background: transparent;border: 2px solid #324A6D;border-radius: 40px;text-decoration: none;cursor: pointer\" href=\"https:\/\/dersuessestopp.com\/wp-content\/uploads\/2025\/08\/6250-C-6250A-C.pdf\" target=\"_blank\" rel=\"noopener\">M\u0171szaki adatlap<br \/>\n<\/a><\/p>","protected":false},"excerpt":{"rendered":"<p>The Spaceman 6250-C \/ 6250A-C is a high-performance twin twist soft serve freezer designed for businesses that need reliable output and consistent quality. Perfect for serving ice cream, frozen yogurt, gelato, custards, and sorbets, this floor-standing, gravity-fed model delivers excellent efficiency and product texture in medium to high-volume outlets. With the ability to produce up [&hellip;]<\/p>\n","protected":false},"featured_media":6353,"comment_status":"open","ping_status":"closed","template":"","meta":[],"product_brand":[],"product_cat":[32],"product_tag":[],"class_list":{"0":"post-6326","1":"product","2":"type-product","3":"status-publish","4":"has-post-thumbnail","6":"product_cat-premier-series","8":"first","9":"instock","10":"shipping-taxable","11":"product-type-simple"},"_links":{"self":[{"href":"https:\/\/dersuessestopp.com\/hu\/wp-json\/wp\/v2\/product\/6326","targetHints":{"allow":["GET"]}}],"collection":[{"href":"https:\/\/dersuessestopp.com\/hu\/wp-json\/wp\/v2\/product"}],"about":[{"href":"https:\/\/dersuessestopp.com\/hu\/wp-json\/wp\/v2\/types\/product"}],"replies":[{"embeddable":true,"href":"https:\/\/dersuessestopp.com\/hu\/wp-json\/wp\/v2\/comments?post=6326"}],"version-history":[{"count":14,"href":"https:\/\/dersuessestopp.com\/hu\/wp-json\/wp\/v2\/product\/6326\/revisions"}],"predecessor-version":[{"id":6360,"href":"https:\/\/dersuessestopp.com\/hu\/wp-json\/wp\/v2\/product\/6326\/revisions\/6360"}],"wp:featuredmedia":[{"embeddable":true,"href":"https:\/\/dersuessestopp.com\/hu\/wp-json\/wp\/v2\/media\/6353"}],"wp:attachment":[{"href":"https:\/\/dersuessestopp.com\/hu\/wp-json\/wp\/v2\/media?parent=6326"}],"wp:term":[{"taxonomy":"product_brand","embeddable":true,"href":"https:\/\/dersuessestopp.com\/hu\/wp-json\/wp\/v2\/product_brand?post=6326"},{"taxonomy":"product_cat","embeddable":true,"href":"https:\/\/dersuessestopp.com\/hu\/wp-json\/wp\/v2\/product_cat?post=6326"},{"taxonomy":"product_tag","embeddable":true,"href":"https:\/\/dersuessestopp.com\/hu\/wp-json\/wp\/v2\/product_tag?post=6326"}],"curies":[{"name":"wp","href":"https:\/\/api.w.org\/{rel}","templated":true}]}}