{"id":6323,"date":"2025-08-26T11:49:53","date_gmt":"2025-08-26T11:49:53","guid":{"rendered":"https:\/\/dersuessestopp.com\/?post_type=product&#038;p=6323"},"modified":"2025-08-26T11:49:53","modified_gmt":"2025-08-26T11:49:53","slug":"6234-c-6234a-c","status":"publish","type":"product","link":"https:\/\/dersuessestopp.com\/hu\/product\/6234-c-6234a-c\/","title":{"rendered":"6234-C \/ 6234A-C"},"content":{"rendered":"<h5><strong>Soft Serve j\u00e9gkr\u00e9m g\u00e9p<\/strong><br \/>\nK\u00f6zepes kapacit\u00e1s, gravit\u00e1ci\u00f3s t\u00e1p \/ szivatty\u00fas t\u00e1p (A)<em><br \/>\n<\/em><\/h5>\n<h5><em>Kever\u0151k, k\u00e9szenl\u00e9ti, l\u00e1gy ind\u00edt\u00e1s, leolvaszt\u00e1s, napl\u00f3z\u00e1s<\/em><\/h5>\n<h3><strong>M\u0171szaki adatok<\/strong><\/h3>\n<table>\n<tbody>\n<tr>\n<td>\u00cdzek<\/td>\n<td>2 + Twist<\/td>\n<\/tr>\n<tr>\n<td>Kapacit\u00e1s (80g)<\/td>\n<td>\n<p class=\"p1\">280 adag\/\u00f3ra<\/p>\n<\/td>\n<\/tr>\n<tr>\n<td>Hengerek<\/td>\n<td>\n<p class=\"p1\">2x 1.2L<\/p>\n<\/td>\n<\/tr>\n<tr>\n<td>Hoppers<\/td>\n<td>\n<p class=\"p1\">2 x 8L ( 5L A)<\/p>\n<\/td>\n<\/tr>\n<tr>\n<td>\n<p class=\"p1\">Teljes\u00edtm\u00e9ny ( 50Hz \/ 60Hz)<\/p>\n<\/td>\n<td>\n<p class=\"p1\">1.9kW \/ 2.0kW<\/p>\n<\/td>\n<\/tr>\n<tr>\n<td>\n<p class=\"p1\">Nett\u00f3\/sz\u00e1ll\u00edt\u00e1si s\u00faly (kg)<\/p>\n<\/td>\n<td>\n<p class=\"p1\">126\/ 141 135 \/ 150 (A)<\/p>\n<\/td>\n<\/tr>\n<tr>\n<td>\n<p class=\"p1\">Nett\u00f3 m\u00e9retek (mm)<\/p>\n<\/td>\n<td>\n<p class=\"p1\">444 x 705 x 897<\/p>\n<\/td>\n<\/tr>\n<tr>\n<td>Haj\u00f3 m\u00e9retei (mm)<\/td>\n<td>\n<p class=\"p1\">530 x 870 x 1020<\/p>\n<\/td>\n<\/tr>\n<tr>\n<td>\n<p class=\"p1\">T\u00e1pegys\u00e9g<\/p>\n<\/td>\n<td>\n<p class=\"p1\">220V\/1Ph\/50Hz, 220V\/1Ph\/60Hz<\/p>\n<\/td>\n<\/tr>\n<tr>\n<td>El\u00e9rhet\u0151 lehet\u0151s\u00e9gek<\/td>\n<td>L\u00e9gerny\u0151<\/td>\n<\/tr>\n<\/tbody>\n<\/table>","protected":false},"excerpt":{"rendered":"<p>Soft Serve Ice Cream Machine Medium Capacity, Gravity Feed \/ Pump Feed (A) Hopper Agitators, Standby, Soft Start, Defrost, Logging Specifications Flavors 2 + Twist Capacity (80g) 280 serves\/hr Cylinders 2x 1.2L Hoppers 2 x 8L ( 5L for A) Power ( 50Hz \/ 60Hz) 1.9kW \/ 2.0kW Net\/Ship Weight (Kg) 126\/ 141 135 \/ [&hellip;]<\/p>\n","protected":false},"featured_media":6324,"comment_status":"open","ping_status":"closed","template":"","meta":[],"product_brand":[],"product_cat":[32],"product_tag":[],"class_list":{"0":"post-6323","1":"product","2":"type-product","3":"status-publish","4":"has-post-thumbnail","6":"product_cat-premier-series","8":"first","9":"instock","10":"shipping-taxable","11":"product-type-simple"},"_links":{"self":[{"href":"https:\/\/dersuessestopp.com\/hu\/wp-json\/wp\/v2\/product\/6323","targetHints":{"allow":["GET"]}}],"collection":[{"href":"https:\/\/dersuessestopp.com\/hu\/wp-json\/wp\/v2\/product"}],"about":[{"href":"https:\/\/dersuessestopp.com\/hu\/wp-json\/wp\/v2\/types\/product"}],"replies":[{"embeddable":true,"href":"https:\/\/dersuessestopp.com\/hu\/wp-json\/wp\/v2\/comments?post=6323"}],"version-history":[{"count":1,"href":"https:\/\/dersuessestopp.com\/hu\/wp-json\/wp\/v2\/product\/6323\/revisions"}],"predecessor-version":[{"id":6325,"href":"https:\/\/dersuessestopp.com\/hu\/wp-json\/wp\/v2\/product\/6323\/revisions\/6325"}],"wp:featuredmedia":[{"embeddable":true,"href":"https:\/\/dersuessestopp.com\/hu\/wp-json\/wp\/v2\/media\/6324"}],"wp:attachment":[{"href":"https:\/\/dersuessestopp.com\/hu\/wp-json\/wp\/v2\/media?parent=6323"}],"wp:term":[{"taxonomy":"product_brand","embeddable":true,"href":"https:\/\/dersuessestopp.com\/hu\/wp-json\/wp\/v2\/product_brand?post=6323"},{"taxonomy":"product_cat","embeddable":true,"href":"https:\/\/dersuessestopp.com\/hu\/wp-json\/wp\/v2\/product_cat?post=6323"},{"taxonomy":"product_tag","embeddable":true,"href":"https:\/\/dersuessestopp.com\/hu\/wp-json\/wp\/v2\/product_tag?post=6323"}],"curies":[{"name":"wp","href":"https:\/\/api.w.org\/{rel}","templated":true}]}}