{"id":6318,"date":"2025-08-26T11:39:18","date_gmt":"2025-08-26T11:39:18","guid":{"rendered":"https:\/\/dersuessestopp.com\/?post_type=product&#038;p=6318"},"modified":"2025-08-26T11:50:14","modified_gmt":"2025-08-26T11:50:14","slug":"6338-c-6338a-c","status":"publish","type":"product","link":"https:\/\/dersuessestopp.com\/hu\/product\/6338-c-6338a-c\/","title":{"rendered":"6338-C \/ 6338A-C"},"content":{"rendered":"<h5><strong>Soft Serve j\u00e9gkr\u00e9m g\u00e9p<\/strong><br \/>\nNagy kapacit\u00e1s\u00fa, gravit\u00e1ci\u00f3s t\u00e1p \/ szivatty\u00fas t\u00e1p (A)<em><br \/>\n<\/em><\/h5>\n<h5><em>Hopper kever\u0151, k\u00e9szenl\u00e9ti, l\u00e1gy ind\u00edt\u00e1s, leolvaszt\u00e1s<\/em><\/h5>\n<h3><strong>M\u0171szaki adatok<\/strong><\/h3>\n<table>\n<tbody>\n<tr>\n<td>\u00cdzek<\/td>\n<td>1<\/td>\n<\/tr>\n<tr>\n<td>Kapacit\u00e1s (80g)<\/td>\n<td>\n<p class=\"p1\">400 adag\/\u00f3ra<\/p>\n<\/td>\n<\/tr>\n<tr>\n<td>Hengerek<\/td>\n<td>1 x 3.2L<\/td>\n<\/tr>\n<tr>\n<td>Hoppers<\/td>\n<td>\n<p class=\"p1\">1 x 12L ( 10L A)<\/p>\n<\/td>\n<\/tr>\n<tr>\n<td>\n<p class=\"p1\">Teljes\u00edtm\u00e9ny ( 50Hz \/ 60Hz)<\/p>\n<\/td>\n<td>\n<p class=\"p1\">2,7kW \/ 2,7kW<\/p>\n<\/td>\n<\/tr>\n<tr>\n<td>\n<p class=\"p1\">Nett\u00f3\/sz\u00e1ll\u00edt\u00e1si s\u00faly (kg)<\/p>\n<\/td>\n<td>\n<p class=\"p1\">173 \/ 189 185 \/ 200 (A)<\/p>\n<\/td>\n<\/tr>\n<tr>\n<td>Nett\u00f3 m\u00e9retek (mm)<\/td>\n<td>\n<p class=\"p1\">444 x 680 x 1549<\/p>\n<\/td>\n<\/tr>\n<tr>\n<td>Haj\u00f3 m\u00e9retei (mm)<\/td>\n<td>\n<p class=\"p1\">520 x 860 x 1680<\/p>\n<\/td>\n<\/tr>\n<tr>\n<td>\n<p class=\"p1\">T\u00e1pegys\u00e9g<\/p>\n<\/td>\n<td>\n<p class=\"p1\">380V\/3Ph\/50Hz, 220V\/3Ph\/60Hz<\/p>\n<\/td>\n<\/tr>\n<tr>\n<td>El\u00e9rhet\u0151 lehet\u0151s\u00e9gek<\/td>\n<td>\n<p class=\"p1\">V\u00edzh\u0171t\u00e9s, l\u00e9gcsatorna<\/p>\n<\/td>\n<\/tr>\n<\/tbody>\n<\/table>","protected":false},"excerpt":{"rendered":"<p>Soft Serve Ice Cream Machine High Capacity, Gravity Feed \/ Pump Feed (A) Hopper Agitator, Standby, Soft Start, Defrost Specifications Flavors 1 Capacity (80g) 400 serves\/hr Cylinders 1 x 3.2L Hoppers 1 x 12L ( 10L for A) Power ( 50Hz \/ 60Hz) 2.7kW \/ 2.7kW Net\/Ship Weight (Kg) 173 \/ 189 185 \/ 200 [&hellip;]<\/p>\n","protected":false},"featured_media":6319,"comment_status":"open","ping_status":"closed","template":"","meta":[],"product_brand":[],"product_cat":[32],"product_tag":[],"class_list":{"0":"post-6318","1":"product","2":"type-product","3":"status-publish","4":"has-post-thumbnail","6":"product_cat-premier-series","8":"first","9":"instock","10":"shipping-taxable","11":"product-type-simple"},"_links":{"self":[{"href":"https:\/\/dersuessestopp.com\/hu\/wp-json\/wp\/v2\/product\/6318","targetHints":{"allow":["GET"]}}],"collection":[{"href":"https:\/\/dersuessestopp.com\/hu\/wp-json\/wp\/v2\/product"}],"about":[{"href":"https:\/\/dersuessestopp.com\/hu\/wp-json\/wp\/v2\/types\/product"}],"replies":[{"embeddable":true,"href":"https:\/\/dersuessestopp.com\/hu\/wp-json\/wp\/v2\/comments?post=6318"}],"version-history":[{"count":3,"href":"https:\/\/dersuessestopp.com\/hu\/wp-json\/wp\/v2\/product\/6318\/revisions"}],"predecessor-version":[{"id":6322,"href":"https:\/\/dersuessestopp.com\/hu\/wp-json\/wp\/v2\/product\/6318\/revisions\/6322"}],"wp:featuredmedia":[{"embeddable":true,"href":"https:\/\/dersuessestopp.com\/hu\/wp-json\/wp\/v2\/media\/6319"}],"wp:attachment":[{"href":"https:\/\/dersuessestopp.com\/hu\/wp-json\/wp\/v2\/media?parent=6318"}],"wp:term":[{"taxonomy":"product_brand","embeddable":true,"href":"https:\/\/dersuessestopp.com\/hu\/wp-json\/wp\/v2\/product_brand?post=6318"},{"taxonomy":"product_cat","embeddable":true,"href":"https:\/\/dersuessestopp.com\/hu\/wp-json\/wp\/v2\/product_cat?post=6318"},{"taxonomy":"product_tag","embeddable":true,"href":"https:\/\/dersuessestopp.com\/hu\/wp-json\/wp\/v2\/product_tag?post=6318"}],"curies":[{"name":"wp","href":"https:\/\/api.w.org\/{rel}","templated":true}]}}