{"id":6310,"date":"2025-08-26T11:16:14","date_gmt":"2025-08-26T11:16:14","guid":{"rendered":"https:\/\/dersuessestopp.com\/?post_type=product&#038;p=6310"},"modified":"2025-08-27T09:01:06","modified_gmt":"2025-08-27T09:01:06","slug":"spaceman-6236-c-6236a-c-lagy-fagylaltozo-gep","status":"publish","type":"product","link":"https:\/\/dersuessestopp.com\/hu\/product\/spaceman-6236-c-6236a-c-soft-serve-ice-cream-machine\/","title":{"rendered":"Spaceman 6236-C \/ 6236A-C Soft Serve j\u00e9gkr\u00e9m g\u00e9p"},"content":{"rendered":"<p data-start=\"330\" data-end=\"688\">A <strong data-start=\"334\" data-end=\"363\">Spaceman 6236-C \/ 6236A-C<\/strong> egy <strong data-start=\"369\" data-end=\"420\">nagy kapacit\u00e1s\u00fa, egyf\u00e9le \u00edzes\u00edt\u00e9s\u0171 l\u00e1gyturmix fagyaszt\u00f3<\/strong> olyan \u00fczemeltet\u0151k sz\u00e1m\u00e1ra tervezt\u00e9k, akiknek megb\u00edzhat\u00f3 teljes\u00edtm\u00e9nyre \u00e9s nagy teljes\u00edtm\u00e9nyre van sz\u00fcks\u00e9g\u00fck kompakt helyig\u00e9ny mellett. Ak\u00e1r <strong data-start=\"532\" data-end=\"563\">400 adag (80g) \u00f3r\u00e1nk\u00e9nt<\/strong>, ez a g\u00e9p ide\u00e1lis a nagy ig\u00e9nybev\u00e9tel\u0171 \u00fczletek, p\u00e9ld\u00e1ul gyors\u00e9ttermek, desszertboltok \u00e9s sz\u00f3rakoz\u00f3helyek sz\u00e1m\u00e1ra.<\/p>\n<p data-start=\"690\" data-end=\"1020\">El\u00e9rhet\u0151 <strong data-start=\"703\" data-end=\"728\">gravit\u00e1ci\u00f3s adagol\u00f3 (6236-C)<\/strong> vagy <strong data-start=\"732\" data-end=\"755\">szivatty\u00fa t\u00e1p (6236A-C)<\/strong>, a g\u00e9p a Spaceman fejlett fagyaszt\u00e1si technol\u00f3gi\u00e1j\u00e1val k\u00e9sz\u00fclt, amely biztos\u00edtja a sima, kr\u00e9mes \u00e1llagot \u00e9s a hat\u00e9kony m\u0171k\u00f6d\u00e9st. A <strong data-start=\"889\" data-end=\"912\">nagy 3.2L henger<\/strong> lehet\u0151v\u00e9 teszi a hosszabb \u00fczemid\u0151t az ut\u00e1nt\u00f6lt\u00e9sek k\u00f6z\u00f6tt, mik\u00f6zben a folyamatos \u00fczemel\u00e9shez kiv\u00e1l\u00f3 helyre\u00e1ll\u00edt\u00e1si sebess\u00e9get biztos\u00edt.<\/p>\n<hr data-start=\"1022\" data-end=\"1025\" \/>\n<h3 data-start=\"1027\" data-end=\"1045\">F\u0151 jellemz\u0151k<\/h3>\n<ul data-start=\"1046\" data-end=\"2094\">\n<li data-start=\"1046\" data-end=\"1132\">\n<p data-start=\"1048\" data-end=\"1132\"><strong data-start=\"1048\" data-end=\"1076\">Egyetlen \u00edz adagol\u00e1sa<\/strong> - Egyetlen \u00edzes\u00edt\u00e9sre \u00f6sszpontos\u00edtva az \u00e1ramvonalas m\u0171k\u00f6d\u00e9s \u00e9rdek\u00e9ben.<\/p>\n<\/li>\n<li data-start=\"1133\" data-end=\"1230\">\n<p data-start=\"1135\" data-end=\"1230\"><strong data-start=\"1135\" data-end=\"1150\">Nagy teljes\u00edtm\u00e9ny<\/strong> - Ak\u00e1r <strong data-start=\"1168\" data-end=\"1190\">400 adag (80g)<\/strong> \u00f3r\u00e1nk\u00e9nt, t\u00f6k\u00e9letes a forgalmas helysz\u00edneken.<\/p>\n<\/li>\n<li data-start=\"1231\" data-end=\"1324\">\n<p data-start=\"1233\" data-end=\"1324\"><strong data-start=\"1233\" data-end=\"1260\">Nagy fagyaszt\u00f3henger<\/strong> - 1 \u00d7 3,2 literes henger a nagyobb kapacit\u00e1s \u00e9s a gyorsabb helyre\u00e1ll\u00edt\u00e1s \u00e9rdek\u00e9ben.<\/p>\n<\/li>\n<li data-start=\"1325\" data-end=\"1413\">\n<p data-start=\"1327\" data-end=\"1413\"><strong data-start=\"1327\" data-end=\"1350\">H\u0171t\u00f6tt tart\u00e1ly<\/strong> - Frissen \u00e9s biztons\u00e1gosan tartja a kever\u00e9ket (12 literes tart\u00e1ly a C modelln\u00e9l, 8 literes az A modelln\u00e9l).<\/p>\n<\/li>\n<li data-start=\"1414\" data-end=\"1511\">\n<p data-start=\"1416\" data-end=\"1511\"><strong data-start=\"1416\" data-end=\"1435\">Hopper kever\u0151<\/strong> - Biztos\u00edtja a term\u00e9k konzisztenci\u00e1j\u00e1t \u00e9s megakad\u00e1lyozza a sz\u00e9tv\u00e1l\u00e1st a nap folyam\u00e1n.<\/p>\n<\/li>\n<li data-start=\"1512\" data-end=\"1606\">\n<p data-start=\"1514\" data-end=\"1606\"><strong data-start=\"1514\" data-end=\"1534\">Digit\u00e1lis vez\u00e9rl\u00e9s<\/strong> - Felhaszn\u00e1l\u00f3bar\u00e1t fel\u00fclet a h\u0151m\u00e9rs\u00e9klet \u00e9s a konzisztencia kezel\u00e9s\u00e9hez.<\/p>\n<\/li>\n<li data-start=\"1607\" data-end=\"1699\">\n<p data-start=\"1609\" data-end=\"1699\"><strong data-start=\"1609\" data-end=\"1636\">K\u00e9szenl\u00e9ti \u00e9s leolvaszt\u00e1si \u00fczemm\u00f3dok<\/strong> - Biztons\u00e1gban tartja a term\u00e9ket az \u00fcresj\u00e1rat idej\u00e9n, \u00e9s egyszer\u0171s\u00edti a tiszt\u00edt\u00e1st.<\/p>\n<\/li>\n<li data-start=\"1700\" data-end=\"1792\">\n<p data-start=\"1702\" data-end=\"1792\"><strong data-start=\"1702\" data-end=\"1727\">L\u00e1gy ind\u00edt\u00e1si technol\u00f3gia<\/strong> - Cs\u00f6kkenti a bels\u0151 alkatr\u00e9szek kop\u00e1s\u00e1t, meghosszabb\u00edtva a g\u00e9p \u00e9lettartam\u00e1t.<\/p>\n<\/li>\n<li data-start=\"1793\" data-end=\"1918\">\n<p data-start=\"1795\" data-end=\"1918\"><strong data-start=\"1795\" data-end=\"1823\">Be\u00e9p\u00edtett biztons\u00e1gi funkci\u00f3k<\/strong> - Alacsony kever\u00e9si szint jelz\u0151, motor t\u00falterhel\u00e9s elleni v\u00e9delem \u00e9s h\u0151m\u00e9rs\u00e9klet-lev\u00e1laszt\u00e1s biztos\u00edtja a m\u0171k\u00f6d\u00e9st.<\/p>\n<\/li>\n<li data-start=\"1919\" data-end=\"2031\">\n<p data-start=\"1921\" data-end=\"2031\"><strong data-start=\"1921\" data-end=\"1948\">Tart\u00f3s, kompakt kialak\u00edt\u00e1s<\/strong> - Rozsdamentes ac\u00e9lb\u00f3l k\u00e9sz\u00fclt, kis alapter\u00fclet\u0171, ide\u00e1lis kereskedelmi haszn\u00e1latra.<\/p>\n<\/li>\n<li data-start=\"2032\" data-end=\"2094\">\n<p data-start=\"2034\" data-end=\"2094\"><strong data-start=\"2034\" data-end=\"2055\">El\u00e9rhet\u0151 lehet\u0151s\u00e9gek<\/strong> - V\u00edzh\u0171t\u00e9ses rendszer \u00e9s l\u00e9gcsatorna.<\/p>\n<\/li>\n<\/ul>\n<hr data-start=\"1022\" data-end=\"1025\" \/>\n<h3><strong>M\u0171szaki adatok<\/strong><\/h3>\n<p>&nbsp;<\/p>\n<table>\n<tbody>\n<tr>\n<td>\u00cdzek<\/td>\n<td>1<\/td>\n<\/tr>\n<tr>\n<td>Kapacit\u00e1s (80g)<\/td>\n<td>400 adag\/\u00f3ra<\/td>\n<\/tr>\n<tr>\n<td>Hengerek<\/td>\n<td>1 x 3.2L<\/td>\n<\/tr>\n<tr>\n<td>Hoppers<\/td>\n<td>\n<p class=\"p1\">1 x 12L ( 8L A)<\/p>\n<\/td>\n<\/tr>\n<tr>\n<td>\n<p class=\"p1\">Teljes\u00edtm\u00e9ny ( 50Hz \/ 60Hz)<\/p>\n<\/td>\n<td>\n<p class=\"p1\">2.5kW \/ 2.8kW<\/p>\n<\/td>\n<\/tr>\n<tr>\n<td>\n<p class=\"p1\">Nett\u00f3\/sz\u00e1ll\u00edt\u00e1si s\u00faly (kg)<\/p>\n<\/td>\n<td>\n<p class=\"p1\">139 \/ 152 144 \/ 157 (A)<\/p>\n<\/td>\n<\/tr>\n<tr>\n<td>\n<p class=\"p1\">Nett\u00f3 m\u00e9retek (mm)<\/p>\n<\/td>\n<td>\n<p class=\"p1\">454 x 681 x 930<\/p>\n<\/td>\n<\/tr>\n<tr>\n<td>Haj\u00f3 m\u00e9retei (mm)<\/td>\n<td>\n<p class=\"p1\">500 x 870 x 1080<\/p>\n<\/td>\n<\/tr>\n<tr>\n<td>\n<p class=\"p1\">T\u00e1pegys\u00e9g<\/p>\n<\/td>\n<td>\n<p class=\"p1\">220V\/1Ph\/50Hz, 220V\/1Ph\/60Hz<\/p>\n<\/td>\n<\/tr>\n<tr>\n<td>\n<p class=\"p1\">El\u00e9rhet\u0151 lehet\u0151s\u00e9gek<\/p>\n<\/td>\n<td>\n<p class=\"p1\">V\u00edzh\u0171t\u00e9s, l\u00e9gcsatorna<\/p>\n<\/td>\n<\/tr>\n<\/tbody>\n<\/table>","protected":false},"excerpt":{"rendered":"<p>The Spaceman 6236-C \/ 6236A-C is a high-capacity, single-flavor soft serve freezer designed for operators who need reliable performance and large output in a compact footprint. Delivering up to 400 servings (80g) per hour, this machine is ideal for high-demand outlets such as quick-service restaurants, dessert shops, and entertainment venues. Available in gravity feed (6236-C) [&hellip;]<\/p>\n","protected":false},"featured_media":6311,"comment_status":"open","ping_status":"closed","template":"","meta":[],"product_brand":[],"product_cat":[32],"product_tag":[],"class_list":{"0":"post-6310","1":"product","2":"type-product","3":"status-publish","4":"has-post-thumbnail","6":"product_cat-premier-series","8":"first","9":"instock","10":"shipping-taxable","11":"product-type-simple"},"_links":{"self":[{"href":"https:\/\/dersuessestopp.com\/hu\/wp-json\/wp\/v2\/product\/6310","targetHints":{"allow":["GET"]}}],"collection":[{"href":"https:\/\/dersuessestopp.com\/hu\/wp-json\/wp\/v2\/product"}],"about":[{"href":"https:\/\/dersuessestopp.com\/hu\/wp-json\/wp\/v2\/types\/product"}],"replies":[{"embeddable":true,"href":"https:\/\/dersuessestopp.com\/hu\/wp-json\/wp\/v2\/comments?post=6310"}],"version-history":[{"count":6,"href":"https:\/\/dersuessestopp.com\/hu\/wp-json\/wp\/v2\/product\/6310\/revisions"}],"predecessor-version":[{"id":6368,"href":"https:\/\/dersuessestopp.com\/hu\/wp-json\/wp\/v2\/product\/6310\/revisions\/6368"}],"wp:featuredmedia":[{"embeddable":true,"href":"https:\/\/dersuessestopp.com\/hu\/wp-json\/wp\/v2\/media\/6311"}],"wp:attachment":[{"href":"https:\/\/dersuessestopp.com\/hu\/wp-json\/wp\/v2\/media?parent=6310"}],"wp:term":[{"taxonomy":"product_brand","embeddable":true,"href":"https:\/\/dersuessestopp.com\/hu\/wp-json\/wp\/v2\/product_brand?post=6310"},{"taxonomy":"product_cat","embeddable":true,"href":"https:\/\/dersuessestopp.com\/hu\/wp-json\/wp\/v2\/product_cat?post=6310"},{"taxonomy":"product_tag","embeddable":true,"href":"https:\/\/dersuessestopp.com\/hu\/wp-json\/wp\/v2\/product_tag?post=6310"}],"curies":[{"name":"wp","href":"https:\/\/api.w.org\/{rel}","templated":true}]}}