{"id":6268,"date":"2025-08-26T10:15:08","date_gmt":"2025-08-26T10:15:08","guid":{"rendered":"https:\/\/dersuessestopp.com\/?post_type=product&#038;p=6268"},"modified":"2025-08-27T08:49:37","modified_gmt":"2025-08-27T08:49:37","slug":"6228-c-6228a-c","status":"publish","type":"product","link":"https:\/\/dersuessestopp.com\/hu\/product\/6228-c-6228a-c\/","title":{"rendered":"6228-C \/ 6228A-C"},"content":{"rendered":"<h5><strong>Soft Serve j\u00e9gkr\u00e9m g\u00e9p<\/strong><br \/>\nK\u00f6zepes kapacit\u00e1s, gravit\u00e1ci\u00f3s t\u00e1p \/ szivatty\u00fas t\u00e1p (A)<em><br \/>\n<\/em><em><br \/>\nHopper kever\u0151, k\u00e9szenl\u00e9ti, l\u00e1gy ind\u00edt\u00e1s, leolvaszt\u00e1s<\/em><\/h5>\n<h3><strong>M\u0171szaki adatok<\/strong><\/h3>\n<p>&nbsp;<\/p>\n<table>\n<tbody>\n<tr>\n<td>\u00cdzek<\/td>\n<td>1<\/td>\n<\/tr>\n<tr>\n<td>Kapacit\u00e1s (80g)<\/td>\n<td>360 kiszolg\u00e1l\u00e1s\/\u00f3ra<\/td>\n<\/tr>\n<tr>\n<td>Hengerek<\/td>\n<td>1 x 1.7L<\/td>\n<\/tr>\n<tr>\n<td>Hoppers<\/td>\n<td>\n<p class=\"p1\">1 x 12L ( 10L A)<\/p>\n<\/td>\n<\/tr>\n<tr>\n<td>\n<p class=\"p1\">Teljes\u00edtm\u00e9ny ( 50Hz \/ 60Hz)<\/p>\n<\/td>\n<td>\n<p class=\"p1\">2,5kW \/ 2,7kW<\/p>\n<\/td>\n<\/tr>\n<tr>\n<td>\n<p class=\"p1\">Nett\u00f3\/sz\u00e1ll\u00edt\u00e1si s\u00faly (kg)<\/p>\n<\/td>\n<td>\n<p class=\"p1\">115 \/ 127 120 \/ 132 (A)<\/p>\n<\/td>\n<\/tr>\n<tr>\n<td>\n<p class=\"p1\">Nett\u00f3 m\u00e9retek (mm)<\/p>\n<\/td>\n<td>\n<p class=\"p1\">384 x 720 x 846<\/p>\n<\/td>\n<\/tr>\n<tr>\n<td>Haj\u00f3 m\u00e9retei (mm)<\/td>\n<td>\n<p class=\"p1\">500 x 870 x 990<\/p>\n<\/td>\n<\/tr>\n<tr>\n<td>\n<p class=\"p1\">T\u00e1pegys\u00e9g<\/p>\n<\/td>\n<td>\n<p class=\"p1\">220V\/1Ph\/50Hz, 220V\/1Ph\/60Hz<\/p>\n<\/td>\n<\/tr>\n<tr>\n<td>\n<p class=\"p1\">El\u00e9rhet\u0151 lehet\u0151s\u00e9gek<\/p>\n<\/td>\n<td>\n<p class=\"p1\">V\u00edzh\u0171t\u00e9s, l\u00e9gcsatorna<\/p>\n<\/td>\n<\/tr>\n<\/tbody>\n<\/table>","protected":false},"excerpt":{"rendered":"<p>Soft Serve Ice Cream Machine Medium Capacity, Gravity Feed \/ Pump Feed (A) Hopper Agitator, Standby, Soft Start, Defrost Specifications &nbsp; Flavors 1 Capacity (80g) 360 serves\/hr Cylinders 1 x 1.7L Hoppers 1 x 12L ( 10L for A) Power ( 50Hz \/ 60Hz) 2.5kW \/ 2.7kW Net\/Ship Weight (Kg) 115 \/ 127 120 \/ [&hellip;]<\/p>\n","protected":false},"featured_media":6269,"comment_status":"open","ping_status":"closed","template":"","meta":[],"product_brand":[],"product_cat":[32],"product_tag":[],"class_list":{"0":"post-6268","1":"product","2":"type-product","3":"status-publish","4":"has-post-thumbnail","6":"product_cat-premier-series","8":"first","9":"instock","10":"shipping-taxable","11":"product-type-simple"},"_links":{"self":[{"href":"https:\/\/dersuessestopp.com\/hu\/wp-json\/wp\/v2\/product\/6268","targetHints":{"allow":["GET"]}}],"collection":[{"href":"https:\/\/dersuessestopp.com\/hu\/wp-json\/wp\/v2\/product"}],"about":[{"href":"https:\/\/dersuessestopp.com\/hu\/wp-json\/wp\/v2\/types\/product"}],"replies":[{"embeddable":true,"href":"https:\/\/dersuessestopp.com\/hu\/wp-json\/wp\/v2\/comments?post=6268"}],"version-history":[{"count":3,"href":"https:\/\/dersuessestopp.com\/hu\/wp-json\/wp\/v2\/product\/6268\/revisions"}],"predecessor-version":[{"id":6271,"href":"https:\/\/dersuessestopp.com\/hu\/wp-json\/wp\/v2\/product\/6268\/revisions\/6271"}],"wp:featuredmedia":[{"embeddable":true,"href":"https:\/\/dersuessestopp.com\/hu\/wp-json\/wp\/v2\/media\/6269"}],"wp:attachment":[{"href":"https:\/\/dersuessestopp.com\/hu\/wp-json\/wp\/v2\/media?parent=6268"}],"wp:term":[{"taxonomy":"product_brand","embeddable":true,"href":"https:\/\/dersuessestopp.com\/hu\/wp-json\/wp\/v2\/product_brand?post=6268"},{"taxonomy":"product_cat","embeddable":true,"href":"https:\/\/dersuessestopp.com\/hu\/wp-json\/wp\/v2\/product_cat?post=6268"},{"taxonomy":"product_tag","embeddable":true,"href":"https:\/\/dersuessestopp.com\/hu\/wp-json\/wp\/v2\/product_tag?post=6268"}],"curies":[{"name":"wp","href":"https:\/\/api.w.org\/{rel}","templated":true}]}}