{"id":6257,"date":"2025-08-26T09:50:26","date_gmt":"2025-08-26T09:50:26","guid":{"rendered":"https:\/\/dersuessestopp.com\/?post_type=product&#038;p=6257"},"modified":"2025-08-27T08:44:55","modified_gmt":"2025-08-27T08:44:55","slug":"spaceman-6210-c-6210a-c-6210a-c-lagy-fagylaltgep","status":"publish","type":"product","link":"https:\/\/dersuessestopp.com\/hu\/product\/spaceman-6210-c-6210a-c-soft-serve-ice-cream-machine\/","title":{"rendered":"Spaceman 6210-C \/ 6210A-C Soft Serve j\u00e9gkr\u00e9m g\u00e9p"},"content":{"rendered":"<p data-start=\"311\" data-end=\"691\">A <strong data-start=\"315\" data-end=\"344\">Spaceman 6210-C \/ 6210A-C<\/strong> egy kompakt \u00e9s hat\u00e9kony soft serve fagyaszt\u00f3, amelyet olyan kisebb \u00fczletek vagy v\u00e1llalkoz\u00e1sok sz\u00e1m\u00e1ra terveztek, amelyek megb\u00edzhat\u00f3, helytakar\u00e9kos megold\u00e1st keresnek. Azzal a k\u00e9pess\u00e9ggel, hogy ak\u00e1r <strong data-start=\"513\" data-end=\"538\">360 adag \u00f3r\u00e1nk\u00e9nt<\/strong>, ez a g\u00e9p ide\u00e1lis k\u00e1v\u00e9z\u00f3k, desszertboltok \u00e9s \u00e9ttermek sz\u00e1m\u00e1ra, amelyek pr\u00e9mium min\u0151s\u00e9g\u0171 l\u00e1gy fagylaltot, fagyasztott joghurtot, pudingot vagy sorbetet szeretn\u00e9nek k\u00edn\u00e1lni.<\/p>\n<p data-start=\"693\" data-end=\"1005\">\u00c9p\u00edtett <strong data-start=\"704\" data-end=\"729\">gravit\u00e1ci\u00f3s adagol\u00f3 (6210-C)<\/strong> vagy <strong data-start=\"733\" data-end=\"756\">szivatty\u00fa t\u00e1p (6210A-C)<\/strong> opci\u00f3knak k\u00f6sz\u00f6nhet\u0151en a k\u00e9sz\u00fcl\u00e9k kiv\u00e1l\u00f3an sokoldal\u00faan alkalmazhat\u00f3 az \u00fczemeltet\u00e9si ig\u00e9nyekt\u0151l f\u00fcgg\u0151en. Digit\u00e1lis vez\u00e9rl\u00e9se, biztons\u00e1gi v\u00e9delme \u00e9s k\u00e9nyelmes k\u00e9szenl\u00e9ti funkci\u00f3i egyszer\u0171v\u00e9 teszik a kezel\u00e9st, mik\u00f6zben minden alkalommal egyenletesen sima \u00e9s kr\u00e9mes term\u00e9ket biztos\u00edtanak.<\/p>\n<hr data-start=\"1007\" data-end=\"1010\" \/>\n<h3 data-start=\"1012\" data-end=\"1030\">F\u0151 jellemz\u0151k<\/h3>\n<ul data-start=\"1031\" data-end=\"2108\">\n<li data-start=\"1031\" data-end=\"1117\">\n<p data-start=\"1033\" data-end=\"1117\"><strong data-start=\"1033\" data-end=\"1061\">Egyetlen \u00edz adagol\u00e1sa<\/strong> - Egyszer\u0171 \u00e9s kompakt kialak\u00edt\u00e1s, ide\u00e1lis f\u00f3kusz\u00e1lt men\u00fckh\u00f6z.<\/p>\n<\/li>\n<li data-start=\"1118\" data-end=\"1236\">\n<p data-start=\"1120\" data-end=\"1236\"><strong data-start=\"1120\" data-end=\"1140\">Hat\u00e9kony teljes\u00edtm\u00e9ny<\/strong> - Ak\u00e1r <strong data-start=\"1158\" data-end=\"1180\">360 adag (80g)<\/strong> \u00f3r\u00e1nk\u00e9nt, ami t\u00f6k\u00e9letes alacsony \u00e9s k\u00f6zepes ig\u00e9ny\u0171 helyeken.<\/p>\n<\/li>\n<li data-start=\"1237\" data-end=\"1325\">\n<p data-start=\"1239\" data-end=\"1325\"><strong data-start=\"1239\" data-end=\"1260\">Fagyaszt\u00f3henger<\/strong> - 1 \u00d7 1,7 literes palack a gyors helyre\u00e1ll\u00edt\u00e1shoz \u00e9s a konzisztens text\u00far\u00e1hoz.<\/p>\n<\/li>\n<li data-start=\"1326\" data-end=\"1411\">\n<p data-start=\"1328\" data-end=\"1411\"><strong data-start=\"1328\" data-end=\"1351\">H\u0171t\u00f6tt tart\u00e1ly<\/strong> - Frissen tartja a term\u00e9ket (12 literes kapacit\u00e1s, vagy 10 literes az A modell eset\u00e9ben).<\/p>\n<\/li>\n<li data-start=\"1412\" data-end=\"1511\">\n<p data-start=\"1414\" data-end=\"1511\"><strong data-start=\"1414\" data-end=\"1433\">Hopper kever\u0151<\/strong> - Fenntartja a term\u00e9k konzisztenci\u00e1j\u00e1t \u00e9s megakad\u00e1lyozza a sz\u00e9tv\u00e1l\u00e1st a nap folyam\u00e1n.<\/p>\n<\/li>\n<li data-start=\"1512\" data-end=\"1609\">\n<p data-start=\"1514\" data-end=\"1609\"><strong data-start=\"1514\" data-end=\"1534\">Digit\u00e1lis vez\u00e9rl\u00e9s<\/strong> - K\u00f6nnyen haszn\u00e1lhat\u00f3 fel\u00fclet a h\u0151m\u00e9rs\u00e9klet-ellen\u0151rz\u00e9shez \u00e9s a term\u00e9kbe\u00e1ll\u00edt\u00e1sokhoz.<\/p>\n<\/li>\n<li data-start=\"1610\" data-end=\"1704\">\n<p data-start=\"1612\" data-end=\"1704\"><strong data-start=\"1612\" data-end=\"1639\">K\u00e9szenl\u00e9ti \u00e9s leolvaszt\u00e1si \u00fczemm\u00f3dok<\/strong> - Biztons\u00e1got \u00e9s k\u00e9nyelmet ny\u00fajt a haszn\u00e1laton k\u00edv\u00fcli \u00f3r\u00e1k vagy a tiszt\u00edt\u00e1s sor\u00e1n.<\/p>\n<\/li>\n<li data-start=\"1705\" data-end=\"1799\">\n<p data-start=\"1707\" data-end=\"1799\"><strong data-start=\"1707\" data-end=\"1732\">L\u00e1gy ind\u00edt\u00e1si technol\u00f3gia<\/strong> - Cs\u00f6kkenti a bels\u0151 alkatr\u00e9szekre hat\u00f3 fesz\u00fclts\u00e9get a g\u00e9p hosszabb \u00e9lettartama \u00e9rdek\u00e9ben.<\/p>\n<\/li>\n<li data-start=\"1800\" data-end=\"1908\">\n<p data-start=\"1802\" data-end=\"1908\"><strong data-start=\"1802\" data-end=\"1824\">Biztons\u00e1gi v\u00e9delem<\/strong> - Tartalmazza az alacsony kever\u00e9si szint jelz\u0151t, a motor t\u00falterhel\u00e9s\u00e9nek kikapcsol\u00e1s\u00e1t \u00e9s a h\u0151m\u00e9rs\u00e9klet-v\u00e9delmet.<\/p>\n<\/li>\n<li data-start=\"1909\" data-end=\"2021\">\n<p data-start=\"1911\" data-end=\"2021\"><strong data-start=\"1911\" data-end=\"1938\">Kompakt, tart\u00f3s kialak\u00edt\u00e1s<\/strong> - Rozsdamentes ac\u00e9lb\u00f3l k\u00e9sz\u00fclt, nagy teherb\u00edr\u00e1s\u00fa kivitel, ide\u00e1lis kisebb helyis\u00e9gekbe.<\/p>\n<\/li>\n<li data-start=\"2022\" data-end=\"2108\">\n<p data-start=\"2024\" data-end=\"2108\"><strong data-start=\"2024\" data-end=\"2045\">El\u00e9rhet\u0151 lehet\u0151s\u00e9gek<\/strong> - V\u00edzh\u0171t\u00e9ses rendszer \u00e9s l\u00e9gcsatorn\u00e1s konfigur\u00e1ci\u00f3 is rendelkez\u00e9sre \u00e1ll.<\/p>\n<\/li>\n<\/ul>\n<hr data-start=\"2110\" data-end=\"2113\" \/>\n<h3><strong>M\u0171szaki adatok<\/strong><\/h3>\n<table style=\"height: 529px\" width=\"425\">\n<tbody>\n<tr>\n<td>\u00cdzek<\/td>\n<td>1<\/td>\n<\/tr>\n<tr>\n<td>Kapacit\u00e1s (80g)<\/td>\n<td>360 kiszolg\u00e1l\u00e1s\/\u00f3ra<\/td>\n<\/tr>\n<tr>\n<td>Hengerek<\/td>\n<td>1x 1.7L<\/td>\n<\/tr>\n<tr>\n<td>Hoppers<\/td>\n<td>1 x 12L ( 10L A)<\/td>\n<\/tr>\n<tr>\n<td>Teljes\u00edtm\u00e9ny ( 50Hz \/ 60Hz)<\/td>\n<td>2,5kW \/ 2,7kW<\/td>\n<\/tr>\n<tr>\n<td>Nett\u00f3\/sz\u00e1ll\u00edt\u00e1si s\u00faly (kg)<\/td>\n<td>115 \/ 127 120 \/ 132 (A)<\/td>\n<\/tr>\n<tr>\n<td>Nett\u00f3 m\u00e9retek (mm)<\/td>\n<td>384 x 720 x 846<\/td>\n<\/tr>\n<tr>\n<td>Haj\u00f3 m\u00e9retei (mm)<\/td>\n<td>500 x 870 x 990<\/td>\n<\/tr>\n<tr>\n<td>T\u00e1pegys\u00e9g<\/td>\n<td>220V\/1Ph\/50Hz, 220V\/1Ph\/60Hz<\/td>\n<\/tr>\n<tr>\n<td>El\u00e9rhet\u0151 lehet\u0151s\u00e9gek<\/td>\n<td>V\u00edzh\u0171t\u00e9s, l\u00e9gcsatorna<\/td>\n<\/tr>\n<\/tbody>\n<\/table>","protected":false},"excerpt":{"rendered":"<p>The Spaceman 6210-C \/ 6210A-C is a compact and efficient soft serve freezer designed for smaller outlets or businesses looking for a reliable, space-saving solution. With the ability to serve up to 360 portions per hour, this machine is ideal for cafes, dessert shops, and restaurants that want to offer premium soft serve ice cream, [&hellip;]<\/p>\n","protected":false},"featured_media":6258,"comment_status":"open","ping_status":"closed","template":"","meta":[],"product_brand":[],"product_cat":[32],"product_tag":[],"class_list":{"0":"post-6257","1":"product","2":"type-product","3":"status-publish","4":"has-post-thumbnail","6":"product_cat-premier-series","8":"first","9":"instock","10":"shipping-taxable","11":"product-type-simple"},"_links":{"self":[{"href":"https:\/\/dersuessestopp.com\/hu\/wp-json\/wp\/v2\/product\/6257","targetHints":{"allow":["GET"]}}],"collection":[{"href":"https:\/\/dersuessestopp.com\/hu\/wp-json\/wp\/v2\/product"}],"about":[{"href":"https:\/\/dersuessestopp.com\/hu\/wp-json\/wp\/v2\/types\/product"}],"replies":[{"embeddable":true,"href":"https:\/\/dersuessestopp.com\/hu\/wp-json\/wp\/v2\/comments?post=6257"}],"version-history":[{"count":11,"href":"https:\/\/dersuessestopp.com\/hu\/wp-json\/wp\/v2\/product\/6257\/revisions"}],"predecessor-version":[{"id":6362,"href":"https:\/\/dersuessestopp.com\/hu\/wp-json\/wp\/v2\/product\/6257\/revisions\/6362"}],"wp:featuredmedia":[{"embeddable":true,"href":"https:\/\/dersuessestopp.com\/hu\/wp-json\/wp\/v2\/media\/6258"}],"wp:attachment":[{"href":"https:\/\/dersuessestopp.com\/hu\/wp-json\/wp\/v2\/media?parent=6257"}],"wp:term":[{"taxonomy":"product_brand","embeddable":true,"href":"https:\/\/dersuessestopp.com\/hu\/wp-json\/wp\/v2\/product_brand?post=6257"},{"taxonomy":"product_cat","embeddable":true,"href":"https:\/\/dersuessestopp.com\/hu\/wp-json\/wp\/v2\/product_cat?post=6257"},{"taxonomy":"product_tag","embeddable":true,"href":"https:\/\/dersuessestopp.com\/hu\/wp-json\/wp\/v2\/product_tag?post=6257"}],"curies":[{"name":"wp","href":"https:\/\/api.w.org\/{rel}","templated":true}]}}