{"id":1381,"date":"2025-05-03T11:35:25","date_gmt":"2025-05-03T11:35:25","guid":{"rendered":"https:\/\/dersuessestopp.com\/product\/schokoladentemperiermaschine\/"},"modified":"2025-05-03T19:21:54","modified_gmt":"2025-05-03T19:21:54","slug":"schokoladentemperiermaschine","status":"publish","type":"product","link":"https:\/\/dersuessestopp.com\/hu\/product\/schokoladentemperiermaschine\/","title":{"rendered":"Schokoladentemperiermaschine"},"content":{"rendered":"<p>440 x 605 x 840 7 45kg<\/p>\n<p>1kW \/ 5,5l Trichter \/ 2 Motoren f\u00fcr Pumpe und Mixer \/ Nachtfunktion<\/p>\n<p>Eine Schokoladentemperiermaschine ist ein unverzichtbares Werkzeug in jeder K\u00fcche, die mit Schokolade arbeitet. Sie erm\u00f6glicht es, die Schokolade auf eine bestimmte Temperatur zu erhitzen und dann langsam abzuk\u00fchlen, um sie in den optimalen Zustand f\u00fcr die Verwendung in verschiedenen Back- und Dessertrezepten zu bringen. Durch den Temperierprozess wird die Schokolade gl\u00e4nzend, knusprig und bricht leicht, was zu einem besseren Geschmack und einer ansprechenden Textur f\u00fchrt. Die Maschine lehet\u0151v\u00e9 teszi azt is, hogy a teljes feldolgoz\u00e1si folyamat sor\u00e1n a csokol\u00e1d\u00e9t egy \u00e1lland\u00f3 h\u0151m\u00e9rs\u00e9kleten tartsuk, ami egy jobb ellen\u0151rz\u00e9st \u00e9s konzisztenci\u00e1t tesz lehet\u0151v\u00e9 a csokol\u00e1d\u00e9term\u00e9kek gy\u00e1rt\u00e1s\u00e1n\u00e1l.<\/p>\n<p>F\u00fcr Eisdielen und S\u00fc\u00dfwarenl\u00e4den kann eine Schokoladentemperiermaschine von unsch\u00e4tzbarem Wert sein. Eine Maschine in der richtigen Gr\u00f6\u00dfe und mit den richtigen Funktionen kann die Arbeitsabl\u00e4ufe erheblich verbessern und die Qualit\u00e4t der Produkte steigern. Es gibt auch kleinere Modelle, die auf den Tresen gestellt oder darunter eingebaut werden k\u00f6nnen, um Platz zu sparen.<\/p>","protected":false},"excerpt":{"rendered":"<p>440 x 605 x 840 7 45kg 1kW \/ 5,5l Trichter \/ 2 Motoren f\u00fcr Pumpe und Mixer \/ Nachtfunktion Eine Schokoladentemperiermaschine ist ein unverzichtbares Werkzeug in jeder K\u00fcche, die mit Schokolade arbeitet. Sie erm\u00f6glicht es, die Schokolade auf eine bestimmte Temperatur zu erhitzen und dann langsam abzuk\u00fchlen, um sie in den optimalen Zustand f\u00fcr [&hellip;]<\/p>\n","protected":false},"featured_media":1705,"comment_status":"open","ping_status":"closed","template":"","meta":[],"product_brand":[],"product_cat":[15],"product_tag":[],"class_list":{"0":"post-1381","1":"product","2":"type-product","3":"status-publish","4":"has-post-thumbnail","6":"product_cat-all-products","8":"first","9":"instock","10":"shipping-taxable","11":"purchasable","12":"product-type-simple"},"_links":{"self":[{"href":"https:\/\/dersuessestopp.com\/hu\/wp-json\/wp\/v2\/product\/1381","targetHints":{"allow":["GET"]}}],"collection":[{"href":"https:\/\/dersuessestopp.com\/hu\/wp-json\/wp\/v2\/product"}],"about":[{"href":"https:\/\/dersuessestopp.com\/hu\/wp-json\/wp\/v2\/types\/product"}],"replies":[{"embeddable":true,"href":"https:\/\/dersuessestopp.com\/hu\/wp-json\/wp\/v2\/comments?post=1381"}],"version-history":[{"count":0,"href":"https:\/\/dersuessestopp.com\/hu\/wp-json\/wp\/v2\/product\/1381\/revisions"}],"wp:featuredmedia":[{"embeddable":true,"href":"https:\/\/dersuessestopp.com\/hu\/wp-json\/wp\/v2\/media\/1705"}],"wp:attachment":[{"href":"https:\/\/dersuessestopp.com\/hu\/wp-json\/wp\/v2\/media?parent=1381"}],"wp:term":[{"taxonomy":"product_brand","embeddable":true,"href":"https:\/\/dersuessestopp.com\/hu\/wp-json\/wp\/v2\/product_brand?post=1381"},{"taxonomy":"product_cat","embeddable":true,"href":"https:\/\/dersuessestopp.com\/hu\/wp-json\/wp\/v2\/product_cat?post=1381"},{"taxonomy":"product_tag","embeddable":true,"href":"https:\/\/dersuessestopp.com\/hu\/wp-json\/wp\/v2\/product_tag?post=1381"}],"curies":[{"name":"wp","href":"https:\/\/api.w.org\/{rel}","templated":true}]}}