{"id":1377,"date":"2025-05-03T11:35:25","date_gmt":"2025-05-03T11:35:25","guid":{"rendered":"https:\/\/dersuessestopp.com\/product\/professionelle-softeismaschine-t6248-6248a\/"},"modified":"2025-05-03T19:25:28","modified_gmt":"2025-05-03T19:25:28","slug":"professionalis-softeismaschine-t6248-6248a","status":"publish","type":"product","link":"https:\/\/dersuessestopp.com\/hu\/product\/professionelle-softeismaschine-t6248-6248a\/","title":{"rendered":"Professionelle Softeismaschine T6248\/6248A"},"content":{"rendered":"<p>Pr\u00e4sentieren Sie Ihren Kunden das beste Softeis. Die profession\u00e1lis Softeismaschine &amp; Frozen-Yogurt-Maschine Modell T6248A zeubert Ihnen eine Welt voller cremiger K\u00f6stlichkeiten. Diese kompakte, aber leistungsstarke Thekenmaschine ist ideal f\u00fcr kleinere Gastronomiebetriebe oder Bereiche mit begrenztem Platzangebot und bietet dennoch eine beeindruckende Vielfalt an Geschmacksrichtungen.<\/p>\n<p>&nbsp;<\/p>\n<ul>\n<li><strong>T\u00edpus:<\/strong> Thekenmodell<\/li>\n<li><strong>F\u00f6rdersystem:<\/strong> Schwerkraft-Zuf\u00fchrung (gravit\u00e1ci\u00f3s t\u00e1pl\u00e1l\u00e1s), opcion\u00e1lisan szivatty\u00farendszerrel (Pumpensystem)<\/li>\n<li><strong>Kompressoren:<\/strong> Zwei Hauptkompressoren, f\u00fcggetlen K\u00fchlung<\/li>\n<li><strong>Zylinderkapacit\u00e1s:<\/strong> 2x 1,8 Liter<\/li>\n<li><strong>Trichterkapacit\u00e1s:<\/strong> 2x 12,5 liter<\/li>\n<li><strong>Produktionskapacit\u00e1s:<\/strong> 48 Liter pro Stunde<\/li>\n<li><strong>Merkmale:<\/strong>\n<ul>\n<li>Kompakte Bauweise, ideal f\u00fcr Theken<\/li>\n<li>Wahl zwischen Schwerkraft- und Pumpenmodell<\/li>\n<li>Unabh\u00e4ngige K\u00fchlsysteme f\u00fcr jede Seite<\/li>\n<li>Einfache Bedienung und Wartung<\/li>\n<li>Ide\u00e1lis a Soft-Eis \u00e9s Frozen Yogurt gy\u00e1rt\u00e1s\u00e1hoz<\/li>\n<\/ul>\n<\/li>\n<\/ul>\n<p>Das Modell T6248A vereint Funktionalit\u00e4t und Flexibilit\u00e4t in einem Ger\u00e4t. Perfekt f\u00fcr Orte, an denen jeder Quadratmeter z\u00e4hlt, ohne dabei Kompromisse bei der Qualit\u00e4t und Vielfalt der angebotenen Softeis oder Frozen Joghurt zu machen. Ein Muss f\u00fcr jeden, der seine Kunden mit exquisiten gefrorenen K\u00f6stlichkeiten verw\u00f6hnen m\u00f6chte.<\/p>","protected":false},"excerpt":{"rendered":"<p>Pr\u00e4sentieren Sie Ihren Kunden das beste Softeis. Die professionelle\u00a0Softeismaschine\u00a0\u00a0&amp; Frozen-Yogurt-Maschine Modell T6248A zeubert Ihnen eine Welt voller cremiger K\u00f6stlichkeiten. Diese kompakte, aber leistungsstarke Thekenmaschine ist ideal f\u00fcr kleinere Gastronomiebetriebe oder Bereiche mit begrenztem Platzangebot und bietet dennoch eine beeindruckende Vielfalt an Geschmacksrichtungen. &nbsp; Typ: Thekenmodell F\u00f6rdersystem: Schwerkraft-Zuf\u00fchrung (Gravity Feed), optional mit Pumpensystem Kompressoren: Zwei Hauptkompressoren, [&hellip;]<\/p>\n","protected":false},"featured_media":1743,"comment_status":"open","ping_status":"closed","template":"","meta":[],"product_brand":[],"product_cat":[20],"product_tag":[],"class_list":{"0":"post-1377","1":"product","2":"type-product","3":"status-publish","4":"has-post-thumbnail","6":"product_cat-softeismaschinen","8":"first","9":"instock","10":"shipping-taxable","11":"purchasable","12":"product-type-simple"},"_links":{"self":[{"href":"https:\/\/dersuessestopp.com\/hu\/wp-json\/wp\/v2\/product\/1377","targetHints":{"allow":["GET"]}}],"collection":[{"href":"https:\/\/dersuessestopp.com\/hu\/wp-json\/wp\/v2\/product"}],"about":[{"href":"https:\/\/dersuessestopp.com\/hu\/wp-json\/wp\/v2\/types\/product"}],"replies":[{"embeddable":true,"href":"https:\/\/dersuessestopp.com\/hu\/wp-json\/wp\/v2\/comments?post=1377"}],"version-history":[{"count":0,"href":"https:\/\/dersuessestopp.com\/hu\/wp-json\/wp\/v2\/product\/1377\/revisions"}],"wp:featuredmedia":[{"embeddable":true,"href":"https:\/\/dersuessestopp.com\/hu\/wp-json\/wp\/v2\/media\/1743"}],"wp:attachment":[{"href":"https:\/\/dersuessestopp.com\/hu\/wp-json\/wp\/v2\/media?parent=1377"}],"wp:term":[{"taxonomy":"product_brand","embeddable":true,"href":"https:\/\/dersuessestopp.com\/hu\/wp-json\/wp\/v2\/product_brand?post=1377"},{"taxonomy":"product_cat","embeddable":true,"href":"https:\/\/dersuessestopp.com\/hu\/wp-json\/wp\/v2\/product_cat?post=1377"},{"taxonomy":"product_tag","embeddable":true,"href":"https:\/\/dersuessestopp.com\/hu\/wp-json\/wp\/v2\/product_tag?post=1377"}],"curies":[{"name":"wp","href":"https:\/\/api.w.org\/{rel}","templated":true}]}}