{"id":12358,"date":"2025-10-09T03:40:09","date_gmt":"2025-10-09T03:40:09","guid":{"rendered":"https:\/\/dersuessestopp.com\/?post_type=product&#038;p=12358"},"modified":"2025-10-09T03:40:10","modified_gmt":"2025-10-09T03:40:10","slug":"keszlet-3-cassetti-cxf","status":"publish","type":"product","link":"https:\/\/dersuessestopp.com\/hu\/product\/set-3-cassetti-cxf\/","title":{"rendered":"K\u00c9SZLET 3 CASSETTI CXF"},"content":{"rendered":"<h2 data-start=\"214\" data-end=\"628\">Term\u00e9kle\u00edr\u00e1s<\/h2>\n<p data-start=\"214\" data-end=\"628\">A <strong data-start=\"218\" data-end=\"240\">K\u00c9SZLET 3 CASSETTI CXF<\/strong> hivat\u00e1sos <strong data-start=\"259\" data-end=\"273\">fi\u00f3kos k\u00e9szlet<\/strong> tervezt\u00e9k <strong data-start=\"287\" data-end=\"323\">CXF sorozat\u00fa h\u0171t\u0151pultok<\/strong>, a k\u00f6vetkez\u0151vel <strong data-start=\"335\" data-end=\"377\">h\u00e1rom 1\/3 m\u00e9ret\u0171 rozsdamentes ac\u00e9l fi\u00f3k<\/strong>. Teljesen a <strong data-start=\"399\" data-end=\"427\">AISI 304 rozsdamentes ac\u00e9l<\/strong>, biztos\u00edtja a higi\u00e9ni\u00e1t, az er\u0151t \u00e9s a hossz\u00fa t\u00e1v\u00fa teljes\u00edtm\u00e9nyt. Ide\u00e1lis \u00e9ttermek, sz\u00e1llod\u00e1k \u00e9s vend\u00e9gl\u00e1t\u00f3ipari konyh\u00e1k sz\u00e1m\u00e1ra, mivel szervezett, hat\u00e9kony h\u0171t\u0151t\u00e1rol\u00e1st biztos\u00edt, a fi\u00f3kok z\u00f6kken\u0151mentes m\u0171k\u00f6d\u00e9s\u00e9vel.<\/p>\n<p data-start=\"630\" data-end=\"649\"><strong data-start=\"630\" data-end=\"647\">F\u0151bb jellemz\u0151k:<\/strong><\/p>\n<ul data-start=\"650\" data-end=\"937\">\n<li data-start=\"650\" data-end=\"706\">\n<p data-start=\"652\" data-end=\"706\"><strong data-start=\"652\" data-end=\"704\">Kompatibilis a CXF sorozat\u00fa h\u0171t\u0151pultokkal<\/strong><\/p>\n<\/li>\n<li data-start=\"707\" data-end=\"749\">\n<p data-start=\"709\" data-end=\"749\"><strong data-start=\"709\" data-end=\"747\">3 fi\u00f3kot tartalmaz (1\/3 m\u00e9retben)<\/strong><\/p>\n<\/li>\n<li data-start=\"750\" data-end=\"790\">\n<p data-start=\"752\" data-end=\"790\"><strong data-start=\"752\" data-end=\"788\">AISI 304 rozsdamentes ac\u00e9lb\u00f3l k\u00e9sz\u00fclt<\/strong><\/p>\n<\/li>\n<li data-start=\"791\" data-end=\"835\">\n<p data-start=\"793\" data-end=\"835\"><strong data-start=\"793\" data-end=\"833\">Tart\u00f3s, higi\u00e9nikus \u00e9s k\u00f6nnyen tiszt\u00edthat\u00f3<\/strong><\/p>\n<\/li>\n<li data-start=\"836\" data-end=\"881\">\n<p data-start=\"838\" data-end=\"881\"><strong data-start=\"838\" data-end=\"879\">Sima cs\u00fasz\u00f3 rendszer a k\u00f6nny\u0171 hozz\u00e1f\u00e9r\u00e9s\u00e9rt<\/strong><\/p>\n<\/li>\n<li data-start=\"882\" data-end=\"937\">\n<p data-start=\"884\" data-end=\"937\"><strong data-start=\"884\" data-end=\"935\">Ide\u00e1lis professzion\u00e1lis konyhai \u00e9s vend\u00e9gl\u00e1t\u00f3ipari felhaszn\u00e1l\u00e1sra<\/strong><\/p>\n<\/li>\n<\/ul>","protected":false},"excerpt":{"rendered":"<p>Product description The SET 3 CASSETTI CXF is a professional drawer kit designed for CXF series refrigerated counters, featuring three 1\/3-size stainless steel drawers. Built entirely from AISI 304 stainless steel, it ensures hygiene, strength, and long-lasting performance. Ideal for restaurants, hotels, and catering kitchens, it provides organized, efficient refrigerated storage with smooth drawer operation. [&hellip;]<\/p>\n","protected":false},"featured_media":12359,"comment_status":"open","ping_status":"closed","template":"","meta":[],"product_brand":[],"product_cat":[51],"product_tag":[],"class_list":{"0":"post-12358","1":"product","2":"type-product","3":"status-publish","4":"has-post-thumbnail","6":"product_cat-kitchen-catering-cooling","8":"first","9":"instock","10":"shipping-taxable","11":"product-type-simple"},"_links":{"self":[{"href":"https:\/\/dersuessestopp.com\/hu\/wp-json\/wp\/v2\/product\/12358","targetHints":{"allow":["GET"]}}],"collection":[{"href":"https:\/\/dersuessestopp.com\/hu\/wp-json\/wp\/v2\/product"}],"about":[{"href":"https:\/\/dersuessestopp.com\/hu\/wp-json\/wp\/v2\/types\/product"}],"replies":[{"embeddable":true,"href":"https:\/\/dersuessestopp.com\/hu\/wp-json\/wp\/v2\/comments?post=12358"}],"version-history":[{"count":1,"href":"https:\/\/dersuessestopp.com\/hu\/wp-json\/wp\/v2\/product\/12358\/revisions"}],"predecessor-version":[{"id":12361,"href":"https:\/\/dersuessestopp.com\/hu\/wp-json\/wp\/v2\/product\/12358\/revisions\/12361"}],"wp:featuredmedia":[{"embeddable":true,"href":"https:\/\/dersuessestopp.com\/hu\/wp-json\/wp\/v2\/media\/12359"}],"wp:attachment":[{"href":"https:\/\/dersuessestopp.com\/hu\/wp-json\/wp\/v2\/media?parent=12358"}],"wp:term":[{"taxonomy":"product_brand","embeddable":true,"href":"https:\/\/dersuessestopp.com\/hu\/wp-json\/wp\/v2\/product_brand?post=12358"},{"taxonomy":"product_cat","embeddable":true,"href":"https:\/\/dersuessestopp.com\/hu\/wp-json\/wp\/v2\/product_cat?post=12358"},{"taxonomy":"product_tag","embeddable":true,"href":"https:\/\/dersuessestopp.com\/hu\/wp-json\/wp\/v2\/product_tag?post=12358"}],"curies":[{"name":"wp","href":"https:\/\/api.w.org\/{rel}","templated":true}]}}