{"id":12355,"date":"2025-10-09T03:38:30","date_gmt":"2025-10-09T03:38:30","guid":{"rendered":"https:\/\/dersuessestopp.com\/?post_type=product&#038;p=12355"},"modified":"2025-10-09T03:38:30","modified_gmt":"2025-10-09T03:38:30","slug":"2-db-cassetti-cxf-keszlet","status":"publish","type":"product","link":"https:\/\/dersuessestopp.com\/hu\/product\/set-2-cassetti-cxf\/","title":{"rendered":"2 DB CASSETTI CXF K\u00c9SZLET"},"content":{"rendered":"<p>&nbsp;<\/p>\n<h2>Term\u00e9kle\u00edr\u00e1s (EN)<\/h2>\n<p data-start=\"227\" data-end=\"619\">A <strong data-start=\"231\" data-end=\"253\">2 DB CASSETTI CXF K\u00c9SZLET<\/strong> hivat\u00e1sos <strong data-start=\"272\" data-end=\"286\">fi\u00f3kos k\u00e9szlet<\/strong> tervezt\u00e9k <strong data-start=\"300\" data-end=\"336\">CXF sorozat\u00fa h\u0171t\u0151pultok<\/strong>, a k\u00f6vetkez\u0151vel <strong data-start=\"348\" data-end=\"388\">k\u00e9t 1\/2 m\u00e9ret\u0171 rozsdamentes ac\u00e9l fi\u00f3k<\/strong>. Teljesen a <strong data-start=\"410\" data-end=\"438\">AISI 304 rozsdamentes ac\u00e9l<\/strong>, maxim\u00e1lis higi\u00e9ni\u00e1t, tart\u00f3ss\u00e1got \u00e9s z\u00f6kken\u0151mentes m\u0171k\u00f6d\u00e9st biztos\u00edt. Ide\u00e1lis professzion\u00e1lis konyh\u00e1k \u00e9s vend\u00e9gl\u00e1t\u00f3ipari k\u00f6rnyezetek sz\u00e1m\u00e1ra, k\u00e9nyelmes \u00e9s szervezett h\u0171t\u0151t\u00e1rol\u00e1st biztos\u00edt.<\/p>\n<p data-start=\"621\" data-end=\"640\"><strong data-start=\"621\" data-end=\"638\">F\u0151bb jellemz\u0151k:<\/strong><\/p>\n<ul data-start=\"641\" data-end=\"948\">\n<li data-start=\"641\" data-end=\"697\">\n<p data-start=\"643\" data-end=\"697\"><strong data-start=\"643\" data-end=\"695\">Kompatibilis a CXF sorozat\u00fa h\u0171t\u0151pultokkal<\/strong><\/p>\n<\/li>\n<li data-start=\"698\" data-end=\"740\">\n<p data-start=\"700\" data-end=\"740\"><strong data-start=\"700\" data-end=\"738\">2 fi\u00f3kot tartalmaz (egyenk\u00e9nt 1\/2 m\u00e9retben)<\/strong><\/p>\n<\/li>\n<li data-start=\"741\" data-end=\"790\">\n<p data-start=\"743\" data-end=\"790\"><strong data-start=\"743\" data-end=\"788\">AISI 304 rozsdamentes ac\u00e9lb\u00f3l k\u00e9sz\u00fclt<\/strong><\/p>\n<\/li>\n<li data-start=\"791\" data-end=\"835\">\n<p data-start=\"793\" data-end=\"835\"><strong data-start=\"793\" data-end=\"833\">Tart\u00f3s, higi\u00e9nikus \u00e9s k\u00f6nnyen tiszt\u00edthat\u00f3<\/strong><\/p>\n<\/li>\n<li data-start=\"836\" data-end=\"887\">\n<p data-start=\"838\" data-end=\"887\"><strong data-start=\"838\" data-end=\"885\">Sima cs\u00fasz\u00f3rendszer a k\u00f6nnyed hozz\u00e1f\u00e9r\u00e9s\u00e9rt<\/strong><\/p>\n<\/li>\n<li data-start=\"888\" data-end=\"948\">\n<p data-start=\"890\" data-end=\"948\"><strong data-start=\"890\" data-end=\"946\">Ide\u00e1lis \u00e9ttermek, sz\u00e1llod\u00e1k \u00e9s vend\u00e9gl\u00e1t\u00f3ipari konyh\u00e1k sz\u00e1m\u00e1ra<\/strong><\/p>\n<\/li>\n<\/ul>\n<h2><\/h2>","protected":false},"excerpt":{"rendered":"<p>&nbsp; Product Description (EN) The SET 2 CASSETTI CXF is a professional drawer kit designed for CXF series refrigerated counters, featuring two 1\/2-size stainless steel drawers. Built entirely from AISI 304 stainless steel, it ensures maximum hygiene, durability, and smooth operation. Ideal for professional kitchens and catering environments, it offers convenient and organized refrigerated storage. [&hellip;]<\/p>\n","protected":false},"featured_media":12356,"comment_status":"open","ping_status":"closed","template":"","meta":[],"product_brand":[],"product_cat":[51],"product_tag":[],"class_list":{"0":"post-12355","1":"product","2":"type-product","3":"status-publish","4":"has-post-thumbnail","6":"product_cat-kitchen-catering-cooling","8":"first","9":"instock","10":"shipping-taxable","11":"product-type-simple"},"_links":{"self":[{"href":"https:\/\/dersuessestopp.com\/hu\/wp-json\/wp\/v2\/product\/12355","targetHints":{"allow":["GET"]}}],"collection":[{"href":"https:\/\/dersuessestopp.com\/hu\/wp-json\/wp\/v2\/product"}],"about":[{"href":"https:\/\/dersuessestopp.com\/hu\/wp-json\/wp\/v2\/types\/product"}],"replies":[{"embeddable":true,"href":"https:\/\/dersuessestopp.com\/hu\/wp-json\/wp\/v2\/comments?post=12355"}],"version-history":[{"count":1,"href":"https:\/\/dersuessestopp.com\/hu\/wp-json\/wp\/v2\/product\/12355\/revisions"}],"predecessor-version":[{"id":12357,"href":"https:\/\/dersuessestopp.com\/hu\/wp-json\/wp\/v2\/product\/12355\/revisions\/12357"}],"wp:featuredmedia":[{"embeddable":true,"href":"https:\/\/dersuessestopp.com\/hu\/wp-json\/wp\/v2\/media\/12356"}],"wp:attachment":[{"href":"https:\/\/dersuessestopp.com\/hu\/wp-json\/wp\/v2\/media?parent=12355"}],"wp:term":[{"taxonomy":"product_brand","embeddable":true,"href":"https:\/\/dersuessestopp.com\/hu\/wp-json\/wp\/v2\/product_brand?post=12355"},{"taxonomy":"product_cat","embeddable":true,"href":"https:\/\/dersuessestopp.com\/hu\/wp-json\/wp\/v2\/product_cat?post=12355"},{"taxonomy":"product_tag","embeddable":true,"href":"https:\/\/dersuessestopp.com\/hu\/wp-json\/wp\/v2\/product_tag?post=12355"}],"curies":[{"name":"wp","href":"https:\/\/api.w.org\/{rel}","templated":true}]}}