{"id":12329,"date":"2025-10-09T03:16:00","date_gmt":"2025-10-09T03:16:00","guid":{"rendered":"https:\/\/dersuessestopp.com\/?post_type=product&#038;p=12329"},"modified":"2025-10-09T03:16:00","modified_gmt":"2025-10-09T03:16:00","slug":"cxf-3140-tn","status":"publish","type":"product","link":"https:\/\/dersuessestopp.com\/hu\/product\/cxf-3140-tn\/","title":{"rendered":"CXF 3140 TN"},"content":{"rendered":"<p><img decoding=\"async\" src=\"https:\/\/customer.klimaitalia.it\/api\/file\/image\/6675\" \/><\/p>\n<p>&nbsp;<\/p>\n<h2>Term\u00e9k le\u00edr\u00e1sa<\/h2>\n<p data-start=\"205\" data-end=\"774\">A <strong data-start=\"209\" data-end=\"224\">CXF 3140 TN<\/strong> hivat\u00e1sos <strong data-start=\"243\" data-end=\"278\">szell\u0151ztetett h\u0171t\u0151pult<\/strong> a  c\u00edmen <strong data-start=\"284\" data-end=\"325\">egy ajt\u00f3 \u00e9s k\u00e9t h\u0171t\u0151fi\u00f3k<\/strong>, ide\u00e1lis \u00e9ttermek, sz\u00e1llod\u00e1k \u00e9s vend\u00e9gl\u00e1t\u00f3ipari konyh\u00e1k sz\u00e1m\u00e1ra. \u00c9p\u00fclt <strong data-start=\"392\" data-end=\"420\">AISI 304 rozsdamentes ac\u00e9l<\/strong>, garant\u00e1lja a higi\u00e9ni\u00e1t, a tart\u00f3ss\u00e1got \u00e9s a k\u00f6nny\u0171 karbantart\u00e1st. M\u0171k\u00f6d\u00e9s egy <strong data-start=\"494\" data-end=\"531\">-2\u00b0C \u00e9s +8\u00b0C k\u00f6z\u00f6tti h\u0151m\u00e9rs\u00e9klet-tartom\u00e1ny<\/strong>, egyenletes h\u0171t\u00e9st \u00e9s kiv\u00e1l\u00f3 energiahat\u00e9konys\u00e1got biztos\u00edt. Felszerelve egy <strong data-start=\"611\" data-end=\"636\">elektronikus termoszt\u00e1t<\/strong>, <strong data-start=\"638\" data-end=\"672\">l\u00e1gyan z\u00e1r\u00f3d\u00f3 ajt\u00f3k \u00e9s fi\u00f3kok<\/strong>, \u00e9s <strong data-start=\"678\" data-end=\"708\">automatikus elektromos leolvaszt\u00e1s<\/strong>, megb\u00edzhat\u00f3 teljes\u00edtm\u00e9nyt biztos\u00edt a mindennapi professzion\u00e1lis haszn\u00e1lathoz.<\/p>\n<h2>M\u0171szaki specifik\u00e1ci\u00f3k<\/h2>\n<table>\n<tbody>\n<tr>\n<td>M\u00e9retek mm<\/td>\n<td>CXF 3100 TN<\/td>\n<td>CXF 3100 TNG<\/td>\n<td>CXF 3140 TN<\/td>\n<td>CXF 3100 BT<\/td>\n<\/tr>\n<tr>\n<td>K\u00fcls\u0151 m\u00e9retek (WxDxH)<\/td>\n<td>1795 x 700 x 860*<\/td>\n<td>1795 x 700 x 860*<\/td>\n<td>1795 x 700 x 860*<\/td>\n<td>1795 x 700 x 860*<\/td>\n<\/tr>\n<tr>\n<td>Csomagol\u00e1si m\u00e9retek (WxDxH)<\/td>\n<td>1825 x 730 x 910<\/td>\n<td>1825 x 730 x 910<\/td>\n<td>1825 x 730 x 910<\/td>\n<td>1825 x 730 x 910<\/td>\n<\/tr>\n<tr>\n<td>Sz\u00e9less\u00e9g<\/td>\n<td>1234<\/td>\n<td>1234<\/td>\n<td>1234<\/td>\n<td>1234<\/td>\n<\/tr>\n<tr>\n<td>M\u00e9lys\u00e9g<\/td>\n<td>580<\/td>\n<td>580<\/td>\n<td>580<\/td>\n<td>580<\/td>\n<\/tr>\n<tr>\n<td>Magass\u00e1g<\/td>\n<td>560<\/td>\n<td>560<\/td>\n<td>560<\/td>\n<td>560<\/td>\n<\/tr>\n<tr>\n<td colspan=\"5\">Az egys\u00e9gek teljes magass\u00e1ga mag\u00e1ban foglalja a minim\u00e1lis magass\u00e1gi szinthez igaz\u00edtott l\u00e1bakat is.<\/td>\n<\/tr>\n<\/tbody>\n<\/table>\n<p>&nbsp;<\/p>\n<table>\n<tbody>\n<tr>\n<td>\u00a0M\u0171szaki jellemz\u0151k<\/td>\n<td>CXF 3100 TN<\/td>\n<td>CXF 3100 TNG<\/td>\n<td>CXF 3110 \/ 3130 TN<\/td>\n<td>CXF 3140 TN<\/td>\n<td>CXF 3100 BT<\/td>\n<\/tr>\n<tr>\n<td>H\u0151m\u00e9rs\u00e9klet tartom\u00e1ny<\/td>\n<td>-2 \u00b0C \/ +8 \u00b0C<\/td>\n<td>+2 \u00b0C \/ +8 \u00b0C<\/td>\n<td>-2 \u00b0C \/ +8 \u00b0C<\/td>\n<td>-2 \u00b0C \/ +8 \u00b0C<\/td>\n<td>-22 \u00b0C \/ -18 \u00b0C<\/td>\n<\/tr>\n<tr>\n<td>Kl\u00edmaoszt\u00e1ly<\/td>\n<td>5<\/td>\n<td>4<\/td>\n<td>4<\/td>\n<td>4<\/td>\n<td>4<\/td>\n<\/tr>\n<tr>\n<td>Nett\u00f3-brutt\u00f3 volumen<\/td>\n<td>291 \/ 358 hadnagy<\/td>\n<td>302 \/ 358-as hadnagy<\/td>\n<td>242 \/ 358 hadnagy<\/td>\n<td>194 \/ 358 hadnagy<\/td>\n<td>281 \/ 358 hadnagy<\/td>\n<\/tr>\n<tr>\n<td>Test<\/td>\n<td>AISI 304 rozsdamentes ac\u00e9l<\/td>\n<td>AISI 304 rozsdamentes ac\u00e9l<\/td>\n<td>AISI 304 rozsdamentes ac\u00e9l<\/td>\n<td>AISI 304 rozsdamentes ac\u00e9l<\/td>\n<td>AISI 304 rozsdamentes ac\u00e9l<\/td>\n<\/tr>\n<tr>\n<td>Ajt\u00f3<\/td>\n<td>&#8211;<\/td>\n<td>\u00dcveg<\/td>\n<td>&#8211;<\/td>\n<td>&#8211;<\/td>\n<td>&#8211;<\/td>\n<\/tr>\n<tr>\n<td>Bels\u0151 b\u00e9l\u00e9s<\/td>\n<td>AISI 304 rozsdamentes ac\u00e9l<\/td>\n<td>AISI 304 rozsdamentes ac\u00e9l<\/td>\n<td>AISI 304 rozsdamentes ac\u00e9l<\/td>\n<td>AISI 304 rozsdamentes ac\u00e9l<\/td>\n<td>AISI 304 rozsdamentes ac\u00e9l<\/td>\n<\/tr>\n<tr>\n<td>Termoszt\u00e1t<\/td>\n<td>Elektronikus<\/td>\n<td>Elektronikus<\/td>\n<td>Elektronikus<\/td>\n<td>Elektronikus<\/td>\n<td>Elektronikus<\/td>\n<\/tr>\n<tr>\n<td>Zajszint<\/td>\n<td>dB 42<\/td>\n<td>dB 42<\/td>\n<td>dB 42<\/td>\n<td>dB 42<\/td>\n<td>dB 42<\/td>\n<\/tr>\n<tr>\n<td>T\u00e1vir\u00e1ny\u00edt\u00f3<\/td>\n<td>Opcion\u00e1lis<\/td>\n<td>Opcion\u00e1lis<\/td>\n<td>Opcion\u00e1lis<\/td>\n<td>Opcion\u00e1lis<\/td>\n<td>Opcion\u00e1lis<\/td>\n<\/tr>\n<tr>\n<td>Szigetel\u00e9s vastags\u00e1ga<\/td>\n<td>mm 60<\/td>\n<td>mm 60<\/td>\n<td>mm 60<\/td>\n<td>mm 60<\/td>\n<td>m 60<\/td>\n<\/tr>\n<tr>\n<td>Leolvaszt\u00e1s<\/td>\n<td>Automatikus elektromos f\u0171t\u0151berendez\u00e9ssel<\/td>\n<td>Automatikus elektromos f\u0171t\u0151berendez\u00e9ssel<\/td>\n<td>Automatikus elektromos f\u0171t\u0151berendez\u00e9ssel<\/td>\n<td>Automatikus elektromos f\u0171t\u0151berendez\u00e9ssel<\/td>\n<td>Automatikus elektromos f\u0171t\u0151berendez\u00e9ssel<\/td>\n<\/tr>\n<tr>\n<td>Polcok (WxD)<\/td>\n<td>N\u00b0 3 - mm 335 x 530 + N\u00b0 3 - mm 390 x 505<\/td>\n<td>N\u00b0 3 - mm 335 x 530 + N\u00b0 3 - mm 390 x 505<\/td>\n<td>N\u00b0 2 - mm 335 x 530 + N\u00b0 2 - mm 390 x 505<\/td>\n<td>N\u00b0 1 - mm 335 x 530 + N\u00b0 1 - mm 390 x 505<\/td>\n<td>N\u00b0 3 - mm 335 x 530 + N\u00b0 3 - mm 390 x 505<\/td>\n<\/tr>\n<tr>\n<td>Vil\u00e1g\u00edt\u00e1s<\/td>\n<td>&#8211;<\/td>\n<td>Led 3,6 W<\/td>\n<td>&#8211;<\/td>\n<td>&#8211;<\/td>\n<td>&#8211;<\/td>\n<\/tr>\n<tr>\n<td>\u00d6nz\u00e1r\u00f3 ajt\u00f3<\/td>\n<td>L\u00e1gy z\u00e1r\u00e1s<\/td>\n<td>L\u00e1gy z\u00e1r\u00e1s<\/td>\n<td>L\u00e1gy z\u00e1r\u00e1s<\/td>\n<td>L\u00e1gy z\u00e1r\u00e1s<\/td>\n<td>L\u00e1gy z\u00e1r\u00e1s<\/td>\n<\/tr>\n<tr>\n<td>G\u00f6rg\u0151k - l\u00e1bak<\/td>\n<td>6 l\u00e1b<\/td>\n<td>6 l\u00e1b<\/td>\n<td>6 l\u00e1b<\/td>\n<td>6 l\u00e1b<\/td>\n<td>6 l\u00e1b<\/td>\n<\/tr>\n<tr>\n<td>G\u00f6rg\u0151k<\/td>\n<td>V\u00e1laszthat\u00f3 - h mm 140<\/td>\n<td>V\u00e1laszthat\u00f3 - h mm 140<\/td>\n<td>V\u00e1laszthat\u00f3 - h mm 140<\/td>\n<td>V\u00e1laszthat\u00f3 - h mm 140<\/td>\n<td>V\u00e1laszthat\u00f3 - h mm 140<\/td>\n<\/tr>\n<tr>\n<td>Nett\u00f3-brutt\u00f3 s\u00faly<\/td>\n<td>Kg 134 \/ 151<\/td>\n<td>Kg 134 \/ 151<\/td>\n<td>Kg 144 \/ 161<\/td>\n<td>Kg 154 \/ 171<\/td>\n<td>Kg 136 \/ 154<\/td>\n<\/tr>\n<tr>\n<td>Fesz\u00fclts\u00e9g<\/td>\n<td>V 220-240<\/td>\n<td>V 220-240<\/td>\n<td>V 220-240<\/td>\n<td>V 220-240<\/td>\n<td>V 220-240<\/td>\n<\/tr>\n<tr>\n<td>Frekvencia<\/td>\n<td>Hz 50<\/td>\n<td>Hz 50<\/td>\n<td>Hz 50<\/td>\n<td>Hz 50<\/td>\n<td>Hz 50<\/td>\n<\/tr>\n<tr>\n<td>H\u0171t\u0151k\u00f6zeg<\/td>\n<td>R600A<\/td>\n<td>R600A<\/td>\n<td>R600A<\/td>\n<td>R600A<\/td>\n<td>R290<\/td>\n<\/tr>\n<tr>\n<td>Abszorpci\u00f3<\/td>\n<td>W 300<\/td>\n<td>W 300<\/td>\n<td>W 300<\/td>\n<td>W 300<\/td>\n<td>W 570<\/td>\n<\/tr>\n<tr>\n<td>Energiafogyaszt\u00e1s<\/td>\n<td>KwH\/24H 2,25<\/td>\n<td>KwH\/24H 3,126<\/td>\n<td>KwH\/24H 2,25<\/td>\n<td>KwH\/24H 2,18<\/td>\n<td>KwH\/24H 8,11<\/td>\n<\/tr>\n<\/tbody>\n<\/table>","protected":false},"excerpt":{"rendered":"<p>&nbsp; Product Description The CXF 3140 TN is a professional ventilated refrigerated counter with one door and two refrigerated drawers, ideal for restaurants, hotels, and catering kitchens. Built from AISI 304 stainless steel, it guarantees hygiene, durability, and easy maintenance. Operating in a temperature range of -2\u00b0C to +8\u00b0C, it provides uniform cooling and excellent [&hellip;]<\/p>\n","protected":false},"featured_media":10300,"comment_status":"open","ping_status":"closed","template":"","meta":[],"product_brand":[],"product_cat":[51],"product_tag":[],"class_list":{"0":"post-12329","1":"product","2":"type-product","3":"status-publish","4":"has-post-thumbnail","6":"product_cat-kitchen-catering-cooling","8":"first","9":"instock","10":"shipping-taxable","11":"product-type-simple"},"_links":{"self":[{"href":"https:\/\/dersuessestopp.com\/hu\/wp-json\/wp\/v2\/product\/12329","targetHints":{"allow":["GET"]}}],"collection":[{"href":"https:\/\/dersuessestopp.com\/hu\/wp-json\/wp\/v2\/product"}],"about":[{"href":"https:\/\/dersuessestopp.com\/hu\/wp-json\/wp\/v2\/types\/product"}],"replies":[{"embeddable":true,"href":"https:\/\/dersuessestopp.com\/hu\/wp-json\/wp\/v2\/comments?post=12329"}],"version-history":[{"count":1,"href":"https:\/\/dersuessestopp.com\/hu\/wp-json\/wp\/v2\/product\/12329\/revisions"}],"predecessor-version":[{"id":12334,"href":"https:\/\/dersuessestopp.com\/hu\/wp-json\/wp\/v2\/product\/12329\/revisions\/12334"}],"wp:featuredmedia":[{"embeddable":true,"href":"https:\/\/dersuessestopp.com\/hu\/wp-json\/wp\/v2\/media\/10300"}],"wp:attachment":[{"href":"https:\/\/dersuessestopp.com\/hu\/wp-json\/wp\/v2\/media?parent=12329"}],"wp:term":[{"taxonomy":"product_brand","embeddable":true,"href":"https:\/\/dersuessestopp.com\/hu\/wp-json\/wp\/v2\/product_brand?post=12329"},{"taxonomy":"product_cat","embeddable":true,"href":"https:\/\/dersuessestopp.com\/hu\/wp-json\/wp\/v2\/product_cat?post=12329"},{"taxonomy":"product_tag","embeddable":true,"href":"https:\/\/dersuessestopp.com\/hu\/wp-json\/wp\/v2\/product_tag?post=12329"}],"curies":[{"name":"wp","href":"https:\/\/api.w.org\/{rel}","templated":true}]}}