{"id":12300,"date":"2025-10-09T03:03:32","date_gmt":"2025-10-09T03:03:32","guid":{"rendered":"https:\/\/dersuessestopp.com\/?post_type=product&#038;p=12300"},"modified":"2025-10-09T03:03:32","modified_gmt":"2025-10-09T03:03:32","slug":"cxf-2200-bt-froccsontovel","status":"publish","type":"product","link":"https:\/\/dersuessestopp.com\/hu\/product\/cxf-2200-bt-with-splashback\/","title":{"rendered":"CXF 2200 BT FR\u00d6CCS\u00d6NT\u0150VEL"},"content":{"rendered":"<p>&nbsp;<\/p>\n<h2><img decoding=\"async\" src=\"https:\/\/customer.klimaitalia.it\/api\/file\/image\/6652\" \/><\/h2>\n<h2>Term\u00e9k le\u00edr\u00e1sa<\/h2>\n<p>A <strong data-start=\"240\" data-end=\"255\">CXF 2200 BT<\/strong> hivat\u00e1sos <strong data-start=\"274\" data-end=\"313\">k\u00e9tajt\u00f3s szell\u0151ztethet\u0151 fagyaszt\u00f3pult<\/strong> a  c\u00edmen <strong data-start=\"319\" data-end=\"338\">h\u00e1ts\u00f3 fr\u00f6ccsen\u0151 h\u00e1tfal<\/strong>, ide\u00e1lis \u00e9ttermek, sz\u00e1llod\u00e1k \u00e9s vend\u00e9gl\u00e1t\u00f3ipari konyh\u00e1k sz\u00e1m\u00e1ra. K\u00e9sz\u00fclt <strong data-start=\"404\" data-end=\"432\">AISI 304 rozsdamentes ac\u00e9l<\/strong>, maxim\u00e1lis higi\u00e9ni\u00e1t, tart\u00f3ss\u00e1got \u00e9s k\u00f6nny\u0171 tiszt\u00edthat\u00f3s\u00e1got biztos\u00edt. M\u0171k\u00f6d\u00e9s egy <strong data-start=\"512\" data-end=\"551\">-22\u00b0C \u00e9s -18\u00b0C k\u00f6z\u00f6tti h\u0151m\u00e9rs\u00e9klet-tartom\u00e1nyban<\/strong>, hat\u00e9kony \u00e9s k\u00f6vetkezetes fagyaszt\u00e1st biztos\u00edt az \u00e9lelmiszerek t\u00e1rol\u00e1s\u00e1hoz. Felszerelve egy <strong data-start=\"634\" data-end=\"659\">elektronikus termoszt\u00e1t<\/strong>, <strong data-start=\"661\" data-end=\"683\">l\u00e1gyan z\u00e1r\u00f3d\u00f3 ajt\u00f3k<\/strong>, \u00e9s <strong data-start=\"689\" data-end=\"719\">automatikus elektromos leolvaszt\u00e1s<\/strong>, megb\u00edzhat\u00f3 teljes\u00edtm\u00e9nyt ny\u00fajt az ig\u00e9nyes professzion\u00e1lis haszn\u00e1lathoz.<\/p>\n<h2>M\u0171szaki specifik\u00e1ci\u00f3k<\/h2>\n<table>\n<tbody>\n<tr>\n<td>M\u00e9retek mm<\/td>\n<td>CXF 2100 TN<\/td>\n<td>CXF 2200 TN<\/td>\n<td>CXF 2100 BT<\/td>\n<td>CXF 2200 BT<\/td>\n<\/tr>\n<tr>\n<td>K\u00fcls\u0151 m\u00e9retek (WxDxH)<\/td>\n<td>1360 x 700 x 860*<\/td>\n<td>1360 x 700 x 960*<\/td>\n<td>1360 x 700 x 860*<\/td>\n<td>1360 x 700 x 960*<\/td>\n<\/tr>\n<tr>\n<td>Csomagol\u00e1si m\u00e9retek (WxDxH)<\/td>\n<td>1390 x 730 x 910<\/td>\n<td>1390 x 730 x 1010<\/td>\n<td>1390 x 730 x 910<\/td>\n<td>1390 x 730 x 1010<\/td>\n<\/tr>\n<tr>\n<td>Sz\u00e9less\u00e9g<\/td>\n<td>795<\/td>\n<td>795<\/td>\n<td>795<\/td>\n<td>795<\/td>\n<\/tr>\n<tr>\n<td>M\u00e9lys\u00e9g<\/td>\n<td>580<\/td>\n<td>580<\/td>\n<td>580<\/td>\n<td>580<\/td>\n<\/tr>\n<tr>\n<td>Magass\u00e1g<\/td>\n<td>560<\/td>\n<td>560<\/td>\n<td>560<\/td>\n<td>560<\/td>\n<\/tr>\n<tr>\n<td colspan=\"5\">Az egys\u00e9gek teljes magass\u00e1ga mag\u00e1ban foglalja a minim\u00e1lis magass\u00e1gi szinthez igaz\u00edtott l\u00e1bakat is.<\/td>\n<\/tr>\n<\/tbody>\n<\/table>\n<p>&nbsp;<\/p>\n<table>\n<tbody>\n<tr>\n<td>\u00a0M\u0171szaki jellemz\u0151k<\/td>\n<td>CXF 2100 TN<\/td>\n<td>CXF 2200 TN<\/td>\n<td>CXF 2100 BT<\/td>\n<td>CXF 2200 BT<\/td>\n<\/tr>\n<tr>\n<td>H\u0151m\u00e9rs\u00e9klet tartom\u00e1ny<\/td>\n<td>-2 \u00b0C \/ +8 \u00b0C<\/td>\n<td>-2 \u00b0C \/ +8 \u00b0C<\/td>\n<td>-22 \u00b0C \/ -18 \u00b0C<\/td>\n<td>-22 \u00b0C \/ -18 \u00b0C<\/td>\n<\/tr>\n<tr>\n<td>Kl\u00edmaoszt\u00e1ly<\/td>\n<td>5<\/td>\n<td>5<\/td>\n<td>4<\/td>\n<td>4<\/td>\n<\/tr>\n<tr>\n<td>Nett\u00f3-brutt\u00f3 volumen<\/td>\n<td>190 \/ 313,5 ltsz.<\/td>\n<td>190 \/ 313,5 ltsz.<\/td>\n<td>187 \/ 313,5 hadnagy<\/td>\n<td>187 \/ 313,5 hadnagy<\/td>\n<\/tr>\n<tr>\n<td>Test<\/td>\n<td>AISI 304 rozsdamentes ac\u00e9l<\/td>\n<td>AISI 304 rozsdamentes ac\u00e9l<\/td>\n<td>AISI 304 rozsdamentes ac\u00e9l<\/td>\n<td>AISI 304 rozsdamentes ac\u00e9l<\/td>\n<\/tr>\n<tr>\n<td>Bels\u0151 b\u00e9l\u00e9s<\/td>\n<td>AISI 304 rozsdamentes ac\u00e9l<\/td>\n<td>AISI 304 rozsdamentes ac\u00e9l<\/td>\n<td>AISI 304 rozsdamentes ac\u00e9l<\/td>\n<td>AISI 304 rozsdamentes ac\u00e9l<\/td>\n<\/tr>\n<tr>\n<td>Termoszt\u00e1t<\/td>\n<td>Elektronikus<\/td>\n<td>Elektronikus<\/td>\n<td>Elektronikus<\/td>\n<td>Elektronikus<\/td>\n<\/tr>\n<tr>\n<td>Zajszint<\/td>\n<td>dB 42<\/td>\n<td>dB 42<\/td>\n<td>dB 42<\/td>\n<td>dB 42<\/td>\n<\/tr>\n<tr>\n<td>T\u00e1vir\u00e1ny\u00edt\u00f3<\/td>\n<td>Opcion\u00e1lis<\/td>\n<td>Opcion\u00e1lis<\/td>\n<td>Opcion\u00e1lis<\/td>\n<td>Opcion\u00e1lis<\/td>\n<\/tr>\n<tr>\n<td>Szigetel\u00e9s vastags\u00e1ga<\/td>\n<td>mm 60<\/td>\n<td>mm 60<\/td>\n<td>mm 60<\/td>\n<td>mm 60<\/td>\n<\/tr>\n<tr>\n<td>Leolvaszt\u00e1s<\/td>\n<td>Automatikus elektromos f\u0171t\u0151berendez\u00e9ssel<\/td>\n<td>Automatikus elektromos f\u0171t\u0151berendez\u00e9ssel<\/td>\n<td>Automatikus elektromos f\u0171t\u0151berendez\u00e9ssel<\/td>\n<td>Automatikus elektromos f\u0171t\u0151berendez\u00e9ssel<\/td>\n<\/tr>\n<tr>\n<td>Polcok (WxD)<\/td>\n<td>N\u00b0 2 - mm 335 x 530 + N\u00b0 2 - mm 390 x 505<\/td>\n<td>N\u00b0 2 - mm 335 x 530 + N\u00b0 2 - mm 390 x 505<\/td>\n<td>N\u00b0 2 - mm 335 x 530 + N\u00b0 2 - mm 390 x 505<\/td>\n<td>N\u00b0 2 - mm 335 x 530 + N\u00b0 2 - mm 390 x 505<\/td>\n<\/tr>\n<tr>\n<td>\u00d6nz\u00e1r\u00f3 ajt\u00f3<\/td>\n<td>L\u00e1gy z\u00e1r\u00e1s<\/td>\n<td>L\u00e1gy z\u00e1r\u00e1s<\/td>\n<td>L\u00e1gy z\u00e1r\u00e1s<\/td>\n<td>L\u00e1gy z\u00e1r\u00e1s<\/td>\n<\/tr>\n<tr>\n<td>Splashback magass\u00e1ga<\/td>\n<td>&#8211;<\/td>\n<td>mm 110<\/td>\n<td>&#8211;<\/td>\n<td>mm 110<\/td>\n<\/tr>\n<tr>\n<td>\u00a0G\u00f6rg\u0151k - l\u00e1bak<\/td>\n<td>4 l\u00e1b<\/td>\n<td>4 l\u00e1b<\/td>\n<td>4 l\u00e1b<\/td>\n<td>4 l\u00e1b<\/td>\n<\/tr>\n<tr>\n<td>G\u00f6rg\u0151k<\/td>\n<td>V\u00e1laszthat\u00f3 - h mm 140<\/td>\n<td>V\u00e1laszthat\u00f3 - h mm 140<\/td>\n<td>V\u00e1laszthat\u00f3 - h mm 140<\/td>\n<td>V\u00e1laszthat\u00f3 - h mm 140<\/td>\n<\/tr>\n<tr>\n<td>Nett\u00f3-brutt\u00f3 s\u00faly<\/td>\n<td>Kg 98 \/ 113<\/td>\n<td>Kg 108 \/ 138<\/td>\n<td>Kg 103 \/ 118<\/td>\n<td>Kg 111 \/ 141<\/td>\n<\/tr>\n<tr>\n<td>Fesz\u00fclts\u00e9g<\/td>\n<td>V 220-240<\/td>\n<td>V 220-240<\/td>\n<td>V 220-240<\/td>\n<td>V 220-240<\/td>\n<\/tr>\n<tr>\n<td>Frekvencia<\/td>\n<td>Hz 50<\/td>\n<td>Hz 50<\/td>\n<td>Hz 50<\/td>\n<td>Hz 50<\/td>\n<\/tr>\n<tr>\n<td>H\u0171t\u0151k\u00f6zeg<\/td>\n<td>R600A<\/td>\n<td>R600A<\/td>\n<td>R290<\/td>\n<td>R290<\/td>\n<\/tr>\n<tr>\n<td>Abszorpci\u00f3<\/td>\n<td>W 300<\/td>\n<td>W 300<\/td>\n<td>W 470<\/td>\n<td>W 470<\/td>\n<\/tr>\n<tr>\n<td>Energiafogyaszt\u00e1s<\/td>\n<td>KwH\/24H 1,72<\/td>\n<td>KwH\/24H 1,72<\/td>\n<td>KwH\/24H 5,81<\/td>\n<td>KwH\/24H 5,81<\/td>\n<\/tr>\n<\/tbody>\n<\/table>","protected":false},"excerpt":{"rendered":"<p>&nbsp; Product Description The CXF 2200 BT is a professional two-door ventilated freezer counter with rear splashback, ideal for restaurants, hotels, and catering kitchens. Made from AISI 304 stainless steel, it ensures maximum hygiene, durability, and easy cleaning. Operating within a temperature range of -22\u00b0C to -18\u00b0C, it provides efficient and consistent freezing for food [&hellip;]<\/p>\n","protected":false},"featured_media":12280,"comment_status":"open","ping_status":"closed","template":"","meta":[],"product_brand":[],"product_cat":[51],"product_tag":[],"class_list":{"0":"post-12300","1":"product","2":"type-product","3":"status-publish","4":"has-post-thumbnail","6":"product_cat-kitchen-catering-cooling","8":"first","9":"instock","10":"shipping-taxable","11":"product-type-simple"},"_links":{"self":[{"href":"https:\/\/dersuessestopp.com\/hu\/wp-json\/wp\/v2\/product\/12300","targetHints":{"allow":["GET"]}}],"collection":[{"href":"https:\/\/dersuessestopp.com\/hu\/wp-json\/wp\/v2\/product"}],"about":[{"href":"https:\/\/dersuessestopp.com\/hu\/wp-json\/wp\/v2\/types\/product"}],"replies":[{"embeddable":true,"href":"https:\/\/dersuessestopp.com\/hu\/wp-json\/wp\/v2\/comments?post=12300"}],"version-history":[{"count":1,"href":"https:\/\/dersuessestopp.com\/hu\/wp-json\/wp\/v2\/product\/12300\/revisions"}],"predecessor-version":[{"id":12303,"href":"https:\/\/dersuessestopp.com\/hu\/wp-json\/wp\/v2\/product\/12300\/revisions\/12303"}],"wp:featuredmedia":[{"embeddable":true,"href":"https:\/\/dersuessestopp.com\/hu\/wp-json\/wp\/v2\/media\/12280"}],"wp:attachment":[{"href":"https:\/\/dersuessestopp.com\/hu\/wp-json\/wp\/v2\/media?parent=12300"}],"wp:term":[{"taxonomy":"product_brand","embeddable":true,"href":"https:\/\/dersuessestopp.com\/hu\/wp-json\/wp\/v2\/product_brand?post=12300"},{"taxonomy":"product_cat","embeddable":true,"href":"https:\/\/dersuessestopp.com\/hu\/wp-json\/wp\/v2\/product_cat?post=12300"},{"taxonomy":"product_tag","embeddable":true,"href":"https:\/\/dersuessestopp.com\/hu\/wp-json\/wp\/v2\/product_tag?post=12300"}],"curies":[{"name":"wp","href":"https:\/\/api.w.org\/{rel}","templated":true}]}}