{"id":12255,"date":"2025-10-09T02:53:36","date_gmt":"2025-10-09T02:53:36","guid":{"rendered":"https:\/\/dersuessestopp.com\/?post_type=product&#038;p=12255"},"modified":"2025-10-09T02:53:36","modified_gmt":"2025-10-09T02:53:36","slug":"gn-400-g-bt","status":"publish","type":"product","link":"https:\/\/dersuessestopp.com\/hu\/product\/gn-400-g-bt\/","title":{"rendered":"GN 400 G BT"},"content":{"rendered":"<p><img decoding=\"async\" src=\"https:\/\/customer.klimaitalia.it\/api\/file\/image\/9016\" \/><\/p>\n<p>&nbsp;<\/p>\n<h2>Term\u00e9k le\u00edr\u00e1sa<\/h2>\n<p>A <strong data-start=\"194\" data-end=\"209\">GN 400 G BT<\/strong> hivat\u00e1sos <strong data-start=\"228\" data-end=\"272\">statikus fagyaszt\u00f3szekr\u00e9ny \u00fcvegajt\u00f3val<\/strong>, ide\u00e1lis cukr\u00e1szd\u00e1k, \u00e9ttermek \u00e9s vend\u00e9gl\u00e1t\u00f3helyek sz\u00e1m\u00e1ra. \u00c9p\u00edtett egy <strong data-start=\"351\" data-end=\"392\">el\u0151zetesen festett korr\u00f3zi\u00f3\u00e1ll\u00f3 ac\u00e9ltest<\/strong> \u00e9s <strong data-start=\"397\" data-end=\"413\">ABS bels\u0151 t\u00e9r<\/strong>, \u00f6tv\u00f6zi a megb\u00edzhat\u00f3s\u00e1got \u00e9s a modern kijelz\u0151 kialak\u00edt\u00e1s\u00e1t. M\u0171k\u00f6d\u00e9s a <strong data-start=\"484\" data-end=\"503\">-22\u00b0C \u00e9s -15\u00b0C<\/strong>, hat\u00e9kony fagyasztott t\u00e1rol\u00e1st biztos\u00edt kiv\u00e1l\u00f3 l\u00e1that\u00f3s\u00e1g mellett. Jellemz\u0151i k\u00f6z\u00e9 tartozik a <strong data-start=\"588\" data-end=\"613\">elektronikus termoszt\u00e1t<\/strong>, <strong data-start=\"615\" data-end=\"631\">LED vil\u00e1g\u00edt\u00e1s<\/strong>, <strong data-start=\"633\" data-end=\"651\">k\u00e9zi leolvaszt\u00e1s<\/strong>, \u00e9s egy <strong data-start=\"659\" data-end=\"695\">\u00f6nz\u00e1r\u00f3 edzett \u00fcvegajt\u00f3<\/strong> a  c\u00edmen <strong data-start=\"701\" data-end=\"709\">lock<\/strong>.<\/p>\n<h2>M\u0171szaki specifik\u00e1ci\u00f3k<\/h2>\n<table>\n<tbody>\n<tr>\n<td>\u00a0M\u00e9retek mm<\/td>\n<td>GN 400 G BT - GN 400 G BT BLK<\/td>\n<\/tr>\n<tr>\n<td>K\u00fcls\u0151 m\u00e9retek (WxDxH)<\/td>\n<td>600 x 625 x 1860<\/td>\n<\/tr>\n<tr>\n<td>Csomagol\u00e1si m\u00e9retek (WxDxH)<\/td>\n<td>660 x 725 x 2000<\/td>\n<\/tr>\n<tr>\n<td>Sz\u00e9less\u00e9g<\/td>\n<td>457<\/td>\n<\/tr>\n<tr>\n<td>M\u00e9lys\u00e9g<\/td>\n<td>474<\/td>\n<\/tr>\n<tr>\n<td>Magass\u00e1g<\/td>\n<td>1600<\/td>\n<\/tr>\n<tr>\n<td>Min. Magass\u00e1g<\/td>\n<td>264<\/td>\n<\/tr>\n<tr>\n<td>Min. Sz\u00e9less\u00e9g<\/td>\n<td>1390<\/td>\n<\/tr>\n<tr>\n<td>Oldal matrica<\/td>\n<td>525 x 1850<\/td>\n<\/tr>\n<tr>\n<td>\u00dcveg matrica<\/td>\n<td>408 x 1477<\/td>\n<\/tr>\n<\/tbody>\n<\/table>\n<p>&nbsp;<\/p>\n<table>\n<tbody>\n<tr>\n<td>\u00a0M\u0171szaki jellemz\u0151k<\/td>\n<td>GN 400 G BT - GN 400 G BT BLK<\/td>\n<\/tr>\n<tr>\n<td>H\u0151m\u00e9rs\u00e9klet tartom\u00e1ny<\/td>\n<td>-22 \u00b0C \/ -15 \u00b0C<\/td>\n<\/tr>\n<tr>\n<td>Kl\u00edmaoszt\u00e1ly<\/td>\n<td>4<\/td>\n<\/tr>\n<tr>\n<td>Kapacit\u00e1s<\/td>\n<td>400-as hadnagy<\/td>\n<\/tr>\n<tr>\n<td>Test<\/td>\n<td>\u00a0El\u0151re festett lemez korr\u00f3zi\u00f3g\u00e1tl\u00f3 kezel\u00e9ssel<\/td>\n<\/tr>\n<tr>\n<td>Bels\u0151 b\u00e9l\u00e9s<\/td>\n<td>ABS<\/td>\n<\/tr>\n<tr>\n<td>Termoszt\u00e1t<\/td>\n<td>Elektronikus<\/td>\n<\/tr>\n<tr>\n<td>Zajszint<\/td>\n<td>dB 38,4<\/td>\n<\/tr>\n<tr>\n<td>T\u00e1vir\u00e1ny\u00edt\u00f3<\/td>\n<td>Opcion\u00e1lis<\/td>\n<\/tr>\n<tr>\n<td>Szigetel\u00e9s vastags\u00e1ga<\/td>\n<td>mm 70<\/td>\n<\/tr>\n<tr>\n<td>Leolvaszt\u00e1s<\/td>\n<td>K\u00e9zi<\/td>\n<\/tr>\n<tr>\n<td>Vil\u00e1g\u00edt\u00e1s<\/td>\n<td>2 f\u00fcgg\u0151leges led<\/td>\n<\/tr>\n<tr>\n<td>\u00d6nz\u00e1r\u00f3 ajt\u00f3<\/td>\n<td>Igen<\/td>\n<\/tr>\n<tr>\n<td>Lakat \u00e9s kulcs<\/td>\n<td>Igen<\/td>\n<\/tr>\n<tr>\n<td>Megford\u00edthat\u00f3 ajt\u00f3<\/td>\n<td>&#8211;<\/td>\n<\/tr>\n<tr>\n<td>Polcok (WxD)<\/td>\n<td>N\u00b0 6 - mm 468 x 405<\/td>\n<\/tr>\n<tr>\n<td>G\u00f6rg\u0151k - l\u00e1bak<\/td>\n<td>2 l\u00e1b + 2 g\u00f6rg\u0151<\/td>\n<\/tr>\n<tr>\n<td>Ajt\u00f3<\/td>\n<td>Edzett \u00fcveg<\/td>\n<\/tr>\n<tr>\n<td>Nett\u00f3-brutt\u00f3 s\u00faly<\/td>\n<td>Kg 86 \/ 99<\/td>\n<\/tr>\n<tr>\n<td>Fesz\u00fclts\u00e9g<\/td>\n<td>V 220-240<\/td>\n<\/tr>\n<tr>\n<td>Frekvencia<\/td>\n<td>Hz 50<\/td>\n<\/tr>\n<tr>\n<td>H\u0171t\u0151k\u00f6zeg<\/td>\n<td>R290<\/td>\n<\/tr>\n<tr>\n<td>Abszorpci\u00f3<\/td>\n<td>W 330<\/td>\n<\/tr>\n<tr>\n<td>Energiafogyaszt\u00e1s<\/td>\n<td>KwH\/24H 6,08<\/td>\n<\/tr>\n<\/tbody>\n<\/table>","protected":false},"excerpt":{"rendered":"<p>&nbsp; Product Description The GN 400 G BT is a professional static freezer cabinet with a glass door, ideal for pastry shops, restaurants, and catering environments. Built with a pre-painted anti-corrosion steel body and ABS interior, it combines reliability and modern display design. Operating between -22\u00b0C and -15\u00b0C, it ensures efficient frozen storage with excellent [&hellip;]<\/p>\n","protected":false},"featured_media":12264,"comment_status":"open","ping_status":"closed","template":"","meta":[],"product_brand":[],"product_cat":[51],"product_tag":[],"class_list":{"0":"post-12255","1":"product","2":"type-product","3":"status-publish","4":"has-post-thumbnail","6":"product_cat-kitchen-catering-cooling","8":"first","9":"instock","10":"shipping-taxable","11":"product-type-simple"},"_links":{"self":[{"href":"https:\/\/dersuessestopp.com\/hu\/wp-json\/wp\/v2\/product\/12255","targetHints":{"allow":["GET"]}}],"collection":[{"href":"https:\/\/dersuessestopp.com\/hu\/wp-json\/wp\/v2\/product"}],"about":[{"href":"https:\/\/dersuessestopp.com\/hu\/wp-json\/wp\/v2\/types\/product"}],"replies":[{"embeddable":true,"href":"https:\/\/dersuessestopp.com\/hu\/wp-json\/wp\/v2\/comments?post=12255"}],"version-history":[{"count":1,"href":"https:\/\/dersuessestopp.com\/hu\/wp-json\/wp\/v2\/product\/12255\/revisions"}],"predecessor-version":[{"id":12268,"href":"https:\/\/dersuessestopp.com\/hu\/wp-json\/wp\/v2\/product\/12255\/revisions\/12268"}],"wp:featuredmedia":[{"embeddable":true,"href":"https:\/\/dersuessestopp.com\/hu\/wp-json\/wp\/v2\/media\/12264"}],"wp:attachment":[{"href":"https:\/\/dersuessestopp.com\/hu\/wp-json\/wp\/v2\/media?parent=12255"}],"wp:term":[{"taxonomy":"product_brand","embeddable":true,"href":"https:\/\/dersuessestopp.com\/hu\/wp-json\/wp\/v2\/product_brand?post=12255"},{"taxonomy":"product_cat","embeddable":true,"href":"https:\/\/dersuessestopp.com\/hu\/wp-json\/wp\/v2\/product_cat?post=12255"},{"taxonomy":"product_tag","embeddable":true,"href":"https:\/\/dersuessestopp.com\/hu\/wp-json\/wp\/v2\/product_tag?post=12255"}],"curies":[{"name":"wp","href":"https:\/\/api.w.org\/{rel}","templated":true}]}}