{"id":12232,"date":"2025-10-09T02:41:41","date_gmt":"2025-10-09T02:41:41","guid":{"rendered":"https:\/\/dersuessestopp.com\/?post_type=product&#038;p=12232"},"modified":"2025-10-09T02:42:24","modified_gmt":"2025-10-09T02:42:24","slug":"12232","status":"publish","type":"product","link":"https:\/\/dersuessestopp.com\/hu\/product\/12232\/","title":{"rendered":"GN 400 PS BT"},"content":{"rendered":"<h2><img decoding=\"async\" src=\"https:\/\/customer.klimaitalia.it\/api\/file\/image\/3914\" \/><\/h2>\n<h2>Term\u00e9k le\u00edr\u00e1sa<\/h2>\n<p>A <strong data-start=\"193\" data-end=\"209\">GN 400 PS BT<\/strong> hivat\u00e1sos <strong data-start=\"228\" data-end=\"254\">statikus fagyaszt\u00f3szekr\u00e9ny<\/strong> \u00e9ttermek, b\u00e1rok \u00e9s vend\u00e9gl\u00e1t\u00f3ipari k\u00f6rnyezetek sz\u00e1m\u00e1ra tervezt\u00e9k. \u00c9p\u00edtett <strong data-start=\"327\" data-end=\"368\">el\u0151zetesen festett korr\u00f3zi\u00f3\u00e1ll\u00f3 ac\u00e9ltest<\/strong> \u00e9s <strong data-start=\"373\" data-end=\"389\">ABS bels\u0151 t\u00e9r<\/strong>, biztos\u00edtja a tart\u00f3ss\u00e1got, higi\u00e9ni\u00e1t \u00e9s megb\u00edzhat\u00f3s\u00e1got. M\u0171k\u00f6d\u00e9s k\u00f6z\u00f6tt <strong data-start=\"458\" data-end=\"477\">-22\u00b0C \u00e9s -15\u00b0C<\/strong>, er\u0151teljes \u00e9s stabil fagyaszt\u00e1si teljes\u00edtm\u00e9nyt ny\u00fajt. Felszerelve egy <strong data-start=\"550\" data-end=\"575\">elektronikus termoszt\u00e1t<\/strong>, <strong data-start=\"577\" data-end=\"595\">k\u00e9zi leolvaszt\u00e1s<\/strong>, \u00e9s egy <strong data-start=\"603\" data-end=\"635\">\u00f6nz\u00e1r\u00f3, megford\u00edthat\u00f3 ajt\u00f3<\/strong>, hat\u00e9konys\u00e1got \u00e9s praktikuss\u00e1got k\u00edn\u00e1l a mindennapi professzion\u00e1lis haszn\u00e1lathoz.<\/p>\n<h2>M\u0171szaki specifik\u00e1ci\u00f3k<\/h2>\n<table>\n<tbody>\n<tr>\n<td>\u00a0M\u00e9retek mm<\/td>\n<td>GN 400 PS TN<\/td>\n<td>GN 400 PS BT<\/td>\n<td>GN 600 PS TN<\/td>\n<td>GN 600 PS BT<\/td>\n<\/tr>\n<tr>\n<td>K\u00fcls\u0151 m\u00e9retek (WxDxH)<\/td>\n<td>600 x 625 x 1860<\/td>\n<td>600 x 625 x 1860<\/td>\n<td>775 x 760 x 1860<\/td>\n<td>775 x 760 x 1860<\/td>\n<\/tr>\n<tr>\n<td>Csomagol\u00e1si m\u00e9retek (WxDxH)<\/td>\n<td>660 x 725 x 2000<\/td>\n<td>660 x 725 x 2000<\/td>\n<td>850 x 790 x 2000<\/td>\n<td>850 x 790 x 2000<\/td>\n<\/tr>\n<tr>\n<td>Sz\u00e9less\u00e9g<\/td>\n<td>457<\/td>\n<td>457<\/td>\n<td>632<\/td>\n<td>632<\/td>\n<\/tr>\n<tr>\n<td>M\u00e9lys\u00e9g<\/td>\n<td>474<\/td>\n<td>474<\/td>\n<td>610<\/td>\n<td>610<\/td>\n<\/tr>\n<tr>\n<td>Magass\u00e1g<\/td>\n<td>1600<\/td>\n<td>1600<\/td>\n<td>1600<\/td>\n<td>1600<\/td>\n<\/tr>\n<tr>\n<td>Min. M\u00e9lys\u00e9g<\/td>\n<td>264<\/td>\n<td>264<\/td>\n<td>400<\/td>\n<td>400<\/td>\n<\/tr>\n<tr>\n<td>Min. Magass\u00e1g<\/td>\n<td>1390<\/td>\n<td>1390<\/td>\n<td>1390<\/td>\n<td>1390<\/td>\n<\/tr>\n<\/tbody>\n<\/table>\n<p>&nbsp;<\/p>\n<table>\n<tbody>\n<tr>\n<td>M\u0171szaki jellemz\u0151k<\/td>\n<td>GN 400 PS TN<\/td>\n<td>GN 400 PS BT<\/td>\n<td>GN 600 PS TN<\/td>\n<td>GN 600 PS BT<\/td>\n<\/tr>\n<tr>\n<td>H\u0151m\u00e9rs\u00e9klet tartom\u00e1ny<\/td>\n<td>0 \u00b0C \/ +10 \u00b0C<\/td>\n<td>-22 \u00b0C \/ -15 \u00b0C<\/td>\n<td>0 \u00b0C \/ +10 \u00b0C<\/td>\n<td>-22 \u00b0C \/ -15 \u00b0C<\/td>\n<\/tr>\n<tr>\n<td>Kl\u00edmaoszt\u00e1ly<\/td>\n<td>4<\/td>\n<td>4<\/td>\n<td>4<\/td>\n<td>4<\/td>\n<\/tr>\n<tr>\n<td>Kapacit\u00e1s<\/td>\n<td>400-as hadnagy<\/td>\n<td>400-as hadnagy<\/td>\n<td>600-as hadnagy<\/td>\n<td>600-as hadnagy<\/td>\n<\/tr>\n<tr>\n<td>Test<\/td>\n<td>El\u0151re festett lemez korr\u00f3zi\u00f3g\u00e1tl\u00f3 kezel\u00e9ssel<\/td>\n<td>El\u0151re festett lemez korr\u00f3zi\u00f3g\u00e1tl\u00f3 kezel\u00e9ssel<\/td>\n<td>El\u0151re festett lemez korr\u00f3zi\u00f3g\u00e1tl\u00f3 kezel\u00e9ssel<\/td>\n<td>El\u0151re festett lemez korr\u00f3zi\u00f3g\u00e1tl\u00f3 kezel\u00e9ssel<\/td>\n<\/tr>\n<tr>\n<td>Bels\u0151 b\u00e9l\u00e9s<\/td>\n<td>ABS<\/td>\n<td>ABS<\/td>\n<td>ABS<\/td>\n<td>ABS<\/td>\n<\/tr>\n<tr>\n<td>Termoszt\u00e1t<\/td>\n<td>Elektronikus<\/td>\n<td>Elektronikus<\/td>\n<td>Elektronikus<\/td>\n<td>Elektronikus<\/td>\n<\/tr>\n<tr>\n<td>Zajszint<\/td>\n<td>dB 43,5<\/td>\n<td>dB 38,7<\/td>\n<td>dB 45,9<\/td>\n<td>dB 38,4<\/td>\n<\/tr>\n<tr>\n<td>T\u00e1vir\u00e1ny\u00edt\u00f3<\/td>\n<td>Opcion\u00e1lis<\/td>\n<td>Opcion\u00e1lis<\/td>\n<td>Opcion\u00e1lis<\/td>\n<td>Opcion\u00e1lis<\/td>\n<\/tr>\n<tr>\n<td>Szigetel\u00e9s vastags\u00e1ga<\/td>\n<td>mm 70<\/td>\n<td>mm 70<\/td>\n<td>mm 70<\/td>\n<td>mm 70<\/td>\n<\/tr>\n<tr>\n<td>Leolvaszt\u00e1s<\/td>\n<td>Automatikus<\/td>\n<td>K\u00e9zi<\/td>\n<td>Automatikus<\/td>\n<td>K\u00e9zi<\/td>\n<\/tr>\n<tr>\n<td>Vil\u00e1g\u00edt\u00e1s<\/td>\n<td>1 v\u00edzszintes led<\/td>\n<td>1 v\u00edzszintes led<\/td>\n<td>1 v\u00edzszintes led<\/td>\n<td>1 v\u00edzszintes led<\/td>\n<\/tr>\n<tr>\n<td>\u00d6nz\u00e1r\u00f3 ajt\u00f3<\/td>\n<td>Igen<\/td>\n<td>Igen<\/td>\n<td>Igen<\/td>\n<td>Igen<\/td>\n<\/tr>\n<tr>\n<td>Lakat \u00e9s kulcs<\/td>\n<td>Igen<\/td>\n<td>Igen<\/td>\n<td>Igen<\/td>\n<td>Igen<\/td>\n<\/tr>\n<tr>\n<td>R Megford\u00edthat\u00f3 ajt\u00f3<\/td>\n<td>Igen<\/td>\n<td>Igen<\/td>\n<td>Igen<\/td>\n<td>Igen<\/td>\n<\/tr>\n<tr>\n<td>Polcok (WxD)<\/td>\n<td>5. sz\u00e1m - mm 476 x 436 + 1. sz\u00e1m - mm 477 x 207<\/td>\n<td>N\u00b0 6 - mm 476 x 436<\/td>\n<td>5. sz\u00e1m - mm 652 x 573 + 1. sz\u00e1m - mm 652 x 347<\/td>\n<td>N\u00b0 6 - mm 652 x 573<\/td>\n<\/tr>\n<tr>\n<td>G\u00f6rg\u0151k - l\u00e1bak<\/td>\n<td>2 l\u00e1b + 2 g\u00f6rg\u0151<\/td>\n<td>2 l\u00e1b + 2 g\u00f6rg\u0151<\/td>\n<td>2 l\u00e1b + 2 g\u00f6rg\u0151<\/td>\n<td>2 l\u00e1b + 2 g\u00f6rg\u0151<\/td>\n<\/tr>\n<tr>\n<td>Ajt\u00f3<\/td>\n<td>ABS<\/td>\n<td>ABS<\/td>\n<td>ABS<\/td>\n<td>ABS<\/td>\n<\/tr>\n<tr>\n<td>Nett\u00f3-brutt\u00f3 s\u00faly<\/td>\n<td>Kg 72 \/ 85<\/td>\n<td>Kg 65 \/ 78<\/td>\n<td>Kg 94 \/ 110<\/td>\n<td>Kg 84 \/ 99<\/td>\n<\/tr>\n<tr>\n<td>Fesz\u00fclts\u00e9g<\/td>\n<td>V 220-240<\/td>\n<td>V 220-240<\/td>\n<td>V 220-240<\/td>\n<td>V 220-240<\/td>\n<\/tr>\n<tr>\n<td>Frekvencia<\/td>\n<td>Hz 50<\/td>\n<td>Hz 50<\/td>\n<td>Hz 50<\/td>\n<td>Hz 50<\/td>\n<\/tr>\n<tr>\n<td>H\u0171t\u0151k\u00f6zeg<\/td>\n<td>R600A<\/td>\n<td>R290<\/td>\n<td>R600A<\/td>\n<td>R290<\/td>\n<\/tr>\n<tr>\n<td>Abszorpci\u00f3<\/td>\n<td>W 176<\/td>\n<td>W 200<\/td>\n<td>W 194<\/td>\n<td>W 260<\/td>\n<\/tr>\n<tr>\n<td>Energiafogyaszt\u00e1s<\/td>\n<td>KwH\/24H 1,374<\/td>\n<td>KwH\/24H 2,933<\/td>\n<td>KwH\/24H 1,709<\/td>\n<td>KwH\/24H 3,695<\/td>\n<\/tr>\n<\/tbody>\n<\/table>","protected":false},"excerpt":{"rendered":"<p>Product Description The GN 400 PS BT is a professional static freezer cabinet designed for restaurants, bars, and catering environments. Built with a pre-painted anti-corrosion steel body and ABS interior, it ensures durability, hygiene, and reliability. Operating between -22\u00b0C and -15\u00b0C, it provides powerful and stable freezing performance. Equipped with an electronic thermostat, manual defrost, [&hellip;]<\/p>\n","protected":false},"featured_media":12224,"comment_status":"open","ping_status":"closed","template":"","meta":[],"product_brand":[],"product_cat":[51],"product_tag":[],"class_list":{"0":"post-12232","1":"product","2":"type-product","3":"status-publish","4":"has-post-thumbnail","6":"product_cat-kitchen-catering-cooling","8":"first","9":"instock","10":"shipping-taxable","11":"product-type-simple"},"_links":{"self":[{"href":"https:\/\/dersuessestopp.com\/hu\/wp-json\/wp\/v2\/product\/12232","targetHints":{"allow":["GET"]}}],"collection":[{"href":"https:\/\/dersuessestopp.com\/hu\/wp-json\/wp\/v2\/product"}],"about":[{"href":"https:\/\/dersuessestopp.com\/hu\/wp-json\/wp\/v2\/types\/product"}],"replies":[{"embeddable":true,"href":"https:\/\/dersuessestopp.com\/hu\/wp-json\/wp\/v2\/comments?post=12232"}],"version-history":[{"count":2,"href":"https:\/\/dersuessestopp.com\/hu\/wp-json\/wp\/v2\/product\/12232\/revisions"}],"predecessor-version":[{"id":12238,"href":"https:\/\/dersuessestopp.com\/hu\/wp-json\/wp\/v2\/product\/12232\/revisions\/12238"}],"wp:featuredmedia":[{"embeddable":true,"href":"https:\/\/dersuessestopp.com\/hu\/wp-json\/wp\/v2\/media\/12224"}],"wp:attachment":[{"href":"https:\/\/dersuessestopp.com\/hu\/wp-json\/wp\/v2\/media?parent=12232"}],"wp:term":[{"taxonomy":"product_brand","embeddable":true,"href":"https:\/\/dersuessestopp.com\/hu\/wp-json\/wp\/v2\/product_brand?post=12232"},{"taxonomy":"product_cat","embeddable":true,"href":"https:\/\/dersuessestopp.com\/hu\/wp-json\/wp\/v2\/product_cat?post=12232"},{"taxonomy":"product_tag","embeddable":true,"href":"https:\/\/dersuessestopp.com\/hu\/wp-json\/wp\/v2\/product_tag?post=12232"}],"curies":[{"name":"wp","href":"https:\/\/api.w.org\/{rel}","templated":true}]}}