{"id":12208,"date":"2025-10-09T02:36:39","date_gmt":"2025-10-09T02:36:39","guid":{"rendered":"https:\/\/dersuessestopp.com\/?post_type=product&#038;p=12208"},"modified":"2025-10-09T02:36:39","modified_gmt":"2025-10-09T02:36:39","slug":"gn-200-g-bt-blk","status":"publish","type":"product","link":"https:\/\/dersuessestopp.com\/hu\/product\/gn-200-g-bt-blk\/","title":{"rendered":"GN 200 G BT BLK"},"content":{"rendered":"<h2><img decoding=\"async\" src=\"https:\/\/customer.klimaitalia.it\/api\/file\/image\/13156\" \/><\/h2>\n<h2>Term\u00e9k le\u00edr\u00e1sa<\/h2>\n<p>A <strong data-start=\"203\" data-end=\"222\">GN 200 G BT BLK<\/strong> egy eleg\u00e1ns <strong data-start=\"236\" data-end=\"262\">kompakt statikus fagyaszt\u00f3<\/strong> egy <strong data-start=\"270\" data-end=\"289\">teljes \u00fcvegajt\u00f3<\/strong>, ide\u00e1lis fagyasztott term\u00e9kek bemutat\u00e1s\u00e1ra b\u00e1rokban, \u00e9ttermekben \u00e9s vend\u00e9gl\u00e1t\u00f3ipari k\u00f6rnyezetben. \u00c9p\u00edtett <strong data-start=\"390\" data-end=\"435\">el\u0151re festett korr\u00f3zi\u00f3\u00e1ll\u00f3 ac\u00e9l k\u00fcls\u0151 bor\u00edt\u00e1ssal<\/strong> \u00e9s <strong data-start=\"440\" data-end=\"456\">ABS bels\u0151 t\u00e9r<\/strong>, tart\u00f3ss\u00e1got \u00e9s kiv\u00e1l\u00f3 l\u00e1that\u00f3s\u00e1got biztos\u00edt. M\u0171k\u00f6d\u00e9s a <strong data-start=\"523\" data-end=\"542\">-20\u00b0C \u00e9s -15\u00b0C<\/strong>, stabil fagyaszt\u00e1si teljes\u00edtm\u00e9nyt biztos\u00edt hat\u00e9kony energiafelhaszn\u00e1l\u00e1s mellett. Jellemz\u0151k <strong data-start=\"628\" data-end=\"644\">LED vil\u00e1g\u00edt\u00e1s<\/strong>, <strong data-start=\"646\" data-end=\"671\">elektronikus termoszt\u00e1t<\/strong>, <strong data-start=\"673\" data-end=\"691\">k\u00e9zi leolvaszt\u00e1s<\/strong>, \u00e9s egy <strong data-start=\"699\" data-end=\"730\">\u00f6nz\u00e1r\u00f3 ajt\u00f3 z\u00e1rral<\/strong> a szakmai megb\u00edzhat\u00f3s\u00e1g \u00e9rdek\u00e9ben.<\/p>\n<h2>M\u0171szaki specifik\u00e1ci\u00f3k<\/h2>\n<table>\n<tbody>\n<tr>\n<td>M\u00e9retek mm<\/td>\n<td>GN 200 PS BT<\/td>\n<td>GN 200 G BT BLK<\/td>\n<\/tr>\n<tr>\n<td>K\u00fcls\u0151 m\u00e9retek (WxDxH)<\/td>\n<td>600 x 625 x 850<\/td>\n<td>600 x 625 x 850<\/td>\n<\/tr>\n<tr>\n<td>Csomagol\u00e1si m\u00e9retek (WxDxH)<\/td>\n<td>660 x 725 x 1000<\/td>\n<td>660 x 725 x 1000<\/td>\n<\/tr>\n<tr>\n<td>Sz\u00e9less\u00e9g<\/td>\n<td>457<\/td>\n<td>457<\/td>\n<\/tr>\n<tr>\n<td>M\u00e9lys\u00e9g<\/td>\n<td>474<\/td>\n<td>474<\/td>\n<\/tr>\n<tr>\n<td>Magass\u00e1g<\/td>\n<td>600<\/td>\n<td>600<\/td>\n<\/tr>\n<tr>\n<td>Min. M\u00e9lys\u00e9g<\/td>\n<td>264<\/td>\n<td>264<\/td>\n<\/tr>\n<tr>\n<td>Min. Magass\u00e1g<\/td>\n<td>390<\/td>\n<td>390<\/td>\n<\/tr>\n<\/tbody>\n<\/table>\n<p>&nbsp;<\/p>\n<table>\n<tbody>\n<tr>\n<td>\u00a0M\u0171szaki jellemz\u0151k<\/td>\n<td>GN 200 PS BT<\/td>\n<td>GN 200 G BT BLK<\/td>\n<\/tr>\n<tr>\n<td>H\u0151m\u00e9rs\u00e9klet tartom\u00e1ny<\/td>\n<td>-22 \u00b0C \/ -15 \u00b0C<\/td>\n<td>-20 \u00b0C \/ -15 \u00b0C<\/td>\n<\/tr>\n<tr>\n<td>Kl\u00edmaoszt\u00e1ly<\/td>\n<td>4<\/td>\n<td>3, 4<\/td>\n<\/tr>\n<tr>\n<td>Kapacit\u00e1s<\/td>\n<td>200-as hadnagy<\/td>\n<td>200-as hadnagy<\/td>\n<\/tr>\n<tr>\n<td>Test<\/td>\n<td>\u00a0El\u0151re festett lemez korr\u00f3zi\u00f3g\u00e1tl\u00f3 kezel\u00e9ssel<\/td>\n<td>LP\u00fajrafestett lemez korr\u00f3zi\u00f3g\u00e1tl\u00f3 kezel\u00e9ssel, teljes \u00fcvegajt\u00f3.<\/td>\n<\/tr>\n<tr>\n<td>Bels\u0151 b\u00e9l\u00e9s<\/td>\n<td>ABS<\/td>\n<td>ABS<\/td>\n<\/tr>\n<tr>\n<td>Termoszt\u00e1t<\/td>\n<td>Elektronikus<\/td>\n<td>Elektronikus<\/td>\n<\/tr>\n<tr>\n<td>Zajszint<\/td>\n<td>dB 46<\/td>\n<td>dB 44<\/td>\n<\/tr>\n<tr>\n<td>T\u00e1vir\u00e1ny\u00edt\u00f3<\/td>\n<td>Opcion\u00e1lis<\/td>\n<td>Opcion\u00e1lis<\/td>\n<\/tr>\n<tr>\n<td>Szigetel\u00e9s vastags\u00e1ga<\/td>\n<td>mm 70<\/td>\n<td>mm 70<\/td>\n<\/tr>\n<tr>\n<td>Leolvaszt\u00e1s<\/td>\n<td>K\u00e9zi<\/td>\n<td>K\u00e9zi<\/td>\n<\/tr>\n<tr>\n<td>Vil\u00e1g\u00edt\u00e1s<\/td>\n<td>1 v\u00edzszintes led 6w<\/td>\n<td>2 f\u00fcgg\u0151leges led 6w+6w<\/td>\n<\/tr>\n<tr>\n<td>\u00d6nz\u00e1r\u00f3 ajt\u00f3<\/td>\n<td>Igen<\/td>\n<td>Igen<\/td>\n<\/tr>\n<tr>\n<td>Lakat \u00e9s kulcs<\/td>\n<td>Igen<\/td>\n<td>Igen<\/td>\n<\/tr>\n<tr>\n<td>\u00a0Megford\u00edthat\u00f3 ajt\u00f3<\/td>\n<td>Igen<\/td>\n<td>&#8211;<\/td>\n<\/tr>\n<tr>\n<td>Polcok (WxD)<\/td>\n<td>N\u00b0 2 - mm 476 x 436 1 fix p\u00e1rologtat\u00f3 polc + 1 kivehet\u0151 polc<\/td>\n<td>N\u00b0 2 - mm 476 x 436 \/ 1 fix p\u00e1rologtat\u00f3 polc + 1 kivehet\u0151 polc<\/td>\n<\/tr>\n<tr>\n<td>\u00a0G\u00f6rg\u0151k - l\u00e1bak<\/td>\n<td>2 l\u00e1b + 2 g\u00f6rg\u0151<\/td>\n<td>2 l\u00e1b + 2 g\u00f6rg\u0151<\/td>\n<\/tr>\n<tr>\n<td>Ajt\u00f3<\/td>\n<td>ABS<\/td>\n<td>\u00dcveg<\/td>\n<\/tr>\n<tr>\n<td>Nett\u00f3-brutt\u00f3 s\u00faly<\/td>\n<td>Kg 36 \/ 39<\/td>\n<td>Kg 47 \/ 51<\/td>\n<\/tr>\n<tr>\n<td>Fesz\u00fclts\u00e9g<\/td>\n<td>V 220-240<\/td>\n<td>V 220-240<\/td>\n<\/tr>\n<tr>\n<td>Frekvencia<\/td>\n<td>Hz 50<\/td>\n<td>Hz 50<\/td>\n<\/tr>\n<tr>\n<td>H\u0171t\u0151k\u00f6zeg<\/td>\n<td>R600A<\/td>\n<td>R290<\/td>\n<\/tr>\n<tr>\n<td>Abszorpci\u00f3<\/td>\n<td>W 130<\/td>\n<td>W 190<\/td>\n<\/tr>\n<tr>\n<td>Energiafogyaszt\u00e1s<\/td>\n<td>KwH\/24H 2,12<\/td>\n<td>KwH\/24H 3,75<\/td>\n<\/tr>\n<\/tbody>\n<\/table>","protected":false},"excerpt":{"rendered":"<p>Product Description The GN 200 G BT BLK is a stylish compact static freezer with a full glass door, ideal for displaying frozen products in bars, restaurants, and catering environments. Built with a pre-painted anti-corrosion steel exterior and ABS interior, it offers durability and excellent visibility. Operating between -20\u00b0C and -15\u00b0C, it provides stable freezing [&hellip;]<\/p>\n","protected":false},"featured_media":12210,"comment_status":"open","ping_status":"closed","template":"","meta":[],"product_brand":[],"product_cat":[51],"product_tag":[],"class_list":{"0":"post-12208","1":"product","2":"type-product","3":"status-publish","4":"has-post-thumbnail","6":"product_cat-kitchen-catering-cooling","8":"first","9":"instock","10":"shipping-taxable","11":"product-type-simple"},"_links":{"self":[{"href":"https:\/\/dersuessestopp.com\/hu\/wp-json\/wp\/v2\/product\/12208","targetHints":{"allow":["GET"]}}],"collection":[{"href":"https:\/\/dersuessestopp.com\/hu\/wp-json\/wp\/v2\/product"}],"about":[{"href":"https:\/\/dersuessestopp.com\/hu\/wp-json\/wp\/v2\/types\/product"}],"replies":[{"embeddable":true,"href":"https:\/\/dersuessestopp.com\/hu\/wp-json\/wp\/v2\/comments?post=12208"}],"version-history":[{"count":1,"href":"https:\/\/dersuessestopp.com\/hu\/wp-json\/wp\/v2\/product\/12208\/revisions"}],"predecessor-version":[{"id":12211,"href":"https:\/\/dersuessestopp.com\/hu\/wp-json\/wp\/v2\/product\/12208\/revisions\/12211"}],"wp:featuredmedia":[{"embeddable":true,"href":"https:\/\/dersuessestopp.com\/hu\/wp-json\/wp\/v2\/media\/12210"}],"wp:attachment":[{"href":"https:\/\/dersuessestopp.com\/hu\/wp-json\/wp\/v2\/media?parent=12208"}],"wp:term":[{"taxonomy":"product_brand","embeddable":true,"href":"https:\/\/dersuessestopp.com\/hu\/wp-json\/wp\/v2\/product_brand?post=12208"},{"taxonomy":"product_cat","embeddable":true,"href":"https:\/\/dersuessestopp.com\/hu\/wp-json\/wp\/v2\/product_cat?post=12208"},{"taxonomy":"product_tag","embeddable":true,"href":"https:\/\/dersuessestopp.com\/hu\/wp-json\/wp\/v2\/product_tag?post=12208"}],"curies":[{"name":"wp","href":"https:\/\/api.w.org\/{rel}","templated":true}]}}