{"id":12178,"date":"2025-10-09T02:27:41","date_gmt":"2025-10-09T02:27:41","guid":{"rendered":"https:\/\/dersuessestopp.com\/?post_type=product&#038;p=12178"},"modified":"2025-10-09T02:27:41","modified_gmt":"2025-10-09T02:27:41","slug":"axf-700-tng","status":"publish","type":"product","link":"https:\/\/dersuessestopp.com\/hu\/product\/axf-700-tng\/","title":{"rendered":"AXF 700 TNG"},"content":{"rendered":"<p><img decoding=\"async\" src=\"https:\/\/customer.klimaitalia.it\/api\/file\/image\/8265\" \/><\/p>\n<p>&nbsp;<\/p>\n<h2>Term\u00e9k le\u00edr\u00e1sa<\/h2>\n<p>A <strong data-start=\"209\" data-end=\"224\">AXF 700 TNG<\/strong> hivat\u00e1sos <strong data-start=\"243\" data-end=\"294\">szell\u0151ztetett rozsdamentes ac\u00e9l h\u0171t\u0151szekr\u00e9ny<\/strong> egy <strong data-start=\"302\" data-end=\"316\">\u00fcvegajt\u00f3<\/strong>, t\u00f6k\u00e9letes \u00e9ttermekbe, b\u00e1rokba \u00e9s vend\u00e9gl\u00e1t\u00f3ipari k\u00f6rnyezetbe. \u00c9p\u00fclt <strong data-start=\"387\" data-end=\"415\">AISI 304 rozsdamentes ac\u00e9l<\/strong>, biztos\u00edtja a tart\u00f3ss\u00e1got, a higi\u00e9ni\u00e1t \u00e9s az eleg\u00e1ns megjelen\u00edt\u00e9st. M\u0171k\u00f6d\u00e9s a <strong data-start=\"491\" data-end=\"508\">+2\u00b0C \u00e9s +8\u00b0C<\/strong>, hat\u00e9kony \u00e9s egyenletes h\u0171t\u00e9st biztos\u00edt. Felszerelve <strong data-start=\"567\" data-end=\"583\">LED vil\u00e1g\u00edt\u00e1s<\/strong>, <strong data-start=\"585\" data-end=\"606\">l\u00e1gyan z\u00e1r\u00f3d\u00f3 ajt\u00f3<\/strong>, <strong data-start=\"608\" data-end=\"629\">automatikus leolvaszt\u00e1s<\/strong>, \u00e9s <strong data-start=\"635\" data-end=\"660\">elektronikus termoszt\u00e1t<\/strong>, teljes\u00edtm\u00e9nyt, st\u00edlust \u00e9s k\u00e9nyelmet k\u00edn\u00e1l.<\/p>\n<h2>M\u0171szaki specifik\u00e1ci\u00f3k<\/h2>\n<table>\n<tbody>\n<tr>\n<td>\u00a0M\u00e9retek mm<\/td>\n<td>AXF 700 TN<\/td>\n<td>AXF 700 TNG<\/td>\n<td>AXF 700 BT<\/td>\n<td>AXF 700 BTG<\/td>\n<\/tr>\n<tr>\n<td>K\u00fcls\u0151 m\u00e9retek (WxDxH)<\/td>\n<td>740 x 830 x 2010*<\/td>\n<td>740 x 830 x 2010*<\/td>\n<td>740 x 830 x 2010*<\/td>\n<td>680 x 845 x 2000*<\/td>\n<\/tr>\n<tr>\n<td>Csomagol\u00e1si m\u00e9retek (WxDxH)<\/td>\n<td>765 x 855 x 2070<\/td>\n<td>765 x 855 x 2070<\/td>\n<td>765 x 855 x 2070<\/td>\n<td>710 x 875 x 2050<\/td>\n<\/tr>\n<tr>\n<td>Sz\u00e9less\u00e9g<\/td>\n<td>624<\/td>\n<td>624<\/td>\n<td>624<\/td>\n<td>560<\/td>\n<\/tr>\n<tr>\n<td>M\u00e9lys\u00e9g<\/td>\n<td>700<\/td>\n<td>700<\/td>\n<td>700<\/td>\n<td>680<\/td>\n<\/tr>\n<tr>\n<td>Magass\u00e1g<\/td>\n<td>1410<\/td>\n<td>1410<\/td>\n<td>1410<\/td>\n<td>1380<\/td>\n<\/tr>\n<tr>\n<td colspan=\"5\">Az egys\u00e9gek teljes magass\u00e1ga mag\u00e1ban foglalja a minim\u00e1lis magass\u00e1gi szinthez igaz\u00edtott l\u00e1bakat is.<\/td>\n<\/tr>\n<\/tbody>\n<\/table>\n<p>&nbsp;<\/p>\n<table>\n<tbody>\n<tr>\n<td>\u00a0M\u0171szaki jellemz\u0151k<\/td>\n<td>AXF 700 TN<\/td>\n<td>AXF 700 TNG<\/td>\n<td>AXF 700 BT<\/td>\n<td>AXF 700 BTG<\/td>\n<\/tr>\n<tr>\n<td>H\u0151m\u00e9rs\u00e9klet tartom\u00e1ny<\/td>\n<td>-2 \u00b0C \/ +8 \u00b0C<\/td>\n<td>+2 \u00b0C \/ +8 \u00b0C<\/td>\n<td>-22 \u00b0C \/ -18 \u00b0C<\/td>\n<td>-22 \u00b0C \/ -18 \u00b0C<\/td>\n<\/tr>\n<tr>\n<td>Kl\u00edmaoszt\u00e1ly<\/td>\n<td>5<\/td>\n<td>4<\/td>\n<td>4<\/td>\n<td>4<\/td>\n<\/tr>\n<tr>\n<td>Nett\u00f3-brutt\u00f3 volumen<\/td>\n<td>427 \/ 685 hadnagy<\/td>\n<td>416 \/ 685 hadnagy<\/td>\n<td>427 \/ 685 hadnagy<\/td>\n<td>339 \/ 537 hadnagy<\/td>\n<\/tr>\n<tr>\n<td>Test<\/td>\n<td colspan=\"2\">AISI 304 rozsdamentes ac\u00e9l<\/td>\n<td colspan=\"2\">AISI 304 rozsdamentes ac\u00e9l<\/td>\n<\/tr>\n<tr>\n<td>Ajt\u00f3<\/td>\n<td>&#8211;<\/td>\n<td>\u00dcveg<\/td>\n<td>&#8211;<\/td>\n<td>\u00dcveg<\/td>\n<\/tr>\n<tr>\n<td>Bels\u0151 b\u00e9l\u00e9s<\/td>\n<td colspan=\"2\">AISI 304 rozsdamentes ac\u00e9l<\/td>\n<td colspan=\"2\">AISI 304 rozsdamentes ac\u00e9l<\/td>\n<\/tr>\n<tr>\n<td>Termoszt\u00e1t<\/td>\n<td colspan=\"2\">Elektronikus<\/td>\n<td colspan=\"2\">Elektronikus<\/td>\n<\/tr>\n<tr>\n<td>Zajszint<\/td>\n<td>dB 52<\/td>\n<td>dB 52<\/td>\n<td>dB 48<\/td>\n<td>dB 52<\/td>\n<\/tr>\n<tr>\n<td>T\u00e1vir\u00e1ny\u00edt\u00f3<\/td>\n<td>Opcion\u00e1lis<\/td>\n<td>Opcion\u00e1lis<\/td>\n<td>Opcion\u00e1lis<\/td>\n<td>Opcion\u00e1lis<\/td>\n<\/tr>\n<tr>\n<td>Szigetel\u00e9s vastags\u00e1ga<\/td>\n<td>mm 60<\/td>\n<td>mm 60<\/td>\n<td>mm 60<\/td>\n<td>mm 60<\/td>\n<\/tr>\n<tr>\n<td>Leolvaszt\u00e1s<\/td>\n<td colspan=\"2\">Automatikus elektromos f\u0171t\u0151berendez\u00e9ssel<\/td>\n<td colspan=\"2\">Automatikus elektromos f\u0171t\u0151berendez\u00e9ssel<\/td>\n<\/tr>\n<tr>\n<td>H\u0171t\u0151rendszer<\/td>\n<td colspan=\"2\">Mennyezeti elp\u00e1rologtat\u00f3<\/td>\n<td colspan=\"2\">Mennyezeti elp\u00e1rologtat\u00f3<\/td>\n<\/tr>\n<tr>\n<td>Vil\u00e1g\u00edt\u00e1s<\/td>\n<td>Led 220 \/ 0,6 W<\/td>\n<td>Led 24V \/ 2,7 W<\/td>\n<td>Led 220 \/ 0,6 W<\/td>\n<td>Led 24V \/ 2,7 W<\/td>\n<\/tr>\n<tr>\n<td>\u00d6nz\u00e1r\u00f3 ajt\u00f3<\/td>\n<td colspan=\"2\">L\u00e1gy z\u00e1r\u00e1s<\/td>\n<td colspan=\"2\">L\u00e1gy z\u00e1r\u00e1s<\/td>\n<\/tr>\n<tr>\n<td>Lakat \u00e9s kulcs<\/td>\n<td>Igen<\/td>\n<td>Igen<\/td>\n<td>Igen<\/td>\n<td>Igen<\/td>\n<\/tr>\n<tr>\n<td>\u00a0Megford\u00edthat\u00f3 ajt\u00f3<\/td>\n<td>Igen<\/td>\n<td>&#8211;<\/td>\n<td>Igen<\/td>\n<td>&#8211;<\/td>\n<\/tr>\n<tr>\n<td>Polcok (WxD)<\/td>\n<td colspan=\"2\">3. sz\u00e1m - mm 534 x 650 + 1. sz\u00e1m - mm 536 x 650<\/td>\n<td>3. sz\u00e1m - mm 534 x 650 + 1. sz\u00e1m - mm 536 x 650<\/td>\n<td>3. sz\u00e1m - mm 534 x 640 + 1. sz\u00e1m - mm 525 x 630<\/td>\n<\/tr>\n<tr>\n<td>G\u00f6rg\u0151k - l\u00e1bak<\/td>\n<td colspan=\"2\">4 l\u00e1b<\/td>\n<td colspan=\"2\">4 l\u00e1b<\/td>\n<\/tr>\n<tr>\n<td>G\u00f6rg\u0151k<\/td>\n<td colspan=\"2\">V\u00e1laszthat\u00f3 - h mm 140<\/td>\n<td colspan=\"2\">V\u00e1laszthat\u00f3 - h mm 140<\/td>\n<\/tr>\n<tr>\n<td>Nett\u00f3-brutt\u00f3 s\u00faly<\/td>\n<td>Kg 134 \/ 143<\/td>\n<td>Kg 138 \/ 147<\/td>\n<td>Kg 138 \/ 147<\/td>\n<td>Kg 148 \/ 158<\/td>\n<\/tr>\n<tr>\n<td>Fesz\u00fclts\u00e9g<\/td>\n<td>V 220-240<\/td>\n<td>V 220-240<\/td>\n<td>V 220-240<\/td>\n<td>V 220-240<\/td>\n<\/tr>\n<tr>\n<td>Frekvencia<\/td>\n<td>Hz 50<\/td>\n<td>Hz 50<\/td>\n<td>Hz 50<\/td>\n<td>Hz 50<\/td>\n<\/tr>\n<tr>\n<td>H\u0171t\u0151k\u00f6zeg<\/td>\n<td>R600 \/ R290<\/td>\n<td>R290<\/td>\n<td>R290<\/td>\n<td>R290<\/td>\n<\/tr>\n<tr>\n<td>Abszorpci\u00f3<\/td>\n<td>W 250<\/td>\n<td>W 315<\/td>\n<td>W 500<\/td>\n<td>W 610<\/td>\n<\/tr>\n<tr>\n<td>Energiafogyaszt\u00e1s<\/td>\n<td>KwH\/24H 1,536<\/td>\n<td>KwH\/24H 2,596<\/td>\n<td>KwH\/24H 6,57<\/td>\n<td>KwH\/24H 8,279<\/td>\n<\/tr>\n<\/tbody>\n<\/table>","protected":false},"excerpt":{"rendered":"<p>&nbsp; Product Description The AXF 700 TNG is a professional ventilated stainless steel refrigerator cabinet with a glass door, perfect for restaurants, bars, and catering environments. Built from AISI 304 stainless steel, it ensures durability, hygiene, and an elegant display. Operating between +2\u00b0C and +8\u00b0C, it provides efficient and uniform cooling. Equipped with LED lighting, [&hellip;]<\/p>\n","protected":false},"featured_media":12180,"comment_status":"open","ping_status":"closed","template":"","meta":[],"product_brand":[],"product_cat":[51],"product_tag":[],"class_list":{"0":"post-12178","1":"product","2":"type-product","3":"status-publish","4":"has-post-thumbnail","6":"product_cat-kitchen-catering-cooling","8":"first","9":"instock","10":"shipping-taxable","11":"product-type-simple"},"_links":{"self":[{"href":"https:\/\/dersuessestopp.com\/hu\/wp-json\/wp\/v2\/product\/12178","targetHints":{"allow":["GET"]}}],"collection":[{"href":"https:\/\/dersuessestopp.com\/hu\/wp-json\/wp\/v2\/product"}],"about":[{"href":"https:\/\/dersuessestopp.com\/hu\/wp-json\/wp\/v2\/types\/product"}],"replies":[{"embeddable":true,"href":"https:\/\/dersuessestopp.com\/hu\/wp-json\/wp\/v2\/comments?post=12178"}],"version-history":[{"count":1,"href":"https:\/\/dersuessestopp.com\/hu\/wp-json\/wp\/v2\/product\/12178\/revisions"}],"predecessor-version":[{"id":12181,"href":"https:\/\/dersuessestopp.com\/hu\/wp-json\/wp\/v2\/product\/12178\/revisions\/12181"}],"wp:featuredmedia":[{"embeddable":true,"href":"https:\/\/dersuessestopp.com\/hu\/wp-json\/wp\/v2\/media\/12180"}],"wp:attachment":[{"href":"https:\/\/dersuessestopp.com\/hu\/wp-json\/wp\/v2\/media?parent=12178"}],"wp:term":[{"taxonomy":"product_brand","embeddable":true,"href":"https:\/\/dersuessestopp.com\/hu\/wp-json\/wp\/v2\/product_brand?post=12178"},{"taxonomy":"product_cat","embeddable":true,"href":"https:\/\/dersuessestopp.com\/hu\/wp-json\/wp\/v2\/product_cat?post=12178"},{"taxonomy":"product_tag","embeddable":true,"href":"https:\/\/dersuessestopp.com\/hu\/wp-json\/wp\/v2\/product_tag?post=12178"}],"curies":[{"name":"wp","href":"https:\/\/api.w.org\/{rel}","templated":true}]}}