{"id":12171,"date":"2025-10-09T02:24:42","date_gmt":"2025-10-09T02:24:42","guid":{"rendered":"https:\/\/dersuessestopp.com\/?post_type=product&#038;p=12171"},"modified":"2025-10-09T02:49:41","modified_gmt":"2025-10-09T02:49:41","slug":"12171","status":"publish","type":"product","link":"https:\/\/dersuessestopp.com\/hu\/product\/12171\/","title":{"rendered":"GN 1410 BT"},"content":{"rendered":"<h2 class=\"elementor-heading-title elementor-size-default\">Term\u00e9kle\u00edr\u00e1s<\/h2>\n<p>A <strong data-start=\"230\" data-end=\"244\">GN 1410 BT<\/strong> hivat\u00e1sos <strong data-start=\"263\" data-end=\"321\">k\u00e9tajt\u00f3s szell\u0151ztethet\u0151 rozsdamentes ac\u00e9l fagyaszt\u00f3szekr\u00e9ny<\/strong> egy <strong data-start=\"329\" data-end=\"364\">nagy, 1400 literes brutt\u00f3 kapacit\u00e1s<\/strong>, ide\u00e1lis \u00e9ttermek, sz\u00e1llod\u00e1k \u00e9s vend\u00e9gl\u00e1t\u00f3ipari konyh\u00e1k sz\u00e1m\u00e1ra. Tart\u00f3s anyagb\u00f3l k\u00e9sz\u00fclt <strong data-start=\"438\" data-end=\"466\">AISI 201 rozsdamentes ac\u00e9l<\/strong>, higi\u00e9ni\u00e1t, szil\u00e1rds\u00e1got \u00e9s megb\u00edzhat\u00f3s\u00e1got biztos\u00edt. M\u0171k\u00f6d\u00e9s k\u00f6z\u00f6tt <strong data-start=\"533\" data-end=\"552\">-22\u00b0C \u00e9s -15\u00b0C<\/strong>, er\u0151teljes fagyaszt\u00e1st \u00e9s stabil h\u0151m\u00e9rs\u00e9klet-szab\u00e1lyoz\u00e1st biztos\u00edt. Felszerelve <strong data-start=\"628\" data-end=\"650\">l\u00e1gyan z\u00e1r\u00f3d\u00f3 ajt\u00f3k<\/strong>, <strong data-start=\"652\" data-end=\"673\">automatikus leolvaszt\u00e1s<\/strong>, \u00e9s <strong data-start=\"679\" data-end=\"705\">hat \u00e1ll\u00edthat\u00f3 polc<\/strong>, hat\u00e9kony \u00e9s hossz\u00fa t\u00e1v\u00fa haszn\u00e1latra k\u00e9sz\u00fclt ig\u00e9nyes professzion\u00e1lis k\u00f6rnyezetben.<\/p>\n<h2>M\u0171szaki specifik\u00e1ci\u00f3k<\/h2>\n<table>\n<tbody>\n<tr>\n<td colspan=\"2\">M\u0170SZAKI INFORM\u00c1CI\u00d3K<\/td>\n<td><\/td>\n<\/tr>\n<tr>\n<td>Modell<\/td>\n<td>GN 1410 TN<\/td>\n<td>GN 1410 BT<\/td>\n<\/tr>\n<tr>\n<td>H\u0151m\u00e9rs\u00e9klet-tartom\u00e1ny<\/td>\n<td>2\u00b0C\/8\u00b0C<\/td>\n<td>- 22\u00b0C\/- 15\u00b0C<\/td>\n<\/tr>\n<tr>\n<td>K\u00fcls\u0151 m\u00e9retek WxDxH<\/td>\n<td>1480x830x2010 mm<\/td>\n<td>1480x830x2010 mm<\/td>\n<\/tr>\n<tr>\n<td>\u00a0Csomagol\u00e1si m\u00e9retek BxTxH<\/td>\n<td>1511x861x2055 mm<\/td>\n<td>1511x861x2055 mm<\/td>\n<\/tr>\n<tr>\n<td>Bels\u0151 m\u00e9retek WxDxH<\/td>\n<td>1364x702x1414 mm<\/td>\n<td>1364x702x1414 mm<\/td>\n<\/tr>\n<tr>\n<td>Nett\u00f3 mennyis\u00e9g<\/td>\n<td>1035\/1300<\/td>\n<td>1035\/1300<\/td>\n<\/tr>\n<tr>\n<td>Nett\u00f3 s\u00faly<\/td>\n<td>174\/220 kg<\/td>\n<td>177\/223 kg<\/td>\n<\/tr>\n<tr>\n<td>Test<\/td>\n<td>AISI 201 rozsdamentes ac\u00e9l<\/td>\n<td>AISI 201 rozsdamentes ac\u00e9l<\/td>\n<\/tr>\n<tr>\n<td>Bels\u0151 b\u00e9l\u00e9s<\/td>\n<td>AISI 201 rozsdamentes ac\u00e9l<\/td>\n<td>AISI 201 rozsdamentes ac\u00e9l<\/td>\n<\/tr>\n<tr>\n<td>Polcok<\/td>\n<td>Polcok 530\u00d7650 mm<\/td>\n<td>Polcok 530\u00d7650 mm<\/td>\n<\/tr>\n<tr>\n<td>G\u00f6rg\u0151k \u00e9s l\u00e1bak<\/td>\n<td>4 l\u00e1b<\/td>\n<td>4 l\u00e1b<\/td>\n<\/tr>\n<tr>\n<td>Lakat \u00e9s kulcs<\/td>\n<td>Igen<\/td>\n<td>Igen<\/td>\n<\/tr>\n<tr>\n<td>\u00d6nz\u00e1r\u00f3 ajt\u00f3<\/td>\n<td>L\u00e1gy z\u00e1r\u00e1s<\/td>\n<td>L\u00e1gy z\u00e1r\u00e1s<\/td>\n<\/tr>\n<tr>\n<td>H\u0171t\u0151rendszer<\/td>\n<td>\u00a0Mennyezeti szell\u0151ztet\u00e9s\u0171 elp\u00e1rologtat\u00f3<\/td>\n<td>Mennyezeti szell\u0151ztet\u00e9s\u0171 elp\u00e1rologtat\u00f3<\/td>\n<\/tr>\n<tr>\n<td>H\u0171t\u0151k\u00f6zeg<\/td>\n<td>R 290<\/td>\n<td>R 290<\/td>\n<\/tr>\n<tr>\n<td>Szigetel\u00e9s vastags\u00e1ga<\/td>\n<td>60 mm<\/td>\n<td>60 mm<\/td>\n<\/tr>\n<tr>\n<td>\u00a0Frekvencia\/Fesz\u00fclts\u00e9g<\/td>\n<td>50 Hz\/220 V<\/td>\n<td>50 Hz\/220 V<\/td>\n<\/tr>\n<tr>\n<td>Kl\u00edmaoszt\u00e1ly<\/td>\n<td>4<\/td>\n<td>4<\/td>\n<\/tr>\n<tr>\n<td>Abszorpci\u00f3<\/td>\n<td>500 W<\/td>\n<td>720 W<\/td>\n<\/tr>\n<tr>\n<td>Energiafogyaszt\u00e1s<\/td>\n<td>KwH\/24 H 4,18<\/td>\n<td>KwH\/24 H 13,61<\/td>\n<\/tr>\n<\/tbody>\n<\/table>","protected":false},"excerpt":{"rendered":"<p>Product description The GN 1410 BT is a professional double-door ventilated stainless steel freezer cabinet with a large 1400-liter gross capacity, ideal for restaurants, hotels, and catering kitchens. Made from durable AISI 201 stainless steel, it ensures hygiene, strength, and reliability. Operating between -22\u00b0C and -15\u00b0C, it offers powerful freezing and stable temperature control. Equipped [&hellip;]<\/p>\n","protected":false},"featured_media":12152,"comment_status":"open","ping_status":"closed","template":"","meta":[],"product_brand":[],"product_cat":[51],"product_tag":[],"class_list":{"0":"post-12171","1":"product","2":"type-product","3":"status-publish","4":"has-post-thumbnail","6":"product_cat-kitchen-catering-cooling","8":"first","9":"instock","10":"shipping-taxable","11":"product-type-simple"},"_links":{"self":[{"href":"https:\/\/dersuessestopp.com\/hu\/wp-json\/wp\/v2\/product\/12171","targetHints":{"allow":["GET"]}}],"collection":[{"href":"https:\/\/dersuessestopp.com\/hu\/wp-json\/wp\/v2\/product"}],"about":[{"href":"https:\/\/dersuessestopp.com\/hu\/wp-json\/wp\/v2\/types\/product"}],"replies":[{"embeddable":true,"href":"https:\/\/dersuessestopp.com\/hu\/wp-json\/wp\/v2\/comments?post=12171"}],"version-history":[{"count":2,"href":"https:\/\/dersuessestopp.com\/hu\/wp-json\/wp\/v2\/product\/12171\/revisions"}],"predecessor-version":[{"id":12260,"href":"https:\/\/dersuessestopp.com\/hu\/wp-json\/wp\/v2\/product\/12171\/revisions\/12260"}],"wp:featuredmedia":[{"embeddable":true,"href":"https:\/\/dersuessestopp.com\/hu\/wp-json\/wp\/v2\/media\/12152"}],"wp:attachment":[{"href":"https:\/\/dersuessestopp.com\/hu\/wp-json\/wp\/v2\/media?parent=12171"}],"wp:term":[{"taxonomy":"product_brand","embeddable":true,"href":"https:\/\/dersuessestopp.com\/hu\/wp-json\/wp\/v2\/product_brand?post=12171"},{"taxonomy":"product_cat","embeddable":true,"href":"https:\/\/dersuessestopp.com\/hu\/wp-json\/wp\/v2\/product_cat?post=12171"},{"taxonomy":"product_tag","embeddable":true,"href":"https:\/\/dersuessestopp.com\/hu\/wp-json\/wp\/v2\/product_tag?post=12171"}],"curies":[{"name":"wp","href":"https:\/\/api.w.org\/{rel}","templated":true}]}}