{"id":12139,"date":"2025-10-09T02:14:33","date_gmt":"2025-10-09T02:14:33","guid":{"rendered":"https:\/\/dersuessestopp.com\/?post_type=product&#038;p=12139"},"modified":"2025-10-09T02:14:33","modified_gmt":"2025-10-09T02:14:33","slug":"gn-650-tn","status":"publish","type":"product","link":"https:\/\/dersuessestopp.com\/hu\/product\/gn-650-tn\/","title":{"rendered":"GN 650 TN"},"content":{"rendered":"<p>&nbsp;<\/p>\n<h2>Term\u00e9k le\u00edr\u00e1sa<\/h2>\n<p>A <strong data-start=\"218\" data-end=\"231\">GN 650 TN<\/strong> hivat\u00e1sos <strong data-start=\"250\" data-end=\"301\">szell\u0151ztetett rozsdamentes ac\u00e9l h\u0171t\u0151szekr\u00e9ny<\/strong> egy <strong data-start=\"309\" data-end=\"337\">700 liter brutt\u00f3 kapacit\u00e1s<\/strong>, ide\u00e1lis \u00e9ttermek, vend\u00e9gl\u00e1t\u00f3ipari konyh\u00e1k \u00e9s \u00e9lelmiszerrakt\u00e1rak sz\u00e1m\u00e1ra. Tart\u00f3s anyagb\u00f3l k\u00e9sz\u00fclt <strong data-start=\"424\" data-end=\"452\">AISI 201 rozsdamentes ac\u00e9l<\/strong>, biztos\u00edtja a higi\u00e9ni\u00e1t \u00e9s a hossz\u00fa \u00e9lettartamot. M\u0171k\u00f6d\u00e9s egy <strong data-start=\"503\" data-end=\"540\">+2\u00b0C \u00e9s +8\u00b0C k\u00f6z\u00f6tti h\u0151m\u00e9rs\u00e9klet-tartom\u00e1ny<\/strong>, stabil \u00e9s hat\u00e9kony h\u0171t\u00e9st biztos\u00edt. Felszerelve <strong data-start=\"598\" data-end=\"619\">l\u00e1gyan z\u00e1r\u00f3d\u00f3 ajt\u00f3<\/strong>, <strong data-start=\"621\" data-end=\"646\">elektronikus termoszt\u00e1t<\/strong>, \u00e9s <strong data-start=\"652\" data-end=\"673\">automatikus leolvaszt\u00e1s<\/strong>, megb\u00edzhat\u00f3 teljes\u00edtm\u00e9nyt ny\u00fajt a mindennapi kereskedelmi haszn\u00e1latra.<\/p>\n<h2>M\u0171szaki specifik\u00e1ci\u00f3k<\/h2>\n<table>\n<tbody>\n<tr>\n<td colspan=\"2\">\u00a0M\u0170SZAKI INFORM\u00c1CI\u00d3K<\/td>\n<td><\/td>\n<\/tr>\n<tr>\n<td>\u00a0Modell<\/td>\n<td>GN 650 TN<\/td>\n<td>GN 650 BT<\/td>\n<\/tr>\n<tr>\n<td>H\u0151m\u00e9rs\u00e9klet-tartom\u00e1ny<\/td>\n<td>+2 \u00b0C \/ +8 \u00b0C<\/td>\n<td>-22 \u00b0C \/ -15 \u00b0C<\/td>\n<\/tr>\n<tr>\n<td>K\u00fcls\u0151 m\u00e9retek (WxDxH)<\/td>\n<td>740 x 830 x 2010 mm<\/td>\n<td>740 x 830 x 2010 mm<\/td>\n<\/tr>\n<tr>\n<td>Csomagol\u00e1si m\u00e9retek (WxDxH)<\/td>\n<td>771 x 861 x 2055 mm<\/td>\n<td>771 x 861 x 2055 mm<\/td>\n<\/tr>\n<tr>\n<td>Bels\u0151 m\u00e9retek (WxDxH)<\/td>\n<td>624 x 702 x 1414 mm<\/td>\n<td>624 x 702 x 1414 mm<\/td>\n<\/tr>\n<tr>\n<td>\u00a0Brutt\u00f3 t\u00e9rfogat<\/td>\n<td>440 \/ 650 lt<\/td>\n<td>440 \/ 650 lt<\/td>\n<\/tr>\n<tr>\n<td>Brutt\u00f3 t\u00f6meg<\/td>\n<td>112\/140 kg<\/td>\n<td>115\/143 kg<\/td>\n<\/tr>\n<tr>\n<td>\u00a0Test<\/td>\n<td>\u00a0AISI 201 rozsdamentes ac\u00e9l<\/td>\n<td>\u00a0AISI 201 rozsdamentes ac\u00e9l<\/td>\n<\/tr>\n<tr>\n<td>\u00a0Bels\u0151 b\u00e9l\u00e9s<\/td>\n<td>\u00a0AISI 201 rozsdamentes ac\u00e9l<\/td>\n<td>\u00a0AISI 201 rozsdamentes ac\u00e9l<\/td>\n<\/tr>\n<tr>\n<td>Polcok<\/td>\n<td>Polcok 530 x 650 mm<\/td>\n<td>Polcok 530 x 650 mm<\/td>\n<\/tr>\n<tr>\n<td>\u00a0G\u00f6rg\u0151k \u00e9s l\u00e1bak<\/td>\n<td>\u00a04 l\u00e1b<\/td>\n<td>4 l\u00e1b<\/td>\n<\/tr>\n<tr>\n<td>\u00a0Lakat \u00e9s kulcs<\/td>\n<td>\u00a0Igen<\/td>\n<td>Igen<\/td>\n<\/tr>\n<tr>\n<td>\u00a0\u00d6nz\u00e1r\u00f3 ajt\u00f3<\/td>\n<td>\u00a0L\u00e1gy z\u00e1r\u00e1s<\/td>\n<td>\u00a0L\u00e1gy z\u00e1r\u00e1s<\/td>\n<\/tr>\n<tr>\n<td>\u00a0Megford\u00edthat\u00f3 ajt\u00f3<\/td>\n<td>Igen<\/td>\n<td>\u00a0Igen<\/td>\n<\/tr>\n<tr>\n<td>Raffreddamento H\u0171t\u0151rendszer<\/td>\n<td>Mennyezeti szell\u0151ztet\u00e9s\u0171 elp\u00e1rologtat\u00f3<\/td>\n<td>\u00a0Mennyezeti szell\u0151ztet\u00e9s\u0171 elp\u00e1rologtat\u00f3<\/td>\n<\/tr>\n<tr>\n<td>H\u0171t\u0151k\u00f6zeg<\/td>\n<td>R290<\/td>\n<td>R290<\/td>\n<\/tr>\n<tr>\n<td>\u00a0Szigetel\u00e9s vastags\u00e1ga<\/td>\n<td>60 mm<\/td>\n<td>60 mm<\/td>\n<\/tr>\n<tr>\n<td>\u00a0Frekvencia \/ fesz\u00fclts\u00e9g<\/td>\n<td>50Hz \/ 220 V<\/td>\n<td>50Hz \/ 220 V<\/td>\n<\/tr>\n<tr>\n<td>\u00a0Kl\u00edmaoszt\u00e1ly<\/td>\n<td>4<\/td>\n<td>4<\/td>\n<\/tr>\n<tr>\n<td>\u00a0Abszorpci\u00f3<\/td>\n<td>360 W<\/td>\n<td>520 W<\/td>\n<\/tr>\n<tr>\n<td>\u00a0Energiafogyaszt\u00e1s<\/td>\n<td>KwH\/24H 1,78<\/td>\n<td>KwH\/24H 8,26<\/td>\n<\/tr>\n<\/tbody>\n<\/table>","protected":false},"excerpt":{"rendered":"<p>&nbsp; Product Description The GN 650 TN is a professional ventilated stainless steel refrigerator cabinet with a 700-liter gross capacity, ideal for restaurants, catering kitchens, and food storage areas. Built from durable AISI 201 stainless steel, it ensures hygiene and longevity. Operating in a temperature range of +2\u00b0C to +8\u00b0C, it provides stable and efficient [&hellip;]<\/p>\n","protected":false},"featured_media":12140,"comment_status":"open","ping_status":"closed","template":"","meta":[],"product_brand":[],"product_cat":[51],"product_tag":[],"class_list":{"0":"post-12139","1":"product","2":"type-product","3":"status-publish","4":"has-post-thumbnail","6":"product_cat-kitchen-catering-cooling","8":"first","9":"instock","10":"shipping-taxable","11":"product-type-simple"},"_links":{"self":[{"href":"https:\/\/dersuessestopp.com\/hu\/wp-json\/wp\/v2\/product\/12139","targetHints":{"allow":["GET"]}}],"collection":[{"href":"https:\/\/dersuessestopp.com\/hu\/wp-json\/wp\/v2\/product"}],"about":[{"href":"https:\/\/dersuessestopp.com\/hu\/wp-json\/wp\/v2\/types\/product"}],"replies":[{"embeddable":true,"href":"https:\/\/dersuessestopp.com\/hu\/wp-json\/wp\/v2\/comments?post=12139"}],"version-history":[{"count":1,"href":"https:\/\/dersuessestopp.com\/hu\/wp-json\/wp\/v2\/product\/12139\/revisions"}],"predecessor-version":[{"id":12147,"href":"https:\/\/dersuessestopp.com\/hu\/wp-json\/wp\/v2\/product\/12139\/revisions\/12147"}],"wp:featuredmedia":[{"embeddable":true,"href":"https:\/\/dersuessestopp.com\/hu\/wp-json\/wp\/v2\/media\/12140"}],"wp:attachment":[{"href":"https:\/\/dersuessestopp.com\/hu\/wp-json\/wp\/v2\/media?parent=12139"}],"wp:term":[{"taxonomy":"product_brand","embeddable":true,"href":"https:\/\/dersuessestopp.com\/hu\/wp-json\/wp\/v2\/product_brand?post=12139"},{"taxonomy":"product_cat","embeddable":true,"href":"https:\/\/dersuessestopp.com\/hu\/wp-json\/wp\/v2\/product_cat?post=12139"},{"taxonomy":"product_tag","embeddable":true,"href":"https:\/\/dersuessestopp.com\/hu\/wp-json\/wp\/v2\/product_tag?post=12139"}],"curies":[{"name":"wp","href":"https:\/\/api.w.org\/{rel}","templated":true}]}}