{"id":12126,"date":"2025-10-09T02:06:53","date_gmt":"2025-10-09T02:06:53","guid":{"rendered":"https:\/\/dersuessestopp.com\/?post_type=product&#038;p=12126"},"modified":"2025-10-09T02:06:53","modified_gmt":"2025-10-09T02:06:53","slug":"axf-350-bt","status":"publish","type":"product","link":"https:\/\/dersuessestopp.com\/hu\/product\/axf-350-bt\/","title":{"rendered":"AXF 350 BT"},"content":{"rendered":"<p>&nbsp;<\/p>\n<h2><img decoding=\"async\" src=\"https:\/\/customer.klimaitalia.it\/api\/file\/image\/7682\" \/><\/h2>\n<h2>Term\u00e9k le\u00edr\u00e1sa<\/h2>\n<p>A <strong data-start=\"220\" data-end=\"234\">AXF 350 BT<\/strong> hivat\u00e1sos <strong data-start=\"253\" data-end=\"299\">szell\u0151ztetett rozsdamentes ac\u00e9l fagyaszt\u00f3szekr\u00e9ny<\/strong> kompakt konyh\u00e1khoz, b\u00e1rokhoz \u00e9s vend\u00e9gl\u00e1t\u00f3ipari m\u0171veletekhez tervezt\u00e9k. \u00c9p\u00edtett <strong data-start=\"373\" data-end=\"401\">AISI 304 rozsdamentes ac\u00e9l<\/strong>, higi\u00e9ni\u00e1t, szil\u00e1rds\u00e1got \u00e9s megb\u00edzhat\u00f3 fagyaszt\u00e1si teljes\u00edtm\u00e9nyt biztos\u00edt. M\u0171k\u00f6d\u00e9s a <strong data-start=\"486\" data-end=\"505\">-22\u00b0C \u00e9s -18\u00b0C<\/strong>, hat\u00e9kony m\u00e9lyh\u0171t\u00e9ses t\u00e1rol\u00e1st biztos\u00edt stabil h\u0151m\u00e9rs\u00e9klet-szab\u00e1lyoz\u00e1ssal. Felszerelve egy <strong data-start=\"599\" data-end=\"624\">elektronikus termoszt\u00e1t<\/strong>, <strong data-start=\"626\" data-end=\"647\">l\u00e1gyan z\u00e1r\u00f3d\u00f3 ajt\u00f3<\/strong>, <strong data-start=\"649\" data-end=\"670\">automatikus leolvaszt\u00e1s<\/strong>, \u00e9s <strong data-start=\"676\" data-end=\"704\">opcion\u00e1lis Smart Link WiFi<\/strong>, tart\u00f3ss\u00e1got \u00e9s k\u00e9nyelmet k\u00edn\u00e1l a professzion\u00e1lis haszn\u00e1lathoz.<\/p>\n<h2>M\u0171szaki specifik\u00e1ci\u00f3k<\/h2>\n<table>\n<tbody>\n<tr>\n<td>\u00a0M\u00e9retek mm<\/td>\n<td>AXF 350 TN<\/td>\n<td>AXF 350 BT<\/td>\n<\/tr>\n<tr>\n<td>K\u00fcls\u0151 m\u00e9retek (WxDxH)<\/td>\n<td>484 x 735 x 2100*<\/td>\n<td>484 x 735 x 2100*<\/td>\n<\/tr>\n<tr>\n<td>Csomagol\u00e1si m\u00e9retek (WxDxH)<\/td>\n<td>515 x 765 x 2260<\/td>\n<td>515 x 765 x 2260<\/td>\n<\/tr>\n<tr>\n<td>Sz\u00e9less\u00e9g<\/td>\n<td>364<\/td>\n<td>364<\/td>\n<\/tr>\n<tr>\n<td>M\u00e9lys\u00e9g<\/td>\n<td>570<\/td>\n<td>570<\/td>\n<\/tr>\n<tr>\n<td>Magass\u00e1g<\/td>\n<td>1523<\/td>\n<td>1523<\/td>\n<\/tr>\n<tr>\n<td colspan=\"3\">Az egys\u00e9gek teljes magass\u00e1ga mag\u00e1ban foglalja a minim\u00e1lis magass\u00e1gi szinthez igaz\u00edtott l\u00e1bakat is.<\/td>\n<\/tr>\n<\/tbody>\n<\/table>\n<p>&nbsp;<\/p>\n<table>\n<tbody>\n<tr>\n<td>\u00a0M\u0171szaki jellemz\u0151k<\/td>\n<td>AXF 350 TN<\/td>\n<td>AXF 350 BT<\/td>\n<\/tr>\n<tr>\n<td>H\u0151m\u00e9rs\u00e9klet tartom\u00e1ny<\/td>\n<td>-2 \u00b0C \/ +8 \u00b0C<\/td>\n<td>-22 \u00b0C \/ -18 \u00b0C<\/td>\n<\/tr>\n<tr>\n<td>Kl\u00edmaoszt\u00e1ly<\/td>\n<td>5<\/td>\n<td>5<\/td>\n<\/tr>\n<tr>\n<td>Nett\u00f3-brutt\u00f3 volumen<\/td>\n<td>228 \/ 292 hadnagy<\/td>\n<td>228 \/ 292 hadnagy<\/td>\n<\/tr>\n<tr>\n<td>Test<\/td>\n<td>AISI 304 rozsdamentes ac\u00e9l<\/td>\n<td>AISI 304 rozsdamentes ac\u00e9l<\/td>\n<\/tr>\n<tr>\n<td>Bels\u0151 b\u00e9l\u00e9s<\/td>\n<td>AISI 304 rozsdamentes ac\u00e9l<\/td>\n<td>AISI 304 rozsdamentes ac\u00e9l<\/td>\n<\/tr>\n<tr>\n<td>Termoszt\u00e1t<\/td>\n<td>Elektronikus<\/td>\n<td>Elektronikus<\/td>\n<\/tr>\n<tr>\n<td>Zajszint<\/td>\n<td>dB 45<\/td>\n<td>dB 48<\/td>\n<\/tr>\n<tr>\n<td>T\u00e1vir\u00e1ny\u00edt\u00f3<\/td>\n<td>Opcion\u00e1lis<\/td>\n<td>Opcion\u00e1lis<\/td>\n<\/tr>\n<tr>\n<td>Szigetel\u00e9s vastags\u00e1ga<\/td>\n<td>mm 60<\/td>\n<td>mm 60<\/td>\n<\/tr>\n<tr>\n<td>Leolvaszt\u00e1s<\/td>\n<td>Automatikus elektromos f\u0171t\u0151berendez\u00e9ssel<\/td>\n<td>Automatikus elektromos f\u0171t\u0151berendez\u00e9ssel<\/td>\n<\/tr>\n<tr>\n<td>H\u0171t\u0151rendszer<\/td>\n<td>Mennyezeti elp\u00e1rologtat\u00f3<\/td>\n<td>Mennyezeti elp\u00e1rologtat\u00f3<\/td>\n<\/tr>\n<tr>\n<td>\u00d6nz\u00e1r\u00f3 ajt\u00f3<\/td>\n<td>L\u00e1gy z\u00e1r\u00e1s<\/td>\n<td>L\u00e1gy z\u00e1r\u00e1s<\/td>\n<\/tr>\n<tr>\n<td>Lakat \u00e9s kulcs<\/td>\n<td>Igen<\/td>\n<td>Igen<\/td>\n<\/tr>\n<tr>\n<td>Megford\u00edthat\u00f3 ajt\u00f3<\/td>\n<td>Igen<\/td>\n<td>Igen<\/td>\n<\/tr>\n<tr>\n<td>Polcok (WxD)<\/td>\n<td>N\u00b0 3 - mm 335 x 530<\/td>\n<td>N\u00b0 3 - mm 335 x 530<\/td>\n<\/tr>\n<tr>\n<td>G\u00f6rg\u0151k - l\u00e1bak<\/td>\n<td>4 l\u00e1b<\/td>\n<td>4 l\u00e1b<\/td>\n<\/tr>\n<tr>\n<td>G\u00f6rg\u0151k<\/td>\n<td>V\u00e1laszthat\u00f3 - h mm 140<\/td>\n<td>V\u00e1laszthat\u00f3 - h mm 140<\/td>\n<\/tr>\n<tr>\n<td>Nett\u00f3-brutt\u00f3 s\u00faly<\/td>\n<td>Kg 110 \/ 123<\/td>\n<td>Kg 110 \/ 123<\/td>\n<\/tr>\n<tr>\n<td>Fesz\u00fclts\u00e9g<\/td>\n<td>V 220-240<\/td>\n<td>V 220-240<\/td>\n<\/tr>\n<tr>\n<td>Frekvencia<\/td>\n<td>Hz 50<\/td>\n<td>Hz 50<\/td>\n<\/tr>\n<tr>\n<td>H\u0171t\u0151k\u00f6zeg<\/td>\n<td>R600A<\/td>\n<td>R290<\/td>\n<\/tr>\n<tr>\n<td>Abszorpci\u00f3<\/td>\n<td>W 250<\/td>\n<td>W 380<\/td>\n<\/tr>\n<tr>\n<td>Energiafogyaszt\u00e1s<\/td>\n<td>KwH\/24H 0,903<\/td>\n<td>KwH\/24H 3,700<\/td>\n<\/tr>\n<\/tbody>\n<\/table>","protected":false},"excerpt":{"rendered":"<p>&nbsp; Product Description The AXF 350 BT is a professional ventilated stainless steel freezer cabinet designed for compact kitchens, bars, and catering operations. Built from AISI 304 stainless steel, it ensures hygiene, strength, and reliable freezing performance. Operating between -22\u00b0C and -18\u00b0C, it provides efficient deep-freeze storage with stable temperature control. Equipped with an electronic [&hellip;]<\/p>\n","protected":false},"featured_media":12118,"comment_status":"open","ping_status":"closed","template":"","meta":[],"product_brand":[],"product_cat":[51],"product_tag":[],"class_list":{"0":"post-12126","1":"product","2":"type-product","3":"status-publish","4":"has-post-thumbnail","6":"product_cat-kitchen-catering-cooling","8":"first","9":"instock","10":"shipping-taxable","11":"product-type-simple"},"_links":{"self":[{"href":"https:\/\/dersuessestopp.com\/hu\/wp-json\/wp\/v2\/product\/12126","targetHints":{"allow":["GET"]}}],"collection":[{"href":"https:\/\/dersuessestopp.com\/hu\/wp-json\/wp\/v2\/product"}],"about":[{"href":"https:\/\/dersuessestopp.com\/hu\/wp-json\/wp\/v2\/types\/product"}],"replies":[{"embeddable":true,"href":"https:\/\/dersuessestopp.com\/hu\/wp-json\/wp\/v2\/comments?post=12126"}],"version-history":[{"count":1,"href":"https:\/\/dersuessestopp.com\/hu\/wp-json\/wp\/v2\/product\/12126\/revisions"}],"predecessor-version":[{"id":12130,"href":"https:\/\/dersuessestopp.com\/hu\/wp-json\/wp\/v2\/product\/12126\/revisions\/12130"}],"wp:featuredmedia":[{"embeddable":true,"href":"https:\/\/dersuessestopp.com\/hu\/wp-json\/wp\/v2\/media\/12118"}],"wp:attachment":[{"href":"https:\/\/dersuessestopp.com\/hu\/wp-json\/wp\/v2\/media?parent=12126"}],"wp:term":[{"taxonomy":"product_brand","embeddable":true,"href":"https:\/\/dersuessestopp.com\/hu\/wp-json\/wp\/v2\/product_brand?post=12126"},{"taxonomy":"product_cat","embeddable":true,"href":"https:\/\/dersuessestopp.com\/hu\/wp-json\/wp\/v2\/product_cat?post=12126"},{"taxonomy":"product_tag","embeddable":true,"href":"https:\/\/dersuessestopp.com\/hu\/wp-json\/wp\/v2\/product_tag?post=12126"}],"curies":[{"name":"wp","href":"https:\/\/api.w.org\/{rel}","templated":true}]}}