{"id":12103,"date":"2025-10-09T01:52:41","date_gmt":"2025-10-09T01:52:41","guid":{"rendered":"https:\/\/dersuessestopp.com\/?post_type=product&#038;p=12103"},"modified":"2025-10-09T01:52:42","modified_gmt":"2025-10-09T01:52:42","slug":"axf-600-hal","status":"publish","type":"product","link":"https:\/\/dersuessestopp.com\/hu\/product\/axf-600-fish\/","title":{"rendered":"AXF 600 FISH"},"content":{"rendered":"<p>&nbsp;<\/p>\n<h2><img decoding=\"async\" src=\"https:\/\/customer.klimaitalia.it\/api\/file\/image\/6637\" \/><\/h2>\n<h2>Term\u00e9k le\u00edr\u00e1sa<\/h2>\n<p>A <strong data-start=\"228\" data-end=\"244\">AXF 600 FISH<\/strong> hivat\u00e1sos <strong data-start=\"263\" data-end=\"307\">statikus rozsdamentes ac\u00e9lb\u00f3l k\u00e9sz\u00fclt halh\u0171t\u0151szekr\u00e9ny<\/strong>, hal\u00e1rusok, \u00e9ttermek \u00e9s tengeri herkenty\u0171s konyh\u00e1k sz\u00e1m\u00e1ra tervezt\u00e9k. \u00c9p\u00fclt <strong data-start=\"381\" data-end=\"409\">AISI 304 rozsdamentes ac\u00e9l<\/strong>, maxim\u00e1lis higi\u00e9ni\u00e1t \u00e9s korr\u00f3zi\u00f3\u00e1ll\u00f3s\u00e1got biztos\u00edt. M\u0171k\u00f6d\u00e9s a k\u00f6vetkez\u0151k k\u00f6z\u00f6tt <strong data-start=\"482\" data-end=\"499\">-2\u00b0C \u00e9s +8\u00b0C<\/strong>, ide\u00e1lis k\u00f6r\u00fclm\u00e9nyek k\u00f6z\u00f6tt tart\u00f3s\u00edtja a halakat \u00e9s a tenger gy\u00fcm\u00f6lcseit. Jellemz\u0151k <strong data-start=\"569\" data-end=\"600\">7 kivehet\u0151 m\u0171anyag kos\u00e1r<\/strong>, egy <strong data-start=\"605\" data-end=\"630\">elektronikus termoszt\u00e1t<\/strong>, <strong data-start=\"632\" data-end=\"653\">l\u00e1gyan z\u00e1r\u00f3d\u00f3 ajt\u00f3<\/strong>, \u00e9s <strong data-start=\"659\" data-end=\"677\">k\u00e9zi leolvaszt\u00e1s<\/strong> a megb\u00edzhat\u00f3 m\u0171k\u00f6d\u00e9shez.<\/p>\n<h2>M\u0171szaki specifik\u00e1ci\u00f3k<\/h2>\n<table>\n<tbody>\n<tr>\n<td>\u00a0M\u00e9retek mm<\/td>\n<td>AXF 600 FISH<\/td>\n<\/tr>\n<tr>\n<td>K\u00fcls\u0151 m\u00e9retek (WxDxH)<\/td>\n<td>680 x 810 x 2000*<\/td>\n<\/tr>\n<tr>\n<td>Csomagol\u00e1si m\u00e9retek (WxDxH)<\/td>\n<td>710 x 875 x 2050<\/td>\n<\/tr>\n<tr>\n<td>Sz\u00e9less\u00e9g<\/td>\n<td>560<\/td>\n<\/tr>\n<tr>\n<td>M\u00e9lys\u00e9g<\/td>\n<td>680<\/td>\n<\/tr>\n<tr>\n<td>Magass\u00e1g<\/td>\n<td>1380<\/td>\n<\/tr>\n<tr>\n<td colspan=\"2\">Az egys\u00e9gek teljes magass\u00e1ga mag\u00e1ban foglalja a minim\u00e1lis magass\u00e1gi szinthez igaz\u00edtott l\u00e1bakat is.<\/td>\n<\/tr>\n<\/tbody>\n<\/table>\n<p>&nbsp;<\/p>\n<table>\n<tbody>\n<tr>\n<td>\u00a0M\u0171szaki jellemz\u0151k<\/td>\n<td>AXF 600 FISH<\/td>\n<\/tr>\n<tr>\n<td>H\u0151m\u00e9rs\u00e9klet tartom\u00e1ny<\/td>\n<td>-2 \u00b0C \/ +8 \u00b0C<\/td>\n<\/tr>\n<tr>\n<td>Kl\u00edmaoszt\u00e1ly<\/td>\n<td>5 (tropicalizzato)<\/td>\n<\/tr>\n<tr>\n<td>Nett\u00f3-brutt\u00f3 volumen<\/td>\n<td>397 \/ 537 hadnagy<\/td>\n<\/tr>\n<tr>\n<td>Test<\/td>\n<td>AISI 304 rozsdamentes ac\u00e9l<\/td>\n<\/tr>\n<tr>\n<td>Bels\u0151 b\u00e9l\u00e9s<\/td>\n<td>AISI 304 rozsdamentes ac\u00e9l<\/td>\n<\/tr>\n<tr>\n<td>Termoszt\u00e1t<\/td>\n<td>Elektronikus<\/td>\n<\/tr>\n<tr>\n<td>Zajszint<\/td>\n<td>dB 42<\/td>\n<\/tr>\n<tr>\n<td>T\u00e1vir\u00e1ny\u00edt\u00f3<\/td>\n<td>Opcion\u00e1lis<\/td>\n<\/tr>\n<tr>\n<td>Szigetel\u00e9s vastags\u00e1ga<\/td>\n<td>mm 60<\/td>\n<\/tr>\n<tr>\n<td>Leolvaszt\u00e1s<\/td>\n<td>K\u00e9zi<\/td>\n<\/tr>\n<tr>\n<td>H\u0171t\u0151rendszer<\/td>\n<td>Mennyezeti elp\u00e1rologtat\u00f3<\/td>\n<\/tr>\n<tr>\n<td>\u00d6nz\u00e1r\u00f3 ajt\u00f3<\/td>\n<td>L\u00e1gy z\u00e1r\u00e1s<\/td>\n<\/tr>\n<tr>\n<td>Lakat \u00e9s kulcs<\/td>\n<td>Igen<\/td>\n<\/tr>\n<tr>\n<td>Megford\u00edthat\u00f3 ajt\u00f3<\/td>\n<td>Igen<\/td>\n<\/tr>\n<tr>\n<td>M\u0171anyag kosarak (WxD)<\/td>\n<td>N\u00b0 7 - mm 600 x 405<\/td>\n<\/tr>\n<tr>\n<td>G\u00f6rg\u0151k - l\u00e1bak<\/td>\n<td>4 l\u00e1b<\/td>\n<\/tr>\n<tr>\n<td>G\u00f6rg\u0151k<\/td>\n<td>V\u00e1laszthat\u00f3 - h mm 140<\/td>\n<\/tr>\n<tr>\n<td>Nett\u00f3-brutt\u00f3 s\u00faly<\/td>\n<td>Kg 135 \/ 145<\/td>\n<\/tr>\n<tr>\n<td>Fesz\u00fclts\u00e9g<\/td>\n<td>V 220-240<\/td>\n<\/tr>\n<tr>\n<td>Frekvencia<\/td>\n<td>Hz 50<\/td>\n<\/tr>\n<tr>\n<td>H\u0171t\u0151k\u00f6zeg<\/td>\n<td>R600A<\/td>\n<\/tr>\n<tr>\n<td>Abszorpci\u00f3<\/td>\n<td>W 260<\/td>\n<\/tr>\n<tr>\n<td>Energiafogyaszt\u00e1s<\/td>\n<td>KwH\/24H 1,61<\/td>\n<\/tr>\n<\/tbody>\n<\/table>","protected":false},"excerpt":{"rendered":"<p>&nbsp; Product Description The AXF 600 FISH is a professional static stainless steel fish refrigerator, designed for fishmongers, restaurants, and seafood kitchens. Built from AISI 304 stainless steel, it ensures maximum hygiene and corrosion resistance. Operating between -2\u00b0C and +8\u00b0C, it preserves fish and seafood at ideal conditions. Features include 7 removable plastic baskets, an [&hellip;]<\/p>\n","protected":false},"featured_media":12104,"comment_status":"open","ping_status":"closed","template":"","meta":[],"product_brand":[],"product_cat":[51],"product_tag":[],"class_list":{"0":"post-12103","1":"product","2":"type-product","3":"status-publish","4":"has-post-thumbnail","6":"product_cat-kitchen-catering-cooling","8":"first","9":"instock","10":"shipping-taxable","11":"product-type-simple"},"_links":{"self":[{"href":"https:\/\/dersuessestopp.com\/hu\/wp-json\/wp\/v2\/product\/12103","targetHints":{"allow":["GET"]}}],"collection":[{"href":"https:\/\/dersuessestopp.com\/hu\/wp-json\/wp\/v2\/product"}],"about":[{"href":"https:\/\/dersuessestopp.com\/hu\/wp-json\/wp\/v2\/types\/product"}],"replies":[{"embeddable":true,"href":"https:\/\/dersuessestopp.com\/hu\/wp-json\/wp\/v2\/comments?post=12103"}],"version-history":[{"count":1,"href":"https:\/\/dersuessestopp.com\/hu\/wp-json\/wp\/v2\/product\/12103\/revisions"}],"predecessor-version":[{"id":12105,"href":"https:\/\/dersuessestopp.com\/hu\/wp-json\/wp\/v2\/product\/12103\/revisions\/12105"}],"wp:featuredmedia":[{"embeddable":true,"href":"https:\/\/dersuessestopp.com\/hu\/wp-json\/wp\/v2\/media\/12104"}],"wp:attachment":[{"href":"https:\/\/dersuessestopp.com\/hu\/wp-json\/wp\/v2\/media?parent=12103"}],"wp:term":[{"taxonomy":"product_brand","embeddable":true,"href":"https:\/\/dersuessestopp.com\/hu\/wp-json\/wp\/v2\/product_brand?post=12103"},{"taxonomy":"product_cat","embeddable":true,"href":"https:\/\/dersuessestopp.com\/hu\/wp-json\/wp\/v2\/product_cat?post=12103"},{"taxonomy":"product_tag","embeddable":true,"href":"https:\/\/dersuessestopp.com\/hu\/wp-json\/wp\/v2\/product_tag?post=12103"}],"curies":[{"name":"wp","href":"https:\/\/api.w.org\/{rel}","templated":true}]}}