{"id":12083,"date":"2025-10-09T01:47:10","date_gmt":"2025-10-09T01:47:10","guid":{"rendered":"https:\/\/dersuessestopp.com\/?post_type=product&#038;p=12083"},"modified":"2025-10-09T01:47:10","modified_gmt":"2025-10-09T01:47:10","slug":"axf-1520-tn","status":"publish","type":"product","link":"https:\/\/dersuessestopp.com\/hu\/product\/axf-1520-tn\/","title":{"rendered":"AXF 1520 TN"},"content":{"rendered":"<p><img decoding=\"async\" src=\"https:\/\/customer.klimaitalia.it\/api\/file\/image\/6625\" \/><\/p>\n<p>&nbsp;<\/p>\n<p>&nbsp;<\/p>\n<h2>Term\u00e9k le\u00edr\u00e1sa<\/h2>\n<p>A <strong data-start=\"247\" data-end=\"262\">AXF 1520 TN<\/strong> hivat\u00e1sos <strong data-start=\"281\" data-end=\"328\">k\u00e9tajt\u00f3s szell\u0151ztethet\u0151 h\u0171t\u0151szekr\u00e9ny<\/strong> k\u00e9sz\u00fclt <strong data-start=\"339\" data-end=\"367\">AISI 304 rozsdamentes ac\u00e9l<\/strong>, ide\u00e1lis \u00e9ttermek, sz\u00e1llod\u00e1k \u00e9s vend\u00e9gl\u00e1t\u00f3ipari konyh\u00e1k sz\u00e1m\u00e1ra. M\u0171k\u00f6d\u00e9si ideje <strong data-start=\"441\" data-end=\"458\">-2\u00b0C \u00e9s +8\u00b0C<\/strong>, hat\u00e9kony \u00e9s egyenletes h\u0171t\u00e9st biztos\u00edt a nagy kapacit\u00e1s\u00fa t\u00e1rol\u00f3k sz\u00e1m\u00e1ra. Felszerelve egy <strong data-start=\"546\" data-end=\"571\">elektronikus termoszt\u00e1t<\/strong>, <strong data-start=\"573\" data-end=\"595\">l\u00e1gyan z\u00e1r\u00f3d\u00f3 ajt\u00f3k<\/strong>, <strong data-start=\"597\" data-end=\"613\">LED vil\u00e1g\u00edt\u00e1s<\/strong>, \u00e9s <strong data-start=\"619\" data-end=\"640\">automatikus leolvaszt\u00e1s<\/strong>, egyes\u00edti a teljes\u00edtm\u00e9nyt, a higi\u00e9ni\u00e1t \u00e9s a tart\u00f3ss\u00e1got a professzion\u00e1lis k\u00f6rnyezetben.<\/p>\n<h2>M\u0171szaki specifik\u00e1ci\u00f3k<\/h2>\n<table>\n<tbody>\n<tr>\n<td>\u00a0M\u00e9retek mm<\/td>\n<td>AXF 1520 TN<\/td>\n<td>AXF 1520 BT<\/td>\n<\/tr>\n<tr>\n<td>K\u00fcls\u0151 m\u00e9retek (WxDxH)<\/td>\n<td>1340 x 875 x 2090*<\/td>\n<td>1340 x 875 x 2090*<\/td>\n<\/tr>\n<tr>\n<td>Csomagol\u00e1si m\u00e9retek (WxDxH)<\/td>\n<td>1370 x 905 x 2150<\/td>\n<td>1370 x 905 x 2150<\/td>\n<\/tr>\n<tr>\n<td>Sz\u00e9less\u00e9g<\/td>\n<td>1193<\/td>\n<td>1193<\/td>\n<\/tr>\n<tr>\n<td>M\u00e9lys\u00e9g<\/td>\n<td>700<\/td>\n<td>700<\/td>\n<\/tr>\n<tr>\n<td>Magass\u00e1g<\/td>\n<td>1501<\/td>\n<td>1501<\/td>\n<\/tr>\n<tr>\n<td colspan=\"3\">Az egys\u00e9gek teljes magass\u00e1ga mag\u00e1ban foglalja a minim\u00e1lis magass\u00e1gi szinthez igaz\u00edtott l\u00e1bakat is.<\/td>\n<\/tr>\n<\/tbody>\n<\/table>\n<p>&nbsp;<\/p>\n<table>\n<tbody>\n<tr>\n<td>\u00a0M\u0171szaki jellemz\u0151k<\/td>\n<td>AXF 1520 TN<\/td>\n<td>AXF 1520 BT<\/td>\n<\/tr>\n<tr>\n<td>H\u0151m\u00e9rs\u00e9klet tartom\u00e1ny<\/td>\n<td>-2 \u00b0C \/ +8 \u00b0C<\/td>\n<td>-22 \u00b0C \/ -18 \u00b0C<\/td>\n<\/tr>\n<tr>\n<td>Kl\u00edmaoszt\u00e1ly<\/td>\n<td>5<\/td>\n<td>5<\/td>\n<\/tr>\n<tr>\n<td>Nett\u00f3-brutt\u00f3 volumen<\/td>\n<td>887 \/ 1152 hadnagy<\/td>\n<td>887 \/ 1152 hadnagy<\/td>\n<\/tr>\n<tr>\n<td>Test<\/td>\n<td>AISI 304 rozsdamentes ac\u00e9l<\/td>\n<td>AISI 304 rozsdamentes ac\u00e9l<\/td>\n<\/tr>\n<tr>\n<td>Bels\u0151 b\u00e9l\u00e9s<\/td>\n<td>AISI 304 rozsdamentes ac\u00e9l<\/td>\n<td>AISI 304 rozsdamentes ac\u00e9l<\/td>\n<\/tr>\n<tr>\n<td>Termoszt\u00e1t<\/td>\n<td>Elektronikus<\/td>\n<td>Elektronikus<\/td>\n<\/tr>\n<tr>\n<td>Zajszint<\/td>\n<td>dB 45<\/td>\n<td>dB 47<\/td>\n<\/tr>\n<tr>\n<td>T\u00e1vir\u00e1ny\u00edt\u00f3<\/td>\n<td>Opcion\u00e1lis<\/td>\n<td>Opcion\u00e1lis<\/td>\n<\/tr>\n<tr>\n<td>Szigetel\u00e9s vastags\u00e1ga<\/td>\n<td>mm 73,5<\/td>\n<td>mm 73,5<\/td>\n<\/tr>\n<tr>\n<td>Leolvaszt\u00e1s<\/td>\n<td>Automatikus elektromos f\u0171t\u0151berendez\u00e9ssel<\/td>\n<td>Automatikus elektromos f\u0171t\u0151berendez\u00e9ssel<\/td>\n<\/tr>\n<tr>\n<td>H\u0171t\u0151rendszer<\/td>\n<td>Mennyezeti elp\u00e1rologtat\u00f3<\/td>\n<td>Mennyezeti elp\u00e1rologtat\u00f3<\/td>\n<\/tr>\n<tr>\n<td>Vil\u00e1g\u00edt\u00e1s<\/td>\n<td>Led 12V \/ 2,4W<\/td>\n<td>Led 12V \/ 2,4W<\/td>\n<\/tr>\n<tr>\n<td>\u00d6nz\u00e1r\u00f3 ajt\u00f3<\/td>\n<td>L\u00e1gy z\u00e1r\u00e1s<\/td>\n<td>L\u00e1gy z\u00e1r\u00e1s<\/td>\n<\/tr>\n<tr>\n<td>Lakat \u00e9s kulcs<\/td>\n<td>Igen<\/td>\n<td>Igen<\/td>\n<\/tr>\n<tr>\n<td>Polcok (WxD)<\/td>\n<td>N\u00b0 6 - mm 531 x 650 + N\u00b0 2 - mm 580 x 605<\/td>\n<td>N\u00b0 6 - mm 531 x 650 + N\u00b0 2 - mm 580 x 605<\/td>\n<\/tr>\n<tr>\n<td>G\u00f6rg\u0151k - l\u00e1bak<\/td>\n<td>4 l\u00e1b<\/td>\n<td>4 l\u00e1b<\/td>\n<\/tr>\n<tr>\n<td>G\u00f6rg\u0151k<\/td>\n<td>V\u00e1laszthat\u00f3 - h mm 140<\/td>\n<td>V\u00e1laszthat\u00f3 - h mm 140<\/td>\n<\/tr>\n<tr>\n<td>Nett\u00f3-brutt\u00f3 s\u00faly<\/td>\n<td>Kg 163 \/ 192<\/td>\n<td>Kg 169 \/ 198<\/td>\n<\/tr>\n<tr>\n<td>Fesz\u00fclts\u00e9g<\/td>\n<td>V 220-240<\/td>\n<td>V 220-240<\/td>\n<\/tr>\n<tr>\n<td>Frekvencia<\/td>\n<td>Hz 50<\/td>\n<td>Hz 50<\/td>\n<\/tr>\n<tr>\n<td>H\u0171t\u0151k\u00f6zeg<\/td>\n<td>R600A<\/td>\n<td>R290<\/td>\n<\/tr>\n<tr>\n<td>Abszorpci\u00f3<\/td>\n<td>W 350<\/td>\n<td>W 680<\/td>\n<\/tr>\n<tr>\n<td>Energiafogyaszt\u00e1s<\/td>\n<td>KwH\/24H 1,66<\/td>\n<td>KwH\/24H 9,34<\/td>\n<\/tr>\n<\/tbody>\n<\/table>","protected":false},"excerpt":{"rendered":"<p>&nbsp; &nbsp; Product Description The AXF 1520 TN is a professional double-door ventilated refrigerator cabinet made from AISI 304 stainless steel, ideal for restaurants, hotels, and catering kitchens. Operating between -2\u00b0C and +8\u00b0C, it ensures efficient and uniform cooling for large-capacity storage. Equipped with an electronic thermostat, soft-closing doors, LED lighting, and automatic defrost, it [&hellip;]<\/p>\n","protected":false},"featured_media":12084,"comment_status":"open","ping_status":"closed","template":"","meta":[],"product_brand":[],"product_cat":[51],"product_tag":[],"class_list":{"0":"post-12083","1":"product","2":"type-product","3":"status-publish","4":"has-post-thumbnail","6":"product_cat-kitchen-catering-cooling","8":"first","9":"instock","10":"shipping-taxable","11":"product-type-simple"},"_links":{"self":[{"href":"https:\/\/dersuessestopp.com\/hu\/wp-json\/wp\/v2\/product\/12083","targetHints":{"allow":["GET"]}}],"collection":[{"href":"https:\/\/dersuessestopp.com\/hu\/wp-json\/wp\/v2\/product"}],"about":[{"href":"https:\/\/dersuessestopp.com\/hu\/wp-json\/wp\/v2\/types\/product"}],"replies":[{"embeddable":true,"href":"https:\/\/dersuessestopp.com\/hu\/wp-json\/wp\/v2\/comments?post=12083"}],"version-history":[{"count":1,"href":"https:\/\/dersuessestopp.com\/hu\/wp-json\/wp\/v2\/product\/12083\/revisions"}],"predecessor-version":[{"id":12085,"href":"https:\/\/dersuessestopp.com\/hu\/wp-json\/wp\/v2\/product\/12083\/revisions\/12085"}],"wp:featuredmedia":[{"embeddable":true,"href":"https:\/\/dersuessestopp.com\/hu\/wp-json\/wp\/v2\/media\/12084"}],"wp:attachment":[{"href":"https:\/\/dersuessestopp.com\/hu\/wp-json\/wp\/v2\/media?parent=12083"}],"wp:term":[{"taxonomy":"product_brand","embeddable":true,"href":"https:\/\/dersuessestopp.com\/hu\/wp-json\/wp\/v2\/product_brand?post=12083"},{"taxonomy":"product_cat","embeddable":true,"href":"https:\/\/dersuessestopp.com\/hu\/wp-json\/wp\/v2\/product_cat?post=12083"},{"taxonomy":"product_tag","embeddable":true,"href":"https:\/\/dersuessestopp.com\/hu\/wp-json\/wp\/v2\/product_tag?post=12083"}],"curies":[{"name":"wp","href":"https:\/\/api.w.org\/{rel}","templated":true}]}}