{"id":12060,"date":"2025-10-09T01:31:21","date_gmt":"2025-10-09T01:31:21","guid":{"rendered":"https:\/\/dersuessestopp.com\/?post_type=product&#038;p=12060"},"modified":"2025-10-09T01:31:21","modified_gmt":"2025-10-09T01:31:21","slug":"axf-700-bt","status":"publish","type":"product","link":"https:\/\/dersuessestopp.com\/hu\/product\/axf-700-bt\/","title":{"rendered":"AXF 700 BT"},"content":{"rendered":"<p><img decoding=\"async\" src=\"https:\/\/customer.klimaitalia.it\/api\/file\/image\/6601\" \/><\/p>\n<p>&nbsp;<\/p>\n<h2>Term\u00e9k le\u00edr\u00e1sa<\/h2>\n<p data-start=\"210\" data-end=\"662\">A <strong data-start=\"214\" data-end=\"228\">AXF 700 BT<\/strong> hivat\u00e1sos <strong data-start=\"247\" data-end=\"285\">szell\u0151ztetett rozsdamentes ac\u00e9l fagyaszt\u00f3<\/strong> kereskedelmi konyh\u00e1k, sz\u00e1llod\u00e1k \u00e9s vend\u00e9gl\u00e1t\u00f3ipari k\u00f6rnyezetek sz\u00e1m\u00e1ra tervezt\u00e9k. M\u0171k\u00f6d\u00e9s egy <strong data-start=\"370\" data-end=\"409\">-22\u00b0C \u00e9s -18\u00b0C k\u00f6z\u00f6tti h\u0151m\u00e9rs\u00e9klet-tartom\u00e1nyban<\/strong>, hat\u00e9kony \u00e9s stabil fagyaszt\u00e1si teljes\u00edtm\u00e9nyt biztos\u00edt. \u00c9p\u00edtett <strong data-start=\"476\" data-end=\"504\">AISI 304 rozsdamentes ac\u00e9l<\/strong>, rendelkezik egy <strong data-start=\"521\" data-end=\"546\">elektronikus termoszt\u00e1t<\/strong>, <strong data-start=\"548\" data-end=\"569\">l\u00e1gyan z\u00e1r\u00f3d\u00f3 ajt\u00f3<\/strong>, <strong data-start=\"571\" data-end=\"587\">LED vil\u00e1g\u00edt\u00e1s<\/strong>, \u00e9s <strong data-start=\"593\" data-end=\"623\">automatikus elektromos leolvaszt\u00e1s<\/strong> a k\u00f6nny\u0171 karbantart\u00e1s \u00e9s tart\u00f3ss\u00e1g \u00e9rdek\u00e9ben.<\/p>\n<p data-start=\"664\" data-end=\"683\"><strong data-start=\"664\" data-end=\"681\">F\u0151bb jellemz\u0151k:<\/strong><\/p>\n<ul data-start=\"684\" data-end=\"1063\">\n<li data-start=\"684\" data-end=\"725\">\n<p data-start=\"686\" data-end=\"725\"><strong data-start=\"686\" data-end=\"708\">H\u0151m\u00e9rs\u00e9klet-tartom\u00e1ny:<\/strong> -22\u00b0C \u00e9s -18\u00b0C k\u00f6z\u00f6tt<\/p>\n<\/li>\n<li data-start=\"726\" data-end=\"749\">\n<p data-start=\"728\" data-end=\"749\"><strong data-start=\"728\" data-end=\"741\">Kapacit\u00e1s:<\/strong> 427 L<\/p>\n<\/li>\n<li data-start=\"750\" data-end=\"800\">\n<p data-start=\"752\" data-end=\"800\"><strong data-start=\"752\" data-end=\"780\">AISI 304 rozsdamentes ac\u00e9l<\/strong> karossz\u00e9ria \u00e9s bels\u0151 t\u00e9r<\/p>\n<\/li>\n<li data-start=\"801\" data-end=\"842\">\n<p data-start=\"803\" data-end=\"842\"><strong data-start=\"803\" data-end=\"840\">Szell\u0151ztetett mennyezeti h\u0171t\u0151rendszer<\/strong><\/p>\n<\/li>\n<li data-start=\"843\" data-end=\"877\">\n<p data-start=\"845\" data-end=\"877\"><strong data-start=\"845\" data-end=\"875\">Automatikus elektromos leolvaszt\u00e1s<\/strong><\/p>\n<\/li>\n<li data-start=\"878\" data-end=\"931\">\n<p data-start=\"880\" data-end=\"931\"><strong data-start=\"880\" data-end=\"915\">L\u00e1gyan z\u00e1r\u00f3d\u00f3, \u00f6nz\u00e1r\u00f3 ajt\u00f3<\/strong> a  c\u00edmen <strong data-start=\"921\" data-end=\"929\">lock<\/strong><\/p>\n<\/li>\n<li data-start=\"932\" data-end=\"982\">\n<p data-start=\"934\" data-end=\"982\"><strong data-start=\"934\" data-end=\"950\">LED vil\u00e1g\u00edt\u00e1s<\/strong>, <strong data-start=\"952\" data-end=\"980\">Smart Link WiFi opcion\u00e1lis<\/strong><\/p>\n<\/li>\n<li data-start=\"983\" data-end=\"1023\">\n<p data-start=\"985\" data-end=\"1023\"><strong data-start=\"985\" data-end=\"1008\">Energiafogyaszt\u00e1s:<\/strong> 6,57 kWh\/24h<\/p>\n<\/li>\n<li data-start=\"1024\" data-end=\"1063\">\n<p data-start=\"1026\" data-end=\"1063\"><strong data-start=\"1026\" data-end=\"1041\">M\u00e9retek:<\/strong> 740 \u00d7 830 \u00d7 2010 mm<\/p>\n<\/li>\n<\/ul>\n<h2>M\u0171szaki specifik\u00e1ci\u00f3k<\/h2>\n<table>\n<tbody>\n<tr>\n<td>M\u00e9retek mm<\/td>\n<td>AXF 700 TN<\/td>\n<td>AXF 700 TNG<\/td>\n<td>AXF 700 BT<\/td>\n<td>AXF 700 BTG<\/td>\n<\/tr>\n<tr>\n<td>K\u00fcls\u0151 m\u00e9retek (WxDxH)<\/td>\n<td>740 x 830 x 2010*<\/td>\n<td>740 x 830 x 2010*<\/td>\n<td>740 x 830 x 2010*<\/td>\n<td>680 x 845 x 2000*<\/td>\n<\/tr>\n<tr>\n<td>Csomagol\u00e1si m\u00e9retek (WxDxH)<\/td>\n<td>765 x 855 x 2070<\/td>\n<td>765 x 855 x 2070<\/td>\n<td>765 x 855 x 2070<\/td>\n<td>710 x 875 x 2050<\/td>\n<\/tr>\n<tr>\n<td>Sz\u00e9less\u00e9g<\/td>\n<td>624<\/td>\n<td>624<\/td>\n<td>624<\/td>\n<td>560<\/td>\n<\/tr>\n<tr>\n<td>M\u00e9lys\u00e9g<\/td>\n<td>700<\/td>\n<td>700<\/td>\n<td>700<\/td>\n<td>680<\/td>\n<\/tr>\n<tr>\n<td>Magass\u00e1g<\/td>\n<td>1410<\/td>\n<td>1410<\/td>\n<td>1410<\/td>\n<td>1380<\/td>\n<\/tr>\n<tr>\n<td colspan=\"5\">Az egys\u00e9gek teljes magass\u00e1ga mag\u00e1ban foglalja a minim\u00e1lis magass\u00e1gi szinthez igaz\u00edtott l\u00e1bakat is.<\/td>\n<\/tr>\n<\/tbody>\n<\/table>\n<p>&nbsp;<\/p>\n<table>\n<tbody>\n<tr>\n<td>\u00a0M\u0171szaki jellemz\u0151k<\/td>\n<td>AXF 700 TN<\/td>\n<td>AXF 700 TNG<\/td>\n<td>AXF 700 BT<\/td>\n<td>AXF 700 BTG<\/td>\n<\/tr>\n<tr>\n<td>H\u0151m\u00e9rs\u00e9klet tartom\u00e1ny<\/td>\n<td>-2 \u00b0C \/ +8 \u00b0C<\/td>\n<td>+2 \u00b0C \/ +8 \u00b0C<\/td>\n<td>-22 \u00b0C \/ -18 \u00b0C<\/td>\n<td>-22 \u00b0C \/ -18 \u00b0C<\/td>\n<\/tr>\n<tr>\n<td>Kl\u00edmaoszt\u00e1ly<\/td>\n<td>5<\/td>\n<td>4<\/td>\n<td>4<\/td>\n<td>4<\/td>\n<\/tr>\n<tr>\n<td>Nett\u00f3-brutt\u00f3 volumen<\/td>\n<td>427 \/ 685 hadnagy<\/td>\n<td>416 \/ 685 hadnagy<\/td>\n<td>427 \/ 685 hadnagy<\/td>\n<td>339 \/ 537 hadnagy<\/td>\n<\/tr>\n<tr>\n<td>Test<\/td>\n<td colspan=\"2\">AISI 304 rozsdamentes ac\u00e9l<\/td>\n<td colspan=\"2\">AISI 304 rozsdamentes ac\u00e9l<\/td>\n<\/tr>\n<tr>\n<td>Ajt\u00f3<\/td>\n<td>&#8211;<\/td>\n<td>\u00dcveg<\/td>\n<td>&#8211;<\/td>\n<td>\u00dcveg<\/td>\n<\/tr>\n<tr>\n<td>Bels\u0151 b\u00e9l\u00e9s<\/td>\n<td colspan=\"2\">AISI 304 rozsdamentes ac\u00e9l<\/td>\n<td colspan=\"2\">AISI 304 rozsdamentes ac\u00e9l<\/td>\n<\/tr>\n<tr>\n<td>Termoszt\u00e1t<\/td>\n<td colspan=\"2\">Elektronikus<\/td>\n<td colspan=\"2\">Elektronikus<\/td>\n<\/tr>\n<tr>\n<td>Zajszint<\/td>\n<td>dB 52<\/td>\n<td>dB 52<\/td>\n<td>dB 48<\/td>\n<td>dB 52<\/td>\n<\/tr>\n<tr>\n<td>T\u00e1vir\u00e1ny\u00edt\u00f3<\/td>\n<td>Opcion\u00e1lis<\/td>\n<td>Opcion\u00e1lis<\/td>\n<td>Opcion\u00e1lis<\/td>\n<td>Opcion\u00e1lis<\/td>\n<\/tr>\n<tr>\n<td>Szigetel\u00e9s vastags\u00e1ga<\/td>\n<td>mm 60<\/td>\n<td>mm 60<\/td>\n<td>mm 60<\/td>\n<td>mm 60<\/td>\n<\/tr>\n<tr>\n<td>Leolvaszt\u00e1s<\/td>\n<td colspan=\"2\">Automatikus elektromos f\u0171t\u0151berendez\u00e9ssel<\/td>\n<td colspan=\"2\">Automatikus elektromos f\u0171t\u0151berendez\u00e9ssel<\/td>\n<\/tr>\n<tr>\n<td>H\u0171t\u0151rendszer<\/td>\n<td colspan=\"2\">Mennyezeti elp\u00e1rologtat\u00f3<\/td>\n<td colspan=\"2\">Mennyezeti elp\u00e1rologtat\u00f3<\/td>\n<\/tr>\n<tr>\n<td>Vil\u00e1g\u00edt\u00e1s<\/td>\n<td>Led 220 \/ 0,6 W<\/td>\n<td>Led 24V \/ 2,7 W<\/td>\n<td>Led 220 \/ 0,6 W<\/td>\n<td>Led 24V \/ 2,7 W<\/td>\n<\/tr>\n<tr>\n<td>\u00d6nz\u00e1r\u00f3 ajt\u00f3<\/td>\n<td colspan=\"2\">L\u00e1gy z\u00e1r\u00e1s<\/td>\n<td colspan=\"2\">L\u00e1gy z\u00e1r\u00e1s<\/td>\n<\/tr>\n<tr>\n<td>Lakat \u00e9s kulcs<\/td>\n<td>Igen<\/td>\n<td>Igen<\/td>\n<td>Igen<\/td>\n<td>Igen<\/td>\n<\/tr>\n<tr>\n<td>Megford\u00edthat\u00f3 ajt\u00f3<\/td>\n<td>Igen<\/td>\n<td>&#8211;<\/td>\n<td>Igen<\/td>\n<td>&#8211;<\/td>\n<\/tr>\n<tr>\n<td>Polcok (WxD)<\/td>\n<td colspan=\"2\">3. sz\u00e1m - mm 534 x 650 + 1. sz\u00e1m - mm 536 x 650<\/td>\n<td>3. sz\u00e1m - mm 534 x 650 + 1. sz\u00e1m - mm 536 x 650<\/td>\n<td>3. sz\u00e1m - mm 534 x 640 + 1. sz\u00e1m - mm 525 x 630<\/td>\n<\/tr>\n<tr>\n<td>G\u00f6rg\u0151k - l\u00e1bak<\/td>\n<td colspan=\"2\">4 l\u00e1b<\/td>\n<td colspan=\"2\">4 l\u00e1b<\/td>\n<\/tr>\n<tr>\n<td>G\u00f6rg\u0151k<\/td>\n<td colspan=\"2\">V\u00e1laszthat\u00f3 - h mm 140<\/td>\n<td colspan=\"2\">V\u00e1laszthat\u00f3 - h mm 140<\/td>\n<\/tr>\n<tr>\n<td>Nett\u00f3-brutt\u00f3 s\u00faly<\/td>\n<td>Kg 134 \/ 143<\/td>\n<td>Kg 138 \/ 147<\/td>\n<td>Kg 138 \/ 147<\/td>\n<td>Kg 148 \/ 158<\/td>\n<\/tr>\n<tr>\n<td>Fesz\u00fclts\u00e9g<\/td>\n<td>V 220-240<\/td>\n<td>V 220-240<\/td>\n<td>V 220-240<\/td>\n<td>V 220-240<\/td>\n<\/tr>\n<tr>\n<td>Frekvencia<\/td>\n<td>Hz 50<\/td>\n<td>Hz 50<\/td>\n<td>Hz 50<\/td>\n<td>Hz 50<\/td>\n<\/tr>\n<tr>\n<td>H\u0171t\u0151k\u00f6zeg<\/td>\n<td>R600 \/ R290<\/td>\n<td>R290<\/td>\n<td>R290<\/td>\n<td>R290<\/td>\n<\/tr>\n<tr>\n<td>Abszorpci\u00f3<\/td>\n<td>W 250<\/td>\n<td>W 315<\/td>\n<td>W 500<\/td>\n<td>W 610<\/td>\n<\/tr>\n<tr>\n<td>Energiafogyaszt\u00e1s<\/td>\n<td>KwH\/24H 1,536<\/td>\n<td>KwH\/24H 2,596<\/td>\n<td>KwH\/24H 6,57<\/td>\n<td>KwH\/24H 8,279<\/td>\n<\/tr>\n<\/tbody>\n<\/table>","protected":false},"excerpt":{"rendered":"<p>&nbsp; Product Description The AXF 700 BT is a professional ventilated stainless steel freezer designed for commercial kitchens, hotels, and catering environments. Operating in a temperature range of -22\u00b0C to -18\u00b0C, it ensures efficient and stable freezing performance. Built from AISI 304 stainless steel, it features an electronic thermostat, soft-closing door, LED lighting, and automatic [&hellip;]<\/p>\n","protected":false},"featured_media":12061,"comment_status":"open","ping_status":"closed","template":"","meta":[],"product_brand":[],"product_cat":[51],"product_tag":[],"class_list":{"0":"post-12060","1":"product","2":"type-product","3":"status-publish","4":"has-post-thumbnail","6":"product_cat-kitchen-catering-cooling","8":"first","9":"instock","10":"shipping-taxable","11":"product-type-simple"},"_links":{"self":[{"href":"https:\/\/dersuessestopp.com\/hu\/wp-json\/wp\/v2\/product\/12060","targetHints":{"allow":["GET"]}}],"collection":[{"href":"https:\/\/dersuessestopp.com\/hu\/wp-json\/wp\/v2\/product"}],"about":[{"href":"https:\/\/dersuessestopp.com\/hu\/wp-json\/wp\/v2\/types\/product"}],"replies":[{"embeddable":true,"href":"https:\/\/dersuessestopp.com\/hu\/wp-json\/wp\/v2\/comments?post=12060"}],"version-history":[{"count":1,"href":"https:\/\/dersuessestopp.com\/hu\/wp-json\/wp\/v2\/product\/12060\/revisions"}],"predecessor-version":[{"id":12062,"href":"https:\/\/dersuessestopp.com\/hu\/wp-json\/wp\/v2\/product\/12060\/revisions\/12062"}],"wp:featuredmedia":[{"embeddable":true,"href":"https:\/\/dersuessestopp.com\/hu\/wp-json\/wp\/v2\/media\/12061"}],"wp:attachment":[{"href":"https:\/\/dersuessestopp.com\/hu\/wp-json\/wp\/v2\/media?parent=12060"}],"wp:term":[{"taxonomy":"product_brand","embeddable":true,"href":"https:\/\/dersuessestopp.com\/hu\/wp-json\/wp\/v2\/product_brand?post=12060"},{"taxonomy":"product_cat","embeddable":true,"href":"https:\/\/dersuessestopp.com\/hu\/wp-json\/wp\/v2\/product_cat?post=12060"},{"taxonomy":"product_tag","embeddable":true,"href":"https:\/\/dersuessestopp.com\/hu\/wp-json\/wp\/v2\/product_tag?post=12060"}],"curies":[{"name":"wp","href":"https:\/\/api.w.org\/{rel}","templated":true}]}}