{"id":12057,"date":"2025-10-09T01:27:50","date_gmt":"2025-10-09T01:27:50","guid":{"rendered":"https:\/\/dersuessestopp.com\/?post_type=product&#038;p=12057"},"modified":"2025-10-09T01:27:50","modified_gmt":"2025-10-09T01:27:50","slug":"axf-1600-tn","status":"publish","type":"product","link":"https:\/\/dersuessestopp.com\/hu\/product\/axf-1600-tn\/","title":{"rendered":"AXF 1600 TN"},"content":{"rendered":"<p>&nbsp;<\/p>\n<h2><img decoding=\"async\" src=\"https:\/\/customer.klimaitalia.it\/api\/file\/image\/6595\" \/><\/h2>\n<h2>Term\u00e9k le\u00edr\u00e1sa<\/h2>\n<p data-start=\"221\" data-end=\"679\">A <strong data-start=\"225\" data-end=\"240\">AXF 1600 TN<\/strong> hivat\u00e1sos <strong data-start=\"259\" data-end=\"306\">k\u00e9tajt\u00f3s szell\u0151ztethet\u0151 h\u0171t\u0151szekr\u00e9ny<\/strong> k\u00e9sz\u00fclt <strong data-start=\"317\" data-end=\"345\">AISI 304 rozsdamentes ac\u00e9l<\/strong>, ide\u00e1lis kereskedelmi konyh\u00e1k \u00e9s vend\u00e9gl\u00e1t\u00f3ipari k\u00f6rnyezetek sz\u00e1m\u00e1ra. A <strong data-start=\"411\" data-end=\"448\">-2\u00b0C \u00e9s +8\u00b0C k\u00f6z\u00f6tti h\u0151m\u00e9rs\u00e9klet-tartom\u00e1ny<\/strong>, megb\u00edzhat\u00f3 h\u0171t\u00e9st \u00e9s egyenletes teljes\u00edtm\u00e9nyt biztos\u00edt. Felszerelve egy <strong data-start=\"523\" data-end=\"548\">elektronikus termoszt\u00e1t<\/strong>, <strong data-start=\"550\" data-end=\"572\">l\u00e1gyan z\u00e1r\u00f3d\u00f3 ajt\u00f3k<\/strong>, <strong data-start=\"574\" data-end=\"590\">LED vil\u00e1g\u00edt\u00e1s<\/strong>, \u00e9s <strong data-start=\"596\" data-end=\"617\">automatikus leolvaszt\u00e1s<\/strong>, higi\u00e9ni\u00e1t, hat\u00e9konys\u00e1got \u00e9s tart\u00f3ss\u00e1got k\u00edn\u00e1l egy egys\u00e9gben.<\/p>\n<p data-start=\"681\" data-end=\"700\"><strong data-start=\"681\" data-end=\"698\">F\u0151bb jellemz\u0151k:<\/strong><\/p>\n<ul data-start=\"701\" data-end=\"1077\">\n<li data-start=\"701\" data-end=\"740\">\n<p data-start=\"703\" data-end=\"740\"><strong data-start=\"703\" data-end=\"725\">H\u0151m\u00e9rs\u00e9klet-tartom\u00e1ny:<\/strong> -2\u00b0C \u00e9s +8\u00b0C k\u00f6z\u00f6tt<\/p>\n<\/li>\n<li data-start=\"741\" data-end=\"764\">\n<p data-start=\"743\" data-end=\"764\"><strong data-start=\"743\" data-end=\"756\">Kapacit\u00e1s:<\/strong> 940 L<\/p>\n<\/li>\n<li data-start=\"765\" data-end=\"819\">\n<p data-start=\"767\" data-end=\"819\"><strong data-start=\"767\" data-end=\"795\">AISI 304 rozsdamentes ac\u00e9l<\/strong> bels\u0151 \u00e9s k\u00fcls\u0151<\/p>\n<\/li>\n<li data-start=\"820\" data-end=\"861\">\n<p data-start=\"822\" data-end=\"861\"><strong data-start=\"822\" data-end=\"859\">Szell\u0151ztetett mennyezeti h\u0171t\u0151rendszer<\/strong><\/p>\n<\/li>\n<li data-start=\"862\" data-end=\"896\">\n<p data-start=\"864\" data-end=\"896\"><strong data-start=\"864\" data-end=\"894\">Automatikus elektromos leolvaszt\u00e1s<\/strong><\/p>\n<\/li>\n<li data-start=\"897\" data-end=\"944\">\n<p data-start=\"899\" data-end=\"944\"><strong data-start=\"899\" data-end=\"928\">L\u00e1gyan z\u00e1r\u00f3d\u00f3 k\u00e9tsz\u00e1rny\u00fa ajt\u00f3k<\/strong> a  c\u00edmen <strong data-start=\"934\" data-end=\"942\">lock<\/strong><\/p>\n<\/li>\n<li data-start=\"945\" data-end=\"995\">\n<p data-start=\"947\" data-end=\"995\"><strong data-start=\"947\" data-end=\"963\">LED vil\u00e1g\u00edt\u00e1s<\/strong>, <strong data-start=\"965\" data-end=\"993\">Smart Link WiFi opcion\u00e1lis<\/strong><\/p>\n<\/li>\n<li data-start=\"996\" data-end=\"1036\">\n<p data-start=\"998\" data-end=\"1036\"><strong data-start=\"998\" data-end=\"1021\">Energiafogyaszt\u00e1s:<\/strong> 1,31 kWh\/24h<\/p>\n<\/li>\n<li data-start=\"1037\" data-end=\"1077\">\n<p data-start=\"1039\" data-end=\"1077\"><strong data-start=\"1039\" data-end=\"1054\">M\u00e9retek:<\/strong> 1420 \u00d7 875 \u00d7 2090 mm<\/p>\n<\/li>\n<\/ul>\n<p>)<\/p>\n<h2>M\u0171szaki specifik\u00e1ci\u00f3k<\/h2>\n<table>\n<tbody>\n<tr>\n<td>\u00a0M\u00e9retek mm<\/td>\n<td>AXF 1600 TN<\/td>\n<td>AXF 1600 BT<\/td>\n<\/tr>\n<tr>\n<td>K\u00fcls\u0151 m\u00e9retek (WxDxH)<\/td>\n<td>1420 x 875 x 2090*<\/td>\n<td>1420 x 875 x 2090*<\/td>\n<\/tr>\n<tr>\n<td>Csomagol\u00e1si m\u00e9retek (WxDxH)<\/td>\n<td>1445 x 905 x 2150<\/td>\n<td>1445 x 905 x 2150<\/td>\n<\/tr>\n<tr>\n<td>Sz\u00e9less\u00e9g<\/td>\n<td>1240<\/td>\n<td>1240<\/td>\n<\/tr>\n<tr>\n<td>M\u00e9lys\u00e9g<\/td>\n<td>700<\/td>\n<td>700<\/td>\n<\/tr>\n<tr>\n<td>Magass\u00e1g<\/td>\n<td>1501<\/td>\n<td>1501<\/td>\n<\/tr>\n<tr>\n<td colspan=\"3\">Az egys\u00e9gek teljes magass\u00e1ga mag\u00e1ban foglalja a minim\u00e1lis magass\u00e1gi szinthez igaz\u00edtott l\u00e1bakat is.<\/td>\n<\/tr>\n<\/tbody>\n<\/table>\n<p>&nbsp;<\/p>\n<table>\n<tbody>\n<tr>\n<td>M\u0171szaki jellemz\u0151k<\/td>\n<td>AXF 1600 TN<\/td>\n<td>AXF 1600 BT<\/td>\n<\/tr>\n<tr>\n<td>H\u0151m\u00e9rs\u00e9klet tartom\u00e1ny<\/td>\n<td>-2 \u00b0C \/ +8 \u00b0C<\/td>\n<td>-22 \u00b0C \/ -18 \u00b0C<\/td>\n<\/tr>\n<tr>\n<td>Kl\u00edmaoszt\u00e1ly<\/td>\n<td>5<\/td>\n<td>5<\/td>\n<\/tr>\n<tr>\n<td>Nett\u00f3-brutt\u00f3 volumen<\/td>\n<td>940\/1300-as hadnagy<\/td>\n<td>940\/1300-as hadnagy<\/td>\n<\/tr>\n<tr>\n<td>Test<\/td>\n<td>AISI 304 rozsdamentes ac\u00e9l<\/td>\n<td>AISI 304 rozsdamentes ac\u00e9l<\/td>\n<\/tr>\n<tr>\n<td>Bels\u0151 b\u00e9l\u00e9s<\/td>\n<td>AISI 304 rozsdamentes ac\u00e9l<\/td>\n<td>AISI 304 rozsdamentes ac\u00e9l<\/td>\n<\/tr>\n<tr>\n<td>Termoszt\u00e1t<\/td>\n<td>Elektronikus<\/td>\n<td>Elektronikus<\/td>\n<\/tr>\n<tr>\n<td>Zajszint<\/td>\n<td>dB 38<\/td>\n<td>dB 38<\/td>\n<\/tr>\n<tr>\n<td>T\u00e1vir\u00e1ny\u00edt\u00f3<\/td>\n<td>Opcion\u00e1lis<\/td>\n<td>Opcion\u00e1lis<\/td>\n<\/tr>\n<tr>\n<td>Szigetel\u00e9s vastags\u00e1ga<\/td>\n<td>mm 90<\/td>\n<td>mm 90<\/td>\n<\/tr>\n<tr>\n<td>Leolvaszt\u00e1s<\/td>\n<td>Automatikus elektromos f\u0171t\u0151berendez\u00e9ssel<\/td>\n<td>Automatikus elektromos f\u0171t\u0151berendez\u00e9ssel<\/td>\n<\/tr>\n<tr>\n<td>H\u0171t\u0151rendszer<\/td>\n<td>Mennyezeti elp\u00e1rologtat\u00f3<\/td>\n<td>Mennyezeti elp\u00e1rologtat\u00f3<\/td>\n<\/tr>\n<tr>\n<td>Vil\u00e1g\u00edt\u00e1s<\/td>\n<td>Led 12V\/2.4W<\/td>\n<td>Led 12V\/2.4W<\/td>\n<\/tr>\n<tr>\n<td>\u00d6nz\u00e1r\u00f3 ajt\u00f3<\/td>\n<td>L\u00e1gy z\u00e1r\u00e1s<\/td>\n<td>L\u00e1gy z\u00e1r\u00e1s<\/td>\n<\/tr>\n<tr>\n<td>Lakat \u00e9s kulcs<\/td>\n<td>Igen<\/td>\n<td>Igen<\/td>\n<\/tr>\n<tr>\n<td>Polcok (WxD)<\/td>\n<td>N\u00b0 6 - mm 530 x 650 + N\u00b0 2 - mm 538 x 630<\/td>\n<td>N\u00b0 6 - mm 530 x 650 + N\u00b0 2 - mm 538 x 630<\/td>\n<\/tr>\n<tr>\n<td>G\u00f6rg\u0151k - l\u00e1bak<\/td>\n<td>4 l\u00e1b<\/td>\n<td>4 l\u00e1b<\/td>\n<\/tr>\n<tr>\n<td>G\u00f6rg\u0151k<\/td>\n<td>V\u00e1laszthat\u00f3 - h mm 140<\/td>\n<td>V\u00e1laszthat\u00f3 - h mm 140<\/td>\n<\/tr>\n<tr>\n<td>Nett\u00f3-brutt\u00f3 s\u00faly<\/td>\n<td>Kg 198 \/ 213<\/td>\n<td>Kg 208 \/ 226<\/td>\n<\/tr>\n<tr>\n<td>Fesz\u00fclts\u00e9g<\/td>\n<td>V 220-240<\/td>\n<td>V 220-240<\/td>\n<\/tr>\n<tr>\n<td>Frekvencia<\/td>\n<td>Hz 50<\/td>\n<td>Hz 50<\/td>\n<\/tr>\n<tr>\n<td>H\u0171t\u0151k\u00f6zeg<\/td>\n<td>R600A<\/td>\n<td>R290<\/td>\n<\/tr>\n<tr>\n<td>Abszorpci\u00f3<\/td>\n<td>W 360<\/td>\n<td>W 480<\/td>\n<\/tr>\n<tr>\n<td>Energiafogyaszt\u00e1s<\/td>\n<td>KwH\/24H 1,31<\/td>\n<td>KwH\/24H 4,34<\/td>\n<\/tr>\n<\/tbody>\n<\/table>","protected":false},"excerpt":{"rendered":"<p>&nbsp; Product Description The AXF 1600 TN is a professional double-door ventilated refrigerator cabinet made from AISI 304 stainless steel, ideal for commercial kitchens and catering environments. With a temperature range of -2\u00b0C to +8\u00b0C, it ensures reliable cooling and consistent performance. Equipped with an electronic thermostat, soft-closing doors, LED lighting, and automatic defrost, it [&hellip;]<\/p>\n","protected":false},"featured_media":12058,"comment_status":"open","ping_status":"closed","template":"","meta":[],"product_brand":[],"product_cat":[51],"product_tag":[],"class_list":{"0":"post-12057","1":"product","2":"type-product","3":"status-publish","4":"has-post-thumbnail","6":"product_cat-kitchen-catering-cooling","8":"first","9":"instock","10":"shipping-taxable","11":"product-type-simple"},"_links":{"self":[{"href":"https:\/\/dersuessestopp.com\/hu\/wp-json\/wp\/v2\/product\/12057","targetHints":{"allow":["GET"]}}],"collection":[{"href":"https:\/\/dersuessestopp.com\/hu\/wp-json\/wp\/v2\/product"}],"about":[{"href":"https:\/\/dersuessestopp.com\/hu\/wp-json\/wp\/v2\/types\/product"}],"replies":[{"embeddable":true,"href":"https:\/\/dersuessestopp.com\/hu\/wp-json\/wp\/v2\/comments?post=12057"}],"version-history":[{"count":1,"href":"https:\/\/dersuessestopp.com\/hu\/wp-json\/wp\/v2\/product\/12057\/revisions"}],"predecessor-version":[{"id":12059,"href":"https:\/\/dersuessestopp.com\/hu\/wp-json\/wp\/v2\/product\/12057\/revisions\/12059"}],"wp:featuredmedia":[{"embeddable":true,"href":"https:\/\/dersuessestopp.com\/hu\/wp-json\/wp\/v2\/media\/12058"}],"wp:attachment":[{"href":"https:\/\/dersuessestopp.com\/hu\/wp-json\/wp\/v2\/media?parent=12057"}],"wp:term":[{"taxonomy":"product_brand","embeddable":true,"href":"https:\/\/dersuessestopp.com\/hu\/wp-json\/wp\/v2\/product_brand?post=12057"},{"taxonomy":"product_cat","embeddable":true,"href":"https:\/\/dersuessestopp.com\/hu\/wp-json\/wp\/v2\/product_cat?post=12057"},{"taxonomy":"product_tag","embeddable":true,"href":"https:\/\/dersuessestopp.com\/hu\/wp-json\/wp\/v2\/product_tag?post=12057"}],"curies":[{"name":"wp","href":"https:\/\/api.w.org\/{rel}","templated":true}]}}