{"id":12039,"date":"2025-10-09T01:16:56","date_gmt":"2025-10-09T01:16:56","guid":{"rendered":"https:\/\/dersuessestopp.com\/?post_type=product&#038;p=12039"},"modified":"2025-10-09T01:16:56","modified_gmt":"2025-10-09T01:16:56","slug":"axf-800-bt","status":"publish","type":"product","link":"https:\/\/dersuessestopp.com\/hu\/product\/axf-800-bt\/","title":{"rendered":"AXF 800 BT"},"content":{"rendered":"<p>&nbsp;<\/p>\n<h2><img decoding=\"async\" src=\"https:\/\/customer.klimaitalia.it\/api\/file\/image\/2971\" \/><\/h2>\n<h2>Term\u00e9k le\u00edr\u00e1sa<\/h2>\n<p data-start=\"168\" data-end=\"577\">A <strong data-start=\"172\" data-end=\"186\">AXF 800 BT<\/strong> hivat\u00e1sos <strong data-start=\"205\" data-end=\"243\">szell\u0151ztetett rozsdamentes ac\u00e9l fagyaszt\u00f3<\/strong> egy <strong data-start=\"251\" data-end=\"290\">-22\u00b0C \u00e9s -18\u00b0C k\u00f6z\u00f6tti h\u0151m\u00e9rs\u00e9klet-tartom\u00e1nyban<\/strong>. \u00c9p\u00fclt <strong data-start=\"303\" data-end=\"331\">AISI 304 rozsdamentes ac\u00e9l<\/strong>, biztos\u00edtja a higi\u00e9ni\u00e1t, a tart\u00f3ss\u00e1got \u00e9s a kiv\u00e1l\u00f3 teljes\u00edtm\u00e9nyt. Az al\u00e1bbi jellemz\u0151kkel <strong data-start=\"405\" data-end=\"430\">elektronikus termoszt\u00e1t<\/strong>, <strong data-start=\"432\" data-end=\"453\">l\u00e1gyan z\u00e1r\u00f3d\u00f3 ajt\u00f3<\/strong>, <strong data-start=\"455\" data-end=\"471\">LED vil\u00e1g\u00edt\u00e1s<\/strong>, \u00e9s <strong data-start=\"477\" data-end=\"507\">automatikus elektromos leolvaszt\u00e1s<\/strong>, ide\u00e1lis nagykonyhai, \u00e9ttermi \u00e9s vend\u00e9gl\u00e1t\u00f3ipari felhaszn\u00e1l\u00e1sra.<\/p>\n<p data-start=\"579\" data-end=\"598\"><strong data-start=\"579\" data-end=\"596\">F\u0151bb jellemz\u0151k:<\/strong><\/p>\n<ul data-start=\"599\" data-end=\"908\">\n<li data-start=\"599\" data-end=\"634\">\n<p data-start=\"601\" data-end=\"634\">H\u0151m\u00e9rs\u00e9klet: <strong data-start=\"614\" data-end=\"632\">-22\u00b0C \u00e9s -18\u00b0C k\u00f6z\u00f6tt<\/strong><\/p>\n<\/li>\n<li data-start=\"635\" data-end=\"658\">\n<p data-start=\"637\" data-end=\"658\">Kapacit\u00e1s: <strong data-start=\"647\" data-end=\"656\">408 L<\/strong><\/p>\n<\/li>\n<li data-start=\"659\" data-end=\"709\">\n<p data-start=\"661\" data-end=\"709\"><strong data-start=\"661\" data-end=\"689\">AISI 304 rozsdamentes ac\u00e9l<\/strong> karossz\u00e9ria \u00e9s bels\u0151 t\u00e9r<\/p>\n<\/li>\n<li data-start=\"710\" data-end=\"744\">\n<p data-start=\"712\" data-end=\"744\"><strong data-start=\"712\" data-end=\"742\">Szell\u0151ztetett fagyaszt\u00f3rendszer<\/strong><\/p>\n<\/li>\n<li data-start=\"745\" data-end=\"779\">\n<p data-start=\"747\" data-end=\"779\"><strong data-start=\"747\" data-end=\"777\">Automatikus elektromos leolvaszt\u00e1s<\/strong><\/p>\n<\/li>\n<li data-start=\"780\" data-end=\"819\">\n<p data-start=\"782\" data-end=\"819\"><strong data-start=\"782\" data-end=\"803\">L\u00e1gyan z\u00e1r\u00f3d\u00f3 ajt\u00f3<\/strong> a  c\u00edmen <strong data-start=\"809\" data-end=\"817\">lock<\/strong><\/p>\n<\/li>\n<li data-start=\"820\" data-end=\"870\">\n<p data-start=\"822\" data-end=\"870\"><strong data-start=\"822\" data-end=\"838\">LED vil\u00e1g\u00edt\u00e1s<\/strong>, <strong data-start=\"840\" data-end=\"868\">Smart Link WiFi opcion\u00e1lis<\/strong><\/p>\n<\/li>\n<li data-start=\"871\" data-end=\"908\">\n<p data-start=\"873\" data-end=\"908\">M\u00e9retek: <strong data-start=\"885\" data-end=\"908\">740 \u00d7 875 \u00d7 2090 mm<\/strong><\/p>\n<\/li>\n<\/ul>\n<h2>M\u0171szaki specifik\u00e1ci\u00f3k<\/h2>\n<p>&nbsp;<\/p>\n<table>\n<tbody>\n<tr>\n<td>M\u00e9retek mm<\/td>\n<td>AXF 800 TN<\/td>\n<td>AXF 800 BT<\/td>\n<\/tr>\n<tr>\n<td>K\u00fcls\u0151 m\u00e9retek (WxDxH)<\/td>\n<td>740 x 875 x 2090*<\/td>\n<td>740 x 875 x 2090*<\/td>\n<\/tr>\n<tr>\n<td>Csomagol\u00e1si m\u00e9retek (WxDxH)<\/td>\n<td>760 x 905 x 2150<\/td>\n<td>760 x 905 x 2150<\/td>\n<\/tr>\n<tr>\n<td>Sz\u00e9less\u00e9g<\/td>\n<td>533<\/td>\n<td>533<\/td>\n<\/tr>\n<tr>\n<td>M\u00e9lys\u00e9g<\/td>\n<td>700<\/td>\n<td>700<\/td>\n<\/tr>\n<tr>\n<td>Magass\u00e1g<\/td>\n<td>1501<\/td>\n<td>1501<\/td>\n<\/tr>\n<tr>\n<td colspan=\"3\">Az egys\u00e9gek teljes magass\u00e1ga mag\u00e1ban foglalja a minim\u00e1lis magass\u00e1gi szinthez igaz\u00edtott l\u00e1bakat is.<\/td>\n<\/tr>\n<\/tbody>\n<\/table>\n<p>&nbsp;<\/p>\n<table>\n<tbody>\n<tr>\n<td>M\u0171szaki jellemz\u0151k<\/td>\n<td>AXF 800 TN<\/td>\n<td>AXF 800 BT<\/td>\n<\/tr>\n<tr>\n<td>H\u0151m\u00e9rs\u00e9klet tartom\u00e1ny<\/td>\n<td>-2 \u00b0C \/ +8 \u00b0C<\/td>\n<td>-22 \u00b0C \/ -18 \u00b0C<\/td>\n<\/tr>\n<tr>\n<td>Kl\u00edmaoszt\u00e1ly<\/td>\n<td>5 (tropicalizzato)<\/td>\n<td>5 (tropicalizzato)<\/td>\n<\/tr>\n<tr>\n<td>Nett\u00f3-brutt\u00f3 volumen<\/td>\n<td>408 \/ 560 hadnagy<\/td>\n<td>408 \/ 560 hadnagy<\/td>\n<\/tr>\n<tr>\n<td>Test<\/td>\n<td>AISI 304 rozsdamentes ac\u00e9l<\/td>\n<td>AISI 304 rozsdamentes ac\u00e9l<\/td>\n<\/tr>\n<tr>\n<td>Bels\u0151 b\u00e9l\u00e9s<\/td>\n<td>AISI 304 rozsdamentes ac\u00e9l<\/td>\n<td>AISI 304 rozsdamentes ac\u00e9l<\/td>\n<\/tr>\n<tr>\n<td>Termoszt\u00e1t<\/td>\n<td>Elektronikus<\/td>\n<td>Elektronikus<\/td>\n<\/tr>\n<tr>\n<td>Zajszint<\/td>\n<td>dB 38<\/td>\n<td>dB 38<\/td>\n<\/tr>\n<tr>\n<td>T\u00e1vir\u00e1ny\u00edt\u00f3<\/td>\n<td>Opcion\u00e1lis<\/td>\n<td>Opcion\u00e1lis<\/td>\n<\/tr>\n<tr>\n<td>Szigetel\u00e9s vastags\u00e1ga<\/td>\n<td>mm 103,5<\/td>\n<td>mm 103,5<\/td>\n<\/tr>\n<tr>\n<td>Leolvaszt\u00e1s<\/td>\n<td>Automatikus kompresszor ciklus<\/td>\n<td>Automatikus elektromos f\u0171t\u0151berendez\u00e9ssel<\/td>\n<\/tr>\n<tr>\n<td>H\u0171t\u0151rendszer<\/td>\n<td>Mennyezeti elp\u00e1rologtat\u00f3<\/td>\n<td>Mennyezeti elp\u00e1rologtat\u00f3<\/td>\n<\/tr>\n<tr>\n<td>Vil\u00e1g\u00edt\u00e1s<\/td>\n<td>V\u00edzszintes<\/td>\n<td>V\u00edzszintes<\/td>\n<\/tr>\n<tr>\n<td>\u00d6nz\u00e1r\u00f3 ajt\u00f3<\/td>\n<td>L\u00e1gy z\u00e1r\u00e1s<\/td>\n<td>L\u00e1gy z\u00e1r\u00e1s<\/td>\n<\/tr>\n<tr>\n<td>Lakat \u00e9s kulcs<\/td>\n<td>Igen<\/td>\n<td>Igen<\/td>\n<\/tr>\n<tr>\n<td>\u00a0Megford\u00edthat\u00f3 ajt\u00f3<\/td>\n<td>Igen<\/td>\n<td>Igen<\/td>\n<\/tr>\n<tr>\n<td>Polcok (WxD)<\/td>\n<td>N\u00b03 - mm 530 x 650 + N\u00b01 - mm 510 x 605<\/td>\n<td>N\u00b03 - mm 530 x 650 + N\u00b01 - mm 510 x 605<\/td>\n<\/tr>\n<tr>\n<td>L\u00e1bak<\/td>\n<td>4 l\u00e1b<\/td>\n<td>4 l\u00e1b<\/td>\n<\/tr>\n<tr>\n<td>G\u00f6rg\u0151k<\/td>\n<td>V\u00e1laszthat\u00f3 - h 140mm<\/td>\n<td>V\u00e1laszthat\u00f3 - h 140mm<\/td>\n<\/tr>\n<tr>\n<td>Nett\u00f3-brutt\u00f3 s\u00faly<\/td>\n<td>Kg 134 \/ 143<\/td>\n<td>Kg 138 \/ 147<\/td>\n<\/tr>\n<tr>\n<td>Fesz\u00fclts\u00e9g<\/td>\n<td>V 220<\/td>\n<td>V 220<\/td>\n<\/tr>\n<tr>\n<td>Frekvencia<\/td>\n<td>Hz 50<\/td>\n<td>Hz 50<\/td>\n<\/tr>\n<tr>\n<td>H\u0171t\u0151k\u00f6zeg<\/td>\n<td>R600A<\/td>\n<td>R290A<\/td>\n<\/tr>\n<tr>\n<td>Abszorpci\u00f3<\/td>\n<td>W 250<\/td>\n<td>W 380<\/td>\n<\/tr>\n<tr>\n<td>Energiafogyaszt\u00e1s<\/td>\n<td>KwH\/24H 0,812<\/td>\n<td>KwH\/24H 2,62<\/td>\n<\/tr>\n<\/tbody>\n<\/table>","protected":false},"excerpt":{"rendered":"<p>&nbsp; Product Description The AXF 800 BT is a professional ventilated stainless steel freezer with a temperature range of -22\u00b0C to -18\u00b0C. Built from AISI 304 stainless steel, it ensures hygiene, durability, and excellent performance. Featuring an electronic thermostat, soft-closing door, LED lighting, and automatic electric defrost, it\u2019s ideal for commercial kitchens, restaurants, and catering [&hellip;]<\/p>\n","protected":false},"featured_media":12040,"comment_status":"open","ping_status":"closed","template":"","meta":[],"product_brand":[],"product_cat":[51],"product_tag":[],"class_list":{"0":"post-12039","1":"product","2":"type-product","3":"status-publish","4":"has-post-thumbnail","6":"product_cat-kitchen-catering-cooling","8":"first","9":"instock","10":"shipping-taxable","11":"product-type-simple"},"_links":{"self":[{"href":"https:\/\/dersuessestopp.com\/hu\/wp-json\/wp\/v2\/product\/12039","targetHints":{"allow":["GET"]}}],"collection":[{"href":"https:\/\/dersuessestopp.com\/hu\/wp-json\/wp\/v2\/product"}],"about":[{"href":"https:\/\/dersuessestopp.com\/hu\/wp-json\/wp\/v2\/types\/product"}],"replies":[{"embeddable":true,"href":"https:\/\/dersuessestopp.com\/hu\/wp-json\/wp\/v2\/comments?post=12039"}],"version-history":[{"count":1,"href":"https:\/\/dersuessestopp.com\/hu\/wp-json\/wp\/v2\/product\/12039\/revisions"}],"predecessor-version":[{"id":12041,"href":"https:\/\/dersuessestopp.com\/hu\/wp-json\/wp\/v2\/product\/12039\/revisions\/12041"}],"wp:featuredmedia":[{"embeddable":true,"href":"https:\/\/dersuessestopp.com\/hu\/wp-json\/wp\/v2\/media\/12040"}],"wp:attachment":[{"href":"https:\/\/dersuessestopp.com\/hu\/wp-json\/wp\/v2\/media?parent=12039"}],"wp:term":[{"taxonomy":"product_brand","embeddable":true,"href":"https:\/\/dersuessestopp.com\/hu\/wp-json\/wp\/v2\/product_brand?post=12039"},{"taxonomy":"product_cat","embeddable":true,"href":"https:\/\/dersuessestopp.com\/hu\/wp-json\/wp\/v2\/product_cat?post=12039"},{"taxonomy":"product_tag","embeddable":true,"href":"https:\/\/dersuessestopp.com\/hu\/wp-json\/wp\/v2\/product_tag?post=12039"}],"curies":[{"name":"wp","href":"https:\/\/api.w.org\/{rel}","templated":true}]}}