{"id":12028,"date":"2025-10-09T01:09:45","date_gmt":"2025-10-09T01:09:45","guid":{"rendered":"https:\/\/dersuessestopp.com\/?post_type=product&#038;p=12028"},"modified":"2025-10-09T01:09:45","modified_gmt":"2025-10-09T01:09:45","slug":"05-korul","status":"publish","type":"product","link":"https:\/\/dersuessestopp.com\/hu\/product\/abt-05\/","title":{"rendered":"ABT 05"},"content":{"rendered":"<p><img decoding=\"async\" src=\"https:\/\/customer.klimaitalia.it\/api\/file\/image\/3841\" \/><\/p>\n<p>&nbsp;<\/p>\n<h2>Term\u00e9k le\u00edr\u00e1sa<\/h2>\n<p data-start=\"199\" data-end=\"811\">A <strong data-start=\"203\" data-end=\"213\">ABT 05<\/strong> hivat\u00e1sos <strong data-start=\"232\" data-end=\"261\">gyorsh\u0171t\u0151 \u00e9s fagyaszt\u00f3<\/strong> az \u00e9lelmiszerek h\u0151m\u00e9rs\u00e9klet\u00e9nek gyors cs\u00f6kkent\u00e9s\u00e9re tervezt\u00e9k kereskedelmi konyh\u00e1kban, p\u00e9ks\u00e9gekben \u00e9s vend\u00e9gl\u00e1t\u00f3ipari m\u0171veletekben. Kiv\u00e1l\u00f3 min\u0151s\u00e9g\u0171 <strong data-start=\"389\" data-end=\"417\">AISI 304 rozsdamentes ac\u00e9l<\/strong>, biztos\u00edtja a higi\u00e9ni\u00e1t, a tart\u00f3ss\u00e1got \u00e9s a megb\u00edzhat\u00f3s\u00e1got. A <strong data-start=\"475\" data-end=\"515\">h\u0151m\u00e9rs\u00e9klet-tartom\u00e1ny -35\u00b0C \u00e9s +5\u00b0C k\u00f6z\u00f6tt<\/strong>, gyorsan cs\u00f6kkenti az \u00e9tel h\u0151m\u00e9rs\u00e9klet\u00e9t +70\u00b0C-r\u00f3l +3\u00b0C-ra 90 perc alatt, vagy -18\u00b0C-ra 240 perc alatt. A <strong data-start=\"617\" data-end=\"665\">elektronikus termoszt\u00e1t 4 el\u0151re be\u00e1ll\u00edtott programmal<\/strong> \u00e9s egy <strong data-start=\"672\" data-end=\"701\">term\u00e9kh\u0151m\u00e9rs\u00e9klet szonda<\/strong> pontos vez\u00e9rl\u00e9st tesz lehet\u0151v\u00e9, m\u00edg a <strong data-start=\"735\" data-end=\"772\">korr\u00f3zi\u00f3g\u00e1tl\u00f3val kezelt elp\u00e1rologtat\u00f3<\/strong> garant\u00e1lja a hossz\u00fa t\u00e1v\u00fa teljes\u00edtm\u00e9nyt.<\/p>\n<p data-start=\"813\" data-end=\"832\"><strong data-start=\"813\" data-end=\"830\">F\u0151bb jellemz\u0151k:<\/strong><\/p>\n<ul data-start=\"833\" data-end=\"1349\">\n<li data-start=\"833\" data-end=\"873\">\n<p data-start=\"835\" data-end=\"873\"><strong data-start=\"835\" data-end=\"857\">H\u0151m\u00e9rs\u00e9klet-tartom\u00e1ny:<\/strong> -35\u00b0C \u00e9s +5\u00b0C k\u00f6z\u00f6tt<\/p>\n<\/li>\n<li data-start=\"874\" data-end=\"921\">\n<p data-start=\"876\" data-end=\"921\"><strong data-start=\"876\" data-end=\"889\">Kapacit\u00e1s:<\/strong> 5 GN 1\/1 t\u00e1lca (400 \u00d7 600 mm)<\/p>\n<\/li>\n<li data-start=\"922\" data-end=\"981\">\n<p data-start=\"924\" data-end=\"981\"><strong data-start=\"924\" data-end=\"943\">Robban\u00e1sszer\u0171 h\u0171t\u00e9s:<\/strong> +70\u00b0C \u00e9s +3\u00b0C k\u00f6z\u00f6tt 90 perc alatt (18 kg)<\/p>\n<\/li>\n<li data-start=\"982\" data-end=\"1037\">\n<p data-start=\"984\" data-end=\"1037\"><strong data-start=\"984\" data-end=\"997\">Fagyaszt\u00e1s:<\/strong> +70\u00b0C-t\u00f3l -18\u00b0C-ig 240 perc alatt (14 kg)<\/p>\n<\/li>\n<li data-start=\"1038\" data-end=\"1092\">\n<p data-start=\"1040\" data-end=\"1092\"><strong data-start=\"1040\" data-end=\"1068\">AISI 304 rozsdamentes ac\u00e9l<\/strong> bels\u0151 \u00e9s k\u00fcls\u0151<\/p>\n<\/li>\n<li data-start=\"1093\" data-end=\"1138\">\n<p data-start=\"1095\" data-end=\"1138\"><strong data-start=\"1095\" data-end=\"1136\">Elektronikus termoszt\u00e1t 4 programmal<\/strong><\/p>\n<\/li>\n<li data-start=\"1139\" data-end=\"1177\">\n<p data-start=\"1141\" data-end=\"1177\"><strong data-start=\"1141\" data-end=\"1175\">Term\u00e9k magh\u0151m\u00e9rs\u00e9klet szonda<\/strong><\/p>\n<\/li>\n<li data-start=\"1178\" data-end=\"1227\">\n<p data-start=\"1180\" data-end=\"1227\"><strong data-start=\"1180\" data-end=\"1225\">Automatikus + manu\u00e1lis melegg\u00e1zos leolvaszt\u00f3 rendszer<\/strong><\/p>\n<\/li>\n<li data-start=\"1228\" data-end=\"1269\">\n<p data-start=\"1230\" data-end=\"1269\"><strong data-start=\"1230\" data-end=\"1267\">Korr\u00f3zi\u00f3g\u00e1tl\u00f3val kezelt elp\u00e1rologtat\u00f3<\/strong><\/p>\n<\/li>\n<li data-start=\"1270\" data-end=\"1310\">\n<p data-start=\"1272\" data-end=\"1310\"><strong data-start=\"1272\" data-end=\"1288\">H\u0171t\u0151k\u00f6zeg:<\/strong> R290 (k\u00f6rnyezetbar\u00e1t)<\/p>\n<\/li>\n<li data-start=\"1311\" data-end=\"1349\">\n<p data-start=\"1313\" data-end=\"1349\"><strong data-start=\"1313\" data-end=\"1328\">M\u00e9retek:<\/strong> 800 \u00d7 877 \u00d7 840 mm<\/p>\n<\/li>\n<\/ul>\n<h2>M\u0171szaki specifik\u00e1ci\u00f3k<\/h2>\n<table>\n<tbody>\n<tr>\n<td>\u00a0M\u00e9retek mm<\/td>\n<td>ABT 05<\/td>\n<td>ABT 10<\/td>\n<\/tr>\n<tr>\n<td>K\u00fcls\u0151 m\u00e9retek (WxDxH)<\/td>\n<td>800 x 877 x 840*<\/td>\n<td>800 x 877 x 1665<\/td>\n<\/tr>\n<tr>\n<td>Csomagol\u00e1si m\u00e9retek (WxDxH)<\/td>\n<td>870 x 955 x 1100<\/td>\n<td>870 x 955 x 1730<\/td>\n<\/tr>\n<tr>\n<td>Sz\u00e9less\u00e9g<\/td>\n<td>440<\/td>\n<td>440<\/td>\n<\/tr>\n<tr>\n<td>M\u00e9lys\u00e9g<\/td>\n<td>695<\/td>\n<td>695<\/td>\n<\/tr>\n<tr>\n<td>Magass\u00e1g<\/td>\n<td>370<\/td>\n<td>870<\/td>\n<\/tr>\n<tr>\n<td colspan=\"3\">Az egys\u00e9gek teljes magass\u00e1ga mag\u00e1ban foglalja a minim\u00e1lis magass\u00e1gi szinthez igaz\u00edtott l\u00e1bakat is.<\/td>\n<\/tr>\n<\/tbody>\n<\/table>\n<p>&nbsp;<\/p>\n<table>\n<tbody>\n<tr>\n<td>M\u0171szaki jellemz\u0151k<\/td>\n<td>ABT 05<\/td>\n<td>ABT 10<\/td>\n<\/tr>\n<tr>\n<td>H\u0151m\u00e9rs\u00e9klet tartom\u00e1ny<\/td>\n<td>-35 \u00b0C \/ +5 \u00b0C<\/td>\n<td>-35 \u00b0C \/ +5 \u00b0C<\/td>\n<\/tr>\n<tr>\n<td>Kl\u00edmaoszt\u00e1ly<\/td>\n<td>5<\/td>\n<td>5<\/td>\n<\/tr>\n<tr>\n<td>Nett\u00f3-brutt\u00f3 volumen<\/td>\n<td>102 \/ 156 hadnagy<\/td>\n<td>240 \/ 368 hadnagy<\/td>\n<\/tr>\n<tr>\n<td>Test<\/td>\n<td>AISI 304 rozsdamentes ac\u00e9l<\/td>\n<td>AISI 304 rozsdamentes ac\u00e9l<\/td>\n<\/tr>\n<tr>\n<td>Bels\u0151 b\u00e9l\u00e9s, p\u00e1rologtat\u00f3fed\u00e9l tartoz\u00e9k<\/td>\n<td>AISI 304 rozsdamentes ac\u00e9l<\/td>\n<td>AISI 304 rozsdamentes ac\u00e9l<\/td>\n<\/tr>\n<tr>\n<td>Termoszt\u00e1t<\/td>\n<td>Elektronikus<\/td>\n<td>Elektronikus<\/td>\n<\/tr>\n<tr>\n<td>Zajszint<\/td>\n<td>dB 60<\/td>\n<td>dB 60<\/td>\n<\/tr>\n<tr>\n<td>Szigetel\u00e9s vastags\u00e1ga<\/td>\n<td>mm 70<\/td>\n<td>mm 70<\/td>\n<\/tr>\n<tr>\n<td>Leolvaszt\u00e1s<\/td>\n<td>Automatikus forr\u00f3 g\u00e1zrendszerrel + K\u00e9zi<\/td>\n<td>Automatikus forr\u00f3 g\u00e1zrendszerrel + K\u00e9zi<\/td>\n<\/tr>\n<tr>\n<td>Gyorsh\u0171t\u00e9si id\u0151 70 C\u00b0 \u00e9s +3\u00b0C k\u00f6z\u00f6tt<\/td>\n<td>percek<\/td>\n<td>percek<\/td>\n<\/tr>\n<tr>\n<td>Gyorsh\u0171t\u00e9si id\u0151 70 C\u00b0-t\u00f3l -18\u00b0C-ig<\/td>\n<td>percek<\/td>\n<td>percek<\/td>\n<\/tr>\n<tr>\n<td>Ed\u00e9nyek (nem tartoz\u00e9k) - Kapacit\u00e1s \u00e9s m\u00e9retek (SzxM)<\/td>\n<td>serpeny\u0151k<\/td>\n<td>serpeny\u0151k<\/td>\n<\/tr>\n<tr>\n<td>L\u00e1bak<\/td>\n<td>4 l\u00e1b<\/td>\n<td>4 l\u00e1b<\/td>\n<\/tr>\n<tr>\n<td>G\u00f6rg\u0151k<\/td>\n<td>Opcion\u00e1lis<\/td>\n<td>Opcion\u00e1lis<\/td>\n<\/tr>\n<tr>\n<td>Nett\u00f3-brutt\u00f3 s\u00faly<\/td>\n<td>Kg 105 \/ 138<\/td>\n<td>Kg 150 \/ 190<\/td>\n<\/tr>\n<tr>\n<td>Fesz\u00fclts\u00e9g<\/td>\n<td>V 220<\/td>\n<td>V 220<\/td>\n<\/tr>\n<tr>\n<td>Frekvencia<\/td>\n<td>Hz 50<\/td>\n<td>Hz 50<\/td>\n<\/tr>\n<tr>\n<td>H\u0171t\u0151k\u00f6zeg<\/td>\n<td>R290<\/td>\n<td>R290<\/td>\n<\/tr>\n<tr>\n<td>Abszorpci\u00f3<\/td>\n<td>W 720<\/td>\n<td>W 900<\/td>\n<\/tr>\n<\/tbody>\n<\/table>","protected":false},"excerpt":{"rendered":"<p>&nbsp; Product Description The ABT 05 is a professional blast chiller and freezer designed for rapid food temperature reduction in commercial kitchens, bakeries, and catering operations. Built from high-grade AISI 304 stainless steel, it ensures hygiene, durability, and reliability. With a temperature range from -35\u00b0C to +5\u00b0C, it quickly lowers food temperature from +70\u00b0C to [&hellip;]<\/p>\n","protected":false},"featured_media":12031,"comment_status":"open","ping_status":"closed","template":"","meta":[],"product_brand":[],"product_cat":[51],"product_tag":[],"class_list":{"0":"post-12028","1":"product","2":"type-product","3":"status-publish","4":"has-post-thumbnail","6":"product_cat-kitchen-catering-cooling","8":"first","9":"instock","10":"shipping-taxable","11":"product-type-simple"},"_links":{"self":[{"href":"https:\/\/dersuessestopp.com\/hu\/wp-json\/wp\/v2\/product\/12028","targetHints":{"allow":["GET"]}}],"collection":[{"href":"https:\/\/dersuessestopp.com\/hu\/wp-json\/wp\/v2\/product"}],"about":[{"href":"https:\/\/dersuessestopp.com\/hu\/wp-json\/wp\/v2\/types\/product"}],"replies":[{"embeddable":true,"href":"https:\/\/dersuessestopp.com\/hu\/wp-json\/wp\/v2\/comments?post=12028"}],"version-history":[{"count":1,"href":"https:\/\/dersuessestopp.com\/hu\/wp-json\/wp\/v2\/product\/12028\/revisions"}],"predecessor-version":[{"id":12032,"href":"https:\/\/dersuessestopp.com\/hu\/wp-json\/wp\/v2\/product\/12028\/revisions\/12032"}],"wp:featuredmedia":[{"embeddable":true,"href":"https:\/\/dersuessestopp.com\/hu\/wp-json\/wp\/v2\/media\/12031"}],"wp:attachment":[{"href":"https:\/\/dersuessestopp.com\/hu\/wp-json\/wp\/v2\/media?parent=12028"}],"wp:term":[{"taxonomy":"product_brand","embeddable":true,"href":"https:\/\/dersuessestopp.com\/hu\/wp-json\/wp\/v2\/product_brand?post=12028"},{"taxonomy":"product_cat","embeddable":true,"href":"https:\/\/dersuessestopp.com\/hu\/wp-json\/wp\/v2\/product_cat?post=12028"},{"taxonomy":"product_tag","embeddable":true,"href":"https:\/\/dersuessestopp.com\/hu\/wp-json\/wp\/v2\/product_tag?post=12028"}],"curies":[{"name":"wp","href":"https:\/\/api.w.org\/{rel}","templated":true}]}}