{"id":12024,"date":"2025-10-09T01:02:36","date_gmt":"2025-10-09T01:02:36","guid":{"rendered":"https:\/\/dersuessestopp.com\/?post_type=product&#038;p=12024"},"modified":"2025-10-09T01:03:33","modified_gmt":"2025-10-09T01:03:33","slug":"gn-400-g-tn","status":"publish","type":"product","link":"https:\/\/dersuessestopp.com\/hu\/product\/gn-400-g-tn\/","title":{"rendered":"GN 400 G TN"},"content":{"rendered":"<p>&nbsp;<\/p>\n<h2><img decoding=\"async\" src=\"https:\/\/customer.klimaitalia.it\/api\/file\/image\/9003\" \/><\/h2>\n<h2>Term\u00e9k le\u00edr\u00e1sa<\/h2>\n<p data-start=\"187\" data-end=\"758\">A <strong data-start=\"191\" data-end=\"206\">GN 400 G TN<\/strong> hivat\u00e1sos <strong data-start=\"225\" data-end=\"260\">\u00fcvegajt\u00f3s h\u0171t\u0151szekr\u00e9ny<\/strong> b\u00e1rok, \u00e9ttermek \u00e9s italkeresked\u0151k sz\u00e1m\u00e1ra tervezt\u00e9k. Rendelkezik egy <strong data-start=\"331\" data-end=\"369\">statikus ventil\u00e1torral seg\u00edtett h\u0171t\u0151rendszer<\/strong> amely egyenletes h\u0151m\u00e9rs\u00e9kletet tart fenn a <strong data-start=\"417\" data-end=\"435\">+2\u00b0C \u00e9s +10\u00b0C<\/strong>, ide\u00e1lis italok \u00e9s romland\u00f3 \u00e1ruk t\u00e1rol\u00e1s\u00e1ra. \u00c9p\u00edtett egy <strong data-start=\"498\" data-end=\"535\">korr\u00f3zi\u00f3g\u00e1tl\u00f3val kezelt ac\u00e9ltest<\/strong> \u00e9s <strong data-start=\"540\" data-end=\"556\">ABS bels\u0151 t\u00e9r<\/strong>, ez a h\u0171t\u0151t\u00e1ska \u00f6tv\u00f6zi a tart\u00f3ss\u00e1got a modern diz\u00e1jnnal. A <strong data-start=\"614\" data-end=\"647\">keret n\u00e9lk\u00fcli edzett \u00fcvegajt\u00f3<\/strong>, <strong data-start=\"649\" data-end=\"665\">LED vil\u00e1g\u00edt\u00e1s<\/strong>, \u00e9s <strong data-start=\"671\" data-end=\"697\">\u00f6nz\u00e1r\u00f3 mechanizmus<\/strong> biztos\u00edtja a term\u00e9k kiv\u00e1l\u00f3 l\u00e1that\u00f3s\u00e1g\u00e1t \u00e9s energiahat\u00e9konys\u00e1g\u00e1t.<\/p>\n<p data-start=\"760\" data-end=\"779\"><strong data-start=\"760\" data-end=\"777\">F\u0151bb jellemz\u0151k:<\/strong><\/p>\n<ul data-start=\"780\" data-end=\"1229\">\n<li data-start=\"780\" data-end=\"820\">\n<p data-start=\"782\" data-end=\"820\"><strong data-start=\"782\" data-end=\"804\">H\u0151m\u00e9rs\u00e9klet-tartom\u00e1ny:<\/strong> +2\u00b0C \u00e9s +10\u00b0C k\u00f6z\u00f6tt<\/p>\n<\/li>\n<li data-start=\"821\" data-end=\"849\">\n<p data-start=\"823\" data-end=\"849\"><strong data-start=\"823\" data-end=\"836\">Kapacit\u00e1s:<\/strong> 400 liter<\/p>\n<\/li>\n<li data-start=\"850\" data-end=\"908\">\n<p data-start=\"852\" data-end=\"908\"><strong data-start=\"852\" data-end=\"885\">Keret n\u00e9lk\u00fcli edzett \u00fcvegajt\u00f3<\/strong> be\u00e9p\u00edtett foganty\u00faval<\/p>\n<\/li>\n<li data-start=\"909\" data-end=\"961\">\n<p data-start=\"911\" data-end=\"961\"><strong data-start=\"911\" data-end=\"942\">Statikus ventil\u00e1torral seg\u00edtett h\u0171t\u00e9s<\/strong> az egyenletes l\u00e9g\u00e1raml\u00e1s\u00e9rt<\/p>\n<\/li>\n<li data-start=\"962\" data-end=\"1014\">\n<p data-start=\"964\" data-end=\"1014\"><strong data-start=\"964\" data-end=\"989\">Elektronikus termoszt\u00e1t<\/strong> automatikus leolvaszt\u00e1ssal<\/p>\n<\/li>\n<li data-start=\"1015\" data-end=\"1053\">\n<p data-start=\"1017\" data-end=\"1053\"><strong data-start=\"1017\" data-end=\"1051\">F\u00fcgg\u0151leges LED-es bels\u0151 vil\u00e1g\u00edt\u00e1s<\/strong><\/p>\n<\/li>\n<li data-start=\"1054\" data-end=\"1097\">\n<p data-start=\"1056\" data-end=\"1097\"><strong data-start=\"1056\" data-end=\"1077\">\u00d6nz\u00e1r\u00f3d\u00f3 ajt\u00f3<\/strong> z\u00e1rral \u00e9s kulccsal<\/p>\n<\/li>\n<li data-start=\"1098\" data-end=\"1148\">\n<p data-start=\"1100\" data-end=\"1148\"><strong data-start=\"1100\" data-end=\"1128\">Opcion\u00e1lis Smart Link WiFi<\/strong> t\u00e1vfel\u00fcgyelet<\/p>\n<\/li>\n<li data-start=\"1149\" data-end=\"1189\">\n<p data-start=\"1151\" data-end=\"1189\"><strong data-start=\"1151\" data-end=\"1174\">Energiafogyaszt\u00e1s:<\/strong> 2,02 kWh\/24h<\/p>\n<\/li>\n<li data-start=\"1190\" data-end=\"1229\">\n<p data-start=\"1192\" data-end=\"1229\"><strong data-start=\"1192\" data-end=\"1207\">M\u00e9retek:<\/strong> 600 \u00d7 625 \u00d7 1860 mm<\/p>\n<\/li>\n<\/ul>\n<p>r<\/p>\n<h2>M\u0171szaki specifik\u00e1ci\u00f3k<\/h2>\n<table>\n<tbody>\n<tr>\n<td>\u00a0Kapacit\u00e1s<\/td>\n<td>GN 400 G TN - GN 400 G TN BLK<\/td>\n<\/tr>\n<tr>\n<td>Palack lt. 1<\/td>\n<td>60<\/td>\n<\/tr>\n<tr>\n<td>Palack cl. 75<\/td>\n<td>85<\/td>\n<\/tr>\n<tr>\n<td>Palack cl. 66<\/td>\n<td>90<\/td>\n<\/tr>\n<tr>\n<td>Palack cl. 50<\/td>\n<td>198<\/td>\n<\/tr>\n<tr>\n<td>Palack cl. 33<\/td>\n<td>182<\/td>\n<\/tr>\n<tr>\n<td>Can cl. 33<\/td>\n<td>228<\/td>\n<\/tr>\n<tr>\n<td colspan=\"2\">\u00a0V\u00e1ltoz\u00f3 adatok a k\u00fcl\u00f6nb\u00f6z\u0151 csomagol\u00e1sokt\u00f3l f\u00fcgg\u0151en<\/td>\n<\/tr>\n<\/tbody>\n<\/table>\n<p>&nbsp;<\/p>\n<table>\n<tbody>\n<tr>\n<td>M\u00e9retek mm<\/td>\n<td>GN 400 G TN - GN 400 G TN BLK<\/td>\n<\/tr>\n<tr>\n<td>K\u00fcls\u0151 m\u00e9retek (WxDxH)<\/td>\n<td>600 x 625 x 1860<\/td>\n<\/tr>\n<tr>\n<td>Csomagol\u00e1si m\u00e9retek (WxDxH)<\/td>\n<td>660 x 725 x 2000<\/td>\n<\/tr>\n<tr>\n<td>Sz\u00e9less\u00e9g<\/td>\n<td>457<\/td>\n<\/tr>\n<tr>\n<td>M\u00e9lys\u00e9g<\/td>\n<td>474<\/td>\n<\/tr>\n<tr>\n<td>Magass\u00e1g<\/td>\n<td>1600<\/td>\n<\/tr>\n<tr>\n<td>Min. M\u00e9lys\u00e9g<\/td>\n<td>264<\/td>\n<\/tr>\n<tr>\n<td>Min. Magass\u00e1g<\/td>\n<td>1390<\/td>\n<\/tr>\n<tr>\n<td>Oldal matrica<\/td>\n<td>525 x 1850<\/td>\n<\/tr>\n<tr>\n<td>\u00dcveg matrica<\/td>\n<td>408 x 1477<\/td>\n<\/tr>\n<\/tbody>\n<\/table>\n<p>&nbsp;<\/p>\n<table>\n<tbody>\n<tr>\n<td>M\u0171szaki jellemz\u0151k<\/td>\n<td>GN 400 G TN - GN 400 G TN BLK<\/td>\n<\/tr>\n<tr>\n<td>H\u0151m\u00e9rs\u00e9klet tartom\u00e1ny<\/td>\n<td>+2 \u00b0C \/ +10 \u00b0C<\/td>\n<\/tr>\n<tr>\n<td>Kl\u00edmaoszt\u00e1ly<\/td>\n<td>4<\/td>\n<\/tr>\n<tr>\n<td>Kapacit\u00e1s<\/td>\n<td>400-as hadnagy<\/td>\n<\/tr>\n<tr>\n<td>Test<\/td>\n<td>El\u0151re festett lemez korr\u00f3zi\u00f3g\u00e1tl\u00f3 kezel\u00e9ssel<\/td>\n<\/tr>\n<tr>\n<td>Bels\u0151 b\u00e9l\u00e9s<\/td>\n<td>ABS<\/td>\n<\/tr>\n<tr>\n<td>Termoszt\u00e1t<\/td>\n<td>Elektronikus<\/td>\n<\/tr>\n<tr>\n<td>Zajszint<\/td>\n<td>dB 45,9<\/td>\n<\/tr>\n<tr>\n<td>T\u00e1vir\u00e1ny\u00edt\u00f3<\/td>\n<td>Opcion\u00e1lis<\/td>\n<\/tr>\n<tr>\n<td>Szigetel\u00e9s vastags\u00e1ga<\/td>\n<td>mm 70<\/td>\n<\/tr>\n<tr>\n<td>Leolvaszt\u00e1s<\/td>\n<td>Automatikus<\/td>\n<\/tr>\n<tr>\n<td>Vil\u00e1g\u00edt\u00e1s<\/td>\n<td>2 f\u00fcgg\u0151leges led<\/td>\n<\/tr>\n<tr>\n<td>\u00d6nz\u00e1r\u00f3 ajt\u00f3<\/td>\n<td>Igen<\/td>\n<\/tr>\n<tr>\n<td>Lakat \u00e9s kulcs<\/td>\n<td>Igen<\/td>\n<\/tr>\n<tr>\n<td>Megford\u00edthat\u00f3 ajt\u00f3<\/td>\n<td>&#8211;<\/td>\n<\/tr>\n<tr>\n<td>Polcok (WxD)<\/td>\n<td>5. sz\u00e1m - mm 652 x 542 + 1. sz\u00e1m - mm 652 x 347<\/td>\n<\/tr>\n<tr>\n<td>G\u00f6rg\u0151k - l\u00e1bak<\/td>\n<td>2 l\u00e1b + 2 g\u00f6rg\u0151<\/td>\n<\/tr>\n<tr>\n<td>Ajt\u00f3<\/td>\n<td>Edzett \u00fcveg<\/td>\n<\/tr>\n<tr>\n<td>Nett\u00f3-brutt\u00f3 s\u00faly<\/td>\n<td>Kg 75 \/ 88<\/td>\n<\/tr>\n<tr>\n<td>Fesz\u00fclts\u00e9g<\/td>\n<td>V 220-240<\/td>\n<\/tr>\n<tr>\n<td>Frekvencia<\/td>\n<td>Hz 50<\/td>\n<\/tr>\n<tr>\n<td>H\u0171t\u0151k\u00f6zeg<\/td>\n<td>R600A<\/td>\n<\/tr>\n<tr>\n<td>Abszorpci\u00f3<\/td>\n<td>W 235<\/td>\n<\/tr>\n<tr>\n<td>Energiafogyaszt\u00e1s<\/td>\n<td>KwH\/24H 2,02<\/td>\n<\/tr>\n<\/tbody>\n<\/table>","protected":false},"excerpt":{"rendered":"<p>&nbsp; Product Description The GN 400 G TN is a professional glass door display refrigerator designed for bars, restaurants, and beverage retailers. It features a static-fan assisted cooling system that maintains consistent temperatures between +2\u00b0C and +10\u00b0C, ideal for storing drinks and perishable goods. Built with an anti-corrosion treated steel body and ABS interior, this [&hellip;]<\/p>\n","protected":false},"featured_media":12025,"comment_status":"open","ping_status":"closed","template":"","meta":[],"product_brand":[],"product_cat":[51],"product_tag":[],"class_list":{"0":"post-12024","1":"product","2":"type-product","3":"status-publish","4":"has-post-thumbnail","6":"product_cat-kitchen-catering-cooling","8":"first","9":"instock","10":"shipping-taxable","11":"product-type-simple"},"_links":{"self":[{"href":"https:\/\/dersuessestopp.com\/hu\/wp-json\/wp\/v2\/product\/12024","targetHints":{"allow":["GET"]}}],"collection":[{"href":"https:\/\/dersuessestopp.com\/hu\/wp-json\/wp\/v2\/product"}],"about":[{"href":"https:\/\/dersuessestopp.com\/hu\/wp-json\/wp\/v2\/types\/product"}],"replies":[{"embeddable":true,"href":"https:\/\/dersuessestopp.com\/hu\/wp-json\/wp\/v2\/comments?post=12024"}],"version-history":[{"count":1,"href":"https:\/\/dersuessestopp.com\/hu\/wp-json\/wp\/v2\/product\/12024\/revisions"}],"predecessor-version":[{"id":12026,"href":"https:\/\/dersuessestopp.com\/hu\/wp-json\/wp\/v2\/product\/12024\/revisions\/12026"}],"wp:featuredmedia":[{"embeddable":true,"href":"https:\/\/dersuessestopp.com\/hu\/wp-json\/wp\/v2\/media\/12025"}],"wp:attachment":[{"href":"https:\/\/dersuessestopp.com\/hu\/wp-json\/wp\/v2\/media?parent=12024"}],"wp:term":[{"taxonomy":"product_brand","embeddable":true,"href":"https:\/\/dersuessestopp.com\/hu\/wp-json\/wp\/v2\/product_brand?post=12024"},{"taxonomy":"product_cat","embeddable":true,"href":"https:\/\/dersuessestopp.com\/hu\/wp-json\/wp\/v2\/product_cat?post=12024"},{"taxonomy":"product_tag","embeddable":true,"href":"https:\/\/dersuessestopp.com\/hu\/wp-json\/wp\/v2\/product_tag?post=12024"}],"curies":[{"name":"wp","href":"https:\/\/api.w.org\/{rel}","templated":true}]}}