{"id":12019,"date":"2025-10-09T01:00:19","date_gmt":"2025-10-09T01:00:19","guid":{"rendered":"https:\/\/dersuessestopp.com\/?post_type=product&#038;p=12019"},"modified":"2025-10-09T01:00:19","modified_gmt":"2025-10-09T01:00:19","slug":"gn-400-g-tn-blk","status":"publish","type":"product","link":"https:\/\/dersuessestopp.com\/hu\/product\/gn-400-g-tn-blk\/","title":{"rendered":"GN 400 G TN BLK"},"content":{"rendered":"<p><img decoding=\"async\" src=\"https:\/\/customer.klimaitalia.it\/api\/file\/image\/9010\" \/><\/p>\n<h2><\/h2>\n<p>&nbsp;<\/p>\n<h2>Term\u00e9k le\u00edr\u00e1sa<\/h2>\n<p data-start=\"218\" data-end=\"810\">A <strong data-start=\"222\" data-end=\"237\">GN 400 G TN<\/strong> egy pr\u00e9mium <strong data-start=\"251\" data-end=\"296\">statikus ventil\u00e1torral seg\u00edtett italh\u0171t\u0151szekr\u00e9ny<\/strong> egy <strong data-start=\"304\" data-end=\"323\">teljes \u00fcvegajt\u00f3<\/strong>, ide\u00e1lis b\u00e1rok, \u00e9ttermek \u00e9s kiskereskedelmi k\u00f6rnyezetek sz\u00e1m\u00e1ra. A <strong data-start=\"386\" data-end=\"408\">400 literes kapacit\u00e1s<\/strong>, optim\u00e1lis l\u00e1that\u00f3s\u00e1got \u00e9s hat\u00e9kony h\u0171t\u00e9st biztos\u00edt a k\u00f6vetkez\u0151 id\u0151szakok k\u00f6z\u00f6tt <strong data-start=\"469\" data-end=\"487\">+2\u00b0C \u00e9s +10\u00b0C<\/strong>. \u00c9p\u00edtett egy <strong data-start=\"503\" data-end=\"548\">korr\u00f3zi\u00f3\u00e1ll\u00f3, el\u0151re festett ac\u00e9l k\u00fcls\u0151 bor\u00edt\u00e1s<\/strong> \u00e9s egy tart\u00f3s <strong data-start=\"563\" data-end=\"579\">ABS bels\u0151 t\u00e9r<\/strong>, a modern eszt\u00e9tik\u00e1t \u00e9s a megb\u00edzhat\u00f3s\u00e1got \u00f6tv\u00f6zi. Felszerelve <strong data-start=\"643\" data-end=\"668\">LED f\u00fcgg\u0151leges vil\u00e1g\u00edt\u00e1s<\/strong>, <strong data-start=\"670\" data-end=\"706\">\u00f6nz\u00e1r\u00f3 edzett \u00fcvegajt\u00f3<\/strong>, \u00e9s <strong data-start=\"712\" data-end=\"737\">elektronikus termoszt\u00e1t<\/strong>, pontos h\u0151m\u00e9rs\u00e9klet-szab\u00e1lyoz\u00e1st \u00e9s professzion\u00e1lis megjelen\u00edt\u00e9st biztos\u00edt.<\/p>\n<p data-start=\"812\" data-end=\"831\"><strong data-start=\"812\" data-end=\"829\">F\u0151bb jellemz\u0151k:<\/strong><\/p>\n<ul data-start=\"832\" data-end=\"1318\">\n<li data-start=\"832\" data-end=\"872\">\n<p data-start=\"834\" data-end=\"872\"><strong data-start=\"834\" data-end=\"856\">H\u0151m\u00e9rs\u00e9klet-tartom\u00e1ny:<\/strong> +2\u00b0C \u00e9s +10\u00b0C k\u00f6z\u00f6tt<\/p>\n<\/li>\n<li data-start=\"873\" data-end=\"901\">\n<p data-start=\"875\" data-end=\"901\"><strong data-start=\"875\" data-end=\"888\">Kapacit\u00e1s:<\/strong> 400 liter<\/p>\n<\/li>\n<li data-start=\"902\" data-end=\"966\">\n<p data-start=\"904\" data-end=\"966\"><strong data-start=\"904\" data-end=\"937\">Edzett \u00fcveg keret n\u00e9lk\u00fcli ajt\u00f3<\/strong> a  c\u00edmen <strong data-start=\"943\" data-end=\"964\">integr\u00e1lt foganty\u00fa<\/strong><\/p>\n<\/li>\n<li data-start=\"967\" data-end=\"1009\">\n<p data-start=\"969\" data-end=\"1009\"><strong data-start=\"969\" data-end=\"1007\">Statikus ventil\u00e1torral seg\u00edtett h\u0171t\u0151rendszer<\/strong><\/p>\n<\/li>\n<li data-start=\"1010\" data-end=\"1059\">\n<p data-start=\"1012\" data-end=\"1059\"><strong data-start=\"1012\" data-end=\"1037\">Elektronikus termoszt\u00e1t<\/strong> a pontos ellen\u0151rz\u00e9shez<\/p>\n<\/li>\n<li data-start=\"1060\" data-end=\"1115\">\n<p data-start=\"1062\" data-end=\"1115\"><strong data-start=\"1062\" data-end=\"1087\">2 f\u00fcgg\u0151leges LED l\u00e1mpa<\/strong> bels\u0151 megvil\u00e1g\u00edt\u00e1shoz<\/p>\n<\/li>\n<li data-start=\"1116\" data-end=\"1163\">\n<p data-start=\"1118\" data-end=\"1163\"><strong data-start=\"1118\" data-end=\"1139\">\u00d6nz\u00e1r\u00f3d\u00f3 ajt\u00f3<\/strong> a  c\u00edmen <strong data-start=\"1145\" data-end=\"1161\">z\u00e1r \u00e9s kulcs<\/strong><\/p>\n<\/li>\n<li data-start=\"1164\" data-end=\"1189\">\n<p data-start=\"1166\" data-end=\"1189\"><strong data-start=\"1166\" data-end=\"1187\">Automatikus leolvaszt\u00e1s<\/strong><\/p>\n<\/li>\n<li data-start=\"1190\" data-end=\"1237\">\n<p data-start=\"1192\" data-end=\"1237\"><strong data-start=\"1192\" data-end=\"1220\">Opcion\u00e1lis Smart Link WiFi<\/strong> t\u00e1vir\u00e1ny\u00edt\u00f3<\/p>\n<\/li>\n<li data-start=\"1238\" data-end=\"1278\">\n<p data-start=\"1240\" data-end=\"1278\"><strong data-start=\"1240\" data-end=\"1263\">Energiafogyaszt\u00e1s:<\/strong> 2,02 kWh\/24h<\/p>\n<\/li>\n<li data-start=\"1279\" data-end=\"1318\">\n<p data-start=\"1281\" data-end=\"1318\"><strong data-start=\"1281\" data-end=\"1296\">M\u00e9retek:<\/strong> 600 \u00d7 625 \u00d7 1860 mm<\/p>\n<\/li>\n<\/ul>\n<h2>M\u0171szaki specifik\u00e1ci\u00f3k<\/h2>\n<table>\n<tbody>\n<tr>\n<td>\u00a0Kapacit\u00e1s<\/td>\n<td>GN 400 G TN - GN 400 G TN BLK<\/td>\n<\/tr>\n<tr>\n<td>Palack lt. 1<\/td>\n<td>60<\/td>\n<\/tr>\n<tr>\n<td>Palack cl. 75<\/td>\n<td>85<\/td>\n<\/tr>\n<tr>\n<td>Palack cl. 66<\/td>\n<td>90<\/td>\n<\/tr>\n<tr>\n<td>Palack cl. 50<\/td>\n<td>198<\/td>\n<\/tr>\n<tr>\n<td>Palack cl. 33<\/td>\n<td>182<\/td>\n<\/tr>\n<tr>\n<td>Can cl. 33<\/td>\n<td>228<\/td>\n<\/tr>\n<tr>\n<td colspan=\"2\">\u00a0V\u00e1ltoz\u00f3 adatok a k\u00fcl\u00f6nb\u00f6z\u0151 csomagol\u00e1sokt\u00f3l f\u00fcgg\u0151en<\/td>\n<\/tr>\n<\/tbody>\n<\/table>\n<p>&nbsp;<\/p>\n<table>\n<tbody>\n<tr>\n<td>\u00a0M\u00e9retek mm<\/td>\n<td>GN 400 G TN - GN 400 G TN BLK<\/td>\n<\/tr>\n<tr>\n<td>K\u00fcls\u0151 m\u00e9retek (WxDxH)<\/td>\n<td>600 x 625 x 1860<\/td>\n<\/tr>\n<tr>\n<td>Csomagol\u00e1si m\u00e9retek (WxDxH)<\/td>\n<td>660 x 725 x 2000<\/td>\n<\/tr>\n<tr>\n<td>Sz\u00e9less\u00e9g<\/td>\n<td>457<\/td>\n<\/tr>\n<tr>\n<td>M\u00e9lys\u00e9g<\/td>\n<td>474<\/td>\n<\/tr>\n<tr>\n<td>Magass\u00e1g<\/td>\n<td>1600<\/td>\n<\/tr>\n<tr>\n<td>Min. M\u00e9lys\u00e9g<\/td>\n<td>264<\/td>\n<\/tr>\n<tr>\n<td>Min. Magass\u00e1g<\/td>\n<td>1390<\/td>\n<\/tr>\n<tr>\n<td>Oldal matrica<\/td>\n<td>525 x 1850<\/td>\n<\/tr>\n<tr>\n<td>\u00dcveg matrica<\/td>\n<td>408 x 1477<\/td>\n<\/tr>\n<\/tbody>\n<\/table>\n<p>&nbsp;<\/p>\n<table>\n<tbody>\n<tr>\n<td>M\u0171szaki jellemz\u0151k<\/td>\n<td>GN 400 G TN - GN 400 G TN BLK<\/td>\n<\/tr>\n<tr>\n<td>H\u0151m\u00e9rs\u00e9klet tartom\u00e1ny<\/td>\n<td>+2 \u00b0C \/ +10 \u00b0C<\/td>\n<\/tr>\n<tr>\n<td>Kl\u00edmaoszt\u00e1ly<\/td>\n<td>4<\/td>\n<\/tr>\n<tr>\n<td>Kapacit\u00e1s<\/td>\n<td>400-as hadnagy<\/td>\n<\/tr>\n<tr>\n<td>Test<\/td>\n<td>El\u0151re festett lemez korr\u00f3zi\u00f3g\u00e1tl\u00f3 kezel\u00e9ssel<\/td>\n<\/tr>\n<tr>\n<td>Bels\u0151 b\u00e9l\u00e9s<\/td>\n<td>ABS<\/td>\n<\/tr>\n<tr>\n<td>Termoszt\u00e1t<\/td>\n<td>Elektronikus<\/td>\n<\/tr>\n<tr>\n<td>Zajszint<\/td>\n<td>dB 45,9<\/td>\n<\/tr>\n<tr>\n<td>T\u00e1vir\u00e1ny\u00edt\u00f3<\/td>\n<td>Opcion\u00e1lis<\/td>\n<\/tr>\n<tr>\n<td>Szigetel\u00e9s vastags\u00e1ga<\/td>\n<td>mm 70<\/td>\n<\/tr>\n<tr>\n<td>Leolvaszt\u00e1s<\/td>\n<td>Automatikus<\/td>\n<\/tr>\n<tr>\n<td>Vil\u00e1g\u00edt\u00e1s<\/td>\n<td>2 f\u00fcgg\u0151leges led<\/td>\n<\/tr>\n<tr>\n<td>\u00d6nz\u00e1r\u00f3 ajt\u00f3<\/td>\n<td>Igen<\/td>\n<\/tr>\n<tr>\n<td>Lakat \u00e9s kulcs<\/td>\n<td>Igen<\/td>\n<\/tr>\n<tr>\n<td>\u00a0Megford\u00edthat\u00f3 ajt\u00f3<\/td>\n<td>&#8211;<\/td>\n<\/tr>\n<tr>\n<td>Polcok (WxD)<\/td>\n<td>5. sz\u00e1m - mm 652 x 542 + 1. sz\u00e1m - mm 652 x 347<\/td>\n<\/tr>\n<tr>\n<td>G\u00f6rg\u0151k - l\u00e1bak<\/td>\n<td>2 l\u00e1b + 2 g\u00f6rg\u0151<\/td>\n<\/tr>\n<tr>\n<td>Ajt\u00f3<\/td>\n<td>Edzett \u00fcveg<\/td>\n<\/tr>\n<tr>\n<td>Nett\u00f3-brutt\u00f3 s\u00faly<\/td>\n<td>Kg 75 \/ 88<\/td>\n<\/tr>\n<tr>\n<td>Fesz\u00fclts\u00e9g<\/td>\n<td>V 220-240<\/td>\n<\/tr>\n<tr>\n<td>Frekvencia<\/td>\n<td>Hz 50<\/td>\n<\/tr>\n<tr>\n<td>H\u0171t\u0151k\u00f6zeg<\/td>\n<td>R600A<\/td>\n<\/tr>\n<tr>\n<td>Abszorpci\u00f3<\/td>\n<td>W 235<\/td>\n<\/tr>\n<tr>\n<td>Energiafogyaszt\u00e1s<\/td>\n<td>KwH\/24H 2,02<\/td>\n<\/tr>\n<\/tbody>\n<\/table>","protected":false},"excerpt":{"rendered":"<p>&nbsp; Product Description The GN 400 G TN is a premium static-fan assisted beverage refrigerator with a full glass door, ideal for bars, restaurants, and retail environments. With a 400-liter capacity, it offers optimal visibility and efficient cooling between +2\u00b0C and +10\u00b0C. Built with an anti-corrosion pre-painted steel exterior and a durable ABS interior, it [&hellip;]<\/p>\n","protected":false},"featured_media":12020,"comment_status":"open","ping_status":"closed","template":"","meta":[],"product_brand":[],"product_cat":[51],"product_tag":[],"class_list":{"0":"post-12019","1":"product","2":"type-product","3":"status-publish","4":"has-post-thumbnail","6":"product_cat-kitchen-catering-cooling","8":"first","9":"instock","10":"shipping-taxable","11":"product-type-simple"},"_links":{"self":[{"href":"https:\/\/dersuessestopp.com\/hu\/wp-json\/wp\/v2\/product\/12019","targetHints":{"allow":["GET"]}}],"collection":[{"href":"https:\/\/dersuessestopp.com\/hu\/wp-json\/wp\/v2\/product"}],"about":[{"href":"https:\/\/dersuessestopp.com\/hu\/wp-json\/wp\/v2\/types\/product"}],"replies":[{"embeddable":true,"href":"https:\/\/dersuessestopp.com\/hu\/wp-json\/wp\/v2\/comments?post=12019"}],"version-history":[{"count":1,"href":"https:\/\/dersuessestopp.com\/hu\/wp-json\/wp\/v2\/product\/12019\/revisions"}],"predecessor-version":[{"id":12023,"href":"https:\/\/dersuessestopp.com\/hu\/wp-json\/wp\/v2\/product\/12019\/revisions\/12023"}],"wp:featuredmedia":[{"embeddable":true,"href":"https:\/\/dersuessestopp.com\/hu\/wp-json\/wp\/v2\/media\/12020"}],"wp:attachment":[{"href":"https:\/\/dersuessestopp.com\/hu\/wp-json\/wp\/v2\/media?parent=12019"}],"wp:term":[{"taxonomy":"product_brand","embeddable":true,"href":"https:\/\/dersuessestopp.com\/hu\/wp-json\/wp\/v2\/product_brand?post=12019"},{"taxonomy":"product_cat","embeddable":true,"href":"https:\/\/dersuessestopp.com\/hu\/wp-json\/wp\/v2\/product_cat?post=12019"},{"taxonomy":"product_tag","embeddable":true,"href":"https:\/\/dersuessestopp.com\/hu\/wp-json\/wp\/v2\/product_tag?post=12019"}],"curies":[{"name":"wp","href":"https:\/\/api.w.org\/{rel}","templated":true}]}}