{"id":12016,"date":"2025-10-09T00:54:21","date_gmt":"2025-10-09T00:54:21","guid":{"rendered":"https:\/\/dersuessestopp.com\/?post_type=product&#038;p=12016"},"modified":"2025-10-09T00:54:21","modified_gmt":"2025-10-09T00:54:21","slug":"kb-03-top","status":"publish","type":"product","link":"https:\/\/dersuessestopp.com\/hu\/product\/abt-03-top\/","title":{"rendered":"ABT 03 TOP"},"content":{"rendered":"<p><img decoding=\"async\" src=\"https:\/\/customer.klimaitalia.it\/api\/file\/image\/5036\" \/><\/p>\n<h2>Term\u00e9k le\u00edr\u00e1sa<\/h2>\n<p data-start=\"240\" data-end=\"787\">A <strong data-start=\"244\" data-end=\"258\">ABT 03 TOP<\/strong> hivat\u00e1sos <strong data-start=\"277\" data-end=\"294\">f\u00fav\u00f3kah\u0171t\u0151<\/strong> kereskedelmi konyh\u00e1kban, p\u00e9ks\u00e9gekben \u00e9s vend\u00e9gl\u00e1t\u00f3ipari k\u00f6rnyezetben t\u00f6rt\u00e9n\u0151 gyors h\u0171t\u00e9sre \u00e9s fagyaszt\u00e1sra tervezt\u00e9k. A k\u00f6vetkez\u0151kb\u0151l k\u00e9sz\u00fclt <strong data-start=\"407\" data-end=\"435\">AISI 304 rozsdamentes ac\u00e9l<\/strong>, biztos\u00edtja a tart\u00f3ss\u00e1got, a higi\u00e9ni\u00e1t \u00e9s a k\u00f6nny\u0171 tiszt\u00edthat\u00f3s\u00e1got. A <strong data-start=\"498\" data-end=\"538\">h\u0151m\u00e9rs\u00e9klet-tartom\u00e1ny -35\u00b0C \u00e9s +5\u00b0C k\u00f6z\u00f6tt<\/strong>, hat\u00e9konyan cs\u00f6kkenti az \u00e9lelmiszer magh\u0151m\u00e9rs\u00e9klet\u00e9t +70\u00b0C-r\u00f3l +3\u00b0C-ra 90 perc alatt, illetve -18\u00b0C-ra 240 perc alatt. A <strong data-start=\"650\" data-end=\"675\">elektronikus termoszt\u00e1t<\/strong> garant\u00e1lja a pontos vez\u00e9rl\u00e9st, m\u00edg a <strong data-start=\"714\" data-end=\"751\">korr\u00f3zi\u00f3g\u00e1tl\u00f3val kezelt elp\u00e1rologtat\u00f3<\/strong> hossz\u00fa t\u00e1v\u00fa teljes\u00edtm\u00e9nyt biztos\u00edt.<\/p>\n<p data-start=\"789\" data-end=\"808\"><strong data-start=\"789\" data-end=\"806\">F\u0151bb jellemz\u0151k:<\/strong><\/p>\n<ul data-start=\"809\" data-end=\"1255\">\n<li data-start=\"809\" data-end=\"849\">\n<p data-start=\"811\" data-end=\"849\"><strong data-start=\"811\" data-end=\"833\">H\u0151m\u00e9rs\u00e9klet-tartom\u00e1ny:<\/strong> -35\u00b0C \u00e9s +5\u00b0C k\u00f6z\u00f6tt<\/p>\n<\/li>\n<li data-start=\"850\" data-end=\"894\">\n<p data-start=\"852\" data-end=\"894\"><strong data-start=\"852\" data-end=\"865\">Kapacit\u00e1s:<\/strong> 3 GN 2\/3-os serpeny\u0151 (354\u00d7325 mm)<\/p>\n<\/li>\n<li data-start=\"895\" data-end=\"953\">\n<p data-start=\"897\" data-end=\"953\"><strong data-start=\"897\" data-end=\"916\">Robban\u00e1sszer\u0171 h\u0171t\u00e9s:<\/strong> +70\u00b0C \u00e9s +3\u00b0C k\u00f6z\u00f6tt 90 perc alatt (8 kg)<\/p>\n<\/li>\n<li data-start=\"954\" data-end=\"1008\">\n<p data-start=\"956\" data-end=\"1008\"><strong data-start=\"956\" data-end=\"969\">Fagyaszt\u00e1s:<\/strong> +70\u00b0C-t\u00f3l -18\u00b0C-ig 240 perc alatt (5 kg)<\/p>\n<\/li>\n<li data-start=\"1009\" data-end=\"1059\">\n<p data-start=\"1011\" data-end=\"1059\"><strong data-start=\"1011\" data-end=\"1039\">AISI 304 rozsdamentes ac\u00e9l<\/strong> karossz\u00e9ria \u00e9s bels\u0151 t\u00e9r<\/p>\n<\/li>\n<li data-start=\"1060\" data-end=\"1109\">\n<p data-start=\"1062\" data-end=\"1109\"><strong data-start=\"1062\" data-end=\"1087\">Elektronikus termoszt\u00e1t<\/strong> a pontos ellen\u0151rz\u00e9shez<\/p>\n<\/li>\n<li data-start=\"1110\" data-end=\"1151\">\n<p data-start=\"1112\" data-end=\"1151\"><strong data-start=\"1112\" data-end=\"1149\">Korr\u00f3zi\u00f3g\u00e1tl\u00f3val kezelt elp\u00e1rologtat\u00f3<\/strong><\/p>\n<\/li>\n<li data-start=\"1152\" data-end=\"1174\">\n<p data-start=\"1154\" data-end=\"1174\"><strong data-start=\"1154\" data-end=\"1172\">K\u00e9zi leolvaszt\u00e1s<\/strong><\/p>\n<\/li>\n<li data-start=\"1175\" data-end=\"1216\">\n<p data-start=\"1177\" data-end=\"1216\"><strong data-start=\"1177\" data-end=\"1214\">Energiahat\u00e9kony R290 h\u0171t\u0151k\u00f6zeg<\/strong><\/p>\n<\/li>\n<li data-start=\"1217\" data-end=\"1255\">\n<p data-start=\"1219\" data-end=\"1255\"><strong data-start=\"1219\" data-end=\"1234\">M\u00e9retek:<\/strong> 660 \u00d7 650 \u00d7 430 mm<\/p>\n<\/li>\n<\/ul>\n<h2>M\u0171szaki specifik\u00e1ci\u00f3k<\/h2>\n<table>\n<tbody>\n<tr>\n<td>\u00a0M\u00e9retek mm<\/td>\n<td>ABT 03 TOP<\/td>\n<\/tr>\n<tr>\n<td>K\u00fcls\u0151 m\u00e9retek (WxDxH)<\/td>\n<td>660 x 650 x 430<\/td>\n<\/tr>\n<tr>\n<td>Csomagol\u00e1si m\u00e9retek (WxDxH)<\/td>\n<td>730 x 740 x 580<\/td>\n<\/tr>\n<tr>\n<td>Sz\u00e9less\u00e9g<\/td>\n<td>340<\/td>\n<\/tr>\n<tr>\n<td>M\u00e9lys\u00e9g<\/td>\n<td>510<\/td>\n<\/tr>\n<tr>\n<td>Magass\u00e1g<\/td>\n<td>270<\/td>\n<\/tr>\n<\/tbody>\n<\/table>\n<p>&nbsp;<\/p>\n<table>\n<tbody>\n<tr>\n<td>M\u0171szaki jellemz\u0151k<\/td>\n<td>ABT 03 TOP<\/td>\n<\/tr>\n<tr>\n<td>H\u0151m\u00e9rs\u00e9klet tartom\u00e1ny<\/td>\n<td>-35 \u00b0C \/ +5 \u00b0C<\/td>\n<\/tr>\n<tr>\n<td>Kl\u00edmaoszt\u00e1ly<\/td>\n<td>5<\/td>\n<\/tr>\n<tr>\n<td>Nett\u00f3-brutt\u00f3 volumen<\/td>\n<td>30 \/ 33 hadnagy<\/td>\n<\/tr>\n<tr>\n<td>Test<\/td>\n<td>AISI 304 rozsdamentes ac\u00e9l<\/td>\n<\/tr>\n<tr>\n<td>Bels\u0151 b\u00e9l\u00e9s, p\u00e1rologtat\u00f3fed\u00e9l tartoz\u00e9k<\/td>\n<td>AISI 304 rozsdamentes ac\u00e9l<\/td>\n<\/tr>\n<tr>\n<td>Termoszt\u00e1t<\/td>\n<td>Elektronikus<\/td>\n<\/tr>\n<tr>\n<td>Zajszint<\/td>\n<td>dB 42<\/td>\n<\/tr>\n<tr>\n<td>Szigetel\u00e9s vastags\u00e1ga<\/td>\n<td>mm 60<\/td>\n<\/tr>\n<tr>\n<td>Leolvaszt\u00e1s<\/td>\n<td>K\u00e9zi<\/td>\n<\/tr>\n<tr>\n<td>Gyorsh\u0171t\u00e9si id\u0151 70 C\u00b0 \u00e9s +3\u00b0C k\u00f6z\u00f6tt<\/td>\n<td>percek<\/td>\n<\/tr>\n<tr>\n<td>Gyorsh\u0171t\u00e9si id\u0151 70 C\u00b0-t\u00f3l -18\u00b0C-ig<\/td>\n<td>percek<\/td>\n<\/tr>\n<tr>\n<td>Kapacit\u00e1s \u00e9s m\u00e9retek (WxD) - ed\u00e9nyek (nem tartoz\u00e9k)<\/td>\n<td>serpeny\u0151k<\/td>\n<\/tr>\n<tr>\n<td>\u00a0G\u00f6rg\u0151k - l\u00e1bak<\/td>\n<td>4 l\u00e1b<\/td>\n<\/tr>\n<tr>\n<td>Nett\u00f3-brutt\u00f3 s\u00faly<\/td>\n<td>Kg 42 \/ 52<\/td>\n<\/tr>\n<tr>\n<td>Fesz\u00fclts\u00e9g<\/td>\n<td>V 220<\/td>\n<\/tr>\n<tr>\n<td>Frekvencia<\/td>\n<td>Hz 50<\/td>\n<\/tr>\n<tr>\n<td>H\u0171t\u0151k\u00f6zeg<\/td>\n<td>R290<\/td>\n<\/tr>\n<tr>\n<td>Abszorpci\u00f3<\/td>\n<td>W 500<\/td>\n<\/tr>\n<\/tbody>\n<\/table>","protected":false},"excerpt":{"rendered":"<p>Product Description The ABT 03 TOP is a professional blast chiller designed for rapid cooling and freezing in commercial kitchens, bakeries, and catering environments. Built from AISI 304 stainless steel, it ensures durability, hygiene, and ease of cleaning. With a temperature range from -35\u00b0C to +5\u00b0C, it efficiently reduces food core temperature from +70\u00b0C to [&hellip;]<\/p>\n","protected":false},"featured_media":12017,"comment_status":"open","ping_status":"closed","template":"","meta":[],"product_brand":[],"product_cat":[51],"product_tag":[],"class_list":{"0":"post-12016","1":"product","2":"type-product","3":"status-publish","4":"has-post-thumbnail","6":"product_cat-kitchen-catering-cooling","8":"first","9":"instock","10":"shipping-taxable","11":"product-type-simple"},"_links":{"self":[{"href":"https:\/\/dersuessestopp.com\/hu\/wp-json\/wp\/v2\/product\/12016","targetHints":{"allow":["GET"]}}],"collection":[{"href":"https:\/\/dersuessestopp.com\/hu\/wp-json\/wp\/v2\/product"}],"about":[{"href":"https:\/\/dersuessestopp.com\/hu\/wp-json\/wp\/v2\/types\/product"}],"replies":[{"embeddable":true,"href":"https:\/\/dersuessestopp.com\/hu\/wp-json\/wp\/v2\/comments?post=12016"}],"version-history":[{"count":1,"href":"https:\/\/dersuessestopp.com\/hu\/wp-json\/wp\/v2\/product\/12016\/revisions"}],"predecessor-version":[{"id":12018,"href":"https:\/\/dersuessestopp.com\/hu\/wp-json\/wp\/v2\/product\/12016\/revisions\/12018"}],"wp:featuredmedia":[{"embeddable":true,"href":"https:\/\/dersuessestopp.com\/hu\/wp-json\/wp\/v2\/media\/12017"}],"wp:attachment":[{"href":"https:\/\/dersuessestopp.com\/hu\/wp-json\/wp\/v2\/media?parent=12016"}],"wp:term":[{"taxonomy":"product_brand","embeddable":true,"href":"https:\/\/dersuessestopp.com\/hu\/wp-json\/wp\/v2\/product_brand?post=12016"},{"taxonomy":"product_cat","embeddable":true,"href":"https:\/\/dersuessestopp.com\/hu\/wp-json\/wp\/v2\/product_cat?post=12016"},{"taxonomy":"product_tag","embeddable":true,"href":"https:\/\/dersuessestopp.com\/hu\/wp-json\/wp\/v2\/product_tag?post=12016"}],"curies":[{"name":"wp","href":"https:\/\/api.w.org\/{rel}","templated":true}]}}