{"id":10729,"date":"2025-09-29T15:01:22","date_gmt":"2025-09-29T15:01:22","guid":{"rendered":"https:\/\/dersuessestopp.com\/?post_type=product&#038;p=10729"},"modified":"2025-09-29T15:01:33","modified_gmt":"2025-09-29T15:01:33","slug":"vekony-huvosebb-feher","status":"publish","type":"product","link":"https:\/\/dersuessestopp.com\/hu\/product\/thin-cooler-white\/","title":{"rendered":"V\u00c9KONY H\u0170V\u00d6SEBB FEH\u00c9R"},"content":{"rendered":"<p>Statikus italok visicooler kever\u0151vel<\/p>","protected":false},"excerpt":{"rendered":"<p>Statikus italok vizih\u0171t\u0151je kever\u0151vel ENERGIAKL\u00c1ZS ENERGY CLASS<\/p>","protected":false},"featured_media":10765,"comment_status":"open","ping_status":"closed","template":"","meta":[],"product_brand":[],"product_cat":[100],"product_tag":[],"class_list":{"0":"post-10729","1":"product","2":"type-product","3":"status-publish","4":"has-post-thumbnail","6":"product_cat-display-fridges-visicoolers","8":"first","9":"instock","10":"shipping-taxable","11":"purchasable","12":"product-type-simple"},"_links":{"self":[{"href":"https:\/\/dersuessestopp.com\/hu\/wp-json\/wp\/v2\/product\/10729","targetHints":{"allow":["GET"]}}],"collection":[{"href":"https:\/\/dersuessestopp.com\/hu\/wp-json\/wp\/v2\/product"}],"about":[{"href":"https:\/\/dersuessestopp.com\/hu\/wp-json\/wp\/v2\/types\/product"}],"replies":[{"embeddable":true,"href":"https:\/\/dersuessestopp.com\/hu\/wp-json\/wp\/v2\/comments?post=10729"}],"version-history":[{"count":1,"href":"https:\/\/dersuessestopp.com\/hu\/wp-json\/wp\/v2\/product\/10729\/revisions"}],"predecessor-version":[{"id":10766,"href":"https:\/\/dersuessestopp.com\/hu\/wp-json\/wp\/v2\/product\/10729\/revisions\/10766"}],"wp:featuredmedia":[{"embeddable":true,"href":"https:\/\/dersuessestopp.com\/hu\/wp-json\/wp\/v2\/media\/10765"}],"wp:attachment":[{"href":"https:\/\/dersuessestopp.com\/hu\/wp-json\/wp\/v2\/media?parent=10729"}],"wp:term":[{"taxonomy":"product_brand","embeddable":true,"href":"https:\/\/dersuessestopp.com\/hu\/wp-json\/wp\/v2\/product_brand?post=10729"},{"taxonomy":"product_cat","embeddable":true,"href":"https:\/\/dersuessestopp.com\/hu\/wp-json\/wp\/v2\/product_cat?post=10729"},{"taxonomy":"product_tag","embeddable":true,"href":"https:\/\/dersuessestopp.com\/hu\/wp-json\/wp\/v2\/product_tag?post=10729"}],"curies":[{"name":"wp","href":"https:\/\/api.w.org\/{rel}","templated":true}]}}