{"id":10615,"date":"2025-09-29T15:00:39","date_gmt":"2025-09-29T15:00:39","guid":{"rendered":"https:\/\/dersuessestopp.com\/?post_type=product&#038;p=10615"},"modified":"2025-09-29T15:01:07","modified_gmt":"2025-09-29T15:01:07","slug":"s-98-xh","status":"publish","type":"product","link":"https:\/\/dersuessestopp.com\/hu\/product\/s-98-xh\/","title":{"rendered":"S 98 XH"},"content":{"rendered":"<p>Statikus pult alatti h\u0171t\u0151szekr\u00e9ny l\u00e9gkever\u0151vel<\/p>","protected":false},"excerpt":{"rendered":"<p>Statikus pult alatti h\u0171t\u0151szekr\u00e9ny l\u00e9gkever\u0151vel ENERGIAKL\u00c1ZS ENERGY CLASS<\/p>","protected":false},"featured_media":10692,"comment_status":"open","ping_status":"closed","template":"","meta":[],"product_brand":[],"product_cat":[107],"product_tag":[],"class_list":{"0":"post-10615","1":"product","2":"type-product","3":"status-publish","4":"has-post-thumbnail","6":"product_cat-under-counter","8":"first","9":"instock","10":"shipping-taxable","11":"purchasable","12":"product-type-simple"},"_links":{"self":[{"href":"https:\/\/dersuessestopp.com\/hu\/wp-json\/wp\/v2\/product\/10615","targetHints":{"allow":["GET"]}}],"collection":[{"href":"https:\/\/dersuessestopp.com\/hu\/wp-json\/wp\/v2\/product"}],"about":[{"href":"https:\/\/dersuessestopp.com\/hu\/wp-json\/wp\/v2\/types\/product"}],"replies":[{"embeddable":true,"href":"https:\/\/dersuessestopp.com\/hu\/wp-json\/wp\/v2\/comments?post=10615"}],"version-history":[{"count":1,"href":"https:\/\/dersuessestopp.com\/hu\/wp-json\/wp\/v2\/product\/10615\/revisions"}],"predecessor-version":[{"id":10693,"href":"https:\/\/dersuessestopp.com\/hu\/wp-json\/wp\/v2\/product\/10615\/revisions\/10693"}],"wp:featuredmedia":[{"embeddable":true,"href":"https:\/\/dersuessestopp.com\/hu\/wp-json\/wp\/v2\/media\/10692"}],"wp:attachment":[{"href":"https:\/\/dersuessestopp.com\/hu\/wp-json\/wp\/v2\/media?parent=10615"}],"wp:term":[{"taxonomy":"product_brand","embeddable":true,"href":"https:\/\/dersuessestopp.com\/hu\/wp-json\/wp\/v2\/product_brand?post=10615"},{"taxonomy":"product_cat","embeddable":true,"href":"https:\/\/dersuessestopp.com\/hu\/wp-json\/wp\/v2\/product_cat?post=10615"},{"taxonomy":"product_tag","embeddable":true,"href":"https:\/\/dersuessestopp.com\/hu\/wp-json\/wp\/v2\/product_tag?post=10615"}],"curies":[{"name":"wp","href":"https:\/\/api.w.org\/{rel}","templated":true}]}}