{"id":10550,"date":"2025-09-29T15:00:18","date_gmt":"2025-09-29T15:00:18","guid":{"rendered":"https:\/\/dersuessestopp.com\/?post_type=product&#038;p=10550"},"modified":"2025-10-08T19:14:21","modified_gmt":"2025-10-08T19:14:21","slug":"clw-820-l-feher","status":"publish","type":"product","link":"https:\/\/dersuessestopp.com\/hu\/product\/clw-820-l-white\/","title":{"rendered":"CLW 820 L FEH\u00c9R"},"content":{"rendered":"<p>Statikus h\u0171t\u0151szekr\u00e9ny be- \u00e9s kikapcsolhat\u00f3 ventil\u00e1torral, feh\u00e9r\u00edtett k\u0151ris kivitelben<\/p>\n<p><img fetchpriority=\"high\" decoding=\"async\" class=\"alignnone wp-image-11469 size-full\" src=\"https:\/\/dersuessestopp.com\/wp-content\/uploads\/2025\/09\/CLW420L-Dettagli-2.jpg\" alt=\"\" width=\"2000\" height=\"1005\" srcset=\"https:\/\/dersuessestopp.com\/wp-content\/uploads\/2025\/09\/CLW420L-Dettagli-2.jpg 2000w, https:\/\/dersuessestopp.com\/wp-content\/uploads\/2025\/09\/CLW420L-Dettagli-2-300x151.jpg 300w, https:\/\/dersuessestopp.com\/wp-content\/uploads\/2025\/09\/CLW420L-Dettagli-2-1024x515.jpg 1024w, https:\/\/dersuessestopp.com\/wp-content\/uploads\/2025\/09\/CLW420L-Dettagli-2-768x386.jpg 768w, https:\/\/dersuessestopp.com\/wp-content\/uploads\/2025\/09\/CLW420L-Dettagli-2-1536x772.jpg 1536w, https:\/\/dersuessestopp.com\/wp-content\/uploads\/2025\/09\/CLW420L-Dettagli-2-250x126.jpg 250w, https:\/\/dersuessestopp.com\/wp-content\/uploads\/2025\/09\/CLW420L-Dettagli-2-600x302.jpg 600w\" sizes=\"(max-width: 2000px) 100vw, 2000px\" \/><\/p>\n<table cellspacing=\"0\">\n<tbody>\n<tr>\n<td bgcolor=\"#FFFFFF\">\n<p class=\"s8\"><span dir=\"auto\">M\u00e9retek mm \/ M\u00e9retek mm<\/span><\/p>\n<\/td>\n<td bgcolor=\"#FFFFFF\">\n<p class=\"s8\"><span dir=\"auto\">CLW 820 L<\/span><\/p>\n<\/td>\n<\/tr>\n<tr>\n<td>\n<p class=\"s9\"><span dir=\"auto\">K\u00fcls\u0151 m\u00e9retek (\u00a0<\/span><span dir=\"auto\">WxDxH)<\/span><\/p>\n<\/td>\n<td>\n<p class=\"s9\"><span dir=\"auto\">1295 x 635 x 1880<\/span><\/p>\n<\/td>\n<\/tr>\n<tr>\n<td>\n<p class=\"s9\"><span dir=\"auto\">Csomagol\u00e1si m\u00e9retek (\u00a0<\/span><span dir=\"auto\">WxDxH)<\/span><\/p>\n<\/td>\n<td>\n<p class=\"s9\"><span dir=\"auto\">1345 x 740 x 2050<\/span><\/p>\n<\/td>\n<\/tr>\n<tr>\n<td>\n<p class=\"s9\"><span dir=\"auto\">A -\u00a0<\/span><span dir=\"auto\">Sz\u00e9less\u00e9g<\/span><\/p>\n<\/td>\n<td>\n<p class=\"s9\"><span dir=\"auto\">522 (x2)<\/span><\/p>\n<\/td>\n<\/tr>\n<tr>\n<td>\n<p class=\"s9\"><span dir=\"auto\">B -\u00a0<\/span><span dir=\"auto\">M\u00e9lys\u00e9g<\/span><\/p>\n<\/td>\n<td>\n<p class=\"s9\"><span dir=\"auto\">449<\/span><\/p>\n<\/td>\n<\/tr>\n<tr>\n<td>\n<p class=\"s9\"><span dir=\"auto\">C -\u00a0<\/span><span dir=\"auto\">Magass\u00e1g<\/span><\/p>\n<\/td>\n<td>\n<p class=\"s9\"><span dir=\"auto\">1557<\/span><\/p>\n<\/td>\n<\/tr>\n<tr>\n<td>\n<p class=\"s9\"><span dir=\"auto\">D - Min. M\u00e9lys\u00e9g \/\u00a0<\/span><span dir=\"auto\">Min. M\u00e9lys\u00e9g<\/span><\/p>\n<\/td>\n<td>\n<p class=\"s9\"><span dir=\"auto\">179<\/span><\/p>\n<\/td>\n<\/tr>\n<tr>\n<td>\n<p class=\"s9\"><span dir=\"auto\">E - Min. Magass\u00e1g \/\u00a0<\/span><span dir=\"auto\">Min. Magass\u00e1g<\/span><\/p>\n<\/td>\n<td>\n<p class=\"s9\"><span dir=\"auto\">1337<\/span><\/p>\n<\/td>\n<\/tr>\n<tr>\n<td>\n<p class=\"s9\"><span dir=\"auto\">\u00dcveg matrica<\/span><\/p>\n<\/td>\n<td>\n<p class=\"s9\"><span dir=\"auto\">503 x 1544 (x2)<\/span><\/p>\n<\/td>\n<\/tr>\n<\/tbody>\n<\/table>\n<p>&nbsp;<\/p>\n<table style=\"height: 1461px;\" width=\"942\" cellspacing=\"0\">\n<tbody>\n<tr>\n<td bgcolor=\"#FFFFFF\">\n<p class=\"s8\"><span dir=\"auto\">\u00a0M\u0171szaki jellemz\u0151k<\/span><\/p>\n<\/td>\n<td bgcolor=\"#FFFFFF\">\n<p class=\"s8\"><span dir=\"auto\">\u00a0 CLW 820 L<\/span><\/p>\n<\/td>\n<\/tr>\n<tr>\n<td>\n<p class=\"s9\"><span dir=\"auto\">\u00a0<\/span><span dir=\"auto\">H\u0151m\u00e9rs\u00e9klet tartom\u00e1ny<\/span><\/p>\n<\/td>\n<td>\n<p class=\"s9\"><span dir=\"auto\">\u00a0 +16 \u00b0C \/ +10 \u00b0C \/ +5 \u00b0C <\/span><span dir=\"auto\">ventil\u00e1tor ki<\/span><\/p>\n<p class=\"s9\"><span dir=\"auto\">\u00a0 +4 \u00b0C \/ +18 \u00b0C\u00a0 <\/span><span dir=\"auto\">ventil\u00e1tor bekapcsolva<\/span><\/p>\n<\/td>\n<\/tr>\n<tr>\n<td>\n<p class=\"s9\"><span dir=\"auto\">\u00a0\u00c9ghajlat <\/span><span dir=\"auto\">Oszt\u00e1ly<\/span><\/p>\n<\/td>\n<td>\n<p class=\"s9\"><span dir=\"auto\">\u00a0 4<\/span><\/p>\n<\/td>\n<\/tr>\n<tr>\n<td>\n<p class=\"s9\"><span dir=\"auto\">\u00a0<\/span><span dir=\"auto\">Nett\u00f3-brutt\u00f3 volumen<\/span><\/p>\n<\/td>\n<td>\n<p class=\"s9\"><span dir=\"auto\">\u00a0 684 \/ 764 hadnagy<\/span><\/p>\n<\/td>\n<\/tr>\n<tr>\n<td>\n<p class=\"s9\"><span dir=\"auto\">\u00a0Bevonat<\/span><span dir=\"auto\">\u200b<\/span><\/p>\n<\/td>\n<td>\n<p class=\"s9\"><span dir=\"auto\">\u00a0 t\u00f6m\u00f6r k\u0151risfa<\/span><\/p>\n<\/td>\n<\/tr>\n<tr>\n<td>\n<p class=\"s9\"><span dir=\"auto\">\u00a0Bels\u0151 fel\u00fclet\u00a0<\/span><\/p>\n<\/td>\n<td>\n<p class=\"s9\"><span dir=\"auto\">\u00a0 ABS<\/span><\/p>\n<\/td>\n<\/tr>\n<tr>\n<td>\n<p class=\"s9\"><span dir=\"auto\">\u00a0Termoszt\u00e1t<\/span><span dir=\"auto\">\u200b<\/span><\/p>\n<\/td>\n<td>\n<p class=\"s9\"><span dir=\"auto\">\u00a0 Elektronikus<\/span><span dir=\"auto\">\u200b<\/span><\/p>\n<\/td>\n<\/tr>\n<tr>\n<td>\n<p class=\"s9\"><span dir=\"auto\">\u00a0Zajszint<\/span><\/p>\n<\/td>\n<td>\n<p class=\"s9\"><span dir=\"auto\">\u00a0 dB 55 - Az egyetlen h\u0171t\u0151egys\u00e9gre vonatkozik. <\/span><span dir=\"auto\">dB 55 - Minden egyes h\u0171t\u0151egys\u00e9gre<\/span><\/p>\n<\/td>\n<\/tr>\n<tr>\n<td>\n<p class=\"s9\"><span dir=\"auto\">\u00a0Smart Link WiFi | T\u00e1vir\u00e1ny\u00edt\u00f3 <\/span><span dir=\"auto\">Vez\u00e9rl\u00e9s<\/span><\/p>\n<\/td>\n<td>\n<p class=\"s9\"><span dir=\"auto\">\u00a0 Opcion\u00e1lis<\/span><\/p>\n<\/td>\n<\/tr>\n<tr>\n<td>\n<p class=\"s9\"><span dir=\"auto\">\u00a0Szigetel\u00e9s <\/span><span dir=\"auto\">vastags\u00e1g<\/span><\/p>\n<\/td>\n<td>\n<p class=\"s9\"><span dir=\"auto\">\u00a0 40 mm<\/span><\/p>\n<\/td>\n<\/tr>\n<tr>\n<td>\n<p class=\"s9\"><span dir=\"auto\">\u00a0Leolvaszt\u00e1s <\/span><span dir=\"auto\">Leolvaszt\u00e1s<\/span><\/p>\n<\/td>\n<td>\n<p class=\"s9\"><span dir=\"auto\">\u00a0 Automatikus kompresszor <\/span><span dir=\"auto\">ciklus + K\u00e9zi<\/span><\/p>\n<\/td>\n<\/tr>\n<tr>\n<td>\n<p class=\"s9\"><span dir=\"auto\">\u00a0Vil\u00e1g\u00edt\u00e1s<\/span><span dir=\"auto\">\u200b<\/span><\/p>\n<\/td>\n<td>\n<p class=\"s9\"><span dir=\"auto\">\u00a0 4 f\u00fcgg\u0151leges LED\u00a0<\/span><\/p>\n<\/td>\n<\/tr>\n<tr>\n<td>\n<p class=\"s9\"><span dir=\"auto\">\u00a0Self- <\/span><span dir=\"auto\">z\u00e1r\u00f3d\u00f3 ajt\u00f3<\/span><\/p>\n<\/td>\n<td>\n<p class=\"s9\"><span dir=\"auto\">\u00a0 Igen<\/span><span dir=\"auto\">\u200b<\/span><\/p>\n<\/td>\n<\/tr>\n<tr>\n<td>\n<p class=\"s9\"><span dir=\"auto\">\u00a0Lock <\/span><span dir=\"auto\">\u00e9s a kulcs<\/span><\/p>\n<\/td>\n<td>\n<p class=\"s9\"><span dir=\"auto\">\u00a0 Igen<\/span><span dir=\"auto\">\u200b<\/span><\/p>\n<\/td>\n<\/tr>\n<tr>\n<td>\n<p class=\"s9\"><span dir=\"auto\">\u00a0Polcok ( <\/span><span dir=\"auto\">WxD)<\/span><\/p>\n<\/td>\n<td>\n<p class=\"s9\"><span dir=\"auto\">\u00a0 No. 10 - mm 513 x 410<\/span><\/p>\n<\/td>\n<\/tr>\n<tr>\n<td>\n<p class=\"s9\"><span dir=\"auto\">\u00a0Fa polcok<\/span><\/p>\n<\/td>\n<td>\n<p class=\"s9\"><span dir=\"auto\">\u00a0 Opcion\u00e1lis<\/span><\/p>\n<\/td>\n<\/tr>\n<tr>\n<td>\n<p class=\"s9\"><span dir=\"auto\">\u00a0G\u00f6rg\u0151k <\/span><span dir=\"auto\">-Feet<\/span><\/p>\n<\/td>\n<td>\n<p class=\"s10\"><span dir=\"auto\">\u00a0 4 l\u00e1b + 4 g\u00f6rg\u0151<\/span><\/p>\n<\/td>\n<\/tr>\n<tr>\n<td>\n<p class=\"s9\"><span dir=\"auto\">\u00a0Net- <\/span><span dir=\"auto\">Brutt\u00f3 t\u00f6meg<\/span><\/p>\n<\/td>\n<td>\n<p class=\"s9\"><span dir=\"auto\">\u00a0 160 \/ 174 kg<\/span><\/p>\n<\/td>\n<\/tr>\n<tr>\n<td>\n<p class=\"s9\"><span dir=\"auto\">\u00a0Fesz\u00fclts\u00e9g<\/span><span dir=\"auto\">\u200b<\/span><\/p>\n<\/td>\n<td>\n<p class=\"s9\"><span dir=\"auto\">\u00a0 V 220<\/span><\/p>\n<\/td>\n<\/tr>\n<tr>\n<td>\n<p class=\"s9\"><span dir=\"auto\">\u00a0Frekvencia<\/span><span dir=\"auto\">\u200b<\/span><\/p>\n<\/td>\n<td>\n<p class=\"s9\"><span dir=\"auto\">\u00a0 Hz 50<\/span><\/p>\n<\/td>\n<\/tr>\n<tr>\n<td>\n<p class=\"s9\"><span dir=\"auto\">\u00a0H\u0171t\u0151k\u00f6zeg<\/span><span dir=\"auto\">\u200b<\/span><\/p>\n<\/td>\n<td>\n<p class=\"s9\"><span dir=\"auto\">\u00a0 R600A<\/span><\/p>\n<\/td>\n<\/tr>\n<tr>\n<td>\n<p class=\"s9\"><span dir=\"auto\">\u00a0Abszorpci\u00f3<\/span><span dir=\"auto\">\u200b<\/span><\/p>\n<\/td>\n<td>\n<p class=\"s9\"><span dir=\"auto\">\u00a0 W 244<\/span><\/p>\n<\/td>\n<\/tr>\n<tr>\n<td>\n<p class=\"s9\"><span dir=\"auto\">\u00a0<\/span><span dir=\"auto\">Energiafogyaszt\u00e1s<\/span><\/p>\n<\/td>\n<td>\n<p class=\"s9\"><span dir=\"auto\">\u00a0 KwH\/24H 5.68<\/span><\/p>\n<\/td>\n<\/tr>\n<\/tbody>\n<\/table>","protected":false},"excerpt":{"rendered":"<p>Statikus h\u0171t\u0151szekr\u00e9ny be- \u00e9s kikapcsolhat\u00f3 ventil\u00e1torral, feh\u00e9r\u00edtett k\u0151ris kivitelben<\/p>","protected":false},"featured_media":10627,"comment_status":"open","ping_status":"closed","template":"","meta":[],"product_brand":[],"product_cat":[49],"product_tag":[],"class_list":{"0":"post-10550","1":"product","2":"type-product","3":"status-publish","4":"has-post-thumbnail","6":"product_cat-wine-fridges","8":"first","9":"instock","10":"shipping-taxable","11":"purchasable","12":"product-type-simple"},"_links":{"self":[{"href":"https:\/\/dersuessestopp.com\/hu\/wp-json\/wp\/v2\/product\/10550","targetHints":{"allow":["GET"]}}],"collection":[{"href":"https:\/\/dersuessestopp.com\/hu\/wp-json\/wp\/v2\/product"}],"about":[{"href":"https:\/\/dersuessestopp.com\/hu\/wp-json\/wp\/v2\/types\/product"}],"replies":[{"embeddable":true,"href":"https:\/\/dersuessestopp.com\/hu\/wp-json\/wp\/v2\/comments?post=10550"}],"version-history":[{"count":4,"href":"https:\/\/dersuessestopp.com\/hu\/wp-json\/wp\/v2\/product\/10550\/revisions"}],"predecessor-version":[{"id":11509,"href":"https:\/\/dersuessestopp.com\/hu\/wp-json\/wp\/v2\/product\/10550\/revisions\/11509"}],"wp:featuredmedia":[{"embeddable":true,"href":"https:\/\/dersuessestopp.com\/hu\/wp-json\/wp\/v2\/media\/10627"}],"wp:attachment":[{"href":"https:\/\/dersuessestopp.com\/hu\/wp-json\/wp\/v2\/media?parent=10550"}],"wp:term":[{"taxonomy":"product_brand","embeddable":true,"href":"https:\/\/dersuessestopp.com\/hu\/wp-json\/wp\/v2\/product_brand?post=10550"},{"taxonomy":"product_cat","embeddable":true,"href":"https:\/\/dersuessestopp.com\/hu\/wp-json\/wp\/v2\/product_cat?post=10550"},{"taxonomy":"product_tag","embeddable":true,"href":"https:\/\/dersuessestopp.com\/hu\/wp-json\/wp\/v2\/product_tag?post=10550"}],"curies":[{"name":"wp","href":"https:\/\/api.w.org\/{rel}","templated":true}]}}