{"id":10545,"date":"2025-09-29T15:00:18","date_gmt":"2025-09-29T15:00:18","guid":{"rendered":"https:\/\/dersuessestopp.com\/?post_type=product&#038;p=10545"},"modified":"2025-10-08T19:19:04","modified_gmt":"2025-10-08T19:19:04","slug":"cw-37-g2tb-2","status":"publish","type":"product","link":"https:\/\/dersuessestopp.com\/hu\/product\/cw-37-g2tb-2\/","title":{"rendered":"CW 37 G2TB"},"content":{"rendered":"<p><img fetchpriority=\"high\" decoding=\"async\" class=\"alignnone wp-image-11495\" src=\"https:\/\/dersuessestopp.com\/wp-content\/uploads\/2025\/09\/CW20G1TB_CW37G1TB_CW37G2TB-Dettagli.jpg\" alt=\"\" width=\"999\" height=\"300\" srcset=\"https:\/\/dersuessestopp.com\/wp-content\/uploads\/2025\/09\/CW20G1TB_CW37G1TB_CW37G2TB-Dettagli.jpg 2000w, https:\/\/dersuessestopp.com\/wp-content\/uploads\/2025\/09\/CW20G1TB_CW37G1TB_CW37G2TB-Dettagli-300x90.jpg 300w, https:\/\/dersuessestopp.com\/wp-content\/uploads\/2025\/09\/CW20G1TB_CW37G1TB_CW37G2TB-Dettagli-1024x307.jpg 1024w, https:\/\/dersuessestopp.com\/wp-content\/uploads\/2025\/09\/CW20G1TB_CW37G1TB_CW37G2TB-Dettagli-768x230.jpg 768w, https:\/\/dersuessestopp.com\/wp-content\/uploads\/2025\/09\/CW20G1TB_CW37G1TB_CW37G2TB-Dettagli-1536x461.jpg 1536w, https:\/\/dersuessestopp.com\/wp-content\/uploads\/2025\/09\/CW20G1TB_CW37G1TB_CW37G2TB-Dettagli-250x75.jpg 250w, https:\/\/dersuessestopp.com\/wp-content\/uploads\/2025\/09\/CW20G1TB_CW37G1TB_CW37G2TB-Dettagli-600x180.jpg 600w\" sizes=\"(max-width: 999px) 100vw, 999px\" \/><\/p>\n<p>Szell\u0151ztetett borh\u0171t\u0151 dupla h\u0151m\u00e9rs\u00e9kleti z\u00f3n\u00e1val<\/p>\n<table style=\"height: 186px;\" width=\"959\" cellspacing=\"0\">\n<tbody>\n<tr>\n<td bgcolor=\"#FFFFFF\">\n<p class=\"s8\"><span dir=\"auto\">Kapacit\u00e1s<\/span><\/p>\n<\/td>\n<td bgcolor=\"#FFFFFF\">\n<p class=\"s8\"><span dir=\"auto\">CW 20 G1TB<\/span><\/p>\n<\/td>\n<td bgcolor=\"#FFFFFF\">\n<p class=\"s8\"><span dir=\"auto\">CW 37 G1TB<\/span><\/p>\n<\/td>\n<td bgcolor=\"#FFFFFF\">\n<p class=\"s8\">CW 37 G2TB<\/p>\n<\/td>\n<\/tr>\n<tr>\n<td>\n<p class=\"s9\">\u00a0Palack cl. 75<\/p>\n<\/td>\n<td>\n<p class=\"s9\">18<\/p>\n<\/td>\n<td>\n<p class=\"s9\">28<\/p>\n<\/td>\n<td>\n<p class=\"s9\"><span dir=\"auto\">28<\/span><\/p>\n<\/td>\n<\/tr>\n<tr>\n<td colspan=\"3\">\n<p class=\"s9\"><span dir=\"auto\">\u00a0V\u00e1ltoz\u00f3 adatok a k\u00fcl\u00f6nb\u00f6z\u0151 csomagol\u00e1sokt\u00f3l f\u00fcgg\u0151en<\/span><\/p>\n<\/td>\n<\/tr>\n<\/tbody>\n<\/table>\n<p>&nbsp;<\/p>\n<table style=\"height: 605px;\" width=\"837\" cellspacing=\"0\">\n<tbody>\n<tr>\n<td bgcolor=\"#FFFFFF\">\n<p class=\"s8\">\u00a0M\u00e9retek mm<\/p>\n<\/td>\n<td bgcolor=\"#FFFFFF\">\n<p class=\"s8\"><span dir=\"auto\">CW 20 G1TB<\/span><\/p>\n<\/td>\n<td bgcolor=\"#FFFFFF\">\n<p class=\"s8\"><span dir=\"auto\">CW 37 G1TB<\/span><\/p>\n<\/td>\n<td bgcolor=\"#FFFFFF\">\n<p class=\"s8\"><span dir=\"auto\">CW 37 G2TB<\/span><\/p>\n<\/td>\n<\/tr>\n<tr>\n<td>\n<p class=\"s9\">\u00a0K\u00fcls\u0151 m\u00e9retek (WxDxH)<\/p>\n<\/td>\n<td>\n<p class=\"s9\">295 x 573 x 820<\/p>\n<\/td>\n<td>\n<p class=\"s9\">380 x 578 x 820<\/p>\n<\/td>\n<td>\n<p class=\"s9\"><span dir=\"auto\">380 x 578 x 820<\/span><\/p>\n<\/td>\n<\/tr>\n<tr>\n<td>\n<p class=\"s9\"><span dir=\"auto\">\u00a0Csomagol\u00e1si m\u00e9retek ( <\/span><span dir=\"auto\">WxDxH)<\/span><\/p>\n<\/td>\n<td>\n<p class=\"s9\">332 x 625 x 870<\/p>\n<\/td>\n<td>\n<p class=\"s9\">435 x 655 x 870<\/p>\n<\/td>\n<td>\n<p class=\"s9\"><span dir=\"auto\">435 x 655 x 870<\/span><\/p>\n<\/td>\n<\/tr>\n<tr>\n<td>\n<p class=\"s9\"><span dir=\"auto\">\u00a0<\/span><span dir=\"auto\">Sz\u00e9less\u00e9g<\/span><\/p>\n<\/td>\n<td>\n<p class=\"s9\">215<\/p>\n<\/td>\n<td>\n<p class=\"s9\">300<\/p>\n<\/td>\n<td>\n<p class=\"s9\"><span dir=\"auto\">300<\/span><\/p>\n<\/td>\n<\/tr>\n<tr>\n<td>\n<p class=\"s9\"><span dir=\"auto\">\u00a0<\/span><span dir=\"auto\">M\u00e9lys\u00e9g<\/span><\/p>\n<\/td>\n<td>\n<p class=\"s9\">445<\/p>\n<\/td>\n<td>\n<p class=\"s9\"><span dir=\"auto\">445<\/span><\/p>\n<\/td>\n<td>\n<p class=\"s9\"><span dir=\"auto\">445<\/span><\/p>\n<\/td>\n<\/tr>\n<tr>\n<td>\n<p class=\"s9\"><span dir=\"auto\">\u00a0<\/span><span dir=\"auto\">Magass\u00e1g<\/span><\/p>\n<\/td>\n<td>\n<p class=\"s9\">650<\/p>\n<\/td>\n<td>\n<p class=\"s9\"><span dir=\"auto\">650<\/span><\/p>\n<\/td>\n<td>\n<p class=\"s9\"><span dir=\"auto\">650<\/span><\/p>\n<\/td>\n<\/tr>\n<tr>\n<td>\n<p class=\"s9\"><span dir=\"auto\">\u00a0<\/span><span dir=\"auto\">Min. M\u00e9lys\u00e9g<\/span><\/p>\n<\/td>\n<td>\n<p class=\"s9\">325<\/p>\n<\/td>\n<td>\n<p class=\"s9\"><span dir=\"auto\">325<\/span><\/p>\n<\/td>\n<td>\n<p class=\"s9\"><span dir=\"auto\">325<\/span><\/p>\n<\/td>\n<\/tr>\n<tr>\n<td>\n<p class=\"s9\"><span dir=\"auto\">\u00a0Min. Magass\u00e1g\u00a0\u00a0<\/span><\/p>\n<\/td>\n<td>\n<p class=\"s9\">530<\/p>\n<\/td>\n<td>\n<p class=\"s9\"><span dir=\"auto\">530<\/span><\/p>\n<\/td>\n<td>\n<p class=\"s9\"><span dir=\"auto\">530<\/span><\/p>\n<\/td>\n<\/tr>\n<tr>\n<td>\n<p class=\"s9\"><span dir=\"auto\">\u00a0Oldal <\/span><span dir=\"auto\">Matrica<\/span><\/p>\n<\/td>\n<td>\n<p class=\"s9\">530 x 805<\/p>\n<\/td>\n<td>\n<p class=\"s9\"><span dir=\"auto\">530 x 805<\/span><\/p>\n<\/td>\n<td>\n<p class=\"s9\"><span dir=\"auto\">530 x 805<\/span><\/p>\n<\/td>\n<\/tr>\n<tr>\n<td>\n<p class=\"s9\"><span dir=\"auto\">\u00a0\u00dcveg matrica<\/span><\/p>\n<\/td>\n<td>\n<p class=\"s9\">162 x 560<\/p>\n<\/td>\n<td>\n<p class=\"s9\">247 x 560<\/p>\n<\/td>\n<td>\n<p class=\"s9\"><span dir=\"auto\">247 x 560<\/span><\/p>\n<\/td>\n<\/tr>\n<\/tbody>\n<\/table>\n<p>&nbsp;<\/p>\n<table cellspacing=\"0\">\n<tbody>\n<tr>\n<td bgcolor=\"#FFFFFF\">\n<p class=\"s8\"><span dir=\"auto\">M\u0171szaki jellemz\u0151k<\/span><\/p>\n<\/td>\n<td bgcolor=\"#FFFFFF\">\n<p class=\"s8\"><span dir=\"auto\">CW 20 G1TB<\/span><\/p>\n<\/td>\n<td bgcolor=\"#FFFFFF\">\n<p class=\"s8\"><span dir=\"auto\">CW 37 G1TB<\/span><\/p>\n<\/td>\n<td bgcolor=\"#FFFFFF\">\n<p class=\"s8\"><span dir=\"auto\">CW 37 G2TB<\/span><\/p>\n<\/td>\n<\/tr>\n<tr>\n<td>\n<p class=\"s9\">\u00a0H\u0151m\u00e9rs\u00e9klet tartom\u00e1ny<\/p>\n<\/td>\n<td>\n<p class=\"s9\">+2 \u00b0C \/ +20 \u00b0C<\/p>\n<\/td>\n<td>\n<p class=\"s9\"><span dir=\"auto\">+2 \u00b0C \/ +20 \u00b0C<\/span><\/p>\n<\/td>\n<td>\n<p class=\"s9\"><span dir=\"auto\">+2 \u00b0C \/ +20 \u00b0C<\/span><\/p>\n<p class=\"s9\"><span dir=\"auto\">+2 \u00b0C \/ +20 \u00b0C<\/span><\/p>\n<\/td>\n<\/tr>\n<tr>\n<td>\n<p class=\"s9\"><span dir=\"auto\">\u00a0\u00c9ghajlat <\/span><span dir=\"auto\">Oszt\u00e1ly<\/span><\/p>\n<\/td>\n<td>\n<p class=\"s9\">N-ST<\/p>\n<\/td>\n<td>\n<p class=\"s9\"><span dir=\"auto\">N-ST<\/span><\/p>\n<\/td>\n<td>\n<p class=\"s9\"><span dir=\"auto\">N-ST<\/span><\/p>\n<\/td>\n<\/tr>\n<tr>\n<td>\n<p class=\"s9\">\u00a0Nett\u00f3-brutt\u00f3 volumen<\/p>\n<\/td>\n<td>\n<p class=\"s9\">Hadnagy 58 \/ 60<\/p>\n<\/td>\n<td>\n<p class=\"s9\">85\/88-as hadnagy<\/p>\n<\/td>\n<td>\n<p class=\"s9\">80 \/ 85 hadnagy<\/p>\n<\/td>\n<\/tr>\n<tr>\n<td>\n<p class=\"s9\"><span dir=\"auto\">\u00a0K\u00fcls\u0151 testfel\u00fclet<\/span><\/p>\n<\/td>\n<td>\n<p class=\"s9\"><span dir=\"auto\">El\u0151re festett lemez korr\u00f3zi\u00f3g\u00e1tl\u00f3 kezel\u00e9ssel<\/span><\/p>\n<\/td>\n<td>\n<p class=\"s9\"><span dir=\"auto\">El\u0151re festett lemez korr\u00f3zi\u00f3g\u00e1tl\u00f3 kezel\u00e9ssel<\/span><\/p>\n<\/td>\n<td>\n<p class=\"s9\"><span dir=\"auto\">El\u0151re festett lemez korr\u00f3zi\u00f3g\u00e1tl\u00f3 kezel\u00e9ssel<\/span><\/p>\n<\/td>\n<\/tr>\n<tr>\n<td>\n<p class=\"s9\"><span dir=\"auto\">Porta\u00a0<\/span><span dir=\"auto\">Ajt\u00f3<\/span><\/p>\n<\/td>\n<td>\n<p class=\"s9\"><span dir=\"auto\">Fekete\u00a0<\/span><span dir=\"auto\">teljes \u00fcveg<\/span><\/p>\n<\/td>\n<td>\n<p class=\"s9\"><span dir=\"auto\">Fekete\u00a0<\/span><span dir=\"auto\">teljes \u00fcveg<\/span><\/p>\n<\/td>\n<td>\n<p class=\"s9\"><span dir=\"auto\">Fekete\u00a0<\/span><span dir=\"auto\">teljes \u00fcveg<\/span><\/p>\n<\/td>\n<\/tr>\n<tr>\n<td>\n<p class=\"s9\"><span dir=\"auto\">Bels\u0151\u00a0<\/span><span dir=\"auto\">B\u00e9l\u00e9stest<\/span><\/p>\n<\/td>\n<td>\n<p class=\"s9\"><span dir=\"auto\">ABS<\/span><\/p>\n<\/td>\n<td>\n<p class=\"s9\"><span dir=\"auto\">ABS<\/span><\/p>\n<\/td>\n<td>\n<p class=\"s9\"><span dir=\"auto\">ABS<\/span><\/p>\n<\/td>\n<\/tr>\n<tr>\n<td>\n<p class=\"s9\"><span dir=\"auto\">Termoszt\u00e1t\u00a0<\/span><span dir=\"auto\">Termoszt\u00e1t<\/span><\/p>\n<\/td>\n<td>\n<p class=\"s9\">\u00a0Elektronikus \u00e9rint\u0151k\u00e9perny\u0151<\/p>\n<\/td>\n<td>\n<p class=\"s9\"><span dir=\"auto\">\u00a0<\/span><span dir=\"auto\">Elektronikus\u00a0<\/span><span dir=\"auto\">\u00c9rint\u0151k\u00e9perny\u0151<\/span><\/p>\n<\/td>\n<td>\n<p class=\"s9\"><span dir=\"auto\">\u00a0<\/span><span dir=\"auto\">Elektronikus\u00a0<\/span><span dir=\"auto\">\u00c9rint\u0151k\u00e9perny\u0151<\/span><\/p>\n<\/td>\n<\/tr>\n<tr>\n<td>\n<p class=\"s9\"><span dir=\"auto\">Zaj\u00a0<\/span><span dir=\"auto\">szint<\/span><\/p>\n<\/td>\n<td>\n<p class=\"s9\">dB 40<\/p>\n<\/td>\n<td>\n<p class=\"s9\">dB 42<\/p>\n<\/td>\n<td>\n<p class=\"s9\"><span dir=\"auto\">dB 40<\/span><\/p>\n<\/td>\n<\/tr>\n<tr>\n<td>\n<p class=\"s9\">\u00a0Szigetel\u00e9s vastags\u00e1ga<\/p>\n<\/td>\n<td>\n<p class=\"s9\">mm 45<\/p>\n<\/td>\n<td>\n<p class=\"s9\"><span dir=\"auto\">mm 45<\/span><\/p>\n<\/td>\n<td>\n<p class=\"s9\"><span dir=\"auto\">mm 45<\/span><\/p>\n<\/td>\n<\/tr>\n<tr>\n<td>\n<p class=\"s9\"><span dir=\"auto\">Leolvaszt\u00e1s\u00a0<\/span><span dir=\"auto\">Leolvaszt\u00e1s<\/span><\/p>\n<\/td>\n<td>\n<p class=\"s9\"><span dir=\"auto\">Automatikus kompresszor\u00a0<\/span><span dir=\"auto\">ciklus<\/span><\/p>\n<\/td>\n<td>\n<p class=\"s9\"><span dir=\"auto\">Automatikus kompresszor\u00a0<\/span><span dir=\"auto\">ciklus<\/span><\/p>\n<\/td>\n<td>\n<p class=\"s9\"><span dir=\"auto\">Automatikus kompresszor\u00a0<\/span><span dir=\"auto\">ciklus<\/span><\/p>\n<\/td>\n<\/tr>\n<tr>\n<td>\n<p class=\"s9\"><span dir=\"auto\">Vil\u00e1g\u00edt\u00e1s<\/span><span dir=\"auto\">\u200b<\/span><\/p>\n<\/td>\n<td>\n<p class=\"s9\">1 Led f\u00fcgg\u0151leges<\/p>\n<\/td>\n<td>\n<p class=\"s9\"><span dir=\"auto\">1 Led <\/span><span dir=\"auto\">F\u00fcgg\u0151leges<\/span><\/p>\n<\/td>\n<td>\n<p class=\"s9\"><span dir=\"auto\">1 Led <\/span><span dir=\"auto\">F\u00fcgg\u0151leges<\/span><\/p>\n<\/td>\n<\/tr>\n<tr>\n<td>\n<p class=\"s9\"><span dir=\"auto\">Lock\u00a0<\/span><span dir=\"auto\">\u00e9s a kulcs<\/span><\/p>\n<\/td>\n<td>\n<p class=\"s9\"><span dir=\"auto\">Igen<\/span><span dir=\"auto\">\u200b<\/span><\/p>\n<\/td>\n<td>\n<p class=\"s9\"><span dir=\"auto\">Igen<\/span><span dir=\"auto\">\u200b<\/span><\/p>\n<\/td>\n<td>\n<p class=\"s9\"><span dir=\"auto\">Igen<\/span><span dir=\"auto\">\u200b<\/span><\/p>\n<\/td>\n<\/tr>\n<tr>\n<td>\n<p class=\"s9\"><span dir=\"auto\">Megford\u00edthat\u00f3\u00a0<\/span><span dir=\"auto\">ajt\u00f3<\/span><\/p>\n<\/td>\n<td>\n<p class=\"s9\"><span dir=\"auto\">Igen<\/span><span dir=\"auto\">\u200b<\/span><\/p>\n<\/td>\n<td>\n<p class=\"s9\"><span dir=\"auto\">Igen<\/span><span dir=\"auto\">\u200b<\/span><\/p>\n<\/td>\n<td>\n<p class=\"s9\"><span dir=\"auto\">Igen<\/span><span dir=\"auto\">\u200b<\/span><\/p>\n<\/td>\n<\/tr>\n<tr>\n<td>\n<p class=\"s9\"><span dir=\"auto\">Kivehet\u0151 fa\u00a0<\/span><span dir=\"auto\">polcok (WxD)<\/span><\/p>\n<\/td>\n<td>\n<p class=\"s9\">N\u00b0 5 - mm 447 x 199<\/p>\n<p class=\"s9\">N\u00b0 1 - mm 296 x 203<\/p>\n<\/td>\n<td>\n<p class=\"s9\">5. sz\u00e1m - mm 447 x 297<\/p>\n<p class=\"s9\">N\u00b0 1 - mm 308 x 288<\/p>\n<\/td>\n<td>\n<p class=\"s9\"><span dir=\"auto\">5. sz\u00e1m - mm 447 x 297<\/span><\/p>\n<p class=\"s9\"><span dir=\"auto\">N\u00b0 1 - mm 308 x 288<\/span><\/p>\n<\/td>\n<\/tr>\n<tr>\n<td>\n<p class=\"s9\"><span dir=\"auto\">G\u00f6rg\u0151k\u00a0<\/span><span dir=\"auto\">-Feet<\/span><\/p>\n<\/td>\n<td>\n<p class=\"s9\"><span dir=\"auto\">4 l\u00e1b<\/span><\/p>\n<\/td>\n<td>\n<p class=\"s9\"><span dir=\"auto\">4 l\u00e1b<\/span><\/p>\n<\/td>\n<td>\n<p class=\"s9\"><span dir=\"auto\">4 l\u00e1b<\/span><\/p>\n<\/td>\n<\/tr>\n<tr>\n<td>\n<p class=\"s9\"><span dir=\"auto\">Net-\u00a0<\/span><span dir=\"auto\">Brutt\u00f3 t\u00f6meg<\/span><\/p>\n<\/td>\n<td>\n<p class=\"s9\">Kg 30 \/ 32<\/p>\n<\/td>\n<td>\n<p class=\"s9\">Kg 36 \/ 39<\/p>\n<\/td>\n<td>\n<p class=\"s9\">Kg 38 \/ 41<\/p>\n<\/td>\n<\/tr>\n<tr>\n<td>\n<p class=\"s9\"><span dir=\"auto\">Fesz\u00fclts\u00e9g<\/span><span dir=\"auto\">\u200b<\/span><\/p>\n<\/td>\n<td>\n<p class=\"s9\"><span dir=\"auto\">220-ban<\/span><\/p>\n<\/td>\n<td>\n<p class=\"s9\"><span dir=\"auto\">220-ban<\/span><\/p>\n<\/td>\n<td>\n<p class=\"s9\"><span dir=\"auto\">220-ban<\/span><\/p>\n<\/td>\n<\/tr>\n<tr>\n<td>\n<p class=\"s9\"><span dir=\"auto\">Frekvencia<\/span><span dir=\"auto\">\u200b<\/span><\/p>\n<\/td>\n<td>\n<p class=\"s9\">Hz 50<\/p>\n<\/td>\n<td>\n<p class=\"s9\"><span dir=\"auto\">Hz 50<\/span><\/p>\n<\/td>\n<td>\n<p class=\"s9\"><span dir=\"auto\">Hz 50<\/span><\/p>\n<\/td>\n<\/tr>\n<tr>\n<td>\n<p class=\"s9\"><span dir=\"auto\">\u00a0<\/span><span dir=\"auto\">H\u0171t\u0151k\u00f6zeg<\/span><\/p>\n<\/td>\n<td>\n<p class=\"s9\">R600A<\/p>\n<\/td>\n<td>\n<p class=\"s9\"><span dir=\"auto\">R600A<\/span><\/p>\n<\/td>\n<td>\n<p class=\"s9\"><span dir=\"auto\">R600A<\/span><\/p>\n<\/td>\n<\/tr>\n<tr>\n<td>\n<p class=\"s9\"><span dir=\"auto\">Abszorpci\u00f3<\/span><span dir=\"auto\">\u200b<\/span><\/p>\n<\/td>\n<td>\n<p class=\"s9\"><span dir=\"auto\">65-ben<\/span><\/p>\n<\/td>\n<td>\n<p class=\"s9\"><span dir=\"auto\">80-ban<\/span><\/p>\n<\/td>\n<td>\n<p class=\"s9\"><span dir=\"auto\">80-ban<\/span><\/p>\n<\/td>\n<\/tr>\n<tr>\n<td>\n<p class=\"s9\"><span dir=\"auto\">Energia\u00a0<\/span><span dir=\"auto\">Fogyaszt\u00e1s<\/span><\/p>\n<\/td>\n<td>\n<p class=\"s9\"><span dir=\"auto\">KwH\/24H 0.35<\/span><\/p>\n<\/td>\n<td>\n<p class=\"s9\"><span dir=\"auto\">KwH\/24H 0.39<\/span><\/p>\n<\/td>\n<td>\n<p class=\"s9\"><span dir=\"auto\">KwH\/24H 0.39<\/span><\/p>\n<\/td>\n<\/tr>\n<\/tbody>\n<\/table>","protected":false},"excerpt":{"rendered":"<p>Szell\u0151ztethet\u0151 borh\u0171t\u0151 dupla h\u0151m\u00e9rs\u00e9kleti z\u00f3n\u00e1val ENERGIAKL\u00c1ZIS ENERGY CLASS<\/p>","protected":false},"featured_media":10595,"comment_status":"open","ping_status":"closed","template":"","meta":[],"product_brand":[],"product_cat":[49],"product_tag":[],"class_list":{"0":"post-10545","1":"product","2":"type-product","3":"status-publish","4":"has-post-thumbnail","6":"product_cat-wine-fridges","8":"first","9":"instock","10":"shipping-taxable","11":"purchasable","12":"product-type-simple"},"_links":{"self":[{"href":"https:\/\/dersuessestopp.com\/hu\/wp-json\/wp\/v2\/product\/10545","targetHints":{"allow":["GET"]}}],"collection":[{"href":"https:\/\/dersuessestopp.com\/hu\/wp-json\/wp\/v2\/product"}],"about":[{"href":"https:\/\/dersuessestopp.com\/hu\/wp-json\/wp\/v2\/types\/product"}],"replies":[{"embeddable":true,"href":"https:\/\/dersuessestopp.com\/hu\/wp-json\/wp\/v2\/comments?post=10545"}],"version-history":[{"count":4,"href":"https:\/\/dersuessestopp.com\/hu\/wp-json\/wp\/v2\/product\/10545\/revisions"}],"predecessor-version":[{"id":11504,"href":"https:\/\/dersuessestopp.com\/hu\/wp-json\/wp\/v2\/product\/10545\/revisions\/11504"}],"wp:featuredmedia":[{"embeddable":true,"href":"https:\/\/dersuessestopp.com\/hu\/wp-json\/wp\/v2\/media\/10595"}],"wp:attachment":[{"href":"https:\/\/dersuessestopp.com\/hu\/wp-json\/wp\/v2\/media?parent=10545"}],"wp:term":[{"taxonomy":"product_brand","embeddable":true,"href":"https:\/\/dersuessestopp.com\/hu\/wp-json\/wp\/v2\/product_brand?post=10545"},{"taxonomy":"product_cat","embeddable":true,"href":"https:\/\/dersuessestopp.com\/hu\/wp-json\/wp\/v2\/product_cat?post=10545"},{"taxonomy":"product_tag","embeddable":true,"href":"https:\/\/dersuessestopp.com\/hu\/wp-json\/wp\/v2\/product_tag?post=10545"}],"curies":[{"name":"wp","href":"https:\/\/api.w.org\/{rel}","templated":true}]}}