{"id":10540,"date":"2025-09-29T15:00:17","date_gmt":"2025-09-29T15:00:17","guid":{"rendered":"https:\/\/dersuessestopp.com\/?post_type=product&#038;p=10540"},"modified":"2025-10-08T19:31:01","modified_gmt":"2025-10-08T19:31:01","slug":"cw-160-g1tb","status":"publish","type":"product","link":"https:\/\/dersuessestopp.com\/hu\/product\/cw-160-g1tb\/","title":{"rendered":"CW 160 G1TB"},"content":{"rendered":"<p data-start=\"138\" data-end=\"447\"><img fetchpriority=\"high\" decoding=\"async\" class=\"alignnone wp-image-11654 size-full\" src=\"https:\/\/dersuessestopp.com\/wp-content\/uploads\/2025\/09\/cw160g1tb.jpg\" alt=\"\" width=\"2000\" height=\"600\" srcset=\"https:\/\/dersuessestopp.com\/wp-content\/uploads\/2025\/09\/cw160g1tb.jpg 2000w, https:\/\/dersuessestopp.com\/wp-content\/uploads\/2025\/09\/cw160g1tb-300x90.jpg 300w, https:\/\/dersuessestopp.com\/wp-content\/uploads\/2025\/09\/cw160g1tb-1024x307.jpg 1024w, https:\/\/dersuessestopp.com\/wp-content\/uploads\/2025\/09\/cw160g1tb-768x230.jpg 768w, https:\/\/dersuessestopp.com\/wp-content\/uploads\/2025\/09\/cw160g1tb-1536x461.jpg 1536w, https:\/\/dersuessestopp.com\/wp-content\/uploads\/2025\/09\/cw160g1tb-250x75.jpg 250w, https:\/\/dersuessestopp.com\/wp-content\/uploads\/2025\/09\/cw160g1tb-600x180.jpg 600w\" sizes=\"(max-width: 2000px) 100vw, 2000px\" \/><\/p>\n<p data-start=\"138\" data-end=\"447\">A <strong data-start=\"158\" data-end=\"173\">CW 160 G1TB<\/strong> egy szell\u0151ztethet\u0151 borh\u0171t\u0151, teljes fekete, keret n\u00e9lk\u00fcli \u00fcvegajt\u00f3val, Z alak\u00fa cs\u00fasz\u00f3 f\u00e9m polcokkal \u00e9s elektronikus termoszt\u00e1ttal. Professzion\u00e1lis \u00e9s priv\u00e1t bort\u00e1rol\u00e1sra tervezt\u00e9k, prec\u00edz h\u0151m\u00e9rs\u00e9klet-szab\u00e1lyoz\u00e1ssal \u00e9s k\u00e9tz\u00f3n\u00e1s be\u00e1ll\u00edt\u00e1si lehet\u0151s\u00e9ggel rendelkezik, a <strong data-start=\"423\" data-end=\"438\">CW 160 G2TB<\/strong> modell.<\/p>\n<p data-start=\"449\" data-end=\"468\"><strong data-start=\"449\" data-end=\"466\">Kulcsfontoss\u00e1g\u00fa jellemz\u0151k:<\/strong><\/p>\n<ul data-start=\"469\" data-end=\"827\">\n<li data-start=\"469\" data-end=\"507\">\n<p data-start=\"471\" data-end=\"507\">Elektronikus \u00e9rint\u0151k\u00e9perny\u0151s termoszt\u00e1t<\/p>\n<\/li>\n<li data-start=\"508\" data-end=\"564\">\n<p data-start=\"510\" data-end=\"564\">Z alak\u00fa cs\u00fasz\u00f3 f\u00e9m polcok fi\u00f3kos kih\u00faz\u00e1ssal<\/p>\n<\/li>\n<li data-start=\"565\" data-end=\"598\">\n<p data-start=\"567\" data-end=\"598\">Axi\u00e1lis ventil\u00e1tor az egyenletes h\u0171t\u00e9s\u00e9rt<\/p>\n<\/li>\n<li data-start=\"599\" data-end=\"644\">\n<p data-start=\"601\" data-end=\"644\">K\u00e9tz\u00f3n\u00e1s opci\u00f3 el\u00e9rhet\u0151 a CW 160 G2TB-ben<\/p>\n<\/li>\n<li data-start=\"645\" data-end=\"673\">\n<p data-start=\"647\" data-end=\"673\">Automatikus leolvaszt\u00f3 rendszer<\/p>\n<\/li>\n<li data-start=\"674\" data-end=\"716\">\n<p data-start=\"676\" data-end=\"716\">LED vil\u00e1g\u00edt\u00e1s (f\u00fcgg\u0151leges \u00e9s v\u00edzszintes)<\/p>\n<\/li>\n<li data-start=\"717\" data-end=\"736\">\n<p data-start=\"719\" data-end=\"736\">Megford\u00edthat\u00f3 ajt\u00f3<\/p>\n<\/li>\n<li data-start=\"737\" data-end=\"766\">\n<p data-start=\"739\" data-end=\"766\">Z\u00e1r \u00e9s kulcs a biztons\u00e1g \u00e9rdek\u00e9ben<\/p>\n<\/li>\n<li data-start=\"767\" data-end=\"807\">\n<p data-start=\"769\" data-end=\"807\">Robusztus, el\u0151re festett korr\u00f3zi\u00f3\u00e1ll\u00f3 test<\/p>\n<\/li>\n<li data-start=\"808\" data-end=\"827\">\n<p data-start=\"810\" data-end=\"827\">Bels\u0151 ABS b\u00e9l\u00e9s<\/p>\n<\/li>\n<\/ul>\n<table cellspacing=\"0\">\n<tbody>\n<tr>\n<td bgcolor=\"#FFFFFF\">\n<p class=\"s7\">\u00a0M\u00e9retek mm<\/p>\n<\/td>\n<td bgcolor=\"#FFFFFF\">\n<p class=\"s7\">CW 160 G1TB<\/p>\n<\/td>\n<td bgcolor=\"#FFFFFF\">\n<p class=\"s7\">CW 160 G2TB<\/p>\n<\/td>\n<\/tr>\n<tr>\n<td>\n<p class=\"s13\">\u00a0K\u00fcls\u0151 m\u00e9retek (WxDxH)<\/p>\n<\/td>\n<td>\n<p class=\"s13\">595 x 700 x 1604<\/p>\n<\/td>\n<td>\n<p class=\"s13\">595 x 700 x 1604<\/p>\n<\/td>\n<\/tr>\n<tr>\n<td>\n<p class=\"s13\">\u00a0Csomagol\u00e1si m\u00e9retek (WxDxH)<\/p>\n<\/td>\n<td>\n<p class=\"s13\">645 x 770 x 1796<\/p>\n<\/td>\n<td>\n<p class=\"s13\">645 x 770 x 1796<\/p>\n<\/td>\n<\/tr>\n<tr>\n<td>\n<p class=\"s13\">\u00a0Sz\u00e9less\u00e9g<\/p>\n<\/td>\n<td>\n<p class=\"s13\">500<\/p>\n<\/td>\n<td>\n<p class=\"s13\">500<\/p>\n<\/td>\n<\/tr>\n<tr>\n<td>\n<p class=\"s13\">\u00a0M\u00e9lys\u00e9g<\/p>\n<\/td>\n<td>\n<p class=\"s13\">540<\/p>\n<\/td>\n<td>\n<p class=\"s13\">540<\/p>\n<\/td>\n<\/tr>\n<tr>\n<td>\n<p class=\"s13\">\u00a0Magass\u00e1g<\/p>\n<\/td>\n<td>\n<p class=\"s13\">1425<\/p>\n<\/td>\n<td>\n<p class=\"s13\">1425<\/p>\n<\/td>\n<\/tr>\n<tr>\n<td>\n<p class=\"s13\">\u00a0Min. M\u00e9lys\u00e9g<\/p>\n<\/td>\n<td>\n<p class=\"s13\">380<\/p>\n<\/td>\n<td>\n<p class=\"s13\">380<\/p>\n<\/td>\n<\/tr>\n<tr>\n<td>\n<p class=\"s13\">\u00a0Min. Magass\u00e1g<\/p>\n<\/td>\n<td>\n<p class=\"s13\">1215<\/p>\n<\/td>\n<td>\n<p class=\"s13\">1215<\/p>\n<\/td>\n<\/tr>\n<tr>\n<td>\n<p class=\"s13\">\u00a0Oldal matrica<\/p>\n<\/td>\n<td>\n<p class=\"s13\">648 x 1585<\/p>\n<\/td>\n<td>\n<p class=\"s13\">648 x 1585<\/p>\n<\/td>\n<\/tr>\n<tr>\n<td>\n<p class=\"s13\">\u00a0\u00dcveg matrica<\/p>\n<\/td>\n<td>\n<p class=\"s13\">462 x 1340<\/p>\n<\/td>\n<td>\n<p class=\"s13\">462 x 1340<\/p>\n<\/td>\n<\/tr>\n<\/tbody>\n<\/table>\n<p>&nbsp;<\/p>\n<table style=\"height: 1408px;\" width=\"1103\" cellspacing=\"0\">\n<tbody>\n<tr>\n<td bgcolor=\"#FFFFFF\">\n<p class=\"s7\"><span dir=\"auto\">M\u0171szaki jellemz\u0151k<\/span><\/p>\n<\/td>\n<td bgcolor=\"#FFFFFF\">\n<p class=\"s15\"><span dir=\"auto\">\u00a0\u00a0\u00a0\u00a0\u00a0\u00a0\u00a0\u00a0 CW 160 G1TB \u00a0\u00a0\u00a0\u00a0\u00a0\u00a0\u00a0\u00a0\u00a0\u00a0\u00a0\u00a0\u00a0\u00a0\u00a0\u00a0\u00a0\u00a0\u00a0<\/span><\/p>\n<\/td>\n<td bgcolor=\"#FFFFFF\">\n<p class=\"s15\">CW 160 G2TB<\/p>\n<\/td>\n<\/tr>\n<tr>\n<td>\n<p class=\"s13\">\u00a0H\u0151m\u00e9rs\u00e9klet tartom\u00e1ny<\/p>\n<\/td>\n<td>\n<p class=\"s13\">+2 \u00b0C \/ +20 \u00b0C<\/p>\n<\/td>\n<td>\n<p class=\"s13\">+2 \u00b0C \/ +12 \u00b0C | +12 \u00b0C \/ +20 \u00b0C<\/p>\n<\/td>\n<\/tr>\n<tr>\n<td>\n<p class=\"s13\"><span dir=\"auto\">\u00c9ghajlat\u00a0<\/span><span dir=\"auto\">Oszt\u00e1ly<\/span><\/p>\n<\/td>\n<td>\n<p class=\"s13\">N-ST<\/p>\n<\/td>\n<td>\n<p class=\"s13\"><span dir=\"auto\">N-ST<\/span><\/p>\n<\/td>\n<\/tr>\n<tr>\n<td>\n<p class=\"s13\">\u00a0Nett\u00f3-brutt\u00f3 volumen<\/p>\n<\/td>\n<td>\n<p class=\"s13\">358 \/ 375 hadnagy<\/p>\n<\/td>\n<td>\n<p class=\"s13\">350 \/ 373-as hadnagy<\/p>\n<\/td>\n<\/tr>\n<tr>\n<td>\n<p class=\"s13\"><span dir=\"auto\">K\u00fcls\u0151 testfel\u00fclet<\/span><\/p>\n<\/td>\n<td>\n<p class=\"s13\"><span dir=\"auto\">El\u0151re festett f\u00e9mlemez <\/span><span dir=\"auto\">korr\u00f3zi\u00f3g\u00e1tl\u00f3 kezel\u00e9ssel<\/span><\/p>\n<\/td>\n<td>\n<p class=\"s13\"><span dir=\"auto\">El\u0151re festett f\u00e9mlemez <\/span><span dir=\"auto\">korr\u00f3zi\u00f3g\u00e1tl\u00f3 kezel\u00e9ssel<\/span><\/p>\n<\/td>\n<\/tr>\n<tr>\n<td>\n<p class=\"s13\"><span dir=\"auto\">Porta\u00a0<\/span><span dir=\"auto\">Ajt\u00f3<\/span><\/p>\n<\/td>\n<td>\n<p class=\"s13\"><span dir=\"auto\">Fekete\u00a0<\/span><span dir=\"auto\">teljes \u00fcveg<\/span><\/p>\n<\/td>\n<td>\n<p class=\"s13\"><span dir=\"auto\">Fekete\u00a0<\/span><span dir=\"auto\">teljes \u00fcveg<\/span><\/p>\n<\/td>\n<\/tr>\n<tr>\n<td>\n<p class=\"s13\"><span dir=\"auto\">Bels\u0151\u00a0<\/span><span dir=\"auto\">B\u00e9l\u00e9stest<\/span><\/p>\n<\/td>\n<td>\n<p class=\"s13\"><span dir=\"auto\">ABS<\/span><\/p>\n<\/td>\n<td>\n<p class=\"s13\"><span dir=\"auto\">ABS<\/span><\/p>\n<\/td>\n<\/tr>\n<tr>\n<td>\n<p class=\"s13\"><span dir=\"auto\">Termoszt\u00e1t\u00a0<\/span><span dir=\"auto\">Termoszt\u00e1t<\/span><\/p>\n<\/td>\n<td>\n<p class=\"s13\">\u00a0Elektronikus \u00e9rint\u0151k\u00e9perny\u0151<\/p>\n<\/td>\n<td>\n<p class=\"s13\"><span dir=\"auto\">\u00a0<\/span><span dir=\"auto\">Elektronikus\u00a0<\/span><span dir=\"auto\">\u00c9rint\u0151k\u00e9perny\u0151<\/span><\/p>\n<\/td>\n<\/tr>\n<tr>\n<td>\n<p class=\"s13\"><span dir=\"auto\">Zaj\u00a0<\/span><span dir=\"auto\">szint<\/span><\/p>\n<\/td>\n<td>\n<p class=\"s13\">dB 38<\/p>\n<\/td>\n<td>\n<p class=\"s13\"><span dir=\"auto\">dB 38<\/span><\/p>\n<\/td>\n<\/tr>\n<tr>\n<td>\n<p class=\"s13\">\u00a0Szigetel\u00e9s vastags\u00e1ga<\/p>\n<\/td>\n<td>\n<p class=\"s13\">mm 55<\/p>\n<\/td>\n<td>\n<p class=\"s13\"><span dir=\"auto\">mm 55<\/span><\/p>\n<\/td>\n<\/tr>\n<tr>\n<td>\n<p class=\"s13\"><span dir=\"auto\">Leolvaszt\u00e1s\u00a0<\/span><span dir=\"auto\">Leolvaszt\u00e1s<\/span><\/p>\n<\/td>\n<td>\n<p class=\"s13\"><span dir=\"auto\">Automatikus kompresszor\u00a0<\/span><span dir=\"auto\">ciklus<\/span><\/p>\n<\/td>\n<td>\n<p class=\"s13\"><span dir=\"auto\">Automatikus kompresszor\u00a0<\/span><span dir=\"auto\">ciklus<\/span><\/p>\n<\/td>\n<\/tr>\n<tr>\n<td>\n<p class=\"s13\"><span dir=\"auto\">Vil\u00e1g\u00edt\u00e1s<\/span><span dir=\"auto\">\u200b<\/span><\/p>\n<\/td>\n<td>\n<p class=\"s13\"><span dir=\"auto\">LED-ek: 2 f\u00fcgg\u0151leges + 1 v\u00edzszintes<\/span><\/p>\n<\/td>\n<td>\n<p class=\"s13\"><span dir=\"auto\">LED-ek: 2 f\u00fcgg\u0151leges + 2 v\u00edzszintes<\/span><\/p>\n<\/td>\n<\/tr>\n<tr>\n<td>\n<p class=\"s13\"><span dir=\"auto\">Megford\u00edthat\u00f3\u00a0<\/span><span dir=\"auto\">ajt\u00f3<\/span><\/p>\n<\/td>\n<td>\n<p class=\"s13\"><span dir=\"auto\">Igen<\/span><span dir=\"auto\">\u200b<\/span><\/p>\n<\/td>\n<td>\n<p class=\"s13\"><span dir=\"auto\">Igen<\/span><span dir=\"auto\">\u200b<\/span><\/p>\n<\/td>\n<\/tr>\n<tr>\n<td>\n<p class=\"s13\"><span dir=\"auto\">Lock\u00a0<\/span><span dir=\"auto\">\u00e9s a kulcs<\/span><\/p>\n<\/td>\n<td>\n<p class=\"s13\"><span dir=\"auto\">Igen<\/span><span dir=\"auto\">\u200b<\/span><\/p>\n<\/td>\n<td>\n<p class=\"s13\"><span dir=\"auto\">Igen<\/span><span dir=\"auto\">\u200b<\/span><\/p>\n<\/td>\n<\/tr>\n<tr>\n<td>\n<p class=\"s13\"><span dir=\"auto\">Z\u00a0<\/span><span dir=\"auto\">-alak\u00fa cs\u00fasz\u00f3 polcok (WxD)<\/span><\/p>\n<\/td>\n<td>\n<p class=\"s13\">9. sz\u00e1m - mm 452 x 535<\/p>\n<p class=\"s13\">N\u00b0 1 - mm 452 x 380<\/p>\n<\/td>\n<td>\n<p class=\"s13\">N\u00b0 8 - mm 452 x 535<\/p>\n<p class=\"s13\"><span dir=\"auto\">N\u00b0 1 - mm 452 x 380<\/span><\/p>\n<\/td>\n<\/tr>\n<tr>\n<td>\n<p class=\"s13\"><span dir=\"auto\">G\u00f6rg\u0151k\u00a0<\/span><span dir=\"auto\">-Feet<\/span><\/p>\n<\/td>\n<td>\n<p class=\"s13\"><span dir=\"auto\">4 l\u00e1b<\/span><\/p>\n<\/td>\n<td>\n<p class=\"s13\"><span dir=\"auto\">4 l\u00e1b<\/span><\/p>\n<\/td>\n<\/tr>\n<tr>\n<td>\n<p class=\"s13\"><span dir=\"auto\">Net-\u00a0<\/span><span dir=\"auto\">Brutt\u00f3 t\u00f6meg<\/span><\/p>\n<\/td>\n<td>\n<p class=\"s13\">Kg 87 \/ 93<\/p>\n<\/td>\n<td>\n<p class=\"s13\">Kg 89 \/ 95<\/p>\n<\/td>\n<\/tr>\n<tr>\n<td>\n<p class=\"s13\"><span dir=\"auto\">Fesz\u00fclts\u00e9g<\/span><span dir=\"auto\">\u200b<\/span><\/p>\n<\/td>\n<td>\n<p class=\"s13\"><span dir=\"auto\">220-ban<\/span><\/p>\n<\/td>\n<td>\n<p class=\"s13\"><span dir=\"auto\">220-ban<\/span><\/p>\n<\/td>\n<\/tr>\n<tr>\n<td>\n<p class=\"s13\"><span dir=\"auto\">Frekvencia<\/span><span dir=\"auto\">\u200b<\/span><\/p>\n<\/td>\n<td>\n<p class=\"s13\">Hz 50<\/p>\n<\/td>\n<td>\n<p class=\"s13\"><span dir=\"auto\">Hz 50<\/span><\/p>\n<\/td>\n<\/tr>\n<tr>\n<td>\n<p class=\"s13\"><span dir=\"auto\">\u00a0<\/span><span dir=\"auto\">H\u0171t\u0151k\u00f6zeg<\/span><\/p>\n<\/td>\n<td>\n<p class=\"s13\">R600A<\/p>\n<\/td>\n<td>\n<p class=\"s13\"><span dir=\"auto\">R600A<\/span><\/p>\n<\/td>\n<\/tr>\n<tr>\n<td>\n<p class=\"s13\"><span dir=\"auto\">Abszorpci\u00f3<\/span><span dir=\"auto\">\u200b<\/span><\/p>\n<\/td>\n<td>\n<p class=\"s13\"><span dir=\"auto\">130-ban<\/span><\/p>\n<\/td>\n<td>\n<p class=\"s13\"><span dir=\"auto\">130-ban<\/span><\/p>\n<\/td>\n<\/tr>\n<tr>\n<td>\n<p class=\"s13\"><span dir=\"auto\">Energia\u00a0<\/span><span dir=\"auto\">Fogyaszt\u00e1s<\/span><\/p>\n<\/td>\n<td>\n<p class=\"s13\"><span dir=\"auto\">KwH\/24H 0.395<\/span><\/p>\n<\/td>\n<td>\n<p class=\"s13\"><span dir=\"auto\">KwH\/24H 0.385<\/span><\/p>\n<\/td>\n<\/tr>\n<\/tbody>\n<\/table>","protected":false},"excerpt":{"rendered":"<p>Szell\u0151ztetett borh\u0171t\u0151 ENERGY CLASS<\/p>","protected":false},"featured_media":10585,"comment_status":"open","ping_status":"closed","template":"","meta":[],"product_brand":[],"product_cat":[49],"product_tag":[],"class_list":{"0":"post-10540","1":"product","2":"type-product","3":"status-publish","4":"has-post-thumbnail","6":"product_cat-wine-fridges","8":"first","9":"instock","10":"shipping-taxable","11":"purchasable","12":"product-type-simple"},"_links":{"self":[{"href":"https:\/\/dersuessestopp.com\/hu\/wp-json\/wp\/v2\/product\/10540","targetHints":{"allow":["GET"]}}],"collection":[{"href":"https:\/\/dersuessestopp.com\/hu\/wp-json\/wp\/v2\/product"}],"about":[{"href":"https:\/\/dersuessestopp.com\/hu\/wp-json\/wp\/v2\/types\/product"}],"replies":[{"embeddable":true,"href":"https:\/\/dersuessestopp.com\/hu\/wp-json\/wp\/v2\/comments?post=10540"}],"version-history":[{"count":3,"href":"https:\/\/dersuessestopp.com\/hu\/wp-json\/wp\/v2\/product\/10540\/revisions"}],"predecessor-version":[{"id":11655,"href":"https:\/\/dersuessestopp.com\/hu\/wp-json\/wp\/v2\/product\/10540\/revisions\/11655"}],"wp:featuredmedia":[{"embeddable":true,"href":"https:\/\/dersuessestopp.com\/hu\/wp-json\/wp\/v2\/media\/10585"}],"wp:attachment":[{"href":"https:\/\/dersuessestopp.com\/hu\/wp-json\/wp\/v2\/media?parent=10540"}],"wp:term":[{"taxonomy":"product_brand","embeddable":true,"href":"https:\/\/dersuessestopp.com\/hu\/wp-json\/wp\/v2\/product_brand?post=10540"},{"taxonomy":"product_cat","embeddable":true,"href":"https:\/\/dersuessestopp.com\/hu\/wp-json\/wp\/v2\/product_cat?post=10540"},{"taxonomy":"product_tag","embeddable":true,"href":"https:\/\/dersuessestopp.com\/hu\/wp-json\/wp\/v2\/product_tag?post=10540"}],"curies":[{"name":"wp","href":"https:\/\/api.w.org\/{rel}","templated":true}]}}