{"id":10539,"date":"2025-09-29T15:00:17","date_gmt":"2025-09-29T15:00:17","guid":{"rendered":"https:\/\/dersuessestopp.com\/?post_type=product&#038;p=10539"},"modified":"2025-10-08T19:40:24","modified_gmt":"2025-10-08T19:40:24","slug":"cw-160-g2tb","status":"publish","type":"product","link":"https:\/\/dersuessestopp.com\/hu\/product\/cw-160-g2tb\/","title":{"rendered":"CW 160 G2TB"},"content":{"rendered":"<p><img fetchpriority=\"high\" decoding=\"async\" class=\"alignnone wp-image-11654 size-full\" src=\"https:\/\/dersuessestopp.com\/wp-content\/uploads\/2025\/09\/cw160g1tb.jpg\" alt=\"\" width=\"2000\" height=\"600\" srcset=\"https:\/\/dersuessestopp.com\/wp-content\/uploads\/2025\/09\/cw160g1tb.jpg 2000w, https:\/\/dersuessestopp.com\/wp-content\/uploads\/2025\/09\/cw160g1tb-300x90.jpg 300w, https:\/\/dersuessestopp.com\/wp-content\/uploads\/2025\/09\/cw160g1tb-1024x307.jpg 1024w, https:\/\/dersuessestopp.com\/wp-content\/uploads\/2025\/09\/cw160g1tb-768x230.jpg 768w, https:\/\/dersuessestopp.com\/wp-content\/uploads\/2025\/09\/cw160g1tb-1536x461.jpg 1536w, https:\/\/dersuessestopp.com\/wp-content\/uploads\/2025\/09\/cw160g1tb-250x75.jpg 250w, https:\/\/dersuessestopp.com\/wp-content\/uploads\/2025\/09\/cw160g1tb-600x180.jpg 600w\" sizes=\"(max-width: 2000px) 100vw, 2000px\" \/><\/p>\n<p data-start=\"209\" data-end=\"506\">A <strong data-start=\"213\" data-end=\"228\">CW 160 G2TB<\/strong> egy pr\u00e9mium k\u00e9tz\u00f3n\u00e1s borh\u0171t\u0151, amelyet olyan igazi borrajong\u00f3k \u00e9s szakemberek sz\u00e1m\u00e1ra terveztek, akiknek fontos a st\u00edlus \u00e9s a precizit\u00e1s. A <strong data-start=\"357\" data-end=\"392\">teljes fekete keret n\u00e9lk\u00fcli \u00fcvegajt\u00f3<\/strong>, <strong data-start=\"394\" data-end=\"433\">eleg\u00e1ns Z-alak\u00fa cs\u00fasz\u00f3 f\u00e9m polcok<\/strong>, \u00e9s <strong data-start=\"439\" data-end=\"455\">LED vil\u00e1g\u00edt\u00e1s<\/strong> leny\u0171g\u00f6z\u0151 kieg\u00e9sz\u00edt\u0151je b\u00e1rmely modern t\u00e9rnek.<\/p>\n<p data-start=\"508\" data-end=\"710\">A  c\u00edmen <strong data-start=\"513\" data-end=\"546\">f\u00fcggetlen h\u0151m\u00e9rs\u00e9kleti z\u00f3n\u00e1k<\/strong>, a CW 160 G2TB t\u00f6k\u00e9letes t\u00e1rol\u00e1si k\u00f6r\u00fclm\u00e9nyeket biztos\u00edt mind a v\u00f6r\u00f6s-, mind a feh\u00e9rborok sz\u00e1m\u00e1ra - \u00edgy minden palack ide\u00e1lis h\u0151m\u00e9rs\u00e9kleten marad meg \u00e9s t\u00e1lal\u00e1sra k\u00e9szen \u00e1ll.<\/p>\n<h4 data-start=\"712\" data-end=\"733\"><strong data-start=\"717\" data-end=\"733\">F\u0151 jellemz\u0151k<\/strong><\/h4>\n<ul data-start=\"734\" data-end=\"1207\">\n<li data-start=\"734\" data-end=\"811\">\n<p data-start=\"736\" data-end=\"811\"><strong data-start=\"736\" data-end=\"769\">K\u00e9tz\u00f3n\u00e1s h\u0151m\u00e9rs\u00e9klet-szab\u00e1lyoz\u00e1s<\/strong> elektronikus \u00e9rint\u0151k\u00e9perny\u0151s termoszt\u00e1ttal<\/p>\n<\/li>\n<li data-start=\"812\" data-end=\"879\">\n<p data-start=\"814\" data-end=\"879\"><strong data-start=\"814\" data-end=\"847\">Z alak\u00fa cs\u00fasz\u00f3 f\u00e9m polcok<\/strong> sima fi\u00f3kkivon\u00e1ssal<\/p>\n<\/li>\n<li data-start=\"880\" data-end=\"931\">\n<p data-start=\"882\" data-end=\"931\"><strong data-start=\"882\" data-end=\"906\">Egyenletes l\u00e9gkering\u00e9s<\/strong> axi\u00e1lis ventil\u00e1toros h\u0171t\u00e9ssel<\/p>\n<\/li>\n<li data-start=\"932\" data-end=\"978\">\n<p data-start=\"934\" data-end=\"978\"><strong data-start=\"934\" data-end=\"955\">Automatikus leolvaszt\u00e1s<\/strong> a k\u00f6nny\u0171 karbantart\u00e1s \u00e9rdek\u00e9ben<\/p>\n<\/li>\n<li data-start=\"979\" data-end=\"1055\">\n<p data-start=\"981\" data-end=\"1055\"><strong data-start=\"981\" data-end=\"1021\">F\u00fcgg\u0151leges \u00e9s v\u00edzszintes LED vil\u00e1g\u00edt\u00e1s<\/strong> az eleg\u00e1ns palackbemutat\u00f3hoz<\/p>\n<\/li>\n<li data-start=\"1056\" data-end=\"1136\">\n<p data-start=\"1058\" data-end=\"1136\"><strong data-start=\"1058\" data-end=\"1093\">Megford\u00edthat\u00f3 keret n\u00e9lk\u00fcli \u00fcvegajt\u00f3<\/strong> a  c\u00edmen <strong data-start=\"1099\" data-end=\"1115\">z\u00e1r \u00e9s kulcs<\/strong> tov\u00e1bbi biztons\u00e1got ny\u00fajt<\/p>\n<\/li>\n<li data-start=\"1137\" data-end=\"1207\">\n<p data-start=\"1139\" data-end=\"1207\"><strong data-start=\"1139\" data-end=\"1180\">Tart\u00f3s, el\u0151re festett korr\u00f3zi\u00f3\u00e1ll\u00f3 test<\/strong> a  c\u00edmen <strong data-start=\"1186\" data-end=\"1205\">bels\u0151 ABS b\u00e9l\u00e9s<\/strong><\/p>\n<\/li>\n<\/ul>\n<p data-start=\"1209\" data-end=\"1375\">A CW 160 G2TB \u00f6tv\u00f6zi az ig\u00e9nyes kialak\u00edt\u00e1st a fejlett h\u0171t\u00e9si technol\u00f3gi\u00e1val - t\u00f6k\u00e9letes megold\u00e1s a professzion\u00e1lis bort\u00e1rol\u00e1shoz vagy a t\u00f6k\u00e9letes otthoni gy\u0171jtem\u00e9nyhez.<\/p>\n<table cellspacing=\"0\">\n<tbody>\n<tr>\n<td bgcolor=\"#FFFFFF\">\n<p class=\"s7\">\u00a0M\u00e9retek mm<\/p>\n<\/td>\n<td bgcolor=\"#FFFFFF\">\n<p class=\"s7\"><span dir=\"auto\">CW 160 G1TB<\/span><\/p>\n<\/td>\n<td bgcolor=\"#FFFFFF\">\n<p class=\"s7\"><span dir=\"auto\">CW 160 G2TB<\/span><\/p>\n<\/td>\n<\/tr>\n<tr>\n<td>\n<p class=\"s13\">\u00a0K\u00fcls\u0151 m\u00e9retek (WxDxH)<\/p>\n<\/td>\n<td>\n<p class=\"s13\">595 x 700 x 1604<\/p>\n<\/td>\n<td>\n<p class=\"s13\"><span dir=\"auto\">595 x 700 x 1604<\/span><\/p>\n<\/td>\n<\/tr>\n<tr>\n<td>\n<p class=\"s13\"><span dir=\"auto\">Csomagol\u00e1si m\u00e9retek (\u00a0<\/span><span dir=\"auto\">WxDxH)<\/span><\/p>\n<\/td>\n<td>\n<p class=\"s13\">645 x 770 x 1796<\/p>\n<\/td>\n<td>\n<p class=\"s13\"><span dir=\"auto\">645 x 770 x 1796<\/span><\/p>\n<\/td>\n<\/tr>\n<tr>\n<td>\n<p class=\"s13\"><span dir=\"auto\">\u00a0<\/span><span dir=\"auto\">Sz\u00e9less\u00e9g<\/span><\/p>\n<\/td>\n<td>\n<p class=\"s13\">500<\/p>\n<\/td>\n<td>\n<p class=\"s13\"><span dir=\"auto\">500<\/span><\/p>\n<\/td>\n<\/tr>\n<tr>\n<td>\n<p class=\"s13\"><span dir=\"auto\">\u00a0<\/span><span dir=\"auto\">M\u00e9lys\u00e9g<\/span><\/p>\n<\/td>\n<td>\n<p class=\"s13\">540<\/p>\n<\/td>\n<td>\n<p class=\"s13\"><span dir=\"auto\">540<\/span><\/p>\n<\/td>\n<\/tr>\n<tr>\n<td>\n<p class=\"s13\"><span dir=\"auto\">\u00a0<\/span><span dir=\"auto\">Magass\u00e1g<\/span><\/p>\n<\/td>\n<td>\n<p class=\"s13\">1425<\/p>\n<\/td>\n<td>\n<p class=\"s13\"><span dir=\"auto\">1425<\/span><\/p>\n<\/td>\n<\/tr>\n<tr>\n<td>\n<p class=\"s13\"><span dir=\"auto\">\u00a0<\/span><span dir=\"auto\">Min. M\u00e9lys\u00e9g<\/span><\/p>\n<\/td>\n<td>\n<p class=\"s13\">380<\/p>\n<\/td>\n<td>\n<p class=\"s13\"><span dir=\"auto\">380<\/span><\/p>\n<\/td>\n<\/tr>\n<tr>\n<td>\n<p class=\"s13\"><span dir=\"auto\">\u00a0<\/span><span dir=\"auto\">Min. Magass\u00e1g<\/span><\/p>\n<\/td>\n<td>\n<p class=\"s13\">1215<\/p>\n<\/td>\n<td>\n<p class=\"s13\"><span dir=\"auto\">1215<\/span><\/p>\n<\/td>\n<\/tr>\n<tr>\n<td>\n<p class=\"s13\"><span dir=\"auto\">Oldal\u00a0<\/span><span dir=\"auto\">Matrica<\/span><\/p>\n<\/td>\n<td>\n<p class=\"s13\">648 x 1585<\/p>\n<\/td>\n<td>\n<p class=\"s13\"><span dir=\"auto\">648 x 1585<\/span><\/p>\n<\/td>\n<\/tr>\n<tr>\n<td>\n<p class=\"s13\"><span dir=\"auto\">\u00dcveg matrica<\/span><\/p>\n<\/td>\n<td>\n<p class=\"s13\">462 x 1340<\/p>\n<\/td>\n<td>\n<p class=\"s13\"><span dir=\"auto\">462 x 1340<\/span><\/p>\n<\/td>\n<\/tr>\n<\/tbody>\n<\/table>\n<p>&nbsp;<\/p>\n<table cellspacing=\"0\">\n<tbody>\n<tr>\n<td bgcolor=\"#FFFFFF\">\n<p class=\"s7\"><span dir=\"auto\">M\u0171szaki jellemz\u0151k<\/span><\/p>\n<\/td>\n<td bgcolor=\"#FFFFFF\">\n<p class=\"s15\"><span dir=\"auto\">\u00a0\u00a0\u00a0\u00a0\u00a0\u00a0\u00a0\u00a0 CW 160 G1TB \u00a0\u00a0\u00a0\u00a0\u00a0\u00a0\u00a0\u00a0\u00a0\u00a0\u00a0\u00a0\u00a0\u00a0\u00a0\u00a0\u00a0\u00a0\u00a0<\/span><\/p>\n<\/td>\n<td bgcolor=\"#FFFFFF\">\n<p class=\"s15\">CW 160 G2TB<\/p>\n<\/td>\n<\/tr>\n<tr>\n<td>\n<p class=\"s13\">\u00a0H\u0151m\u00e9rs\u00e9klet tartom\u00e1ny<\/p>\n<\/td>\n<td>\n<p class=\"s13\">+2 \u00b0C \/ +20 \u00b0C<\/p>\n<\/td>\n<td>\n<p class=\"s13\">+2 \u00b0C \/ +12 \u00b0C | +12 \u00b0C \/ +20 \u00b0C<\/p>\n<\/td>\n<\/tr>\n<tr>\n<td>\n<p class=\"s13\"><span dir=\"auto\">\u00c9ghajlat\u00a0<\/span><span dir=\"auto\">Oszt\u00e1ly<\/span><\/p>\n<\/td>\n<td>\n<p class=\"s13\">N-ST<\/p>\n<\/td>\n<td>\n<p class=\"s13\"><span dir=\"auto\">N-ST<\/span><\/p>\n<\/td>\n<\/tr>\n<tr>\n<td>\n<p class=\"s13\">\u00a0Nett\u00f3-brutt\u00f3 volumen<\/p>\n<\/td>\n<td>\n<p class=\"s13\">358 \/ 375 hadnagy<\/p>\n<\/td>\n<td>\n<p class=\"s13\">350 \/ 373-as hadnagy<\/p>\n<\/td>\n<\/tr>\n<tr>\n<td>\n<p class=\"s13\"><span dir=\"auto\">K\u00fcls\u0151 testfel\u00fclet<\/span><\/p>\n<\/td>\n<td>\n<p class=\"s13\"><span dir=\"auto\">El\u0151re festett f\u00e9mlemez <\/span><span dir=\"auto\">korr\u00f3zi\u00f3g\u00e1tl\u00f3 kezel\u00e9ssel<\/span><\/p>\n<\/td>\n<td>\n<p class=\"s13\"><span dir=\"auto\">El\u0151re festett f\u00e9mlemez <\/span><span dir=\"auto\">korr\u00f3zi\u00f3g\u00e1tl\u00f3 kezel\u00e9ssel<\/span><\/p>\n<\/td>\n<\/tr>\n<tr>\n<td>\n<p class=\"s13\"><span dir=\"auto\">Porta\u00a0<\/span><span dir=\"auto\">Ajt\u00f3<\/span><\/p>\n<\/td>\n<td>\n<p class=\"s13\"><span dir=\"auto\">Fekete\u00a0<\/span><span dir=\"auto\">teljes \u00fcveg<\/span><\/p>\n<\/td>\n<td>\n<p class=\"s13\"><span dir=\"auto\">Fekete\u00a0<\/span><span dir=\"auto\">teljes \u00fcveg<\/span><\/p>\n<\/td>\n<\/tr>\n<tr>\n<td>\n<p class=\"s13\"><span dir=\"auto\">Bels\u0151\u00a0<\/span><span dir=\"auto\">B\u00e9l\u00e9stest<\/span><\/p>\n<\/td>\n<td>\n<p class=\"s13\"><span dir=\"auto\">ABS<\/span><\/p>\n<\/td>\n<td>\n<p class=\"s13\"><span dir=\"auto\">ABS<\/span><\/p>\n<\/td>\n<\/tr>\n<tr>\n<td>\n<p class=\"s13\"><span dir=\"auto\">Termoszt\u00e1t\u00a0<\/span><span dir=\"auto\">Termoszt\u00e1t<\/span><\/p>\n<\/td>\n<td>\n<p class=\"s13\">\u00a0Elektronikus \u00e9rint\u0151k\u00e9perny\u0151<\/p>\n<\/td>\n<td>\n<p class=\"s13\"><span dir=\"auto\">\u00a0<\/span><span dir=\"auto\">Elektronikus\u00a0<\/span><span dir=\"auto\">\u00c9rint\u0151k\u00e9perny\u0151<\/span><\/p>\n<\/td>\n<\/tr>\n<tr>\n<td>\n<p class=\"s13\"><span dir=\"auto\">Zaj\u00a0<\/span><span dir=\"auto\">szint<\/span><\/p>\n<\/td>\n<td>\n<p class=\"s13\">dB 38<\/p>\n<\/td>\n<td>\n<p class=\"s13\"><span dir=\"auto\">dB 38<\/span><\/p>\n<\/td>\n<\/tr>\n<tr>\n<td>\n<p class=\"s13\">\u00a0Szigetel\u00e9s vastags\u00e1ga<\/p>\n<\/td>\n<td>\n<p class=\"s13\">mm 55<\/p>\n<\/td>\n<td>\n<p class=\"s13\"><span dir=\"auto\">mm 55<\/span><\/p>\n<\/td>\n<\/tr>\n<tr>\n<td>\n<p class=\"s13\"><span dir=\"auto\">Leolvaszt\u00e1s\u00a0<\/span><span dir=\"auto\">Leolvaszt\u00e1s<\/span><\/p>\n<\/td>\n<td>\n<p class=\"s13\"><span dir=\"auto\">Automatikus kompresszor\u00a0<\/span><span dir=\"auto\">ciklus<\/span><\/p>\n<\/td>\n<td>\n<p class=\"s13\"><span dir=\"auto\">Automatikus kompresszor\u00a0<\/span><span dir=\"auto\">ciklus<\/span><\/p>\n<\/td>\n<\/tr>\n<tr>\n<td>\n<p class=\"s13\"><span dir=\"auto\">Vil\u00e1g\u00edt\u00e1s<\/span><span dir=\"auto\">\u200b<\/span><\/p>\n<\/td>\n<td>\n<p class=\"s13\"><span dir=\"auto\">LED-ek: 2 f\u00fcgg\u0151leges + 1 v\u00edzszintes<\/span><\/p>\n<\/td>\n<td>\n<p class=\"s13\"><span dir=\"auto\">LED-ek: 2 f\u00fcgg\u0151leges + 2 v\u00edzszintes<\/span><\/p>\n<\/td>\n<\/tr>\n<tr>\n<td>\n<p class=\"s13\"><span dir=\"auto\">Megford\u00edthat\u00f3\u00a0<\/span><span dir=\"auto\">ajt\u00f3<\/span><\/p>\n<\/td>\n<td>\n<p class=\"s13\"><span dir=\"auto\">Igen<\/span><span dir=\"auto\">\u200b<\/span><\/p>\n<\/td>\n<td>\n<p class=\"s13\"><span dir=\"auto\">Igen<\/span><span dir=\"auto\">\u200b<\/span><\/p>\n<\/td>\n<\/tr>\n<tr>\n<td>\n<p class=\"s13\"><span dir=\"auto\">Lock\u00a0<\/span><span dir=\"auto\">\u00e9s a kulcs<\/span><\/p>\n<\/td>\n<td>\n<p class=\"s13\"><span dir=\"auto\">Igen<\/span><span dir=\"auto\">\u200b<\/span><\/p>\n<\/td>\n<td>\n<p class=\"s13\"><span dir=\"auto\">Igen<\/span><span dir=\"auto\">\u200b<\/span><\/p>\n<\/td>\n<\/tr>\n<tr>\n<td>\n<p class=\"s13\"><span dir=\"auto\">Z\u00a0<\/span><span dir=\"auto\">-alak\u00fa cs\u00fasz\u00f3 polcok (WxD)<\/span><\/p>\n<\/td>\n<td>\n<p class=\"s13\">9. sz\u00e1m - mm 452 x 535<\/p>\n<p class=\"s13\">N\u00b0 1 - mm 452 x 380<\/p>\n<\/td>\n<td>\n<p class=\"s13\">N\u00b0 8 - mm 452 x 535<\/p>\n<p class=\"s13\"><span dir=\"auto\">N\u00b0 1 - mm 452 x 380<\/span><\/p>\n<\/td>\n<\/tr>\n<tr>\n<td>\n<p class=\"s13\"><span dir=\"auto\">G\u00f6rg\u0151k\u00a0<\/span><span dir=\"auto\">-Feet<\/span><\/p>\n<\/td>\n<td>\n<p class=\"s13\"><span dir=\"auto\">4 l\u00e1b<\/span><\/p>\n<\/td>\n<td>\n<p class=\"s13\"><span dir=\"auto\">4 l\u00e1b<\/span><\/p>\n<\/td>\n<\/tr>\n<tr>\n<td>\n<p class=\"s13\"><span dir=\"auto\">Net-\u00a0<\/span><span dir=\"auto\">Brutt\u00f3 t\u00f6meg<\/span><\/p>\n<\/td>\n<td>\n<p class=\"s13\">Kg 87 \/ 93<\/p>\n<\/td>\n<td>\n<p class=\"s13\">Kg 89 \/ 95<\/p>\n<\/td>\n<\/tr>\n<tr>\n<td>\n<p class=\"s13\"><span dir=\"auto\">Fesz\u00fclts\u00e9g<\/span><span dir=\"auto\">\u200b<\/span><\/p>\n<\/td>\n<td>\n<p class=\"s13\"><span dir=\"auto\">220-ban<\/span><\/p>\n<\/td>\n<td>\n<p class=\"s13\"><span dir=\"auto\">220-ban<\/span><\/p>\n<\/td>\n<\/tr>\n<tr>\n<td>\n<p class=\"s13\"><span dir=\"auto\">Frekvencia<\/span><span dir=\"auto\">\u200b<\/span><\/p>\n<\/td>\n<td>\n<p class=\"s13\">Hz 50<\/p>\n<\/td>\n<td>\n<p class=\"s13\"><span dir=\"auto\">Hz 50<\/span><\/p>\n<\/td>\n<\/tr>\n<tr>\n<td>\n<p class=\"s13\"><span dir=\"auto\">H\u0171t\u0151k\u00f6zeg \/\u00a0<\/span><span dir=\"auto\">H\u0171t\u0151k\u00f6zeg<\/span><\/p>\n<\/td>\n<td>\n<p class=\"s13\">R600A<\/p>\n<\/td>\n<td>\n<p class=\"s13\"><span dir=\"auto\">R600A<\/span><\/p>\n<\/td>\n<\/tr>\n<tr>\n<td>\n<p class=\"s13\"><span dir=\"auto\">Abszorpci\u00f3<\/span><span dir=\"auto\">\u200b<\/span><\/p>\n<\/td>\n<td>\n<p class=\"s13\"><span dir=\"auto\">130-ban<\/span><\/p>\n<\/td>\n<td>\n<p class=\"s13\"><span dir=\"auto\">130-ban<\/span><\/p>\n<\/td>\n<\/tr>\n<tr>\n<td>\n<p class=\"s13\"><span dir=\"auto\">Energia\u00a0<\/span><span dir=\"auto\">Fogyaszt\u00e1s<\/span><\/p>\n<\/td>\n<td>\n<p class=\"s13\"><span dir=\"auto\">KwH\/24H 0.395<\/span><\/p>\n<\/td>\n<td>\n<p class=\"s13\"><span dir=\"auto\">KwH\/24H 0.385<\/span><\/p>\n<\/td>\n<\/tr>\n<\/tbody>\n<\/table>","protected":false},"excerpt":{"rendered":"<p>Szell\u0151ztethet\u0151 borh\u0171t\u0151 dupla h\u0151m\u00e9rs\u00e9kleti z\u00f3n\u00e1val ENERGIAKL\u00c1ZIS ENERGY CLASS<\/p>","protected":false},"featured_media":10583,"comment_status":"open","ping_status":"closed","template":"","meta":[],"product_brand":[],"product_cat":[49],"product_tag":[],"class_list":{"0":"post-10539","1":"product","2":"type-product","3":"status-publish","4":"has-post-thumbnail","6":"product_cat-wine-fridges","8":"first","9":"instock","10":"shipping-taxable","11":"purchasable","12":"product-type-simple"},"_links":{"self":[{"href":"https:\/\/dersuessestopp.com\/hu\/wp-json\/wp\/v2\/product\/10539","targetHints":{"allow":["GET"]}}],"collection":[{"href":"https:\/\/dersuessestopp.com\/hu\/wp-json\/wp\/v2\/product"}],"about":[{"href":"https:\/\/dersuessestopp.com\/hu\/wp-json\/wp\/v2\/types\/product"}],"replies":[{"embeddable":true,"href":"https:\/\/dersuessestopp.com\/hu\/wp-json\/wp\/v2\/comments?post=10539"}],"version-history":[{"count":3,"href":"https:\/\/dersuessestopp.com\/hu\/wp-json\/wp\/v2\/product\/10539\/revisions"}],"predecessor-version":[{"id":11658,"href":"https:\/\/dersuessestopp.com\/hu\/wp-json\/wp\/v2\/product\/10539\/revisions\/11658"}],"wp:featuredmedia":[{"embeddable":true,"href":"https:\/\/dersuessestopp.com\/hu\/wp-json\/wp\/v2\/media\/10583"}],"wp:attachment":[{"href":"https:\/\/dersuessestopp.com\/hu\/wp-json\/wp\/v2\/media?parent=10539"}],"wp:term":[{"taxonomy":"product_brand","embeddable":true,"href":"https:\/\/dersuessestopp.com\/hu\/wp-json\/wp\/v2\/product_brand?post=10539"},{"taxonomy":"product_cat","embeddable":true,"href":"https:\/\/dersuessestopp.com\/hu\/wp-json\/wp\/v2\/product_cat?post=10539"},{"taxonomy":"product_tag","embeddable":true,"href":"https:\/\/dersuessestopp.com\/hu\/wp-json\/wp\/v2\/product_tag?post=10539"}],"curies":[{"name":"wp","href":"https:\/\/api.w.org\/{rel}","templated":true}]}}