{"id":10538,"date":"2025-09-29T15:00:17","date_gmt":"2025-09-29T15:00:17","guid":{"rendered":"https:\/\/dersuessestopp.com\/?post_type=product&#038;p=10538"},"modified":"2025-10-08T20:33:03","modified_gmt":"2025-10-08T20:33:03","slug":"cw-180-g1tb","status":"publish","type":"product","link":"https:\/\/dersuessestopp.com\/hu\/product\/cw-180-g1tb\/","title":{"rendered":"CW 180 G1TB"},"content":{"rendered":"<p data-start=\"227\" data-end=\"508\"><img fetchpriority=\"high\" decoding=\"async\" class=\"alignnone wp-image-11661 size-full\" src=\"https:\/\/dersuessestopp.com\/wp-content\/uploads\/2025\/09\/180cw.jpg\" alt=\"\" width=\"2000\" height=\"600\" srcset=\"https:\/\/dersuessestopp.com\/wp-content\/uploads\/2025\/09\/180cw.jpg 2000w, https:\/\/dersuessestopp.com\/wp-content\/uploads\/2025\/09\/180cw-300x90.jpg 300w, https:\/\/dersuessestopp.com\/wp-content\/uploads\/2025\/09\/180cw-1024x307.jpg 1024w, https:\/\/dersuessestopp.com\/wp-content\/uploads\/2025\/09\/180cw-768x230.jpg 768w, https:\/\/dersuessestopp.com\/wp-content\/uploads\/2025\/09\/180cw-1536x461.jpg 1536w, https:\/\/dersuessestopp.com\/wp-content\/uploads\/2025\/09\/180cw-250x75.jpg 250w, https:\/\/dersuessestopp.com\/wp-content\/uploads\/2025\/09\/180cw-600x180.jpg 600w\" sizes=\"(max-width: 2000px) 100vw, 2000px\" \/><\/p>\n<p data-start=\"227\" data-end=\"508\">Tapasztalja meg a precizit\u00e1st \u00e9s a st\u00edlust a <strong data-start=\"267\" data-end=\"282\">CW 180 G2TB<\/strong>, egy pr\u00e9mium kateg\u00f3ri\u00e1s, k\u00e9tz\u00f3n\u00e1s borh\u0171t\u0151, amelyet professzion\u00e1lis \u00e9s otthoni haszn\u00e1latra egyar\u00e1nt terveztek. A <strong data-start=\"365\" data-end=\"400\">keret n\u00e9lk\u00fcli fekete \u00fcvegajt\u00f3<\/strong>, <strong data-start=\"402\" data-end=\"435\">Z alak\u00fa cs\u00fasz\u00f3 f\u00e9m polcok<\/strong>, \u00e9s <strong data-start=\"441\" data-end=\"457\">LED vil\u00e1g\u00edt\u00e1s<\/strong> b\u00e1rmely bels\u0151 t\u00e9rben kiemelked\u0151 k\u00f6zponti elemm\u00e9 teszi.<\/p>\n<p data-start=\"510\" data-end=\"782\">A  c\u00edmen <strong data-start=\"515\" data-end=\"552\">k\u00e9t f\u00fcggetlen h\u0151m\u00e9rs\u00e9kleti z\u00f3na<\/strong>, ide\u00e1lis k\u00f6r\u00fclm\u00e9nyek k\u00f6z\u00f6tt t\u00e1rolhatja a v\u00f6r\u00f6s- \u00e9s feh\u00e9rborokat egyar\u00e1nt. A <strong data-start=\"618\" data-end=\"656\">elektronikus \u00e9rint\u0151k\u00e9perny\u0151s termoszt\u00e1t<\/strong> biztos\u00edtja a pontos vez\u00e9rl\u00e9st, m\u00edg a <strong data-start=\"693\" data-end=\"721\">automatikus leolvaszt\u00f3 rendszer<\/strong> \u00e9s <strong data-start=\"726\" data-end=\"747\">axi\u00e1lis ventil\u00e1toros h\u0171t\u00e9s<\/strong> egyenletes teljes\u00edtm\u00e9ny fenntart\u00e1sa.<\/p>\n<p data-start=\"784\" data-end=\"803\"><strong data-start=\"784\" data-end=\"801\">Kulcsfontoss\u00e1g\u00fa jellemz\u0151k:<\/strong><\/p>\n<ul data-start=\"804\" data-end=\"1113\">\n<li data-start=\"804\" data-end=\"837\">\n<p data-start=\"806\" data-end=\"837\">K\u00e9tz\u00f3n\u00e1s h\u0151m\u00e9rs\u00e9klet-szab\u00e1lyoz\u00e1s<\/p>\n<\/li>\n<li data-start=\"838\" data-end=\"871\">\n<p data-start=\"840\" data-end=\"871\">Z alak\u00fa cs\u00fasz\u00f3 f\u00e9m polcok<\/p>\n<\/li>\n<li data-start=\"872\" data-end=\"910\">\n<p data-start=\"874\" data-end=\"910\">Elektronikus \u00e9rint\u0151k\u00e9perny\u0151s termoszt\u00e1t<\/p>\n<\/li>\n<li data-start=\"911\" data-end=\"942\">\n<p data-start=\"913\" data-end=\"942\">Egyenletes h\u0171t\u00e9s axi\u00e1lis ventil\u00e1torral<\/p>\n<\/li>\n<li data-start=\"943\" data-end=\"971\">\n<p data-start=\"945\" data-end=\"971\">Automatikus leolvaszt\u00f3 rendszer<\/p>\n<\/li>\n<li data-start=\"972\" data-end=\"1012\">\n<p data-start=\"974\" data-end=\"1012\">LED vil\u00e1g\u00edt\u00e1s (f\u00fcgg\u0151leges \u00e9s v\u00edzszintes)<\/p>\n<\/li>\n<li data-start=\"1013\" data-end=\"1066\">\n<p data-start=\"1015\" data-end=\"1066\">Megford\u00edthat\u00f3 keret n\u00e9lk\u00fcli \u00fcvegajt\u00f3 z\u00e1rral \u00e9s kulccsal<\/p>\n<\/li>\n<li data-start=\"1067\" data-end=\"1113\">\n<p data-start=\"1069\" data-end=\"1113\">Tart\u00f3s korr\u00f3zi\u00f3\u00e1ll\u00f3 test ABS b\u00e9l\u00e9ssel<\/p>\n<\/li>\n<\/ul>\n<table cellspacing=\"0\">\n<tbody>\n<tr>\n<td bgcolor=\"#FFFFFF\">\n<p class=\"s7\"><span dir=\"auto\">\u00a0M\u00e9retek mm<\/span><\/p>\n<\/td>\n<td bgcolor=\"#FFFFFF\">\n<p class=\"s7\"><span dir=\"auto\">CW 180 G1TB<\/span><\/p>\n<\/td>\n<td bgcolor=\"#FFFFFF\">\n<p class=\"s7\"><span dir=\"auto\">CW 180 G2TB<\/span><\/p>\n<\/td>\n<\/tr>\n<tr>\n<td>\n<p class=\"s13\"><span dir=\"auto\">\u00a0K\u00fcls\u0151 m\u00e9retek ( <\/span><span dir=\"auto\">WxDxH)<\/span><\/p>\n<\/td>\n<td>\n<p class=\"s13\"><span dir=\"auto\">595 x 700 x 1804<\/span><\/p>\n<\/td>\n<td>\n<p class=\"s13\"><span dir=\"auto\">595 x 700 x 1804<\/span><\/p>\n<\/td>\n<\/tr>\n<tr>\n<td>\n<p class=\"s13\"><span dir=\"auto\">\u00a0Csomagol\u00e1si m\u00e9retek ( <\/span><span dir=\"auto\">WxDxH)<\/span><\/p>\n<\/td>\n<td>\n<p class=\"s13\"><span dir=\"auto\">645 x 770 x 1996<\/span><\/p>\n<\/td>\n<td>\n<p class=\"s13\"><span dir=\"auto\">645 x 770 x 1996<\/span><\/p>\n<\/td>\n<\/tr>\n<tr>\n<td>\n<p class=\"s13\"><span dir=\"auto\">\u00a0<\/span><span dir=\"auto\">Sz\u00e9less\u00e9g<\/span><\/p>\n<\/td>\n<td>\n<p class=\"s13\"><span dir=\"auto\">500<\/span><\/p>\n<\/td>\n<td>\n<p class=\"s13\"><span dir=\"auto\">500<\/span><\/p>\n<\/td>\n<\/tr>\n<tr>\n<td>\n<p class=\"s13\"><span dir=\"auto\">\u00a0M\u00e9lys\u00e9g<\/span><\/p>\n<\/td>\n<td>\n<p class=\"s13\"><span dir=\"auto\">540<\/span><\/p>\n<\/td>\n<td>\n<p class=\"s13\"><span dir=\"auto\">540<\/span><\/p>\n<\/td>\n<\/tr>\n<tr>\n<td>\n<p class=\"s13\"><span dir=\"auto\">\u00a0<\/span><span dir=\"auto\">Magass\u00e1g<\/span><\/p>\n<\/td>\n<td>\n<p class=\"s13\"><span dir=\"auto\">1630<\/span><\/p>\n<\/td>\n<td>\n<p class=\"s13\"><span dir=\"auto\">1630<\/span><\/p>\n<\/td>\n<\/tr>\n<tr>\n<td>\n<p class=\"s13\"><span dir=\"auto\">\u00a0<\/span><span dir=\"auto\">Min. M\u00e9lys\u00e9g<\/span><\/p>\n<\/td>\n<td>\n<p class=\"s13\"><span dir=\"auto\">380<\/span><\/p>\n<\/td>\n<td>\n<p class=\"s13\"><span dir=\"auto\">380<\/span><\/p>\n<\/td>\n<\/tr>\n<tr>\n<td>\n<p class=\"s13\"><span dir=\"auto\">\u00a0<\/span><span dir=\"auto\">Min. Magass\u00e1g<\/span><\/p>\n<\/td>\n<td>\n<p class=\"s13\"><span dir=\"auto\">1420<\/span><\/p>\n<\/td>\n<td>\n<p class=\"s13\"><span dir=\"auto\">1420<\/span><\/p>\n<\/td>\n<\/tr>\n<tr>\n<td>\n<p class=\"s13\"><span dir=\"auto\">\u00a0Oldal <\/span><span dir=\"auto\">Matrica<\/span><\/p>\n<\/td>\n<td>\n<p class=\"s13\"><span dir=\"auto\">648 x 1785<\/span><\/p>\n<\/td>\n<td>\n<p class=\"s13\"><span dir=\"auto\">648 x 1785<\/span><\/p>\n<\/td>\n<\/tr>\n<tr>\n<td>\n<p class=\"s13\"><span dir=\"auto\">\u00a0\u00dcveg matrica<\/span><\/p>\n<\/td>\n<td>\n<p class=\"s13\"><span dir=\"auto\">462 x 1540<\/span><\/p>\n<\/td>\n<td>\n<p class=\"s13\"><span dir=\"auto\">462 x 1540<\/span><\/p>\n<\/td>\n<\/tr>\n<\/tbody>\n<\/table>\n<p>&nbsp;<\/p>\n<table cellspacing=\"0\">\n<tbody>\n<tr>\n<td bgcolor=\"#FFFFFF\">\n<p class=\"s7\"><span dir=\"auto\">M\u0171szaki jellemz\u0151k<\/span><\/p>\n<\/td>\n<td bgcolor=\"#FFFFFF\">\n<p class=\"s7\"><span dir=\"auto\">CW 180 G1TB<\/span><\/p>\n<\/td>\n<td bgcolor=\"#FFFFFF\">\n<p class=\"s7\"><span dir=\"auto\">CW 180 G2TB<\/span><\/p>\n<\/td>\n<\/tr>\n<tr>\n<td>\n<p class=\"s13\"><span dir=\"auto\">\u00a0<\/span><span dir=\"auto\">H\u0151m\u00e9rs\u00e9klet tartom\u00e1ny<\/span><\/p>\n<\/td>\n<td>\n<p class=\"s13\"><span dir=\"auto\">+2 \u00b0C \/ +20 \u00b0C<\/span><\/p>\n<\/td>\n<td>\n<p class=\"s13\"><span dir=\"auto\">+2 \u00b0C \/ +12 \u00b0C | +12 \u00b0C \/ +20 \u00b0C<\/span><\/p>\n<\/td>\n<\/tr>\n<tr>\n<td>\n<p class=\"s13\"><span dir=\"auto\">\u00a0\u00c9ghajlat <\/span><span dir=\"auto\">Oszt\u00e1ly<\/span><\/p>\n<\/td>\n<td>\n<p class=\"s13\"><span dir=\"auto\">N-ST<\/span><\/p>\n<\/td>\n<td>\n<p class=\"s13\"><span dir=\"auto\">N-ST<\/span><\/p>\n<\/td>\n<\/tr>\n<tr>\n<td>\n<p class=\"s13\"><span dir=\"auto\">\u00a0<\/span><span dir=\"auto\">Nett\u00f3-brutt\u00f3 volumen<\/span><\/p>\n<\/td>\n<td>\n<p class=\"s13\"><span dir=\"auto\">409 \/ 425 hadnagy<\/span><\/p>\n<\/td>\n<td>\n<p class=\"s13\"><span dir=\"auto\">400 \/ 423-as hadnagy<\/span><\/p>\n<\/td>\n<\/tr>\n<tr>\n<td>\n<p class=\"s13\"><span dir=\"auto\">\u00a0K\u00fcls\u0151 testfel\u00fclet<\/span><\/p>\n<\/td>\n<td>\n<p class=\"s13\"><span dir=\"auto\">El\u0151re festett f\u00e9mlemez <\/span><span dir=\"auto\">korr\u00f3zi\u00f3g\u00e1tl\u00f3 kezel\u00e9ssel<\/span><\/p>\n<\/td>\n<td>\n<p class=\"s13\"><span dir=\"auto\">El\u0151re festett f\u00e9mlemez <\/span><span dir=\"auto\">korr\u00f3zi\u00f3g\u00e1tl\u00f3 kezel\u00e9ssel<\/span><\/p>\n<\/td>\n<\/tr>\n<tr>\n<td>\n<p class=\"s13\"><span dir=\"auto\">\u00a0Ajt\u00f3<\/span><span dir=\"auto\">\u200b<\/span><\/p>\n<\/td>\n<td>\n<p class=\"s13\"><span dir=\"auto\">Fekete\u00a0<\/span><span dir=\"auto\">teljes \u00fcveg<\/span><\/p>\n<\/td>\n<td>\n<p class=\"s13\"><span dir=\"auto\">Fekete\u00a0<\/span><span dir=\"auto\">teljes \u00fcveg<\/span><\/p>\n<\/td>\n<\/tr>\n<tr>\n<td>\n<p class=\"s13\"><span dir=\"auto\">\u00a0Bels\u0151 fel\u00fclet\u00a0<\/span><\/p>\n<\/td>\n<td>\n<p class=\"s13\"><span dir=\"auto\">ABS<\/span><\/p>\n<\/td>\n<td>\n<p class=\"s13\"><span dir=\"auto\">ABS<\/span><\/p>\n<\/td>\n<\/tr>\n<tr>\n<td>\n<p class=\"s13\"><span dir=\"auto\">\u00a0<\/span><span dir=\"auto\">Termoszt\u00e1t<\/span><\/p>\n<\/td>\n<td>\n<p class=\"s13\"><span dir=\"auto\">\u00a0Elektronikus<\/span><span dir=\"auto\">\u00a0\u00c9rint\u0151k\u00e9perny\u0151<\/span><\/p>\n<\/td>\n<td>\n<p class=\"s13\"><span dir=\"auto\">\u00a0<\/span><span dir=\"auto\">Elektronikus<\/span><span dir=\"auto\">\u00a0\u00c9rint\u0151k\u00e9perny\u0151<\/span><\/p>\n<\/td>\n<\/tr>\n<tr>\n<td>\n<p class=\"s13\"><span dir=\"auto\">\u00a0Zaj <\/span><span dir=\"auto\">szint<\/span><\/p>\n<\/td>\n<td>\n<p class=\"s13\"><span dir=\"auto\">dB 38<\/span><\/p>\n<\/td>\n<td>\n<p class=\"s13\"><span dir=\"auto\">dB 44<\/span><\/p>\n<\/td>\n<\/tr>\n<tr>\n<td>\n<p class=\"s13\"><span dir=\"auto\">\u00a0Szigetel\u00e9s <\/span><span dir=\"auto\">vastags\u00e1g<\/span><\/p>\n<\/td>\n<td>\n<p class=\"s13\"><span dir=\"auto\">55 mm<\/span><\/p>\n<\/td>\n<td>\n<p class=\"s13\"><span dir=\"auto\">55 mm<\/span><\/p>\n<\/td>\n<\/tr>\n<tr>\n<td>\n<p class=\"s13\"><span dir=\"auto\">\u00a0Leolvaszt\u00e1s <\/span><span dir=\"auto\">Leolvaszt\u00e1s<\/span><\/p>\n<\/td>\n<td>\n<p class=\"s13\"><span dir=\"auto\">Automatikus kompresszor\u00a0<\/span><span dir=\"auto\">ciklus<\/span><\/p>\n<\/td>\n<td>\n<p class=\"s13\"><span dir=\"auto\">Automatikus kompresszor\u00a0<\/span><span dir=\"auto\">ciklus<\/span><\/p>\n<\/td>\n<\/tr>\n<tr>\n<td>\n<p class=\"s13\"><span dir=\"auto\">\u00a0Vil\u00e1g\u00edt\u00e1s<\/span><span dir=\"auto\">\u200b<\/span><\/p>\n<\/td>\n<td>\n<p class=\"s13\"><span dir=\"auto\">LED-ek: 2 f\u00fcgg\u0151leges + 1 v\u00edzszintes<\/span><\/p>\n<\/td>\n<td>\n<p class=\"s13\"><span dir=\"auto\">LED-ek: 2 f\u00fcgg\u0151leges + 2 v\u00edzszintes<\/span><\/p>\n<\/td>\n<\/tr>\n<tr>\n<td>\n<p class=\"s13\"><span dir=\"auto\">\u00a0Megford\u00edthat\u00f3 <\/span><span dir=\"auto\">ajt\u00f3<\/span><\/p>\n<\/td>\n<td>\n<p class=\"s13\"><span dir=\"auto\">Igen<\/span><span dir=\"auto\">\u200b<\/span><\/p>\n<\/td>\n<td>\n<p class=\"s13\"><span dir=\"auto\">Igen<\/span><span dir=\"auto\">\u200b<\/span><\/p>\n<\/td>\n<\/tr>\n<tr>\n<td>\n<p class=\"s13\"><span dir=\"auto\">\u00a0Lock <\/span><span dir=\"auto\">\u00e9s a kulcs<\/span><\/p>\n<\/td>\n<td>\n<p class=\"s13\"><span dir=\"auto\">Igen<\/span><span dir=\"auto\">\u200b<\/span><\/p>\n<\/td>\n<td>\n<p class=\"s13\"><span dir=\"auto\">Igen<\/span><span dir=\"auto\">\u200b<\/span><\/p>\n<\/td>\n<\/tr>\n<tr>\n<td>\n<p class=\"s13\"><span dir=\"auto\">\u00a0Z <\/span><span dir=\"auto\">-alak\u00fa cs\u00fasz\u00f3 polcok (WxD)<\/span><\/p>\n<\/td>\n<td>\n<p class=\"s13\"><span dir=\"auto\">No. 10 - mm 452 x 535<\/span><\/p>\n<p class=\"s13\"><span dir=\"auto\">No. 1 - mm 452 x 380<\/span><\/p>\n<\/td>\n<td>\n<p class=\"s13\"><span dir=\"auto\">Nr. 9 - mm 452 x 535<\/span><\/p>\n<p class=\"s13\"><span dir=\"auto\">No. 1 - mm 452 x 380<\/span><\/p>\n<\/td>\n<\/tr>\n<tr>\n<td>\n<p class=\"s13\"><span dir=\"auto\">\u00a0G\u00f6rg\u0151k <\/span><span dir=\"auto\">-Feet<\/span><\/p>\n<\/td>\n<td>\n<p class=\"s13\"><span dir=\"auto\">4 l\u00e1b<\/span><\/p>\n<\/td>\n<td>\n<p class=\"s13\"><span dir=\"auto\">4 l\u00e1b<\/span><\/p>\n<\/td>\n<\/tr>\n<tr>\n<td>\n<p class=\"s13\"><span dir=\"auto\">\u00a0Net- <\/span><span dir=\"auto\">Brutt\u00f3 t\u00f6meg<\/span><\/p>\n<\/td>\n<td>\n<p class=\"s13\"><span dir=\"auto\">Kg 109 \/ 117<\/span><\/p>\n<\/td>\n<td>\n<p class=\"s13\"><span dir=\"auto\">Kg 111 \/ 119<\/span><\/p>\n<\/td>\n<\/tr>\n<tr>\n<td>\n<p class=\"s13\"><span dir=\"auto\">\u00a0Fesz\u00fclts\u00e9g<\/span><span dir=\"auto\">\u200b<\/span><\/p>\n<\/td>\n<td>\n<p class=\"s13\"><span dir=\"auto\">V 220<\/span><\/p>\n<\/td>\n<td>\n<p class=\"s13\"><span dir=\"auto\">V 220<\/span><\/p>\n<\/td>\n<\/tr>\n<tr>\n<td>\n<p class=\"s13\"><span dir=\"auto\">\u00a0Frekvencia<\/span><span dir=\"auto\">\u200b<\/span><\/p>\n<\/td>\n<td>\n<p class=\"s13\"><span dir=\"auto\">Hz 50<\/span><\/p>\n<\/td>\n<td>\n<p class=\"s13\"><span dir=\"auto\">Hz 50<\/span><\/p>\n<\/td>\n<\/tr>\n<tr>\n<td>\n<p class=\"s13\"><span dir=\"auto\">\u00a0H\u0171t\u0151k\u00f6zeg<\/span><span dir=\"auto\">\u200b<\/span><\/p>\n<\/td>\n<td>\n<p class=\"s13\"><span dir=\"auto\">R600A<\/span><\/p>\n<\/td>\n<td>\n<p class=\"s13\"><span dir=\"auto\">R600A<\/span><\/p>\n<\/td>\n<\/tr>\n<tr>\n<td>\n<p class=\"s13\"><span dir=\"auto\">\u00a0Abszorpci\u00f3<\/span><span dir=\"auto\">\u200b<\/span><\/p>\n<\/td>\n<td>\n<p class=\"s13\"><span dir=\"auto\">W 130<\/span><\/p>\n<\/td>\n<td>\n<p class=\"s13\"><span dir=\"auto\">W 130<\/span><\/p>\n<\/td>\n<\/tr>\n<tr>\n<td>\n<p class=\"s13\"><span dir=\"auto\" style=\"font-family: inherit; font-size: inherit;\">\u00a0<\/span><span dir=\"auto\" style=\"font-family: inherit; font-size: inherit;\">Energiafogyaszt\u00e1s<\/span><\/p>\n<\/td>\n<td>\n<p class=\"s13\"><span dir=\"auto\">KwH\/24H 0.425<\/span><\/p>\n<\/td>\n<td>\n<p class=\"s13\"><span dir=\"auto\">KwH\/24H 0.5<\/span><\/p>\n<\/td>\n<\/tr>\n<\/tbody>\n<\/table>","protected":false},"excerpt":{"rendered":"<p>Szell\u0151ztetett borh\u0171t\u0151 ENERGY CLASS<\/p>","protected":false},"featured_media":10581,"comment_status":"open","ping_status":"closed","template":"","meta":[],"product_brand":[],"product_cat":[49],"product_tag":[],"class_list":{"0":"post-10538","1":"product","2":"type-product","3":"status-publish","4":"has-post-thumbnail","6":"product_cat-wine-fridges","8":"first","9":"instock","10":"shipping-taxable","11":"purchasable","12":"product-type-simple"},"_links":{"self":[{"href":"https:\/\/dersuessestopp.com\/hu\/wp-json\/wp\/v2\/product\/10538","targetHints":{"allow":["GET"]}}],"collection":[{"href":"https:\/\/dersuessestopp.com\/hu\/wp-json\/wp\/v2\/product"}],"about":[{"href":"https:\/\/dersuessestopp.com\/hu\/wp-json\/wp\/v2\/types\/product"}],"replies":[{"embeddable":true,"href":"https:\/\/dersuessestopp.com\/hu\/wp-json\/wp\/v2\/comments?post=10538"}],"version-history":[{"count":4,"href":"https:\/\/dersuessestopp.com\/hu\/wp-json\/wp\/v2\/product\/10538\/revisions"}],"predecessor-version":[{"id":11664,"href":"https:\/\/dersuessestopp.com\/hu\/wp-json\/wp\/v2\/product\/10538\/revisions\/11664"}],"wp:featuredmedia":[{"embeddable":true,"href":"https:\/\/dersuessestopp.com\/hu\/wp-json\/wp\/v2\/media\/10581"}],"wp:attachment":[{"href":"https:\/\/dersuessestopp.com\/hu\/wp-json\/wp\/v2\/media?parent=10538"}],"wp:term":[{"taxonomy":"product_brand","embeddable":true,"href":"https:\/\/dersuessestopp.com\/hu\/wp-json\/wp\/v2\/product_brand?post=10538"},{"taxonomy":"product_cat","embeddable":true,"href":"https:\/\/dersuessestopp.com\/hu\/wp-json\/wp\/v2\/product_cat?post=10538"},{"taxonomy":"product_tag","embeddable":true,"href":"https:\/\/dersuessestopp.com\/hu\/wp-json\/wp\/v2\/product_tag?post=10538"}],"curies":[{"name":"wp","href":"https:\/\/api.w.org\/{rel}","templated":true}]}}